{"id":11,"date":"2025-07-29T21:23:02","date_gmt":"2025-07-29T21:23:02","guid":{"rendered":"https:\/\/lightgray-crow-170497.hostingersite.com\/?page_id=11"},"modified":"2025-11-16T14:54:15","modified_gmt":"2025-11-16T14:54:15","slug":"richtlinie-zu-rueckerstattungen-und-ruecksendungen","status":"publish","type":"page","link":"https:\/\/routinesfashione.com\/en\/richtlinie-zu-rueckerstattungen-und-ruecksendungen\/","title":{"rendered":"Richtlinie zu R\u00fcckerstattungen und R\u00fccksendungen"},"content":{"rendered":"<p dir=\"ltr\"><span dir=\"auto\">Ihr Vertrauen in unsere Abl\u00e4ufe ist uns sehr wichtig. Sollten Ihre Artikel nicht unseren Standards entsprechen, nutzen Sie einfach unseren unkomplizierten R\u00fcckgabe- und Erstattungsprozess.<\/span><\/p>\n<h3 dir=\"ltr\"><span dir=\"auto\">1. Welche Produkte k\u00f6nnen zur\u00fcckgegeben werden?<\/span><\/h3>\n<p class=\"p1\">Alle unsere Produkte k\u00f6nnen zur\u00fcckgegeben werden, wenn sie unbenutzt sind, sich im Originalzustand befinden und mit s\u00e4mtlichem mitgeliefertem Zubeh\u00f6r zur\u00fcckgeschickt werden.<\/p>\n<h3 dir=\"ltr\"><span dir=\"auto\">2. R\u00fcckgabezeitraum<\/span><\/h3>\n<p dir=\"ltr\"><span dir=\"auto\">R\u00fccksendungen werden innerhalb von 14 Tagen nach Lieferung akzeptiert.<\/span><\/p>\n<h3 dir=\"ltr\"><span dir=\"auto\">3. Anforderungen an den Artikelzustand<\/span><\/h3>\n<p class=\"p1\"><span dir=\"auto\">Um f\u00fcr eine R\u00fcckgabe berechtigt zu sein, m\u00fcssen die Artikel unbenutzt sein, sich in der Originalverpackung befinden und alle Etiketten und Zubeh\u00f6rteile enthalten.<\/span><\/p>\n<h3 dir=\"ltr\"><span dir=\"auto\">4. So starten Sie eine R\u00fcckgabe<\/span><\/h3>\n<p class=\"p1\"><span dir=\"auto\">Um eine R\u00fccksendung einzuleiten, kontaktieren Sie uns bitte unter\u00a0<\/span><span dir=\"auto\">support@routinesfashione.com<\/span><span dir=\"auto\">\u00a0mit Ihrer Bestellnummer. Nach Genehmigung erhalten Sie von uns die R\u00fccksendeanweisungen. Bitte legen Sie Ihre Quittung oder Bestellbest\u00e4tigung bei und verpacken Sie die Artikel sicher.<\/span><\/p>\n<h3 dir=\"ltr\"><span dir=\"auto\">5. R\u00fccksendekosten<\/span><\/h3>\n<p dir=\"ltr\" role=\"presentation\"><span dir=\"auto\">Der Kunde tr\u00e4gt die Kosten f\u00fcr den R\u00fcckversand, es sei denn, der Artikel ist besch\u00e4digt oder falsch.<\/span><\/p>\n<h3 dir=\"ltr\"><span dir=\"auto\">6. R\u00fcckerstattungen<\/span><\/h3>\n<p class=\"p1\"><span dir=\"auto\">R\u00fcckerstattungen werden innerhalb von 14 Werktagen nach Eingang Ihrer R\u00fccksendung bearbeitet. Die R\u00fcckerstattung erfolgt \u00fcber die urspr\u00fcngliche Zahlungsmethode. Versandkosten werden nicht erstattet, es sei denn, die R\u00fccksendung beruht auf einem Fehler unsererseits.<\/span><\/p>\n<h3 class=\"p1\"><span dir=\"auto\">7. B\u00f6rsen<\/span><\/h3>\n<p class=\"p1\"><span dir=\"auto\">Besch\u00e4digte oder falsch gelieferte Artikel k\u00f6nnen umgetauscht werden. Bitte kontaktieren Sie uns innerhalb von 4 Tagen nach Erhalt der Ware.<\/span><\/p>\n<h3 dir=\"ltr\"><span dir=\"auto\">8. Kontaktinformationen<\/span><\/h3>\n<p><span dir=\"auto\">Unser Kundenservice ist von Montag bis Freitag von 9:00 bis 18:00 Uhr erreichbar. Bei Fragen oder Problemen kontaktieren Sie uns bitte; wir antworten Ihnen innerhalb von 24 Stunden.<\/span><\/p>\n<p><b><span dir=\"auto\">Anschrift:\u00a0<\/span><\/b><span dir=\"auto\">\u00a0\u00a0\u00a0400 US Rte 1, Ormond Beach, FL 32174, USA<\/span><\/p>\n<p><b><span dir=\"auto\">Telefon:\u00a0<\/span><\/b><span dir=\"auto\">\u00a0\u00a0\u00a0+1 903-787-3060<\/span><\/p>\n<p><b><span dir=\"auto\">E-Mail:\u00a0<\/span><\/b><span dir=\"auto\">\u00a0\u00a0\u00a0\u00a0support@routinesfashione.com<\/span><\/p>","protected":false},"excerpt":{"rendered":"<p>Ihr Vertrauen in unsere Abl\u00e4ufe ist uns sehr wichtig. Sollten Ihre Artikel nicht unseren Standards entsprechen, nutzen Sie einfach unseren<\/p>","protected":false},"author":4,"featured_media":0,"parent":0,"menu_order":0,"comment_status":"closed","ping_status":"closed","template":"","meta":{"footnotes":""},"class_list":["post-11","page","type-page","status-publish","hentry"],"_hostinger_reach_plugin_has_subscription_block":false,"_hostinger_reach_plugin_is_elementor":false,"_links":{"self":[{"href":"https:\/\/routinesfashione.com\/en\/wp-json\/wp\/v2\/pages\/11","targetHints":{"allow":["GET"]}}],"collection":[{"href":"https:\/\/routinesfashione.com\/en\/wp-json\/wp\/v2\/pages"}],"about":[{"href":"https:\/\/routinesfashione.com\/en\/wp-json\/wp\/v2\/types\/page"}],"author":[{"embeddable":true,"href":"https:\/\/routinesfashione.com\/en\/wp-json\/wp\/v2\/users\/4"}],"replies":[{"embeddable":true,"href":"https:\/\/routinesfashione.com\/en\/wp-json\/wp\/v2\/comments?post=11"}],"version-history":[{"count":9,"href":"https:\/\/routinesfashione.com\/en\/wp-json\/wp\/v2\/pages\/11\/revisions"}],"predecessor-version":[{"id":29978,"href":"https:\/\/routinesfashione.com\/en\/wp-json\/wp\/v2\/pages\/11\/revisions\/29978"}],"wp:attachment":[{"href":"https:\/\/routinesfashione.com\/en\/wp-json\/wp\/v2\/media?parent=11"}],"curies":[{"name":"wp","href":"https:\/\/api.w.org\/{rel}","templated":true}]}}