{"id":29931,"date":"2025-10-29T12:25:14","date_gmt":"2025-10-29T12:25:14","guid":{"rendered":"https:\/\/routinesfashione.com\/?page_id=29931"},"modified":"2025-10-29T12:30:09","modified_gmt":"2025-10-29T12:30:09","slug":"zahlungsrichtlinie","status":"publish","type":"page","link":"https:\/\/routinesfashione.com\/en\/zahlungsrichtlinie\/","title":{"rendered":"Zahlungsrichtlinie"},"content":{"rendered":"<div data-elementor-type=\"wp-page\" data-elementor-id=\"29931\" class=\"elementor elementor-29931\" data-elementor-post-type=\"page\">\n\t\t\t\t<div class=\"wd-negative-gap elementor-element elementor-element-3b53be1 e-flex e-con-boxed e-con e-parent\" data-id=\"3b53be1\" data-element_type=\"container\">\n\t\t\t\t\t<div class=\"e-con-inner\">\n\t\t\t\t<div class=\"elementor-element elementor-element-93cefc6 elementor-widget elementor-widget-wd_text_block\" data-id=\"93cefc6\" data-element_type=\"widget\" data-widget_type=\"wd_text_block.default\">\n\t\t\t\t<div class=\"elementor-widget-container\">\n\t\t\t\t\t\t\t<div class=\"wd-text-block reset-last-child text-left\">\n\t\t\t\n\t\t\t<p data-start=\"173\" data-end=\"442\">Vielen Dank, dass Sie bei <strong data-start=\"199\" data-end=\"219\">Routines Fashion<\/strong> einkaufen.<br data-start=\"230\" data-end=\"233\" \/>Bitte lesen Sie diese Zahlungsrichtlinie sorgf\u00e4ltig durch, um die Bedingungen f\u00fcr alle Transaktionen auf unserer Website zu verstehen. Wenn Sie Fragen haben, steht Ihnen unser Support-Team gerne zur Verf\u00fcgung.<\/p><h2 data-start=\"444\" data-end=\"480\"><strong data-start=\"448\" data-end=\"480\">Akzeptierte Zahlungsmethoden<\/strong><\/h2><p data-start=\"481\" data-end=\"543\">Wir akzeptieren derzeit die folgenden Zahlungsm\u00f6glichkeiten:<\/p><ul><li data-start=\"546\" data-end=\"552\">Visa<\/li><li data-start=\"555\" data-end=\"567\">MasterCard<\/li><li data-start=\"570\" data-end=\"588\">American Express<\/li><li data-start=\"591\" data-end=\"601\">Discover<\/li><li data-start=\"604\" data-end=\"609\">JCB<\/li><li data-start=\"612\" data-end=\"625\">Diners Club<\/li><li data-start=\"628\" data-end=\"636\">PayPal<\/li><\/ul><h2 data-start=\"638\" data-end=\"664\"><strong data-start=\"642\" data-end=\"664\">Zahlungssicherheit<\/strong><\/h2><p data-start=\"665\" data-end=\"910\">Die Sicherheit Ihrer Zahlung hat f\u00fcr uns oberste Priorit\u00e4t.<br data-start=\"724\" data-end=\"727\" \/>Wir verwenden branchen\u00fcbliche Verschl\u00fcsselung und sichere Zahlungssysteme, um sicherzustellen, dass Ihre pers\u00f6nlichen und finanziellen Daten w\u00e4hrend des Bezahlvorgangs gesch\u00fctzt sind.<\/p><h2 data-start=\"912\" data-end=\"938\"><strong data-start=\"916\" data-end=\"938\">Zahlungsabwicklung<\/strong><\/h2><p data-start=\"939\" data-end=\"1127\">Alle Zahlungen werden zum Zeitpunkt des Kaufs verarbeitet.<br data-start=\"997\" data-end=\"1000\" \/>Sobald Ihre Zahlung erfolgreich abgeschlossen wurde, erhalten Sie eine Best\u00e4tigungs-E-Mail mit allen relevanten Bestelldetails.<\/p><h2 data-start=\"1129\" data-end=\"1144\"><strong data-start=\"1133\" data-end=\"1144\">W\u00e4hrung<\/strong><\/h2><p data-start=\"1145\" data-end=\"1221\">Alle Transaktionen auf unserer Website werden in <strong data-start=\"1194\" data-end=\"1208\">Euro (EUR)<\/strong> abgewickelt.<\/p><h2 data-start=\"1223\" data-end=\"1260\"><strong data-start=\"1227\" data-end=\"1260\">Fehlgeschlagene Transaktionen<\/strong><\/h2><p data-start=\"1261\" data-end=\"1311\">Wenn Ihre Zahlung fehlschl\u00e4gt oder abgelehnt wird:<\/p><ol><li data-start=\"1315\" data-end=\"1379\">\u00dcberpr\u00fcfen Sie, ob Ihre Kartendaten korrekt eingegeben wurden.<\/li><li data-start=\"1383\" data-end=\"1466\">Kontaktieren Sie Ihre Bank oder Ihren Zahlungsanbieter f\u00fcr weitere Informationen.<\/li><li data-start=\"1470\" data-end=\"1553\">Sollte das Problem weiterhin bestehen, wenden Sie sich bitte an unser Support-Team.<\/li><\/ol><h2 data-start=\"1555\" data-end=\"1595\"><strong data-start=\"1559\" data-end=\"1595\">R\u00fcckerstattungen und Streitf\u00e4lle<\/strong><\/h2><p data-start=\"1596\" data-end=\"1725\">Informationen zu R\u00fcckerstattungen, Stornierungen oder Streitf\u00e4llen finden Sie in unserer <a href=\"https:\/\/routinesfashione.com\/richtlinie-zu-rueckerstattungen-und-ruecksendungen\/\"><strong data-start=\"1685\" data-end=\"1724\">R\u00fcckgabe- und Erstattungsrichtlinie<\/strong><\/a>.<\/p><h2 data-start=\"1727\" data-end=\"1755\"><strong data-start=\"1731\" data-end=\"1755\">Kontaktinformationen<\/strong><\/h2><p data-start=\"1756\" data-end=\"1842\">Wenn Sie Fragen oder Anliegen haben, erreichen Sie uns unter folgenden Kontaktdaten:<\/p><ul><li data-start=\"1756\" data-end=\"1842\"><strong data-start=\"1844\" data-end=\"1856\">Adresse:<\/strong> 400 US Rte 1, Ormond Beach, FL 32174, Vereinigte Staaten<\/li><li data-start=\"1756\" data-end=\"1842\"><strong data-start=\"1916\" data-end=\"1927\">Email:<\/strong> <a class=\"decorated-link cursor-pointer\" href=\"mailto:support@routinesfashione.com\" rel=\"noopener\" data-start=\"1928\" data-end=\"1956\">support@routinesfashione.com<\/a><\/li><li data-start=\"1756\" data-end=\"1842\"><strong data-start=\"1959\" data-end=\"1971\">Telefon:<\/strong> +1 903-787-3060<\/li><li data-start=\"1756\" data-end=\"1842\"><strong data-start=\"1990\" data-end=\"2008\">Supportzeiten:<\/strong> Montag bis Freitag, 9:00 \u2013 18:00 Uhr<\/li><\/ul>\n\t\t\t\t\t<\/div>\n\t\t\t\t\t\t<\/div>\n\t\t\t\t<\/div>\n\t\t\t\t\t<\/div>\n\t\t\t\t<\/div>\n\t\t\t\t<\/div>","protected":false},"excerpt":{"rendered":"<p>Vielen Dank, dass Sie bei Routines Fashion einkaufen.Bitte lesen Sie diese Zahlungsrichtlinie sorgf\u00e4ltig durch, um die Bedingungen f\u00fcr alle Transaktionen<\/p>","protected":false},"author":5,"featured_media":0,"parent":0,"menu_order":0,"comment_status":"closed","ping_status":"closed","template":"","meta":{"footnotes":""},"class_list":["post-29931","page","type-page","status-publish","hentry"],"_hostinger_reach_plugin_has_subscription_block":false,"_hostinger_reach_plugin_is_elementor":false,"_links":{"self":[{"href":"https:\/\/routinesfashione.com\/en\/wp-json\/wp\/v2\/pages\/29931","targetHints":{"allow":["GET"]}}],"collection":[{"href":"https:\/\/routinesfashione.com\/en\/wp-json\/wp\/v2\/pages"}],"about":[{"href":"https:\/\/routinesfashione.com\/en\/wp-json\/wp\/v2\/types\/page"}],"author":[{"embeddable":true,"href":"https:\/\/routinesfashione.com\/en\/wp-json\/wp\/v2\/users\/5"}],"replies":[{"embeddable":true,"href":"https:\/\/routinesfashione.com\/en\/wp-json\/wp\/v2\/comments?post=29931"}],"version-history":[{"count":4,"href":"https:\/\/routinesfashione.com\/en\/wp-json\/wp\/v2\/pages\/29931\/revisions"}],"predecessor-version":[{"id":29936,"href":"https:\/\/routinesfashione.com\/en\/wp-json\/wp\/v2\/pages\/29931\/revisions\/29936"}],"wp:attachment":[{"href":"https:\/\/routinesfashione.com\/en\/wp-json\/wp\/v2\/media?parent=29931"}],"curies":[{"name":"wp","href":"https:\/\/api.w.org\/{rel}","templated":true}]}}