{"id":11011,"date":"2025-09-30T20:11:33","date_gmt":"2025-09-30T20:11:33","guid":{"rendered":"https:\/\/lightgray-crow-170497.hostingersite.com\/?post_type=product&#038;p=11011"},"modified":"2025-09-30T21:07:04","modified_gmt":"2025-09-30T21:07:04","slug":"premium-hartholzbriketts-rund-960kg-palette-b005g","status":"publish","type":"product","link":"https:\/\/routinesfashione.com\/en\/produit\/premium-hartholzbriketts-rund-960kg-palette-b005g\/","title":{"rendered":"Premium Hartholzbriketts rund 960kg Palette, B005G"},"content":{"rendered":"<p><strong class=\"entry--label\">Technische Daten:<\/strong><\/p>\n<ul type=\"square\">\n<li>Material: Buche, Eiche<\/li>\n<li>Form: NESTRO (runde Stangenbriketts ohne Loch)<\/li>\n<li>Abmessung: \u00d8 80-90 mm x 270 mm<\/li>\n<li>Ascheanfall: 0,7 \u2013 0,9 %<\/li>\n<li>Flammdauer: ca. 1 \u2013 1,5 Stunden<\/li>\n<li>Glutdauer: ca. 2,5 \u2013 3,5 Stunden<\/li>\n<li>Heizwert: > 5,3 kWh\/kg<\/li>\n<li>Abpackung: Schrumpffolie<\/li>\n<li>Paketabmessung: 9 x 26 x 49 cm<\/li>\n<li>St\u00fcck pro Einzelpaket: 5 St\u00fcck<\/li>\n<li>Gewicht pro Paket: 10 kg<\/li>\n<li>Menge pro Palette: 96 x 10kg P\u00e4ckchen<\/li>\n<li>Palettenma\u00df (LxBxH): 100 x 120 x ca. 140 cm<\/li>\n<li>Palettengewicht: 960kg netto<\/li>\n<\/ul>\n<div class=\"tab--navigation\"><strong>Beschreibung<\/strong><\/div>\n<div class=\"tab--container-list\">\n<div class=\"tab--container has--content is--active\">\n<div class=\"tab--content\">\n<div class=\"content--description\">\n<div class=\"product--description\">Holzbrx Premium Hartholzbriketts rund 960kg Palette, B005G, 0724754239744<\/p>\n<p>Die Hartholzbriketts bestehen aus einer ausgewogen Mischung von Buchenholz und Eichenholz und sind EXTREM hart. Die Briketts sind sehr dick (9 cm Durchmesser) und lassen sich nur mit sehr hohem Kraftaufwand zerteilen. Durch die gro\u00dfe, reine Holzmasse erh\u00f6ht sich die Glutdauer der einzelnen Briketts. In unseren Tests haben wir bei geringer Luftzufuhr eine Dauer von knapp 4 Stunden erreichen k\u00f6nnen. Die Flammdauer betrug dabei ca. 60 Minuten \u2013 ein guter Wert f\u00fcr Hartholzbriketts. Beim Verbrennen dehnen sich die Briketts um ca. 25% aus, was ganz typisch f\u00fcr die runde Variante ist. Nach der Verbrennung von einem 10kg P\u00e4ckchen konnten wir dem Ofen nur 80g Asche entnehmen. Das sind 0,8% \u2013 eine sehr gutes Ergebnis. Die Heizwertangaben erhielten wir von dem Hersteller. Aus unserer Sicht k\u00f6nnen wir eine wunderbare, langanhaltende und intensive W\u00e4re best\u00e4tigen. Im P\u00e4ckchen befinden sich immer 5 einzelne, glatt abges\u00e4gt, gleich lange und 2kg schwere Briketts. Die Verpackung ist sehr sauber und ordentlich \u2013 keine Kr\u00fcmel oder Abrieb.Hergestellt nach den Anforderungen der DIN Plus EN 14961-3 f\u00fcr Holzbriketts.<\/p>\n<\/p><\/div>\n<\/div>\n<\/div>\n<\/div>\n<\/div>","protected":false},"excerpt":{"rendered":"<header class=\"product--header\">\n<div class=\"product--info\">\n<h3 class=\"product--title\">Holzbrx Premium Hartholzbriketts rund 960kg Palette, B005G<\/h3>\n<\/p>\n<\/div>\n<\/header>\n<div class=\"product--detail-upper block-group\">\n<nav class=\"product--navigation profi-fade-in\"><\/nav>\n<div class=\"product--image-container-outer\">\n<div class=\"product--image-container image-slider product--image-zoom no--thumbnails\" data-image-slider=\"true\" data-image-gallery=\"true\" data-maxzoom=\"0\" data-thumbnails=\".image--thumbnails\">\n<div class=\"detail-image-box\">\n<div class=\"profi-direct-shipping-badge-container\">\n<div class=\"profi-direct-shipping-badge\">\n<div class=\"profi-direct-shipping-badge-icon-container\">\n<ul>\n<li>Material: Buche, Eiche<\/li>\n<li>Form: NESTRO (runde Stangenbriketts ohne Loch)<\/li>\n<li>Abmessung: \u00d8 80-90 mm x 270 mm<\/li>\n<li>Ascheanfall: 0,7 \u2013 0,9 %<\/li>\n<li>Flammdauer: ca. 1 \u2013 1,5 Stunden<\/li>\n<li>Glutdauer: ca. 2,5 \u2013 3,5 Stunden<\/li>\n<li>Heizwert: > 5,3 kWh\/kg<\/li>\n<\/ul>\n<\/div>\n<\/div>\n<\/div>\n<\/div>\n<\/div>\n<\/div>\n<\/div>","protected":false},"featured_media":11012,"template":"","meta":[],"product_brand":[],"product_cat":[25],"product_tag":[],"product_country":[1501],"class_list":{"0":"post-11011","1":"product","2":"type-product","3":"status-publish","4":"has-post-thumbnail","6":"product_cat-holzbriketts","7":"product_country-germany","9":"first","10":"instock","11":"sale","12":"taxable","13":"shipping-taxable","14":"purchasable","15":"product-type-simple"},"_links":{"self":[{"href":"https:\/\/routinesfashione.com\/en\/wp-json\/wp\/v2\/product\/11011","targetHints":{"allow":["GET"]}}],"collection":[{"href":"https:\/\/routinesfashione.com\/en\/wp-json\/wp\/v2\/product"}],"about":[{"href":"https:\/\/routinesfashione.com\/en\/wp-json\/wp\/v2\/types\/product"}],"wp:featuredmedia":[{"embeddable":true,"href":"https:\/\/routinesfashione.com\/en\/wp-json\/wp\/v2\/media\/11012"}],"wp:attachment":[{"href":"https:\/\/routinesfashione.com\/en\/wp-json\/wp\/v2\/media?parent=11011"}],"wp:term":[{"taxonomy":"product_brand","embeddable":true,"href":"https:\/\/routinesfashione.com\/en\/wp-json\/wp\/v2\/product_brand?post=11011"},{"taxonomy":"product_cat","embeddable":true,"href":"https:\/\/routinesfashione.com\/en\/wp-json\/wp\/v2\/product_cat?post=11011"},{"taxonomy":"product_tag","embeddable":true,"href":"https:\/\/routinesfashione.com\/en\/wp-json\/wp\/v2\/product_tag?post=11011"},{"taxonomy":"product_country","embeddable":true,"href":"https:\/\/routinesfashione.com\/en\/wp-json\/wp\/v2\/product_country?post=11011"}],"curies":[{"name":"wp","href":"https:\/\/api.w.org\/{rel}","templated":true}]}}