{"id":11084,"date":"2025-09-30T20:11:32","date_gmt":"2025-09-30T20:11:32","guid":{"rendered":"https:\/\/lightgray-crow-170497.hostingersite.com\/?post_type=product&#038;p=11084"},"modified":"2025-09-30T21:07:12","modified_gmt":"2025-09-30T21:07:12","slug":"holzpellets-red-65-x-15-kg","status":"publish","type":"product","link":"https:\/\/routinesfashione.com\/en\/produit\/holzpellets-red-65-x-15-kg\/","title":{"rendered":"Holzpellets Red 65 x 15 kg"},"content":{"rendered":"<div class=\"fs-3 mb-4 text-white\">Ihre Vorteile im \u00dcberblick<\/div>\n<ul class=\"checkmark text-white\">\n<li>Hartholzpellets mit einem besonders hohen Heizwert<\/li>\n<li>Kein Zusatz chemischer Bindemittel<\/li>\n<li>Pellets aus nachhaltiger Waldwirtschaft<\/li>\n<li>Laborgepr\u00fcft durch Eurofins gem\u00e4\u00df DIN EN ISO 17225-2<\/li>\n<li>Schnell anz\u00fcndbar und hoher Heizwert<\/li>\n<li>Geringer Asche- und Feinanteil<\/li>\n<li>Saubere und staubfreie Aufbewahrung<\/li>\n<\/ul>\n<div class=\"col-12 col-md-6 col-lg-4 mb-4\">\n<div class=\"properties-card p-3 border rounded shadow-sm\">\n<div class=\"h4 mb-3\">Produkt<\/div>\n<table class=\"table table-striped product-detail-properties-table\">\n<tbody>\n<tr class=\"properties-row\">\n<th class=\"properties-label text-muted small\">Ascheerweichungstemperatur<\/th>\n<td class=\"properties-value small\">1.200 \u00b0C<\/td>\n<\/tr>\n<tr class=\"properties-row\">\n<th class=\"properties-label text-muted small\">Aschegehalt<\/th>\n<td class=\"properties-value small\">\u2264 0,7 %<\/td>\n<\/tr>\n<tr class=\"properties-row\">\n<th class=\"properties-label text-muted small\">Durchmesser<\/th>\n<td class=\"properties-value small\">\u00d8 6 (\u00b11) mm<\/td>\n<\/tr>\n<tr class=\"properties-row\">\n<th class=\"properties-label text-muted small\">Zertifikat<\/th>\n<td class=\"properties-value small\">ENplus A1<\/td>\n<\/tr>\n<tr class=\"properties-row\">\n<th class=\"properties-label text-muted small\">Holzart<\/th>\n<td class=\"properties-value small\">Hartholz<\/td>\n<\/tr>\n<tr class=\"properties-row\">\n<th class=\"properties-label text-muted small\">Zertifikat-ID<\/th>\n<td class=\"properties-value small\">DE-433<\/td>\n<\/tr>\n<tr class=\"properties-row\">\n<th class=\"properties-label text-muted small\">Techn. Norm<\/th>\n<td class=\"properties-value small\">DIN EN ISO 17225-2<\/td>\n<\/tr>\n<tr class=\"properties-row\">\n<th class=\"properties-label text-muted small\">L\u00e4nge<\/th>\n<td class=\"properties-value small\">3,15 \u2013 40 mm<\/td>\n<\/tr>\n<tr class=\"properties-row\">\n<th class=\"properties-label text-muted small\">Heizwert<\/th>\n<td class=\"properties-value small\">\u2265 4,6 kWh\/kg<\/td>\n<\/tr>\n<tr class=\"properties-row\">\n<th class=\"properties-label text-muted small\">Restfeuchtigkeit<\/th>\n<td class=\"properties-value small\">\u2264 10,0 %<\/td>\n<\/tr>\n<tr class=\"properties-row\">\n<th class=\"properties-label text-muted small\">Feinanteil<\/th>\n<td class=\"properties-value small\">\u2264 0,5 %<\/td>\n<\/tr>\n<tr class=\"properties-row\">\n<th class=\"properties-label text-muted small\">Festigkeit<\/th>\n<td class=\"properties-value small\">\u2265 98,0 %<\/td>\n<\/tr>\n<tr class=\"properties-row\">\n<th class=\"properties-label text-muted small\">Sch\u00fcttdichte (\u2265)<\/th>\n<td class=\"properties-value small\">675 kg\/m\u00b3<\/td>\n<\/tr>\n<\/tbody>\n<\/table>\n<\/div>\n<\/div>\n<div class=\"col-12 col-md-6 col-lg-4 mb-4\">\n<div class=\"properties-card p-3 border rounded shadow-sm\">\n<div class=\"h4 mb-3\">Verpackung<\/div>\n<table class=\"table table-striped product-detail-properties-table\">\n<tbody>\n<tr class=\"properties-row\">\n<th class=\"properties-label text-muted small\">Breite<\/th>\n<td class=\"properties-value small\">40 cm<\/td>\n<\/tr>\n<tr class=\"properties-row\">\n<th class=\"properties-label text-muted small\">H\u00f6he<\/th>\n<td class=\"properties-value small\">10 cm<\/td>\n<\/tr>\n<tr class=\"properties-row\">\n<th class=\"properties-label text-muted small\">L\u00e4nge<\/th>\n<td class=\"properties-value small\">60 cm<\/td>\n<\/tr>\n<tr class=\"properties-row\">\n<th class=\"properties-label text-muted small\">Gewicht<\/th>\n<td class=\"properties-value small\">15 kg<\/td>\n<\/tr>\n<\/tbody>\n<\/table>\n<\/div>\n<\/div>\n<div class=\"col-12 col-md-6 col-lg-4 mb-4\">\n<div class=\"properties-card p-3 border rounded shadow-sm\">\n<div class=\"h4 mb-3\">Palette<\/div>\n<table class=\"table table-striped product-detail-properties-table\">\n<tbody>\n<tr class=\"properties-row\">\n<th class=\"properties-label text-muted small\">VE je Palette<\/th>\n<td class=\"properties-value small\">65 S\u00e4cke<\/td>\n<\/tr>\n<tr class=\"properties-row\">\n<th class=\"properties-label text-muted small\">Gewicht<\/th>\n<td class=\"properties-value small\">975 kg<\/td>\n<\/tr>\n<tr class=\"properties-row\">\n<th class=\"properties-label text-muted small\">Breite<\/th>\n<td class=\"properties-value small\">1 m<\/td>\n<\/tr>\n<tr class=\"properties-row\">\n<th class=\"properties-label text-muted small\">H\u00f6he, bepackt<\/th>\n<td class=\"properties-value small\">1.6 m<\/td>\n<\/tr>\n<tr class=\"properties-row\">\n<th class=\"properties-label text-muted small\">L\u00e4nge<\/th>\n<td class=\"properties-value small\">1.2 m<\/td>\n<\/tr>\n<\/tbody>\n<\/table>\n<\/div>\n<\/div>","protected":false},"excerpt":{"rendered":"<h1 class=\"product-detail-name\"><span class=\"promotion-label\">Holzpellets Red 65 x 15 kg<\/span><\/h1>\n<p>\u2013 ENplus A1<br \/> \u2013 Hartholz<br \/> \u2013 Heizwert \u2265 4,6 kWh\/kg<\/p>","protected":false},"featured_media":11085,"template":"","meta":[],"product_brand":[],"product_cat":[41],"product_tag":[],"product_country":[1501],"class_list":{"0":"post-11084","1":"product","2":"type-product","3":"status-publish","4":"has-post-thumbnail","6":"product_cat-holzpellets","7":"product_country-germany","9":"first","10":"instock","11":"sale","12":"taxable","13":"shipping-taxable","14":"purchasable","15":"product-type-simple"},"_links":{"self":[{"href":"https:\/\/routinesfashione.com\/en\/wp-json\/wp\/v2\/product\/11084","targetHints":{"allow":["GET"]}}],"collection":[{"href":"https:\/\/routinesfashione.com\/en\/wp-json\/wp\/v2\/product"}],"about":[{"href":"https:\/\/routinesfashione.com\/en\/wp-json\/wp\/v2\/types\/product"}],"wp:featuredmedia":[{"embeddable":true,"href":"https:\/\/routinesfashione.com\/en\/wp-json\/wp\/v2\/media\/11085"}],"wp:attachment":[{"href":"https:\/\/routinesfashione.com\/en\/wp-json\/wp\/v2\/media?parent=11084"}],"wp:term":[{"taxonomy":"product_brand","embeddable":true,"href":"https:\/\/routinesfashione.com\/en\/wp-json\/wp\/v2\/product_brand?post=11084"},{"taxonomy":"product_cat","embeddable":true,"href":"https:\/\/routinesfashione.com\/en\/wp-json\/wp\/v2\/product_cat?post=11084"},{"taxonomy":"product_tag","embeddable":true,"href":"https:\/\/routinesfashione.com\/en\/wp-json\/wp\/v2\/product_tag?post=11084"},{"taxonomy":"product_country","embeddable":true,"href":"https:\/\/routinesfashione.com\/en\/wp-json\/wp\/v2\/product_country?post=11084"}],"curies":[{"name":"wp","href":"https:\/\/api.w.org\/{rel}","templated":true}]}}