{"id":113,"date":"2025-09-30T20:55:56","date_gmt":"2025-09-30T20:55:56","guid":{"rendered":"https:\/\/lightgray-crow-170497.hostingersite.com\/?post_type=product&#038;p=113"},"modified":"2025-09-30T20:55:56","modified_gmt":"2025-09-30T20:55:56","slug":"nettoyeur-haute-pression-kranzle-1152-tst","status":"publish","type":"product","link":"https:\/\/routinesfashione.com\/en\/produit\/nettoyeur-haute-pression-kranzle-1152-tst\/","title":{"rendered":"Nettoyeur haute pression KRANZLE 1152 TST"},"content":{"rendered":"<h2><span dir=\"auto\" style=\"vertical-align: inherit;\">Nettoyeur \u00e0 haute-pression KRANZLE K 1152 TST : simple d&#8217;utilisation et accessibles \u00e0 tous !<\/span><\/h2>\n<p><span dir=\"auto\" style=\"vertical-align: inherit;\">Le nettoyeur \u00e0 haute pression Kranzle K 1152 TST est une machine robuste et puissante con\u00e7ue pour les t\u00e2ches de nettoyage intensives. Sa pression de service est de 130 bars et sa puissance est de 2000 watts. Il est \u00e9galement livr\u00e9 avec plusieurs accessoires utiles, notamment un flexible HP de 15m, une lance \u00e0 jet plat et une rotabuse. Il est facile \u00e0 utiliser et \u00e0 entretenir, en offrant des performances et une durabilit\u00e9 exceptionnelles.<\/span><\/p>\n<p><span dir=\"auto\" style=\"vertical-align: inherit;\">Pour un d\u00e9placement ais\u00e9, le nettoyeur haute-pression KRANZLE K 1152 TST dispose de deux roues et d&#8217;une poign\u00e9e.<\/span><\/p>\n<hr \/>\n<h4><span dir=\"auto\" style=\"vertical-align: inherit;\">Les avantages du Nettoyeur Haute Pression 1152 TST KRANZLE :<\/span><\/h4>\n<ul>\n<li><span dir=\"auto\" style=\"vertical-align: inherit;\">Ch\u00e2ssis Rotomoul\u00e9<\/span><\/li>\n<li><span dir=\"auto\" style=\"vertical-align: inherit;\">Tambour-Enrouleur Conforable<\/span><\/li>\n<li><span dir=\"auto\" style=\"vertical-align: inherit;\">Manom\u00e8tre en acier inoxydable<\/span><\/li>\n<li><span dir=\"auto\" style=\"vertical-align: inherit;\">Syst\u00e8me de rangement<\/span><\/li>\n<li><span dir=\"auto\" style=\"vertical-align: inherit;\">Ch\u00e2ssis tout-terrain<\/span><\/li>\n<\/ul>\n<hr \/>\n<h4><span dir=\"auto\" style=\"vertical-align: inherit;\">Caract\u00e9ristiques Techniques<\/span><\/h4>\n<div class=\"table-responsive\">\n<table class=\"table table-striped table-hover table-bordered\">\n<thead>\n<tr>\n<th scope=\"col\"><\/th>\n<th scope=\"col\"><span dir=\"auto\" style=\"vertical-align: inherit;\">K 1152 TST<\/span><\/th>\n<\/tr>\n<\/thead>\n<tbody>\n<tr>\n<th scope=\"row\"><span dir=\"auto\" style=\"vertical-align: inherit;\">PRESSION DE SERVICE<\/span><\/th>\n<td><span dir=\"auto\" style=\"vertical-align: inherit;\">0-130 bars l 3-13 MPa<\/span><\/td>\n<\/tr>\n<tr>\n<th scope=\"row\"><span dir=\"auto\" style=\"vertical-align: inherit;\">DEBIT D&#8217;EAU<\/span><\/th>\n<td><span dir=\"auto\" style=\"vertical-align: inherit;\">10 l\/min | 600 l\/h<\/span><\/td>\n<\/tr>\n<tr>\n<th scope=\"row\"><span dir=\"auto\" style=\"vertical-align: inherit;\">LONGUEUR DU TUYAU<\/span><\/th>\n<td><span dir=\"auto\" style=\"vertical-align: inherit;\">15 m<\/span><\/td>\n<\/tr>\n<tr>\n<th scope=\"row\"><span dir=\"auto\" style=\"vertical-align: inherit;\">SURPRESSION MAX. ADMISSIBLE<\/span><\/th>\n<td><span dir=\"auto\" style=\"vertical-align: inherit;\">150 bars | 15 MPa<\/span><\/td>\n<\/tr>\n<tr>\n<th scope=\"row\"><span dir=\"auto\" style=\"vertical-align: inherit;\">VITESSE DU MOTEUR<\/span><\/th>\n<td><span dir=\"auto\" style=\"vertical-align: inherit;\">2800 T\/min<\/span><\/td>\n<\/tr>\n<tr>\n<th scope=\"row\"><span dir=\"auto\" style=\"vertical-align: inherit;\">RACCORDEMENT ELECTRIQUE<\/span><\/th>\n<td><span dir=\"auto\" style=\"vertical-align: inherit;\">230 V | 1~ | 50 Hz | 12 A<\/span><\/td>\n<\/tr>\n<tr>\n<th scope=\"row\"><span dir=\"auto\" style=\"vertical-align: inherit;\">ENCOMBREMENT<\/span><\/th>\n<td><span dir=\"auto\" style=\"vertical-align: inherit;\">360 | 365 | 870 (L x l x H (mm))<\/span><\/td>\n<\/tr>\n<tr>\n<th scope=\"row\"><span dir=\"auto\" style=\"vertical-align: inherit;\">PUISSANCE ABSORBEE<\/span><\/th>\n<td><span dir=\"auto\" style=\"vertical-align: inherit;\">2,8 kW<\/span><\/td>\n<\/tr>\n<tr>\n<th scope=\"row\"><span dir=\"auto\" style=\"vertical-align: inherit;\">PUISSANCE RESTITUEE<\/span><\/th>\n<td><span dir=\"auto\" style=\"vertical-align: inherit;\">2,0 kW<\/span><\/td>\n<\/tr>\n<tr>\n<th scope=\"row\"><span dir=\"auto\" style=\"vertical-align: inherit;\">POIDS<\/span><\/th>\n<td><span dir=\"auto\" style=\"vertical-align: inherit;\">30 kg<\/span><\/td>\n<\/tr>\n<\/tbody>\n<\/table>\n<\/div>\n<hr \/>\n<h4><span dir=\"auto\" style=\"vertical-align: inherit;\">Compris:<\/span><\/h4>\n<ul>\n<li><span dir=\"auto\" style=\"vertical-align: inherit;\">Pistolet avec raccord rapide D12<\/span><\/li>\n<li><span dir=\"auto\" style=\"vertical-align: inherit;\">1 Lance avec buse Vario-Jet<\/span><\/li>\n<li><span dir=\"auto\" style=\"vertical-align: inherit;\">1 lance avec buse Turbo-jet<\/span><\/li>\n<li><span dir=\"auto\" style=\"vertical-align: inherit;\">15m de flexible HP sur enrouleur<\/span><\/li>\n<\/ul>","protected":false},"excerpt":{"rendered":"<p>Nettoyeur \u00e0 haute-pression KRANZLE K 1152 TST : simple d&#8217;utilisation et accessibles \u00e0 tous ! Le nettoyeur \u00e0 haute pression<\/p>","protected":false},"featured_media":12908,"template":"","meta":[],"product_brand":[],"product_cat":[61],"product_tag":[],"product_country":[1503],"class_list":{"0":"post-113","1":"product","2":"type-product","3":"status-publish","4":"has-post-thumbnail","6":"product_cat-sale-france","7":"product_country-france","9":"first","10":"instock","11":"sale","12":"taxable","13":"shipping-taxable","14":"purchasable","15":"product-type-simple"},"_links":{"self":[{"href":"https:\/\/routinesfashione.com\/en\/wp-json\/wp\/v2\/product\/113","targetHints":{"allow":["GET"]}}],"collection":[{"href":"https:\/\/routinesfashione.com\/en\/wp-json\/wp\/v2\/product"}],"about":[{"href":"https:\/\/routinesfashione.com\/en\/wp-json\/wp\/v2\/types\/product"}],"wp:featuredmedia":[{"embeddable":true,"href":"https:\/\/routinesfashione.com\/en\/wp-json\/wp\/v2\/media\/12908"}],"wp:attachment":[{"href":"https:\/\/routinesfashione.com\/en\/wp-json\/wp\/v2\/media?parent=113"}],"wp:term":[{"taxonomy":"product_brand","embeddable":true,"href":"https:\/\/routinesfashione.com\/en\/wp-json\/wp\/v2\/product_brand?post=113"},{"taxonomy":"product_cat","embeddable":true,"href":"https:\/\/routinesfashione.com\/en\/wp-json\/wp\/v2\/product_cat?post=113"},{"taxonomy":"product_tag","embeddable":true,"href":"https:\/\/routinesfashione.com\/en\/wp-json\/wp\/v2\/product_tag?post=113"},{"taxonomy":"product_country","embeddable":true,"href":"https:\/\/routinesfashione.com\/en\/wp-json\/wp\/v2\/product_country?post=113"}],"curies":[{"name":"wp","href":"https:\/\/api.w.org\/{rel}","templated":true}]}}