{"id":11364,"date":"2025-09-30T20:11:31","date_gmt":"2025-09-30T20:11:31","guid":{"rendered":"https:\/\/lightgray-crow-170497.hostingersite.com\/?post_type=product&#038;p=11364"},"modified":"2025-09-30T21:20:12","modified_gmt":"2025-09-30T21:20:12","slug":"kaffeevollautomat-delonghi-ecam-290-81-tb-magnifica-evo-titanium","status":"publish","type":"product","link":"https:\/\/routinesfashione.com\/en\/produit\/kaffeevollautomat-delonghi-ecam-290-81-tb-magnifica-evo-titanium\/","title":{"rendered":"Kaffeevollautomat De\u2019Longhi ECAM 290.81 TB Magnifica Evo Titanium"},"content":{"rendered":"<div class=\"del-pdp__specifications__single\"><span class=\"del-pdp__specifications__single__label\">Abmessungen (BxTxH) (mm)<\/span> <span class=\"del-pdp__specifications__single__value\">240x440x360<\/span><\/div>\n<div class=\"del-pdp__specifications__single\"><span class=\"del-pdp__specifications__single__label\">Gewicht (kg)<\/span> <span class=\"del-pdp__specifications__single__value\">9.6<\/span><\/div>\n<div class=\"del-pdp__specifications__single\"><span class=\"del-pdp__specifications__single__label\">Pumpendruck (Bar)<\/span> <span class=\"del-pdp__specifications__single__value\">15<\/span><\/div>\n<div class=\"del-pdp__specifications__single\"><span class=\"del-pdp__specifications__single__label\">Bohnenbeh\u00e4lterkapazit\u00e4t (g)<\/span> <span class=\"del-pdp__specifications__single__value\">250<\/span><\/div>\n<div class=\"del-pdp__specifications__single\"><span class=\"del-pdp__specifications__single__label\">Wasserbeh\u00e4lterkapazit\u00e4t (l)<\/span> <span class=\"del-pdp__specifications__single__value\">1.8<\/span><\/div>\n<div class=\"del-pdp__specifications__single\"><span class=\"del-pdp__specifications__single__label\">Kaffeesatzbeh\u00e4lterkapazit\u00e4t (n)<\/span> <span class=\"del-pdp__specifications__single__value\">14<\/span><\/div>\n<div class=\"del-pdp__specifications__single\"><span class=\"del-pdp__specifications__single__label\">Max. Tassenh\u00f6he (mm)<\/span> <span class=\"del-pdp__specifications__single__value\">140<\/span><\/div>\n<div class=\"del-pdp__specifications__single\"><span class=\"del-pdp__specifications__single__label\">Eingangsleistung (W)<\/span> <span class=\"del-pdp__specifications__single__value\">1450<\/span><\/div>\n<div class=\"del-pdp__specifications__single\"><span class=\"del-pdp__specifications__single__label\">Nennspannung\/Frequenz (V~Hz)<\/span> <span class=\"del-pdp__specifications__single__value\">220\/60\u00a0Hz<\/span><\/div>\n<div>\n<div class=\"del-simple-css-accordion__content-desktop\">\n<div class=\"del-pdp__specifications__single\"><span class=\"del-pdp__specifications__single__label\">Farbe<\/span> <span class=\"del-pdp__specifications__single__value\">Titanschwarz<\/span><\/div>\n<div class=\"del-pdp__specifications__single\"><span class=\"del-pdp__specifications__single__label\">Veredelung<\/span> <span class=\"del-pdp__specifications__single__value\">Lackierter Kunststoff<\/span><\/div>\n<\/p>\n<\/div>\n<\/div>\n<div>\n<div class=\"del-pdp__specifications__single\"><span class=\"del-pdp__specifications__single__label\">Kalte Milchgetr\u00e4nke<\/span> <span class=\"del-pdp__specifications__single__value\">MyLatte<\/span><\/div>\n<div class=\"del-pdp__specifications__single\"><span class=\"del-pdp__specifications__single__label\">Hei\u00dfe Kaffeegetr\u00e4nke<\/span> <span class=\"del-pdp__specifications__single__value\">Espresso \/ Kaffee \/ Lang<\/span><\/div>\n<div class=\"del-pdp__specifications__single\"><span class=\"del-pdp__specifications__single__label\">Hei\u00dfe Milchgetr\u00e4nke<\/span> <span class=\"del-pdp__specifications__single__value\">Cappuccino \/ Latte Macchiato<\/span><\/div>\n<div class=\"del-pdp__specifications__single\"><span class=\"del-pdp__specifications__single__label\">Sonstige Getr\u00e4nke<\/span> <span class=\"del-pdp__specifications__single__value\">Hei\u00dfwasser<\/span><\/div>\n<\/p>\n<\/div>\n<div>\n<div class=\"del-simple-css-accordion__content-desktop\">\n<div class=\"del-pdp__specifications__single\"><span class=\"del-pdp__specifications__single__label\">Regelkn\u00f6pfe<\/span> <span class=\"del-pdp__specifications__single__value\">Soft-Touch-Buttons<\/span><\/div>\n<div>\n<div class=\"del-pdp__specifications__single\"><span class=\"del-pdp__specifications__single__label\">Milchsystem<\/span> <span class=\"del-pdp__specifications__single__value\">LatteCrema Hot Technology<\/span><\/div>\n<div class=\"del-pdp__specifications__single\"><span class=\"del-pdp__specifications__single__label\">Tassenhalter<\/span> <span class=\"del-pdp__specifications__single__value\">Edelstahl<\/span><\/div>\n<\/p>\n<\/div>\n<\/div>\n<\/div>","protected":false},"excerpt":{"rendered":"<p>Magnifica Evo verk\u00f6rpert das De\u2019Longhi-Erlebnis mit seiner fortschrittlichen Technik, seinen authentischen Getr\u00e4nken und seinem eleganten, modernen Design. Servieren Sie den perfekten italienischen Espresso und eine Auswahl weiterer Getr\u00e4nke, die dank LatteCrema Hot Technology mit der MyLatte-Funktion, die keine Milch verschwendet, mit cremigem Milchschaum \u00fcberzogen sind. Sie k\u00f6nnen \u00fcber die einfache Benutzeroberfl\u00e4che mit nur einem Knopfdruck aus 7 Getr\u00e4nken w\u00e4hlen. Die Maschine mahlt die Bohnen direkt vor jeder Anwendung, um so das Kaffeearoma zu erhalten, und hinterl\u00e4sst nur minimale R\u00fcckst\u00e4nde im Ger\u00e4t, damit auch die n\u00e4chste Tasse wieder genauso frisch ist. Das Soft Touch-Bedienfeld mit farbigen Symbolen sorgt f\u00fcr eine Auswahl an Getr\u00e4nken. Der langanhaltende cremige Milchschaum bei der richtigen hei\u00dfen Temperatur f\u00fcr k\u00f6stliche Ergebnisse in der Tasse, mit einer automatischen Reinigung per Tastendruck nach jeder Anwendung.<\/p>\n<p><strong>Produkt gratis in 3 Tagen nach Deutschland geliefert<\/strong><\/p>","protected":false},"featured_media":11365,"template":"","meta":[],"product_brand":[],"product_cat":[29],"product_tag":[],"product_country":[1501],"class_list":{"0":"post-11364","1":"product","2":"type-product","3":"status-publish","4":"has-post-thumbnail","6":"product_cat-espressomaschinen","7":"product_country-germany","9":"first","10":"instock","11":"sale","12":"taxable","13":"shipping-taxable","14":"purchasable","15":"product-type-simple"},"_links":{"self":[{"href":"https:\/\/routinesfashione.com\/en\/wp-json\/wp\/v2\/product\/11364","targetHints":{"allow":["GET"]}}],"collection":[{"href":"https:\/\/routinesfashione.com\/en\/wp-json\/wp\/v2\/product"}],"about":[{"href":"https:\/\/routinesfashione.com\/en\/wp-json\/wp\/v2\/types\/product"}],"wp:featuredmedia":[{"embeddable":true,"href":"https:\/\/routinesfashione.com\/en\/wp-json\/wp\/v2\/media\/11365"}],"wp:attachment":[{"href":"https:\/\/routinesfashione.com\/en\/wp-json\/wp\/v2\/media?parent=11364"}],"wp:term":[{"taxonomy":"product_brand","embeddable":true,"href":"https:\/\/routinesfashione.com\/en\/wp-json\/wp\/v2\/product_brand?post=11364"},{"taxonomy":"product_cat","embeddable":true,"href":"https:\/\/routinesfashione.com\/en\/wp-json\/wp\/v2\/product_cat?post=11364"},{"taxonomy":"product_tag","embeddable":true,"href":"https:\/\/routinesfashione.com\/en\/wp-json\/wp\/v2\/product_tag?post=11364"},{"taxonomy":"product_country","embeddable":true,"href":"https:\/\/routinesfashione.com\/en\/wp-json\/wp\/v2\/product_country?post=11364"}],"curies":[{"name":"wp","href":"https:\/\/api.w.org\/{rel}","templated":true}]}}