{"id":11389,"date":"2025-09-30T20:11:30","date_gmt":"2025-09-30T20:11:30","guid":{"rendered":"https:\/\/lightgray-crow-170497.hostingersite.com\/?post_type=product&#038;p=11389"},"modified":"2025-09-30T21:20:13","modified_gmt":"2025-09-30T21:20:13","slug":"kaffeevollautomat-delonghi-ecam292-81-b-magnifica-evo-schwarz","status":"publish","type":"product","link":"https:\/\/routinesfashione.com\/en\/produit\/kaffeevollautomat-delonghi-ecam292-81-b-magnifica-evo-schwarz\/","title":{"rendered":"Kaffeevollautomat De\u2019Longhi ECAM292.81.B Magnifica Evo Schwarz"},"content":{"rendered":"<div class=\"section-title\">\n<div class=\"section-title__title-container\">\n<h2 id=\"s0-1-26-7-17-1-931-2-3-7-7-4-111-1-2-title\" class=\"section-title__title\"><span class=\"ux-layout-section-module-evo__title\" data-testid=\"ux-textual-display\"><span class=\"ux-textspans\">Artikelmerkmale<\/span><\/span><\/h2>\n<\/p>\n<\/div>\n<\/div>\n<div class=\"ux-layout-section-evo ux-layout-section--features\" data-testid=\"ux-layout-section-evo\">\n<div class=\"ux-layout-section-evo__item ux-layout-section-evo__item--table-view\" data-testid=\"ux-layout-section-evo__item\">\n<div class=\"ux-layout-section-evo__row\">\n<div class=\"ux-layout-section-evo__col\">\n<dl class=\"ux-labels-values ux-labels-values--inline col-6 ux-labels-values__column-last-row ux-labels-values--condition\" data-testid=\"ux-labels-values\">\n<dt class=\"ux-labels-values__labels\">\n<div class=\"ux-labels-values__labels-content\">\n<div><span class=\"ux-textspans\">Artikelzustand<\/span>Neu: Neuer, unbenutzter und unbesch\u00e4digter Artikel in nicht ge\u00f6ffneter Originalverpackung<\/div>\n<\/p>\n<\/div>\n<\/dt>\n<\/dl>\n<\/div>\n<\/div>\n<\/div>\n<\/div>\n<div id=\"viTabs_0_is\" class=\"vim x-about-this-item\" data-testid=\"x-about-this-item\">\n<div class=\"ux-layout-section-module-evo\" data-testid=\"ux-layout-section-module-evo\">\n<div class=\"ux-layout-section-evo ux-layout-section--features\" data-testid=\"ux-layout-section-evo\">\n<div class=\"ux-layout-section-evo__item ux-layout-section-evo__item--table-view\" data-testid=\"ux-layout-section-evo__item\">\n<div class=\"ux-layout-section-evo__row\">\n<div class=\"ux-layout-section-evo__col\">\n<dl class=\"ux-labels-values ux-labels-values--inline col-6 ux-labels-values__column-last-row ux-labels-values--condition\" data-testid=\"ux-labels-values\">\n<dd class=\"ux-labels-values__values\">\n<div class=\"ux-labels-values__values-content\">\n<div><\/div>\n<\/p>\n<\/div>\n<\/dd>\n<\/dl>\n<\/div>\n<div class=\"ux-layout-section-evo__col\">\n<dl class=\"ux-labels-values ux-labels-values--inline col-6 ux-labels-values__column-last-row ux-labels-values--ean\" data-testid=\"ux-labels-values\">\n<dt class=\"ux-labels-values__labels\">\n<div class=\"ux-labels-values__labels-content\">\n<div><span class=\"ux-textspans\">EAN : <\/span>8004399021723<\/div>\n<\/p>\n<\/div>\n<\/dt>\n<\/dl>\n<\/div>\n<\/div>\n<\/div>\n<\/div>\n<\/div>\n<\/div>\n<div class=\"vim x-product-details\" data-testid=\"x-product-details\">\n<div class=\"ux-layout-section-module-evo\" data-testid=\"ux-layout-section-module-evo\">\n<div class=\"section-title\">\n<div class=\"section-title__title-container\">\n<h2 id=\"s0-1-26-7-17-1-931-2-3-7-7-4-232-1-2-title\" class=\"section-title__title\"><span class=\"ux-layout-section-module-evo__title\" data-testid=\"ux-textual-display\"><span class=\"ux-textspans\">\u00dcber dieses Produkt<\/span><\/span><\/h2>\n<\/p>\n<\/div>\n<\/div>\n<div class=\"ux-layout-section-evo ux-layout-section--produktkennzeichnungen\" data-testid=\"ux-layout-section-evo\">\n<div class=\"section-title\">\n<div class=\"section-title__title-container\">\n<h2 id=\"s0-1-26-7-17-1-931-2-3-7-7-4-232-1-5-2-title\" class=\"section-title__title\"><span class=\"ux-layout-section-evo__title\" data-testid=\"ux-textual-display\"><span class=\"ux-textspans ux-textspans--BOLD\">Produktkennzeichnungen<\/span><\/span><\/h2>\n<\/p>\n<\/div>\n<\/div>\n<div class=\"ux-layout-section-evo__item\" data-testid=\"ux-layout-section-evo__item\">\n<div class=\"ux-layout-section-evo__row\">\n<div class=\"ux-layout-section-evo__col\">\n<div class=\"ux-labels-values col-6 ux-labels-values--marke\" data-testid=\"ux-labels-values\">\n<div class=\"ux-labels-values__labels col-6\">\n<div class=\"ux-labels-values__labels-content\">\n<div><span class=\"ux-textspans\">Marke : <\/span>De\u2019Longhi<\/div>\n<\/p>\n<\/div>\n<\/div>\n<\/div>\n<\/div>\n<div class=\"ux-layout-section-evo__col\">\n<div class=\"ux-labels-values col-6 ux-labels-values--herstellernummer\" data-testid=\"ux-labels-values\">\n<div class=\"ux-labels-values__labels col-6\">\n<div class=\"ux-labels-values__labels-content\">\n<div><span class=\"ux-textspans\">Herstellernummer : <\/span>ECAM29281B<\/div>\n<\/p>\n<\/div>\n<\/div>\n<\/div>\n<\/div>\n<\/div>\n<div class=\"ux-layout-section-evo__row\">\n<div class=\"ux-layout-section-evo__col\">\n<div class=\"ux-labels-values col-6 ux-labels-values--ean\" data-testid=\"ux-labels-values\">\n<div class=\"ux-labels-values__labels col-6\">\n<div class=\"ux-labels-values__labels-content\">\n<div><span class=\"ux-textspans\">EAN : <\/span>8004399021723<\/div>\n<\/p>\n<\/div>\n<\/div>\n<\/div>\n<\/div>\n<div class=\"ux-layout-section-evo__col\">\n<div class=\"ux-labels-values col-6 ux-labels-values__column-last-row ux-labels-values--modell\" data-testid=\"ux-labels-values\">\n<div class=\"ux-labels-values__labels col-6\">\n<div class=\"ux-labels-values__labels-content\">\n<div><span class=\"ux-textspans\">Modell : <\/span>De\u2019Longhi Magnifica Evo<\/div>\n<\/p>\n<\/div>\n<\/div>\n<\/div>\n<\/div>\n<\/div>\n<div class=\"ux-layout-section-evo__row\">\n<div class=\"ux-layout-section-evo__col\"><\/div>\n<\/p>\n<\/div>\n<\/div>\n<\/div>\n<div class=\"ux-layout-section-evo ux-layout-section--produktHauptmerkmale\" data-testid=\"ux-layout-section-evo\">\n<div class=\"section-title\">\n<div class=\"section-title__title-container\">\n<h2 id=\"s0-1-26-7-17-1-931-2-3-7-7-4-232-1-51-2-title\" class=\"section-title__title\"><span class=\"ux-layout-section-evo__title\" data-testid=\"ux-textual-display\"><span class=\"ux-textspans ux-textspans--BOLD\">Produkt Hauptmerkmale<\/span><\/span><\/h2>\n<\/p>\n<\/div>\n<\/div>\n<div class=\"ux-layout-section-evo__item\" data-testid=\"ux-layout-section-evo__item\">\n<div class=\"ux-layout-section-evo__row\">\n<div class=\"ux-layout-section-evo__col\">\n<div class=\"ux-labels-values col-6 ux-labels-values--produktart\" data-testid=\"ux-labels-values\">\n<div class=\"ux-labels-values__labels col-6\">\n<div class=\"ux-labels-values__labels-content\">\n<div><span class=\"ux-textspans\">Produktart : <\/span>Kaffeevollautomat<\/div>\n<\/p>\n<\/div>\n<\/div>\n<\/div>\n<\/div>\n<div class=\"ux-layout-section-evo__col\">\n<div class=\"ux-labels-values col-6 ux-labels-values--wassertank-fassungsverm\u00f6gen\" data-testid=\"ux-labels-values\">\n<div class=\"ux-labels-values__labels col-6\">\n<div class=\"ux-labels-values__labels-content\">\n<div><span class=\"ux-textspans\">Wassertank-Fassungsverm\u00f6gen : <\/span>1,8 L<\/div>\n<\/p>\n<\/div>\n<\/div>\n<\/div>\n<\/div>\n<\/div>\n<div class=\"ux-layout-section-evo__row\">\n<div class=\"ux-layout-section-evo__col\">\n<div class=\"ux-labels-values col-6 ux-labels-values--druckInBar\" data-testid=\"ux-labels-values\">\n<div class=\"ux-labels-values__labels col-6\">\n<div class=\"ux-labels-values__labels-content\">\n<div><span class=\"ux-textspans\">Druck in bar : <\/span>15 bar<\/div>\n<\/p>\n<\/div>\n<\/div>\n<\/div>\n<\/div>\n<div class=\"ux-layout-section-evo__col\">\n<div class=\"ux-labels-values col-6 ux-labels-values--leistung\" data-testid=\"ux-labels-values\">\n<div class=\"ux-labels-values__labels col-6\">\n<div class=\"ux-labels-values__labels-content\">\n<div><span class=\"ux-textspans\">Leistung : <\/span>1450 W<\/div>\n<\/p>\n<\/div>\n<\/div>\n<\/div>\n<\/div>\n<\/div>\n<div class=\"ux-layout-section-evo__row\">\n<div class=\"ux-layout-section-evo__col\">\n<div class=\"ux-labels-values col-6 ux-labels-values--anzahlDerTassen\" data-testid=\"ux-labels-values\">\n<div class=\"ux-labels-values__labels col-6\">\n<div class=\"ux-labels-values__labels-content\">\n<div><span class=\"ux-textspans\">Anzahl der Tassen : <\/span>2<\/div>\n<\/p>\n<\/div>\n<\/div>\n<\/div>\n<\/div>\n<div class=\"ux-layout-section-evo__col\">\n<div class=\"ux-labels-values col-6 ux-labels-values--steuerung\" data-testid=\"ux-labels-values\">\n<div class=\"ux-labels-values__labels col-6\">\n<div class=\"ux-labels-values__labels-content\">\n<div><span class=\"ux-textspans\">Steuerung : <\/span>Digital<\/div>\n<\/p>\n<\/div>\n<\/div>\n<\/div>\n<\/div>\n<\/div>\n<div class=\"ux-layout-section-evo__row\">\n<div class=\"ux-layout-section-evo__col\">\n<div class=\"ux-labels-values col-6 ux-labels-values--spannung\" data-testid=\"ux-labels-values\">\n<div class=\"ux-labels-values__labels col-6\">\n<div class=\"ux-labels-values__labels-content\">\n<div><span class=\"ux-textspans\">Spannung : <\/span>240 V, 220 V<\/div>\n<\/p>\n<\/div>\n<\/div>\n<\/div>\n<\/div>\n<div class=\"ux-layout-section-evo__col\">\n<div class=\"ux-labels-values col-6 ux-labels-values--kaffeeart\" data-testid=\"ux-labels-values\">\n<div class=\"ux-labels-values__labels col-6\">\n<div class=\"ux-labels-values__labels-content\">\n<div><span class=\"ux-textspans\">Kaffeeart : <\/span>Bohnenkaffee<\/div>\n<\/p>\n<\/div>\n<\/div>\n<\/div>\n<\/div>\n<\/div>\n<div class=\"ux-layout-section-evo__row\">\n<div class=\"ux-layout-section-evo__col\">\n<div class=\"ux-labels-values col-6 ux-labels-values--kaffeevariationen\" data-testid=\"ux-labels-values\">\n<div class=\"ux-labels-values__labels col-6\">\n<div class=\"ux-labels-values__labels-content\">\n<div><span class=\"ux-textspans\">Kaffeevariationen : <\/span>Espresso Macchiato, Hei\u00dfe Milch, Espresso, Latte Macchiato, Cappuccino<\/div>\n<\/p>\n<\/div>\n<\/div>\n<\/div>\n<\/div>\n<div class=\"ux-layout-section-evo__col\">\n<div class=\"ux-labels-values col-6 ux-labels-values--besonderheiten\" data-testid=\"ux-labels-values\">\n<div class=\"ux-labels-values__labels col-6\">\n<div class=\"ux-labels-values__labels-content\">\n<div><span class=\"ux-textspans\">Besonderheiten : <\/span>Verstellbarer Kaffeeauslauf, Automatische Abschaltung, Milchaufsch\u00e4umer, Interaktiver Touchscreen, Abnehmbarer Wasserbeh\u00e4lter, Programmierbar, Mit Tassenaufw\u00e4rmplatte, Wassertank, Warmwasserhahn, Display, Integriertes Mahlwerk<\/div>\n<\/p>\n<\/div>\n<\/div>\n<\/div>\n<\/div>\n<\/div>\n<div class=\"ux-layout-section-evo__row\">\n<div class=\"ux-layout-section-evo__col\">\n<div class=\"ux-labels-values col-6 ux-labels-values--kompatibleWasserfilter\" data-testid=\"ux-labels-values\">\n<div class=\"ux-labels-values__labels col-6\">\n<div class=\"ux-labels-values__labels-content\">\n<div><span class=\"ux-textspans\">Kompatible : Wasserfilter <\/span>Saeco<\/div>\n<\/p>\n<\/div>\n<\/div>\n<\/div>\n<\/div>\n<div class=\"ux-layout-section-evo__col\">\n<div class=\"ux-labels-values col-6 ux-labels-values--material\" data-testid=\"ux-labels-values\">\n<div class=\"ux-labels-values__labels col-6\">\n<div class=\"ux-labels-values__labels-content\">\n<div><span class=\"ux-textspans\">Material : <\/span>Kunststoff<\/div>\n<\/p>\n<\/div>\n<\/div>\n<\/div>\n<\/div>\n<\/div>\n<div class=\"ux-layout-section-evo__row\">\n<div class=\"ux-layout-section-evo__col\">\n<div class=\"ux-labels-values col-6 ux-labels-values--kaffeebohnen-fassungsverm\u00f6gen\" data-testid=\"ux-labels-values\">\n<div class=\"ux-labels-values__labels col-6\">\n<div class=\"ux-labels-values__labels-content\">\n<div><span class=\"ux-textspans\">Kaffeebohnen-Fassungsverm\u00f6gen : <\/span>250 g<\/div>\n<\/p>\n<\/div>\n<\/div>\n<\/div>\n<\/div>\n<div class=\"ux-layout-section-evo__col\">\n<div class=\"ux-labels-values col-6 ux-labels-values--farbe\" data-testid=\"ux-labels-values\">\n<div class=\"ux-labels-values__labels col-6\">\n<div class=\"ux-labels-values__labels-content\">\n<div><span class=\"ux-textspans\">Farbe : <\/span>Schwarz<\/div>\n<\/p>\n<\/div>\n<\/div>\n<\/div>\n<\/div>\n<\/div>\n<div class=\"ux-layout-section-evo__row\">\n<div class=\"ux-layout-section-evo__col\">\n<div class=\"ux-labels-values col-6 ux-labels-values__column-last-row ux-labels-values--br\u00fchzeit\" data-testid=\"ux-labels-values\">\n<div class=\"ux-labels-values__labels col-6\">\n<div class=\"ux-labels-values__labels-content\">\n<div><span class=\"ux-textspans\">Br\u00fchzeit : <\/span>1 min<\/div>\n<\/p>\n<\/div>\n<\/div>\n<\/div>\n<\/div>\n<div class=\"ux-layout-section-evo__col\">\n<div class=\"ux-labels-values col-6 ux-labels-values__column-last-row ux-labels-values--bestandteileInbegriffen\" data-testid=\"ux-labels-values\">\n<div class=\"ux-labels-values__labels col-6\">\n<div class=\"ux-labels-values__labels-content\">\n<div><span class=\"ux-textspans\">Bestandteile inbegriffen : <\/span>Wassertank, Tassenaufw\u00e4rmplatte, Abtropfschale, Kaffeem\u00fchle<\/div>\n<\/p>\n<\/div>\n<\/div>\n<\/div>\n<\/div>\n<\/div>\n<\/div>\n<\/div>\n<div class=\"ux-layout-section-evo ux-layout-section--ma\u00dfe\" data-testid=\"ux-layout-section-evo\">\n<div class=\"section-title\">\n<div class=\"section-title__title-container\">\n<h2 id=\"s0-1-26-7-17-1-931-2-3-7-7-4-232-1-52-2-title\" class=\"section-title__title\"><span class=\"ux-layout-section-evo__title\" data-testid=\"ux-textual-display\"><span class=\"ux-textspans ux-textspans--BOLD\">Ma\u00dfe<\/span><\/span><\/h2>\n<\/p>\n<\/div>\n<\/div>\n<div class=\"ux-layout-section-evo__item\" data-testid=\"ux-layout-section-evo__item\">\n<div class=\"ux-layout-section-evo__row\">\n<div class=\"ux-layout-section-evo__col\">\n<div class=\"ux-labels-values col-6 ux-labels-values--h\u00f6he\" data-testid=\"ux-labels-values\">\n<div class=\"ux-labels-values__labels col-6\">\n<div class=\"ux-labels-values__labels-content\">\n<div><span class=\"ux-textspans\">H\u00f6he : <\/span>35,0 cm<\/div>\n<\/p>\n<\/div>\n<\/div>\n<\/div>\n<\/div>\n<div class=\"ux-layout-section-evo__col\">\n<div class=\"ux-labels-values col-6 ux-labels-values--breite\" data-testid=\"ux-labels-values\">\n<div class=\"ux-labels-values__labels col-6\">\n<div class=\"ux-labels-values__labels-content\">\n<div><span class=\"ux-textspans\">Breite : <\/span>24 cm<\/div>\n<\/p>\n<\/div>\n<\/div>\n<\/div>\n<\/div>\n<\/div>\n<div class=\"ux-layout-section-evo__row\">\n<div class=\"ux-layout-section-evo__col\">\n<div class=\"ux-labels-values col-6 ux-labels-values__column-last-row ux-labels-values--gewicht\" data-testid=\"ux-labels-values\">\n<div class=\"ux-labels-values__labels col-6\">\n<div class=\"ux-labels-values__labels-content\">\n<div><span class=\"ux-textspans\">Gewicht : <\/span>9,6 kg<\/div>\n<\/p>\n<\/div>\n<\/div>\n<\/div>\n<\/div>\n<div class=\"ux-layout-section-evo__col\">\n<div class=\"ux-labels-values col-6 ux-labels-values__column-last-row ux-labels-values--tiefe\" data-testid=\"ux-labels-values\">\n<div class=\"ux-labels-values__labels col-6\">\n<div class=\"ux-labels-values__labels-content\">\n<div><span class=\"ux-textspans\">Tiefe : <\/span>44 cm<\/div>\n<\/p>\n<\/div>\n<\/div>\n<\/div>\n<\/div>\n<\/div>\n<\/div>\n<\/div>\n<\/div>\n<\/div>","protected":false},"excerpt":{"rendered":"<p>Bereiten Sie k\u00f6stlichen Kaffee in Ihrem eigenen Zuhause auf Knopfdruck zu. Der De\u2019Longhi Magnifica Evo Kaffeevollautomat bereitet bis zu 7 verschiedene Rezepte zu. Intuitive Bedienelemente und farbige Tasten sorgen f\u00fcr eine angenehme Bedienung. Das einzigartige \u201cLatteCrema\u201d-Milchaufsch\u00e4umsystem sorgt f\u00fcr fluffigen Milchschaum. Mit der neuenFunktion \u201cMy Latte\u201d k\u00f6nnen Sie Ihr Getr\u00e4nk individuell gestalten und speichern.<\/p>\n<div class=\"del-pdp__info__content --summary\">\n<table class=\"a-normal a-spacing-micro\">\n<tbody>\n<tr class=\"a-spacing-small po-brand\">\n<td class=\"a-span3\">Marke<\/td>\n<td class=\"a-span9\"><span class=\"a-size-base po-break-word\">De\u2019Longhi<\/span><\/td>\n<\/tr>\n<tr class=\"a-spacing-small po-color\">\n<td class=\"a-span3\">Farbe<\/td>\n<td class=\"a-span9\"><strong>Schwarz<\/strong><\/td>\n<\/tr>\n<tr class=\"a-spacing-small po-item_depth_width_height\">\n<td class=\"a-span3\">Produktma\u00dfen<\/td>\n<td class=\"a-span9\"><span class=\"del-pdp__specifications__single__value\">240x440x360 mm<\/span><\/td>\n<\/tr>\n<tr class=\"a-spacing-small po-special_feature\">\n<td class=\"a-span3\">Besonderheit<\/td>\n<td class=\"a-span9\">\n<div class=\"translation-list__item\"><span class=\"translation-list__item-span\">Milchaufsch\u00e4umer <\/span><\/div>\n<\/td>\n<\/tr>\n<tr class=\"a-spacing-small po-coffee_maker_type\">\n<td class=\"a-span3\">Typ der Kaffeemaschine<\/td>\n<td class=\"a-span9\">\n<div class=\"translation-list__item\"><span class=\"translation-list__item-span\">Espresso-Maschine <\/span><\/div>\n<\/td>\n<\/tr>\n<\/tbody>\n<\/table>\n<p><strong>Produkt gratis in 3 Tagen nach Deutschland geliefert<\/strong><\/p>\n<\/p>\n<\/div>","protected":false},"featured_media":11390,"template":"","meta":[],"product_brand":[],"product_cat":[29],"product_tag":[],"product_country":[1501],"class_list":{"0":"post-11389","1":"product","2":"type-product","3":"status-publish","4":"has-post-thumbnail","6":"product_cat-espressomaschinen","7":"product_country-germany","9":"first","10":"instock","11":"sale","12":"taxable","13":"shipping-taxable","14":"purchasable","15":"product-type-simple"},"_links":{"self":[{"href":"https:\/\/routinesfashione.com\/en\/wp-json\/wp\/v2\/product\/11389","targetHints":{"allow":["GET"]}}],"collection":[{"href":"https:\/\/routinesfashione.com\/en\/wp-json\/wp\/v2\/product"}],"about":[{"href":"https:\/\/routinesfashione.com\/en\/wp-json\/wp\/v2\/types\/product"}],"wp:featuredmedia":[{"embeddable":true,"href":"https:\/\/routinesfashione.com\/en\/wp-json\/wp\/v2\/media\/11390"}],"wp:attachment":[{"href":"https:\/\/routinesfashione.com\/en\/wp-json\/wp\/v2\/media?parent=11389"}],"wp:term":[{"taxonomy":"product_brand","embeddable":true,"href":"https:\/\/routinesfashione.com\/en\/wp-json\/wp\/v2\/product_brand?post=11389"},{"taxonomy":"product_cat","embeddable":true,"href":"https:\/\/routinesfashione.com\/en\/wp-json\/wp\/v2\/product_cat?post=11389"},{"taxonomy":"product_tag","embeddable":true,"href":"https:\/\/routinesfashione.com\/en\/wp-json\/wp\/v2\/product_tag?post=11389"},{"taxonomy":"product_country","embeddable":true,"href":"https:\/\/routinesfashione.com\/en\/wp-json\/wp\/v2\/product_country?post=11389"}],"curies":[{"name":"wp","href":"https:\/\/api.w.org\/{rel}","templated":true}]}}