{"id":11415,"date":"2025-09-30T20:11:30","date_gmt":"2025-09-30T20:11:30","guid":{"rendered":"https:\/\/lightgray-crow-170497.hostingersite.com\/?post_type=product&#038;p=11415"},"modified":"2025-09-30T21:20:15","modified_gmt":"2025-09-30T21:20:15","slug":"kaffeevollautomat-delonghi-exam440-55-w-rivelia-milk-weiss","status":"publish","type":"product","link":"https:\/\/routinesfashione.com\/en\/produit\/kaffeevollautomat-delonghi-exam440-55-w-rivelia-milk-weiss\/","title":{"rendered":"Kaffeevollautomat De\u2019Longhi EXAM440.55.W Rivelia Milk Wei\u00df"},"content":{"rendered":"<table class=\"dv_characteristicsTable\">\n<tbody>\n<tr>\n<td class=\"left\">eitere Vorteile<\/td>\n<td>AUF EINFACHHEIT AUSGELEGT: Ein gro\u00dfartiger Kaffeevollautomat von De\u2019Longhi im bisher kompaktesten Format. Die Kerntechnologie wurde vollst\u00e4ndig \u00fcberarbeitet, um eine hochmoderne Maschine in einem sehr kompakten Geh\u00e4use mit einer neuen Designsprache unterzubringen.<br \/> COFFEE ROUTINES: Mit bis zu vier Benutzerprofilen k\u00f6nnen alle Getr\u00e4nke auf den individuellen Geschmack angepasst werden. Mit der neuen Funktion Coffee Routines lernt die Rivelia deine Gewohnheiten und passt das Kaffee Men\u00fc im Laufe des Tages an \u2013 abgestimmt auf deine pers\u00f6nlichen Vorlieben.<br \/> EINFACHE REINIGUNG. Automatischer Sp\u00fclvorgang nach jeder Kaffeezubereitung. Die Entkalkung wird nach einer vorab festgelegten Betriebszeit f\u00e4llig \u2013 die Rivelia kann auch mit dem mitgelieferten Teststreifen auf die Wasserh\u00e4rte eingestellt werden. Zur einfachen Reinigung und Wartung ist die hochwertige Br\u00fchgruppe herausnehmbar. Die Abtropfschale kann bedenkenlos in der Sp\u00fclmaschine gereinigt werden.<br \/> Funktion \u201eExtra Shot\u201c f\u00fcr einen zus\u00e4tzlichen Koffeinkick<br \/> INTUITIVE BEDIENUNG:Tauchen Sie mit dem farbigen Fulltouch-Display der Rivelia in die Welt des Kaffees ein und entdecken Sie mit einer Wischbewegung die gro\u00dfe Getr\u00e4nkeauswahl. Mit den Kaffeeroutinen passt die Rivelia Ihr Kaffeemen\u00fc den ganzen Tag \u00fcber an Ihren Geschmack an.<br \/> Integriertes Mahlwerk mit externem Mahlgradregler mit 13 Einstellungen<\/td>\n<\/tr>\n<\/tbody>\n<\/table>\n<table class=\"dv_characteristicsTable\">\n<caption>TECHNISCHE DATEN<\/caption>\n<tbody>\n<tr>\n<td class=\"left\">Mitgeliefertes Zubeh\u00f6r<\/td>\n<td>Bedienungsanleitung<br \/> Hei\u00dfwasserauslauf<br \/> Kaffeema\u00df<br \/> Schutzdeckel f\u00fcr Mahlwerk<br \/> Wasserfilter<br \/> Wasserh\u00e4rtestreifen<br \/> abnehmbarer Trichter f\u00fcr Kaffeepulver<br \/> zus\u00e4tzlicher Bohnenbeh\u00e4lter<\/td>\n<\/tr>\n<tr>\n<td class=\"left\">Leistung<\/td>\n<td>1450 W<\/td>\n<\/tr>\n<tr>\n<td class=\"left\">Pumpendruck<\/td>\n<td>19 bar<\/td>\n<\/tr>\n<tr>\n<td class=\"left\">Art des Heizsystems<\/td>\n<td>Thermoblock<\/td>\n<\/tr>\n<\/tbody>\n<\/table>\n<table class=\"dv_characteristicsTable\">\n<caption>FARBE &#038; MATERIAL<\/caption>\n<tbody>\n<tr>\n<td class=\"left\">Farbe<\/td>\n<td>wei\u00df<\/td>\n<\/tr>\n<tr>\n<td class=\"left\">Material Geh\u00e4use<\/td>\n<td>Edelstahl<\/td>\n<\/tr>\n<\/tbody>\n<\/table>\n<table class=\"dv_characteristicsTable\">\n<caption>HANDHABUNG &#038; KOMFORT<\/caption>\n<tbody>\n<tr>\n<td class=\"left\">Ausstattung<\/td>\n<td>Separates Kaffeepulverfach<\/td>\n<\/tr>\n<tr>\n<td class=\"left\">Abtropfschaleneigenschaften<\/td>\n<td>ausklappbar<br \/> herausnehmbar<\/td>\n<\/tr>\n<tr>\n<td class=\"left\">Art der Bedienung<\/td>\n<td>Touch-Bedienung<\/td>\n<\/tr>\n<tr>\n<td class=\"left\">Verstellbarkeit Kaffeeauslauf<\/td>\n<td>h\u00f6henverstellbar<\/td>\n<\/tr>\n<tr>\n<td class=\"left\">Art des Mahlwerks<\/td>\n<td>Kegelmahlwerk<\/td>\n<\/tr>\n<tr>\n<td class=\"left\">Br\u00fchgruppe herausnehmbar<\/td>\n<td>seitlich herausnehmbar<\/td>\n<\/tr>\n<tr>\n<td class=\"left\">Displaytechnologie<\/td>\n<td>TFT-Farbdisplay<\/td>\n<\/tr>\n<tr>\n<td class=\"left\">Bohnenbeh\u00e4lterkapazit\u00e4t<\/td>\n<td>250 g<\/td>\n<\/tr>\n<tr>\n<td class=\"left\">Wassertankkapazit\u00e4t<\/td>\n<td>1,4 l<\/td>\n<\/tr>\n<tr>\n<td class=\"left\">Tassenh\u00f6he maximal<\/td>\n<td>14,3 cm<\/td>\n<\/tr>\n<\/tbody>\n<\/table>\n<table class=\"dv_characteristicsTable\">\n<caption>KAFFEEZUBEREITUNG<\/caption>\n<tbody>\n<tr>\n<td class=\"left\">Art des Milchsystems<\/td>\n<td>abnehmbarer Milchtank<\/td>\n<\/tr>\n<\/tbody>\n<\/table>\n<table class=\"dv_characteristicsTable\">\n<caption>MASSE &#038; GEWICH<\/caption>\n<tbody>\n<tr>\n<td class=\"left\">H\u00f6he<\/td>\n<td>38,5 cm<\/td>\n<\/tr>\n<tr>\n<td class=\"left\">Breite<\/td>\n<td>24,5 cm<\/td>\n<\/tr>\n<tr>\n<td class=\"left\">Tiefe<\/td>\n<td>43 cm<\/td>\n<\/tr>\n<tr>\n<td class=\"left\">Gewicht<\/td>\n<td>9,7 kg<\/td>\n<\/tr>\n<\/tbody>\n<\/table>\n<table class=\"dv_characteristicsTable\">\n<caption>PROGRAMME &#038; FUNKTIONEN<\/caption>\n<tbody>\n<tr>\n<td class=\"left\">Zeitfunktionen<\/td>\n<td>Abschaltautomatik<\/td>\n<\/tr>\n<\/tbody>\n<\/table>\n<table class=\"dv_characteristicsTable\">\n<caption>REINIGUNG &#038; PFLEGE<\/caption>\n<tbody>\n<tr>\n<td class=\"left\">Automatische Pflegeprogramme<\/td>\n<td>Entkalkungsprogramm<br \/> Reinigungsprogramm<br \/> Sp\u00fclprogramm<\/td>\n<\/tr>\n<\/tbody>\n<\/table>","protected":false},"excerpt":{"rendered":"<section class=\"del-pdp__info__text__wrapper\">\n<div class=\"del-pdp__info__content --summary\">\n<p>Tauchen Sie mit Rivelia in die Welt des Kaffees ein. Entdecken Sie mit dem Bean Switch System unendliche Bohnensorten und genie\u00dfen Sie ein immersives Erlebnis mit einem 3,5-Zoll-Farbdisplay mit reichhaltigen Animationen und Kaffeeroutinen, die speziell auf Sie zugeschnitten sind. Runden Sie Ihre Getr\u00e4nke auf Milchbasis mit feinem, reichhaltigem Schaum mit der LatteCrema Hot Milchsystem in einer kompakten Maschine ab, die zu Ihrem Stil passt.<\/p>\n<\/p>\n<\/div>\n<div class=\"del-pdp__info__content --summary\">\n<ul>\n<li>Mit dem Bean Switch System k\u00f6nnen Sie ganz einfach zwischen verschiedenen Bohnensorten wechseln und diese probieren.<\/li>\n<li>Die Bean-Adapt-Technologie passt den Mahlgrad, die Kaffeedosierung und die Br\u00fchtemperatur leicht an die von Ihnen gew\u00e4hlten Bohnen an.<\/li>\n<li>LatteCrema Hot liefert automatisch feinen k\u00f6stlich-hei\u00dfen Milchschaum und erm\u00f6glicht eine automatische Reinigung auf Knopfdruck.<\/li>\n<li>Intuitives 3,5-Zoll-Farbdisplay mit 16\u00a0Getr\u00e4nken mit nur einem Knopfdruck.<\/li>\n<li>Stilvolles und kompaktes Design mit weichen Winkeln; in Arctic White.<\/li>\n<\/ul>\n<p>\u00a0<\/p>\n<table class=\"a-normal a-spacing-micro\">\n<tbody>\n<tr class=\"a-spacing-small po-brand\">\n<td class=\"a-span3\">Marke<\/td>\n<td class=\"a-span9\"><span class=\"a-size-base po-break-word\">De\u2019Longhi<\/span><\/td>\n<\/tr>\n<tr class=\"a-spacing-small po-color\">\n<td class=\"a-span3\">Farbe<\/td>\n<td class=\"a-span9\"><strong>Wei\u00df<\/strong><\/td>\n<\/tr>\n<tr class=\"a-spacing-small po-item_depth_width_height\">\n<td class=\"a-span3\">Produktma\u00dfen<\/td>\n<td class=\"a-span9\"><span class=\"del-pdp__specifications__single__value\">245 x 430 x 385<\/span><\/td>\n<\/tr>\n<tr class=\"a-spacing-small po-special_feature\">\n<td class=\"a-span3\">Besonderheit<\/td>\n<td class=\"a-span9\">\n<div class=\"translation-list__item\"><span class=\"translation-list__item-span\">Milchaufsch\u00e4umer <\/span><\/div>\n<\/td>\n<\/tr>\n<tr class=\"a-spacing-small po-coffee_maker_type\">\n<td class=\"a-span3\">Typ der Kaffeemaschine<\/td>\n<td class=\"a-span9\">\n<div class=\"translation-list__item\"><span class=\"translation-list__item-span\">Espresso-Maschine <\/span><\/div>\n<\/td>\n<\/tr>\n<\/tbody>\n<\/table>\n<p><strong>Produkt gratis in 3 Tagen nach Deutschland geliefert<\/strong><\/p>\n<\/p>\n<\/div>\n<\/section>","protected":false},"featured_media":11416,"template":"","meta":[],"product_brand":[],"product_cat":[29],"product_tag":[],"product_country":[1501],"class_list":{"0":"post-11415","1":"product","2":"type-product","3":"status-publish","4":"has-post-thumbnail","6":"product_cat-espressomaschinen","7":"product_country-germany","9":"first","10":"instock","11":"sale","12":"taxable","13":"shipping-taxable","14":"purchasable","15":"product-type-simple"},"_links":{"self":[{"href":"https:\/\/routinesfashione.com\/en\/wp-json\/wp\/v2\/product\/11415","targetHints":{"allow":["GET"]}}],"collection":[{"href":"https:\/\/routinesfashione.com\/en\/wp-json\/wp\/v2\/product"}],"about":[{"href":"https:\/\/routinesfashione.com\/en\/wp-json\/wp\/v2\/types\/product"}],"wp:featuredmedia":[{"embeddable":true,"href":"https:\/\/routinesfashione.com\/en\/wp-json\/wp\/v2\/media\/11416"}],"wp:attachment":[{"href":"https:\/\/routinesfashione.com\/en\/wp-json\/wp\/v2\/media?parent=11415"}],"wp:term":[{"taxonomy":"product_brand","embeddable":true,"href":"https:\/\/routinesfashione.com\/en\/wp-json\/wp\/v2\/product_brand?post=11415"},{"taxonomy":"product_cat","embeddable":true,"href":"https:\/\/routinesfashione.com\/en\/wp-json\/wp\/v2\/product_cat?post=11415"},{"taxonomy":"product_tag","embeddable":true,"href":"https:\/\/routinesfashione.com\/en\/wp-json\/wp\/v2\/product_tag?post=11415"},{"taxonomy":"product_country","embeddable":true,"href":"https:\/\/routinesfashione.com\/en\/wp-json\/wp\/v2\/product_country?post=11415"}],"curies":[{"name":"wp","href":"https:\/\/api.w.org\/{rel}","templated":true}]}}