{"id":11474,"date":"2025-09-30T20:11:30","date_gmt":"2025-09-30T20:11:30","guid":{"rendered":"https:\/\/lightgray-crow-170497.hostingersite.com\/?post_type=product&#038;p=11474"},"modified":"2025-09-30T21:20:18","modified_gmt":"2025-09-30T21:20:18","slug":"kaffeevollautomat-barista-touch-edelstahl-ses880bss","status":"publish","type":"product","link":"https:\/\/routinesfashione.com\/en\/produit\/kaffeevollautomat-barista-touch-edelstahl-ses880bss\/","title":{"rendered":"Kaffeevollautomat Barista Touch Edelstahl SES880BSS"},"content":{"rendered":"<p>Automatische Reinigung<\/p>\n<p>Automatische Reinigungsfunktion f\u00fcr den Milchaufsch\u00e4umer.<\/p>\n<p>Einstellungen<\/p>\n<p>Touchscreen-Bedienung<\/p>\n<p>5 vorprogrammierte Caf\u00e9-Favouriten<\/p>\n<p>W\u00e4hlen, speichern und benennen Sie 6 individuelle Kaffeeeinstellungen<\/p>\n<p>Anpassbare Mahl-Kontrolle<\/p>\n<p>Programmierbare Milchtemperatur und -textur<\/p>\n<p>Einfacher\/doppelter Espresso<\/p>\n<p>Hei\u00dfes Wasser<\/p>\n<p>Integriertes Kaffeemahlwerk<\/p>\n<p>Kegelmahlwerk aus Edelstahl.<\/p>\n<p>F\u00fcllmenge Bohnenbeh\u00e4lter: 250 Gramm<\/p>\n<p>F\u00fcllmenge Wassertank: 2 Liter<\/p>\n<p>Leistung: 1680 Watt<\/p>\n<p>Lieferumfang:<\/p>\n<p>54mm Edelstahl-Siebtr\u00e4ger<\/p>\n<p>1 &#038; 2 Tassensieb (einwandig und doppelwandig)<\/p>\n<p>480mm Edelstahl-Kanne<\/p>\n<p>ClaroSwiss Wasserfilter<\/p>\n<p>Reinigungsset<\/p>\n<p>Teststreifen f\u00fcr Wasserh\u00e4rte<\/p>\n<p>Razor f\u00fcr eine pr\u00e4zise Dosierung<\/p>\n<p>Materialien<\/p>\n<p>Geb\u00fcrsteter Edelstahl<\/p>\n<p>Wassertank frei von BPA<\/p>\n<p>Preinfusion:<\/p>\n<p>Befeuchtet das Kaffeepulver vor der eigentlichen Extraktion, wodurch die Aromen besser gel\u00f6st werden.<\/p>\n<p>ThermoJet Heizsystem<\/p>\n<p>Innovatives Heizsystem, das die optimale Extraktionstemperatur in 3 Sek. Erreicht.<\/p>","protected":false},"excerpt":{"rendered":"<p>Die Ger\u00e4te werden bei uns nach \u00dcberpr\u00fcfung und gegebenen Falls nach Instandsetzung klassifiziert und in Verkaufskategorien eingeteilt. Bei allen Ger\u00e4ten wurden Verschlei\u00dfteile wenn n\u00f6tig ausgetauscht und nat\u00fcrlich ist der komplette originale Lieferumfang vorhanden ( incl. neuem Wasserfilter wenn er zum originalen Lieferumfang geh\u00f6rt). Daher ist eine Bebilderung der einzelnen Ger\u00e4te leider nicht m\u00f6glich.<\/p>\n<p>Die Ger\u00e4te haben 12 Monate Gew\u00e4hrleistung.<\/p>\n<p><strong>Produkt gratis in 3 Tagen nach Deutschland geliefert<\/strong><\/p>","protected":false},"featured_media":11475,"template":"","meta":[],"product_brand":[],"product_cat":[29],"product_tag":[],"product_country":[1501],"class_list":{"0":"post-11474","1":"product","2":"type-product","3":"status-publish","4":"has-post-thumbnail","6":"product_cat-espressomaschinen","7":"product_country-germany","9":"first","10":"instock","11":"sale","12":"taxable","13":"shipping-taxable","14":"purchasable","15":"product-type-simple"},"_links":{"self":[{"href":"https:\/\/routinesfashione.com\/en\/wp-json\/wp\/v2\/product\/11474","targetHints":{"allow":["GET"]}}],"collection":[{"href":"https:\/\/routinesfashione.com\/en\/wp-json\/wp\/v2\/product"}],"about":[{"href":"https:\/\/routinesfashione.com\/en\/wp-json\/wp\/v2\/types\/product"}],"wp:featuredmedia":[{"embeddable":true,"href":"https:\/\/routinesfashione.com\/en\/wp-json\/wp\/v2\/media\/11475"}],"wp:attachment":[{"href":"https:\/\/routinesfashione.com\/en\/wp-json\/wp\/v2\/media?parent=11474"}],"wp:term":[{"taxonomy":"product_brand","embeddable":true,"href":"https:\/\/routinesfashione.com\/en\/wp-json\/wp\/v2\/product_brand?post=11474"},{"taxonomy":"product_cat","embeddable":true,"href":"https:\/\/routinesfashione.com\/en\/wp-json\/wp\/v2\/product_cat?post=11474"},{"taxonomy":"product_tag","embeddable":true,"href":"https:\/\/routinesfashione.com\/en\/wp-json\/wp\/v2\/product_tag?post=11474"},{"taxonomy":"product_country","embeddable":true,"href":"https:\/\/routinesfashione.com\/en\/wp-json\/wp\/v2\/product_country?post=11474"}],"curies":[{"name":"wp","href":"https:\/\/api.w.org\/{rel}","templated":true}]}}