{"id":1181,"date":"2025-09-30T20:53:39","date_gmt":"2025-09-30T20:53:39","guid":{"rendered":"https:\/\/lightgray-crow-170497.hostingersite.com\/?post_type=product&#038;p=1181"},"modified":"2025-09-30T20:53:39","modified_gmt":"2025-09-30T20:53:39","slug":"dr-premier-44-field-and-brush-mower-10-5-hp-tow-behind-atv-utv-or-tractor","status":"publish","type":"product","link":"https:\/\/routinesfashione.com\/en\/produit\/dr-premier-44-field-and-brush-mower-10-5-hp-tow-behind-atv-utv-or-tractor\/","title":{"rendered":"Tondeuse \u00e0 gazon et \u00e0 broussailles DR PREMIER 44\u2033 10,5 CV tractable derri\u00e8re un VTT, un UTV ou un tracteur"},"content":{"rendered":"<p>Tondeuse \u00e0 fl\u00e9aux tract\u00e9e avec une largeur de coupe de 115 cm et un moteur \u00e0 essence de 18 ch. Type d&#8217;attelage avec timon pour quads, petits tracteurs, tracteurs de jardin, VTT, 4&#215;4 et voitures avec timon.<\/p>\n<p>Convient pour la tonte fine et le broyage de l&#8217;herbe, des prairies, des bords de route, le broyage des buissons, des hautes herbes et des sous-bois, le d\u00e9broussaillage des accotements, des chantiers, des foss\u00e9s, des talus, etc.<\/p>\n<h2><strong>Avantages :<\/strong><\/h2>\n<ul>\n<li>Puissante tondeuse \u00e0 fl\u00e9aux, tondeuse polyvalente convenant \u00e9galement aux terrains grossiers et accident\u00e9s. Les rochers, les pierres et les blocs durs sur le sol ne posent aucun probl\u00e8me.<\/li>\n<li>Largeur de coupe : 115 cm, largeur totale : 191 cm<\/li>\n<li>Capacit\u00e9 de travail jusqu&#8217;\u00e0 2500 m\u00b2\/heure<\/li>\n<li>Puissant moteur \u00e0 essence 4 temps de 18 cv, 459 cc avec d\u00e9marrage manuel. Le moteur Lifan est homologu\u00e9 Euro 5<\/li>\n<li>Avec hayon, pour une \u00e9vacuation plus rapide de l&#8217;herbe coup\u00e9e. Ceci est utile pour un d\u00e9placement plus rapide \u00e0 travers la v\u00e9g\u00e9tation haute et dense. Ceci est \u00e9galement utile pour l&#8217;entretien de la faucheuse et des fl\u00e9aux<\/li>\n<li>Fournie avec une boule d&#8217;attelage pour un timon de 50 mm, avec r\u00e9glage de la hauteur et tige filet\u00e9e pour faciliter l&#8217;attelage<\/li>\n<li>La voie de la faucheuse peut \u00eatre d\u00e9plac\u00e9e de gauche \u00e0 droite en r\u00e9glant le timon<\/li>\n<\/ul>\n<h2><strong>Caract\u00e9ristiques :<\/strong><\/h2>\n<ul>\n<li>Les roues peuvent \u00eatre mont\u00e9es dans 2 positions : \u00e0 c\u00f4t\u00e9 de la tondeuse pour les terrains plats, ou derri\u00e8re la tondeuse pour les terrains accident\u00e9s o\u00f9 un support plus stable de la tondeuse est n\u00e9cessaire<\/li>\n<li>R\u00e9glage de la hauteur de coupe avec 2 volants : hauteur de coupe variable par r\u00e9glage des pneus. Avec des pneus mont\u00e9s sur le c\u00f4t\u00e9 : hauteur de coupe 2-10 cm, avec des pneus mont\u00e9s \u00e0 l&#8217;arri\u00e8re : hauteur de coupe 2-22 cm<\/li>\n<li>R\u00e9glage de la hauteur du rouleau de support derri\u00e8re les lames : 5 &#8211; 15 cm<\/li>\n<li>Arbre de coupe stabilis\u00e9 de 108 mm de diam\u00e8tre avec 2 courroies d&#8217;entra\u00eenement<\/li>\n<li>28 lames T de 150 g, pour un broyage optimal<\/li>\n<li>2 pneus larges 16*6,5-8 pour un transport stable<\/li>\n<\/ul>\n<h2><strong><span dir=\"auto\">Options :<\/span><\/strong><\/h2>\n<ul>\n<li>Huile moteur 15W40 . La machine est livr\u00e9e en standard sans huile. Le r\u00e9servoir a une capacit\u00e9 de 6,5 litres<\/li>\n<li><span dir=\"auto\">Jerrican en PE 20L avec bec flexible<\/span><\/li>\n<li>R\u00e9servoir d&#8217;essence mobile de 55 litres avec pompe \u00e0 main<\/li>\n<li>R\u00e9servoir mobile de 110 litres avec pompe \u00e0 main<\/li>\n<li>Kit de s\u00e9curit\u00e9 Torros : lunettes de s\u00e9curit\u00e9, casque, casquette<\/li>\n<li>Kit de s\u00e9curit\u00e9 Torros : lunettes de s\u00e9curit\u00e9, casque, bonnet<\/li>\n<\/ul>","protected":false},"excerpt":{"rendered":"<p>Tondeuse \u00e0 fl\u00e9aux tract\u00e9e avec une largeur de coupe de 115 cm et un moteur \u00e0 essence de 18 ch.<\/p>","protected":false},"featured_media":29075,"template":"","meta":[],"product_brand":[],"product_cat":[61],"product_tag":[1514],"product_country":[1503],"class_list":{"0":"post-1181","1":"product","2":"type-product","3":"status-publish","4":"has-post-thumbnail","6":"product_cat-sale-france","7":"product_tag-sale-france","8":"product_country-france","10":"first","11":"instock","12":"sale","13":"taxable","14":"shipping-taxable","15":"purchasable","16":"product-type-simple"},"_links":{"self":[{"href":"https:\/\/routinesfashione.com\/en\/wp-json\/wp\/v2\/product\/1181","targetHints":{"allow":["GET"]}}],"collection":[{"href":"https:\/\/routinesfashione.com\/en\/wp-json\/wp\/v2\/product"}],"about":[{"href":"https:\/\/routinesfashione.com\/en\/wp-json\/wp\/v2\/types\/product"}],"wp:featuredmedia":[{"embeddable":true,"href":"https:\/\/routinesfashione.com\/en\/wp-json\/wp\/v2\/media\/29075"}],"wp:attachment":[{"href":"https:\/\/routinesfashione.com\/en\/wp-json\/wp\/v2\/media?parent=1181"}],"wp:term":[{"taxonomy":"product_brand","embeddable":true,"href":"https:\/\/routinesfashione.com\/en\/wp-json\/wp\/v2\/product_brand?post=1181"},{"taxonomy":"product_cat","embeddable":true,"href":"https:\/\/routinesfashione.com\/en\/wp-json\/wp\/v2\/product_cat?post=1181"},{"taxonomy":"product_tag","embeddable":true,"href":"https:\/\/routinesfashione.com\/en\/wp-json\/wp\/v2\/product_tag?post=1181"},{"taxonomy":"product_country","embeddable":true,"href":"https:\/\/routinesfashione.com\/en\/wp-json\/wp\/v2\/product_country?post=1181"}],"curies":[{"name":"wp","href":"https:\/\/api.w.org\/{rel}","templated":true}]}}