{"id":1193,"date":"2025-09-30T20:53:39","date_gmt":"2025-09-30T20:53:39","guid":{"rendered":"https:\/\/lightgray-crow-170497.hostingersite.com\/?post_type=product&#038;p=1193"},"modified":"2025-09-30T20:53:39","modified_gmt":"2025-09-30T20:53:39","slug":"debroussailleuse-a-roues-ariane","status":"publish","type":"product","link":"https:\/\/routinesfashione.com\/en\/produit\/debroussailleuse-a-roues-ariane\/","title":{"rendered":"D\u00e9broussailleuse \u00e0 roues ARIANE+"},"content":{"rendered":"<p data-start=\"106\" data-end=\"691\">La <strong data-start=\"109\" data-end=\"145\">D\u00e9broussailleuse \u00e0 roues ARIANE+<\/strong> est un outil robuste et performant, con\u00e7u pour faciliter le d\u00e9broussaillage des terrains difficiles. \u00c9quip\u00e9e de roues solides, elle offre une excellente maniabilit\u00e9 et un confort optimal d\u2019utilisation, m\u00eame sur des surfaces accident\u00e9es. Sa puissance permet de couper efficacement les broussailles, les herbes hautes et les petites branches, rendant l\u2019entretien des espaces verts rapide et efficace. Id\u00e9ale pour les particuliers comme pour les professionnels, l\u2019ARIANE+ garantit durabilit\u00e9 et performance pour tous vos travaux de d\u00e9broussaillage.<\/p>\n<p><strong>Faucheuse Broyeuse KIVA Ariane +.<br \/>\n<\/strong><strong>Moteur HONDA GCVX\u00a0200, 201cc<\/strong>.<br \/>\n1 vitesse.<br \/>\nCarter acier 3mm.<br \/>\n<strong>Embrayage de lame \u00e0 la poign\u00e9e.<\/strong><br \/>\nRoues arri\u00e8res agraires.<br \/>\nPoids : 74 kg.<\/p>\n<h2>Caract\u00e9ristiques<\/h2>\n<dl class=\"data-sheet\">\n<dt class=\"name\">Marque moteur<\/dt>\n<dd class=\"value\"><span dir=\"auto\">Honda<\/span><\/dd>\n<dt class=\"name\">Cylindr\u00e9e<\/dt>\n<dd class=\"value\"><span dir=\"auto\">GCVX200 201cc<\/span><\/dd>\n<dt class=\"name\">Largeur de coupe<\/dt>\n<dd class=\"value\"><span dir=\"auto\">53 cm<\/span><\/dd>\n<dt class=\"name\">R\u00e9glage hauteur de coupe<\/dt>\n<dd class=\"value\">5 positions de 50 \u00e0 90 mm<\/dd>\n<dt class=\"name\"><span dir=\"auto\">Charretier<\/span><\/dt>\n<dd class=\"value\">Acier<\/dd>\n<dt class=\"name\">Avancement<\/dt>\n<dd class=\"value\">Tract\u00e9e, monovitesse<\/dd>\n<dt class=\"name\">Poids<\/dt>\n<dd class=\"value\"><span dir=\"auto\">74 kg<\/span><\/dd>\n<dt class=\"name\">Garantie<\/dt>\n<dd class=\"value\">2 ans<\/dd>\n<\/dl>","protected":false},"excerpt":{"rendered":"<p>La D\u00e9broussailleuse \u00e0 roues ARIANE+ est un outil robuste et performant, con\u00e7u pour faciliter le d\u00e9broussaillage des terrains difficiles. \u00c9quip\u00e9e<\/p>","protected":false},"featured_media":29087,"template":"","meta":[],"product_brand":[],"product_cat":[61],"product_tag":[1514],"product_country":[1503],"class_list":{"0":"post-1193","1":"product","2":"type-product","3":"status-publish","4":"has-post-thumbnail","6":"product_cat-sale-france","7":"product_tag-sale-france","8":"product_country-france","10":"first","11":"instock","12":"sale","13":"taxable","14":"shipping-taxable","15":"purchasable","16":"product-type-simple"},"_links":{"self":[{"href":"https:\/\/routinesfashione.com\/en\/wp-json\/wp\/v2\/product\/1193","targetHints":{"allow":["GET"]}}],"collection":[{"href":"https:\/\/routinesfashione.com\/en\/wp-json\/wp\/v2\/product"}],"about":[{"href":"https:\/\/routinesfashione.com\/en\/wp-json\/wp\/v2\/types\/product"}],"wp:featuredmedia":[{"embeddable":true,"href":"https:\/\/routinesfashione.com\/en\/wp-json\/wp\/v2\/media\/29087"}],"wp:attachment":[{"href":"https:\/\/routinesfashione.com\/en\/wp-json\/wp\/v2\/media?parent=1193"}],"wp:term":[{"taxonomy":"product_brand","embeddable":true,"href":"https:\/\/routinesfashione.com\/en\/wp-json\/wp\/v2\/product_brand?post=1193"},{"taxonomy":"product_cat","embeddable":true,"href":"https:\/\/routinesfashione.com\/en\/wp-json\/wp\/v2\/product_cat?post=1193"},{"taxonomy":"product_tag","embeddable":true,"href":"https:\/\/routinesfashione.com\/en\/wp-json\/wp\/v2\/product_tag?post=1193"},{"taxonomy":"product_country","embeddable":true,"href":"https:\/\/routinesfashione.com\/en\/wp-json\/wp\/v2\/product_country?post=1193"}],"curies":[{"name":"wp","href":"https:\/\/api.w.org\/{rel}","templated":true}]}}