{"id":1221,"date":"2025-09-30T20:53:38","date_gmt":"2025-09-30T20:53:38","guid":{"rendered":"https:\/\/lightgray-crow-170497.hostingersite.com\/?post_type=product&#038;p=1221"},"modified":"2025-09-30T20:53:38","modified_gmt":"2025-09-30T20:53:38","slug":"debroussailleuse-a-roues-athena-08","status":"publish","type":"product","link":"https:\/\/routinesfashione.com\/en\/produit\/debroussailleuse-a-roues-athena-08\/","title":{"rendered":"D\u00e9broussailleuse \u00e0 roues ATHENA 08"},"content":{"rendered":"<p>La d\u00e9broussailleuse ATHENA 08 est parfaite pour entretenir tous types de terrains : espaces verts rustiques comme r\u00e9sidences secondaires. Elle s&#8217;utilise en mode d\u00e9broussailleuse quand les herbes sont hautes (jusqu&#8217;\u00e0 60 cm environ) ou bien avec son bac de ramassage pour des coupes r\u00e9guli\u00e8res.<\/p>\n<p>Son carter en acier s&#8217;ajuste aussi en fonction de la situation. Il poss\u00e8de deux positions brevet\u00e9es :<\/p>\n<p>&#8211; ouvert ; pour les herbes hautes<\/p>\n<p>&#8211; ferm\u00e9 ; pour les herbes basses<\/p>\n<p>La machine est tr\u00e8s maniable gr\u00e2ce \u00e0 ses deux roues avant pivotantes \u00e0 cliquets. Elle\u00a0dispose aussi\u00a0d&#8217;un\u00a0guidon r\u00e9glable et d&#8217;un bac de ramassage en toile d&#8217;une contenance de 70 litres.<\/p>","protected":false},"excerpt":{"rendered":"<p>La d\u00e9broussailleuse ATHENA 08 est parfaite pour entretenir tous types de terrains : espaces verts rustiques comme r\u00e9sidences secondaires. Elle<\/p>","protected":false},"featured_media":28933,"template":"","meta":[],"product_brand":[],"product_cat":[61],"product_tag":[1514],"product_country":[1503],"class_list":{"0":"post-1221","1":"product","2":"type-product","3":"status-publish","4":"has-post-thumbnail","6":"product_cat-sale-france","7":"product_tag-sale-france","8":"product_country-france","10":"first","11":"instock","12":"sale","13":"taxable","14":"shipping-taxable","15":"purchasable","16":"product-type-simple"},"_links":{"self":[{"href":"https:\/\/routinesfashione.com\/en\/wp-json\/wp\/v2\/product\/1221","targetHints":{"allow":["GET"]}}],"collection":[{"href":"https:\/\/routinesfashione.com\/en\/wp-json\/wp\/v2\/product"}],"about":[{"href":"https:\/\/routinesfashione.com\/en\/wp-json\/wp\/v2\/types\/product"}],"wp:featuredmedia":[{"embeddable":true,"href":"https:\/\/routinesfashione.com\/en\/wp-json\/wp\/v2\/media\/28933"}],"wp:attachment":[{"href":"https:\/\/routinesfashione.com\/en\/wp-json\/wp\/v2\/media?parent=1221"}],"wp:term":[{"taxonomy":"product_brand","embeddable":true,"href":"https:\/\/routinesfashione.com\/en\/wp-json\/wp\/v2\/product_brand?post=1221"},{"taxonomy":"product_cat","embeddable":true,"href":"https:\/\/routinesfashione.com\/en\/wp-json\/wp\/v2\/product_cat?post=1221"},{"taxonomy":"product_tag","embeddable":true,"href":"https:\/\/routinesfashione.com\/en\/wp-json\/wp\/v2\/product_tag?post=1221"},{"taxonomy":"product_country","embeddable":true,"href":"https:\/\/routinesfashione.com\/en\/wp-json\/wp\/v2\/product_country?post=1221"}],"curies":[{"name":"wp","href":"https:\/\/api.w.org\/{rel}","templated":true}]}}