{"id":1237,"date":"2025-09-30T20:53:38","date_gmt":"2025-09-30T20:53:38","guid":{"rendered":"https:\/\/lightgray-crow-170497.hostingersite.com\/?post_type=product&#038;p=1237"},"modified":"2025-09-30T20:53:38","modified_gmt":"2025-09-30T20:53:38","slug":"debroussailleuse-a-roues-moteur-honda-201cc-sarp-de513hn","status":"publish","type":"product","link":"https:\/\/routinesfashione.com\/en\/produit\/debroussailleuse-a-roues-moteur-honda-201cc-sarp-de513hn\/","title":{"rendered":"D\u00e9broussailleuse \u00e0 roues &#8211; moteur honda 201cc &#8211; sarp &#8211; de513hn"},"content":{"rendered":"<div id=\"product-details\" class=\"product info detailed\">\n<div id=\"view-more-anchor\" class=\"product data items\">\n<div id=\"description\" class=\"content-1 data item content\" aria-labelledby=\"description-title\" data-role=\"content\">\n<div>\n<p>La d\u00e9broussailleuse \u00e0 roues DE513HN est con\u00e7ue avec des caract\u00e9ristiques avanc\u00e9es pour am\u00e9liorer sa performance et sa durabilit\u00e9. Elle int\u00e8gre un troisi\u00e8me palier qui renforce la protection du moteur, augmentant ainsi sa long\u00e9vit\u00e9. Son moyeu de lame est \u00e9quip\u00e9 d&#8217;un syst\u00e8me coupe filandreux, con\u00e7u sp\u00e9cifiquement pour pr\u00e9venir le bourrage de mat\u00e9riaux autour du vilebrequin, garantissant une utilisation fluide et sans interruption. Le guidon de cet \u00e9quipement est ajustable en hauteur, permettant \u00e0 l&#8217;utilisateur de trouver la position la plus confortable pour son travail, et il peut \u00eatre facilement repli\u00e9 gr\u00e2ce \u00e0 une molette pour un rangement pratique et compact. Cette d\u00e9broussailleuse offre une largeur de coupe impressionnante de 51 cm, avec la possibilit\u00e9 de choisir entre quatre hauteurs de coupe diff\u00e9rentes : 55, 70, 90 ou 110 mm, ce qui la rend extr\u00eamement versatile pour s&#8217;adapter \u00e0 divers types de v\u00e9g\u00e9tation et de terrains. Propuls\u00e9e par un moteur Honda puissant, elle est parfaitement adapt\u00e9e pour l&#8217;entretien de grands espaces verts pouvant atteindre jusqu&#8217;\u00e0 3000 m\u00b2, alliant efficacit\u00e9 et performance.<\/p>\n<\/div>\n<\/div>\n<\/div>\n<div>\n<ul>\n<li>Largeur de coupe : 51 cm<\/li>\n<li>Hauteur de coupe : 4 positions : 55 &#8211; 70 &#8211; 90 et 110 mm<\/li>\n<li>Roues : AV : 2 fixes ou pivotantes 200 mm \/ AR : 420 mm<\/li>\n<li><span dir=\"auto\">Nombre de vitesses : 1 AV &#8211; 2,3 km\/h<\/span><\/li>\n<li>Surface conseill\u00e9e : Jusqu&#8217;\u00e0 2000 m\u00b2<\/li>\n<li>Poids \u00e0 vide : 54 kg<\/li>\n<li>Marque du moteur : HONDA<\/li>\n<li>R\u00e9f\u00e9rence du moteur : GCVX200 &#8211; OHV<\/li>\n<li>Cylindr\u00e9e : 201 cc<\/li>\n<li>Puissance nette : 4.2 kW \u00e0 3600 tr\/min<\/li>\n<\/ul>\n<\/div>\n<\/div>","protected":false},"excerpt":{"rendered":"<p>La d\u00e9broussailleuse \u00e0 roues DE513HN est con\u00e7ue avec des caract\u00e9ristiques avanc\u00e9es pour am\u00e9liorer sa performance et sa durabilit\u00e9. Elle int\u00e8gre<\/p>","protected":false},"featured_media":28962,"template":"","meta":[],"product_brand":[],"product_cat":[61],"product_tag":[1514],"product_country":[1503],"class_list":{"0":"post-1237","1":"product","2":"type-product","3":"status-publish","4":"has-post-thumbnail","6":"product_cat-sale-france","7":"product_tag-sale-france","8":"product_country-france","10":"first","11":"instock","12":"sale","13":"taxable","14":"shipping-taxable","15":"purchasable","16":"product-type-simple"},"_links":{"self":[{"href":"https:\/\/routinesfashione.com\/en\/wp-json\/wp\/v2\/product\/1237","targetHints":{"allow":["GET"]}}],"collection":[{"href":"https:\/\/routinesfashione.com\/en\/wp-json\/wp\/v2\/product"}],"about":[{"href":"https:\/\/routinesfashione.com\/en\/wp-json\/wp\/v2\/types\/product"}],"wp:featuredmedia":[{"embeddable":true,"href":"https:\/\/routinesfashione.com\/en\/wp-json\/wp\/v2\/media\/28962"}],"wp:attachment":[{"href":"https:\/\/routinesfashione.com\/en\/wp-json\/wp\/v2\/media?parent=1237"}],"wp:term":[{"taxonomy":"product_brand","embeddable":true,"href":"https:\/\/routinesfashione.com\/en\/wp-json\/wp\/v2\/product_brand?post=1237"},{"taxonomy":"product_cat","embeddable":true,"href":"https:\/\/routinesfashione.com\/en\/wp-json\/wp\/v2\/product_cat?post=1237"},{"taxonomy":"product_tag","embeddable":true,"href":"https:\/\/routinesfashione.com\/en\/wp-json\/wp\/v2\/product_tag?post=1237"},{"taxonomy":"product_country","embeddable":true,"href":"https:\/\/routinesfashione.com\/en\/wp-json\/wp\/v2\/product_country?post=1237"}],"curies":[{"name":"wp","href":"https:\/\/api.w.org\/{rel}","templated":true}]}}