{"id":12428,"date":"2025-09-30T20:11:29","date_gmt":"2025-09-30T20:11:29","guid":{"rendered":"https:\/\/lightgray-crow-170497.hostingersite.com\/?post_type=product&#038;p=12428"},"modified":"2025-09-30T21:07:42","modified_gmt":"2025-09-30T21:07:42","slug":"delonghi-ecam293-52-b-magnifica","status":"publish","type":"product","link":"https:\/\/routinesfashione.com\/en\/produit\/delonghi-ecam293-52-b-magnifica\/","title":{"rendered":"De\u2019Longhi ECAM293.52.B Magnifica"},"content":{"rendered":"<p>\u2018- Automatische Reinigungsfunktion der Milchkaraffe zur einfachen Entfernung von Milchr\u00fcckst\u00e4nden zur hygienischen Aufbewahrung im K\u00fchlschrank<br \/> \u2013 4 Soft-Touch-Symbole in Schwarz-Wei\u00df f\u00fcr direkte Rezepte auf Tastendruck<br \/> \u2013 Individuelle Einstellung von Aroma (3 Stufen) und Kaffeemenge f\u00fcr alle Getr\u00e4nke<br \/> \u2013 F\u00fcr Kaffeebohnen und Kaffeepulver geeignet<br \/> \u2013 x2 Funktion f\u00fcr einen doppelten Espresso<br \/> \u2013 Kegelmahlwerk mit einstellbarem Mahlgrad (13 Stufen)<br \/> \u2013 Kratzfeste Abtropfschale mit Tassenhalterung aus Edelstahl und abnehmbarem, sp\u00fclmaschinenfestem Kunststoffgitter f\u00fcr maximale Haltbarkeit und Hygiene<br \/> \u2013 Herausnehmbare Br\u00fchgruppe: einfach und hygienisch zu reinigen<br \/> \u2013 Vollautomatisches Entkalkungsprogramm<br \/> \u2013 250g Bohnenbeh\u00e4lter<\/p>\n<p><b>4 DIREKTWAHLTASTEN F\u00dcR GETR\u00c4NKE AUF KNOPFDRUCK<\/b><br \/> Ein intuitives Bedienfeld mit schwarz-wei\u00dfen ber\u00fchrungsempfindlichen Icons und LED Beleuchtung sorgen f\u00fcr einfache Bedienung und Getr\u00e4nkezubereitung auf Knopfdruck.<\/p>\n<p><b>EINFACHE REINIGUNG<\/b><br \/> Kratzfeste Abtropfschale mit herausnehmbarem sp\u00fclmaschinenfestem Edelstahlgitter f\u00fcr lange Haltbarkeit und eine einfache Reinigung.<\/p>\n<p><b>LATTECREMA HOT KARAFFE<\/b><br \/> Genie\u00dfen Sie perfekten Milchschaum: Mit dem LatteCrema Hot System bereiten Sie auf Knopfdruck cremigen feinporigen Milchschaum zu. Die Reinigung erfolgt ebenfalls vollautomatisch.<\/p>\n<p>Magnifica Evo verk\u00f6rpert die langj\u00e4hrige Erfahrung und das technische Know-How von De\u2019Longhi mit dem Anspruch auf perfekten Kaffeegenuss. Immer frisch gemahlen und perfekt aufgebr\u00fcht.<\/p>\n<p>Entwickelt f\u00fcr Liebhaber von Espresso und Kaffeespezialit\u00e4ten mit Milchschaum bietet dieses Modell perfekten Kaffeegenuss, einfachste Bedienung und ein modernes, ansprechendes Design.<\/p>\n<p>Mit einer Auswahl der beliebtesten Kaffeerezepte, einer benutzerfreundlichen Oberfl\u00e4che und der M\u00f6glichkeit, die Einstellungen den individuellen Bed\u00fcrfnissen entsprechend anzupassen (Aroma, F\u00fcllmenge, Temperatur), wird Kaffee zum Genuss.<\/p>\n<p>De\u2019Longhi LatteCrema Hot f\u00fcr eine perfekte Mischung aus Genuss. Ein cremiger Cappuccino, mit dichtem Milchschaum, immer mit der perfekten Temperatur \u2013 bis zum letzten Tropfen.<\/p>\n<p><strong>De\u2019Longhi ECAM293.52.B MAGNIFICA Kaffeevollautomat Schwarz 1,8L 15 bar Milchd\u00fcse<\/strong><\/p>\n<p><strong>4 Direktwahltasten f\u00fcr Getr\u00e4nke auf Knopfdruck<\/strong><br \/> Ein intuitives Bedienfeld mit schwarz-wei\u00dfen ber\u00fchrungsempfindlichen Icons und LED-Beleuchtung sorgen f\u00fcr einfache Bedienung und Getr\u00e4nkezubereitung auf Knopfdruck.<\/p>\n<p><strong>Einfache Reinigung<\/strong><br \/> Kratzfeste Abtropfschale mit herausnehmbarem sp\u00fclmaschinenfestem Edelstahlgitter f\u00fcr lange Haltbarkeit und eine einfache Reinigung.<\/p>\n<p><strong>Lattecrema Hot Karaffe<\/strong><br \/> Genie\u00dfen Sie perfekten Milchschaum: Mit dem LatteCrema Hot System bereiten Sie auf Knopfdruck cremigen feinporigen Milchschaum zu. Die Reinigung erfolgt ebenfalls vollautomatisch.<\/p>\n<p><strong>Highlights<\/strong><\/p>\n<ul>\n<li>4 Soft-Touch-Symbole in Schwarz-Wei\u00df<\/li>\n<li>x2-Funktion f\u00fcr einen doppelten Espresso<\/li>\n<li>Bohnenbeh\u00e4lter: 250 g<\/li>\n<li>Wassertank mit 1,8 Liter Fassungsverm\u00f6gen<\/li>\n<li>Kegelmahlwerk<\/li>\n<li>Milchd\u00fcse, Milchbeh\u00e4lter<\/li>\n<li>Herausnehmbare Br\u00fchgruppe, Einstellbare Kaffeetemperatur, Einstellbare Kaffeest\u00e4rke<\/li>\n<li>Wasserpumpendruck 15 bar<\/li>\n<li>Automatisches Entkalkungs- &#038; Reinigungsprogramm<\/li>\n<li>Abmessungen (BxHxT): 24,0 x 44,0 x 36,0 cm<\/li>\n<\/ul>\n<p><strong>Ger\u00e4te Merkmale<\/strong><\/p>\n<ul>\n<li>Farbe: Schwarz<\/li>\n<li>Volumen Wassertank: 1,8 Liter<\/li>\n<li>Volumen Bohnenbeh\u00e4lter: 250 g<\/li>\n<li>Abmessungen (B\u00d7H\u00d7T) in cm: ca. 24 x 44 x 36 cm<\/li>\n<\/ul>\n<p><strong>Technische Details<\/strong><\/p>\n<ul>\n<li>Mahlwerk: Kegelmahlwerk<\/li>\n<li>Milchd\u00fcse: ja<\/li>\n<li>Milchbeh\u00e4lter: ja<\/li>\n<li>Vorbr\u00fchsystem: nein<\/li>\n<li>Wasserfilter: nein<\/li>\n<li>Tassenbeleuchtung: nein<\/li>\n<li>Wasserpumpendruck: 15 bar<\/li>\n<li>Leistung: 1450 Watt<\/li>\n<\/ul>\n<p><strong>Bedienung<\/strong><\/p>\n<ul>\n<li>OneTouch: nein<\/li>\n<li>Display-Typ: 4 Soft-Touch-Symbole in Schwarz-Wei\u00df<\/li>\n<li>WLAN-\/App-Steuerung: nein<\/li>\n<\/ul>\n<p><strong>Funktionen und Programme<\/strong><\/p>\n<ul>\n<li>Einstellbare Kaffeetemperatur: ja<\/li>\n<li>Einstellbare Kaffeest\u00e4rke: ja<\/li>\n<li>Kaffeespezialit\u00e4ten: Cappuccino, Espresso<\/li>\n<li>Hei\u00dfwasserzubereitung: ja<\/li>\n<li>Herausnehmbare Br\u00fchgruppe: ja<\/li>\n<\/ul>\n<p>De\u2019Longhi Kaffeevollautomat ECAM293.52.B MAGNIFICA<br \/> 4 Soft-Touch-Symbole in Schwarz-Wei\u00df<br \/> x2-Funktion f\u00fcr einen doppelten Espresso<br \/> Bohnenbeh\u00e4lter: 250 g<br \/> Wassertank mit 1,8 Liter Fassungsverm\u00f6gen<br \/> Kegelmahlwerk<br \/> Milchd\u00fcse, Milchbeh\u00e4lter<br \/> Herausnehmbare Br\u00fchgruppe, Einstellbare Kaffeetemperatur, Einstellbare Kaffeest\u00e4rke<br \/> Wasserpumpendruck 15 bar<br \/> Automatisches Entkalkungs- &#038; Reinigungsprogramm<br \/> Abmessungen (BxHxT): 24,0 x 44,0 x 36,0 cm<\/p>","protected":false},"excerpt":{"rendered":"<p><strong>Marke:\u00a0<\/strong> De\u2019Longhi<br \/> <strong>Besonderes Merkmal:<\/strong>\u00a0 Milchaufsch\u00e4umer, Wasserfilter<br \/> <strong>Filtertyp:\u00a0<\/strong> Wiederverwendbar<\/p>","protected":false},"featured_media":12429,"template":"","meta":[],"product_brand":[],"product_cat":[29],"product_tag":[],"product_country":[1501],"class_list":{"0":"post-12428","1":"product","2":"type-product","3":"status-publish","4":"has-post-thumbnail","6":"product_cat-espressomaschinen","7":"product_country-germany","9":"first","10":"instock","11":"sale","12":"taxable","13":"shipping-taxable","14":"purchasable","15":"product-type-simple"},"_links":{"self":[{"href":"https:\/\/routinesfashione.com\/en\/wp-json\/wp\/v2\/product\/12428","targetHints":{"allow":["GET"]}}],"collection":[{"href":"https:\/\/routinesfashione.com\/en\/wp-json\/wp\/v2\/product"}],"about":[{"href":"https:\/\/routinesfashione.com\/en\/wp-json\/wp\/v2\/types\/product"}],"wp:featuredmedia":[{"embeddable":true,"href":"https:\/\/routinesfashione.com\/en\/wp-json\/wp\/v2\/media\/12429"}],"wp:attachment":[{"href":"https:\/\/routinesfashione.com\/en\/wp-json\/wp\/v2\/media?parent=12428"}],"wp:term":[{"taxonomy":"product_brand","embeddable":true,"href":"https:\/\/routinesfashione.com\/en\/wp-json\/wp\/v2\/product_brand?post=12428"},{"taxonomy":"product_cat","embeddable":true,"href":"https:\/\/routinesfashione.com\/en\/wp-json\/wp\/v2\/product_cat?post=12428"},{"taxonomy":"product_tag","embeddable":true,"href":"https:\/\/routinesfashione.com\/en\/wp-json\/wp\/v2\/product_tag?post=12428"},{"taxonomy":"product_country","embeddable":true,"href":"https:\/\/routinesfashione.com\/en\/wp-json\/wp\/v2\/product_country?post=12428"}],"curies":[{"name":"wp","href":"https:\/\/api.w.org\/{rel}","templated":true}]}}