{"id":12523,"date":"2025-09-30T20:11:28","date_gmt":"2025-09-30T20:11:28","guid":{"rendered":"https:\/\/lightgray-crow-170497.hostingersite.com\/?post_type=product&#038;p=12523"},"modified":"2025-09-30T21:07:47","modified_gmt":"2025-09-30T21:07:47","slug":"delonghi-magnifica-s-ecam-22-105-b","status":"publish","type":"product","link":"https:\/\/routinesfashione.com\/en\/produit\/delonghi-magnifica-s-ecam-22-105-b\/","title":{"rendered":"De\u2019Longhi Magnifica S ECAM 22.105.B"},"content":{"rendered":"<div class=\"rd-product-description__top-accordion-content-description\">\n<p><strong>MILCHAUFSCH\u00c4UMD\u00dcSE<\/strong><\/p>\n<p>Die spezielle Aufsch\u00e4umd\u00fcse erm\u00f6glicht ein perfektes Milchschaum-Ergebnis f\u00fcr einen cremigen Cappuccino oder Latte Macchiato.<\/p>\n<p><strong>IMMER FRISCH GEMAHLEN<\/strong><\/p>\n<p>Die Bohnen werden immer frisch gemahlen. Das Mahlwerk aus geh\u00e4rtetem Stahl l\u00e4sst sich in 13 Stufen f\u00fcr jede Kaffeebohnen- mischung optimal einstellen.<\/p>\n<p><strong>OPTIMALE HYGIENE<\/strong><\/p>\n<p>Die Br\u00fchgruppe l\u00e4sst sich zur einfachen Reinigung entnehmen und unter flie\u00dfendem Wasser reinigen. Ohne Chemie. Keine aufw\u00e4ndige Wartung n\u00f6tig.<\/p>\n<p><strong>EINFACHE BEDIENUNG<\/strong><\/p>\n<p>Sehr einfache Bedienung dank Direktwahltasten f\u00fcr 1- und 2- Tassen Kaffeebezug und Drehregler zum Einstellen der Intensit\u00e4t.<\/p>\n<ul>\n<li>Kompaktes Design und Bedienfeld mit Direktwahltasten f\u00fcr ein und zwei Tassen und Aufsch\u00e4umen\/Dampf<\/li>\n<li>Milchaufsch\u00e4umd\u00fcse f\u00fcr Cappuccino oder Latte Macchiato<\/li>\n<li>Herausnehmbare wartungsarme Br\u00fchgruppe: einfach und hygienisch zu reinigen<\/li>\n<li>Manuelle Einstellung der Kaffeest\u00e4rke und Menge \u00fcber Drehregler<\/li>\n<li>Tresterbeh\u00e4lter Anzeige: nach 14 Tassen oder nach 72 Stunden<\/li>\n<li>Integrierte Nutzung eines De\u2019Longhi Wasserfilters (optionales Zubeh\u00f6r)<\/li>\n<li>Vorbr\u00fch Aroma System f\u00fcr perfekten Kaffeegenuss<\/li>\n<li>250 g Bohnenbeh\u00e4lter mit Aromaschutz Deckel<\/li>\n<li>F\u00fcr Kaffeebohnen und Kaffeepulver geeignet<\/li>\n<li>Extra leises Kegelmahlwerk (13 stufig): Mahlgrad individuell einstellbar<\/li>\n<li>F\u00fcnf voreingestellte Kaffeest\u00e4rken von sehr mild bis sehr kr\u00e4ftig<\/li>\n<li>Frontal herausnehmbarer 1,8 l Wassertank<\/li>\n<li>Hei\u00dfwasserfunktion f\u00fcr Teezubereitung<\/li>\n<li>Vollautomatisches Sp\u00fcl- und Entkalkungsprogramm<\/li>\n<li>Tassenabstellfl\u00e4che<\/li>\n<li>H\u00f6henverstellbarer Kaffeeauslauf von 86 bis 142 mm<\/li>\n<li>Abnehmbare Abtropfschale mit Wasserstandsanzeige<\/li>\n<li>Automatische Abschaltung<\/li>\n<li>Energiesparmodus<\/li>\n<li>Farbe : Schwarz<\/li>\n<\/ul>\n<\/div>","protected":false},"excerpt":{"rendered":"<ul>\n<li><span class=\"list-label\">Breite [mm]<\/span> <span class=\"list-field\">238<\/span><\/li>\n<li><span class=\"list-label\">Farbe<\/span> <span class=\"list-field\">schwarz<\/span><\/li>\n<li><span class=\"list-label\">Fassungsverm\u00f6gen Bohnenbeh\u00e4lter [g]<\/span> <span class=\"list-field\">250<\/span><\/li>\n<li><span class=\"list-label\">Gewicht [kg]<\/span> <span class=\"list-field\">9<\/span><\/li>\n<li><span class=\"list-label\">Inhalt Wassertank [l]<\/span> <span class=\"list-field\">1,8<\/span><\/li>\n<li><span class=\"list-label\">Kaffeeart<\/span> <span class=\"list-field\">Kaffeebohnen, Kaffeepulver<\/span><\/li>\n<li><span class=\"list-label\">Leistung [W]<\/span> <span class=\"list-field\">1450<\/span><\/li>\n<li><span class=\"list-label\">Tiefe [mm]<\/span> <span class=\"list-field\">430<\/span><\/li>\n<\/ul>\n<p>\u00a0<\/p>","protected":false},"featured_media":12524,"template":"","meta":[],"product_brand":[],"product_cat":[29],"product_tag":[],"product_country":[1501],"class_list":{"0":"post-12523","1":"product","2":"type-product","3":"status-publish","4":"has-post-thumbnail","6":"product_cat-espressomaschinen","7":"product_country-germany","9":"first","10":"instock","11":"sale","12":"taxable","13":"shipping-taxable","14":"purchasable","15":"product-type-simple"},"_links":{"self":[{"href":"https:\/\/routinesfashione.com\/en\/wp-json\/wp\/v2\/product\/12523","targetHints":{"allow":["GET"]}}],"collection":[{"href":"https:\/\/routinesfashione.com\/en\/wp-json\/wp\/v2\/product"}],"about":[{"href":"https:\/\/routinesfashione.com\/en\/wp-json\/wp\/v2\/types\/product"}],"wp:featuredmedia":[{"embeddable":true,"href":"https:\/\/routinesfashione.com\/en\/wp-json\/wp\/v2\/media\/12524"}],"wp:attachment":[{"href":"https:\/\/routinesfashione.com\/en\/wp-json\/wp\/v2\/media?parent=12523"}],"wp:term":[{"taxonomy":"product_brand","embeddable":true,"href":"https:\/\/routinesfashione.com\/en\/wp-json\/wp\/v2\/product_brand?post=12523"},{"taxonomy":"product_cat","embeddable":true,"href":"https:\/\/routinesfashione.com\/en\/wp-json\/wp\/v2\/product_cat?post=12523"},{"taxonomy":"product_tag","embeddable":true,"href":"https:\/\/routinesfashione.com\/en\/wp-json\/wp\/v2\/product_tag?post=12523"},{"taxonomy":"product_country","embeddable":true,"href":"https:\/\/routinesfashione.com\/en\/wp-json\/wp\/v2\/product_country?post=12523"}],"curies":[{"name":"wp","href":"https:\/\/api.w.org\/{rel}","templated":true}]}}