{"id":12529,"date":"2025-09-30T20:11:28","date_gmt":"2025-09-30T20:11:28","guid":{"rendered":"https:\/\/lightgray-crow-170497.hostingersite.com\/?post_type=product&#038;p=12529"},"modified":"2025-09-30T21:07:47","modified_gmt":"2025-09-30T21:07:47","slug":"quick-mill-cassiopea-3004","status":"publish","type":"product","link":"https:\/\/routinesfashione.com\/en\/produit\/quick-mill-cassiopea-3004\/","title":{"rendered":"Quick Mill Cassiopea 3004"},"content":{"rendered":"<div class=\"product-detail-description-text\">\n<h2>Quick Mill Cassiopea 3004 Espressomaschine \u2013 Edelstahl glanz<\/h2>\n<p>Bei der QuickMill Cassiopea 3004 handelt es sich um eine Siebtr\u00e4germaschine mit Dual-Thermoblock. Die beiden integrierten Thermobl\u00f6cke, erlauben es wie ein Zweikreiser, Espresso zu beziehen und gleichzeitug Milch oder Milchalternativen aufzusch\u00e4umen. F\u00fcr sie als Barista eine zeitsparende L\u00f6sung mit einer geringen Aufheizzeit der Espressomaschine. Durch die klassischen Kippschalter k\u00f6nnen sie die Thermobl\u00f6cke auch einzeln steuern und ein- oder ausschalten. Die Quick Mill Kaffeemaschine bietet ihnen alle n\u00f6tigen Funktionen und zeichnet sich durch einfache und leichte Bedienung aus. Genie\u00dfen sie eine leckeren Cappuccino oder Latte Macchiato.<\/p>\n<h3>Ihr Lieblingsespresso schnell und einfach zubereitet \u2013 Thermoblock mit kurzer Aufheizzeit<\/h3>\n<p>Dank des Thermoblocks ben\u00f6tigt die Siebtr\u00e4germaschine nur eine kurze Zeit um die Espressomaschine aufzuheizen. Da die Quick Mill Cassiopea 3004 gegen\u00fcber der Quick Mill Orione 3000 gleich 2 Thermbl\u00f6cke und damit auch 2 separate Durchlauferhitzer hat, k\u00f6nnen sie w\u00e4hrend sie einen Espresso br\u00fchen auch gleichzeitig Milch aufsch\u00e4umen ohne vom Espressobezug auf den Dampfbezug wechseln zu m\u00fcssen. Besonders perfekt f\u00fcr den morgendlichen Espresso oder den spontanen Latte Macchiato am Nachmittag<\/p>\n<ul>\n<li>2 Thermobl\u00f6cke mit 2 separaten Durchlauferhitzern<\/li>\n<li>schneller und gleichzeiter Espresso- und Dampfbezug<\/li>\n<li>kurze Aufheizzeit unter 5 Minuten<\/li>\n<li>Vibrationspumpe<\/li>\n<li>Pumpendruck: 15 bar<\/li>\n<li>bewegliche Dampfd\u00fcse<\/li>\n<li>Pulsor f\u00fcr stabilen Espressobezug<\/li>\n<li>Manometer mit Druckanzeige<\/li>\n<li>seitlich herausnehmbarer Wassertank (1,5 Liter)(<\/li>\n<li>Durchmesser Siebtr\u00e4ger: 58 mm<\/li>\n<li>mit intergrierter Tassenablage und Tassenw\u00e4rmer<\/li>\n<\/ul>\n<h3>Ideale Espressomaschine f\u00fcr den kleinen Haushalt \u2013 Schnell und leicht Espresso genie\u00dfen<\/h3>\n<p>Mit der kompakten Bauweise und den beiden Thermobl\u00f6cken lassen sich schnell und einfach 2-3 Espresso br\u00fchen. Durch die kurze Aufheizzeit kann man auch am Morgen ohne gro\u00dfen Zeitaufwand leckere Kaffeespezialit\u00e4ten genie\u00dfen. Die Quick Mill Cassiopea 3004 ist kompakt f\u00fcr jede K\u00fcche geeignet.<\/p>\n<h3>Quick Mill Cassiopea 3004 \u2013 Espressomaschine f\u00fcr den schnellen Espresso<\/h3>\n<p>Die Cassiopea von Quick Mill ist in der Kombination mit einer Kaffeem\u00fchle eine tolle M\u00f6glichkeit um schnell und einfach einen Espresso, Latte Macchiato oder Cappuccino zu genie\u00dfen. Das passende Zubeh\u00f6r ist im Lieferumfang enthalten: Siebtr\u00e4ger (58mm) mit 2er Auslauf, Eintassensieb und Zweitassensieb, Tamper aus Kunststoff, Reinigungsb\u00fcrste und Bedienungsanleitung.<\/p>\n<p>Wasser im Wassertank? \u2013Hersteller- testet unter realen Bedingungen, im Rahmen der werkseitigen Qualit\u00e4tskontrolle und Qualit\u00e4tssicherung, seine Ger\u00e4te. Um das Aufheizen zu \u00dcberpr\u00fcfen muss Wasser in den Wassertank gef\u00fcllt werden. Hierbei k\u00f6nnen Wasserreste und Wasserflecken im Wassertank verbleiben.<\/p>\n<\/p>\n<\/div>\n<p>\u00a0<\/p>\n<h2><strong>Spezifikationen<\/strong><\/h2>\n<table class=\"table table-striped product-detail-properties-table\">\n<tbody>\n<tr class=\"properties-row\">\n<th class=\"properties-label\">Farbe:<\/th>\n<td class=\"properties-value\">Chrom<\/td>\n<\/tr>\n<tr class=\"properties-row\">\n<th class=\"properties-label\">Anzahl Br\u00fchgruppen:<\/th>\n<td class=\"properties-value\">1<\/td>\n<\/tr>\n<tr class=\"properties-row\">\n<th class=\"properties-label\">Aufheizzeit (Minuten):<\/th>\n<td class=\"properties-value\">bis 7 Minuten<\/td>\n<\/tr>\n<tr class=\"properties-row\">\n<th class=\"properties-label\">Siebtr\u00e4gerdurchmesser:<\/th>\n<td class=\"properties-value\">58mm<\/td>\n<\/tr>\n<tr class=\"properties-row\">\n<th class=\"properties-label\">Tassenw\u00e4rmer:<\/th>\n<td class=\"properties-value\">Ja<\/td>\n<\/tr>\n<\/tbody>\n<\/table>","protected":false},"excerpt":{"rendered":"<ul>\n<li>Ma\u00dfe: (BxHxT) 25x38x31cm<\/li>\n<li>Gewichtt: 11 kg<\/li>\n<li>Spannung: 220-230 V<\/li>\n<li>Netzfrequenz: 50\/60 Hz<\/li>\n<li>Sicherheitsvorrichtungen: 2 Sicherheits-Thermosicherungen<\/li>\n<li>mit Netzstecker<\/li>\n<\/ul>","protected":false},"featured_media":12530,"template":"","meta":[],"product_brand":[],"product_cat":[29],"product_tag":[],"product_country":[1501],"class_list":{"0":"post-12529","1":"product","2":"type-product","3":"status-publish","4":"has-post-thumbnail","6":"product_cat-espressomaschinen","7":"product_country-germany","9":"first","10":"instock","11":"sale","12":"taxable","13":"shipping-taxable","14":"purchasable","15":"product-type-simple"},"_links":{"self":[{"href":"https:\/\/routinesfashione.com\/en\/wp-json\/wp\/v2\/product\/12529","targetHints":{"allow":["GET"]}}],"collection":[{"href":"https:\/\/routinesfashione.com\/en\/wp-json\/wp\/v2\/product"}],"about":[{"href":"https:\/\/routinesfashione.com\/en\/wp-json\/wp\/v2\/types\/product"}],"wp:featuredmedia":[{"embeddable":true,"href":"https:\/\/routinesfashione.com\/en\/wp-json\/wp\/v2\/media\/12530"}],"wp:attachment":[{"href":"https:\/\/routinesfashione.com\/en\/wp-json\/wp\/v2\/media?parent=12529"}],"wp:term":[{"taxonomy":"product_brand","embeddable":true,"href":"https:\/\/routinesfashione.com\/en\/wp-json\/wp\/v2\/product_brand?post=12529"},{"taxonomy":"product_cat","embeddable":true,"href":"https:\/\/routinesfashione.com\/en\/wp-json\/wp\/v2\/product_cat?post=12529"},{"taxonomy":"product_tag","embeddable":true,"href":"https:\/\/routinesfashione.com\/en\/wp-json\/wp\/v2\/product_tag?post=12529"},{"taxonomy":"product_country","embeddable":true,"href":"https:\/\/routinesfashione.com\/en\/wp-json\/wp\/v2\/product_country?post=12529"}],"curies":[{"name":"wp","href":"https:\/\/api.w.org\/{rel}","templated":true}]}}