{"id":12533,"date":"2025-09-30T20:11:28","date_gmt":"2025-09-30T20:11:28","guid":{"rendered":"https:\/\/lightgray-crow-170497.hostingersite.com\/?post_type=product&#038;p=12533"},"modified":"2025-09-30T21:07:48","modified_gmt":"2025-09-30T21:07:48","slug":"philips-5400-series-ep5441-50-schwarz","status":"publish","type":"product","link":"https:\/\/routinesfashione.com\/en\/produit\/philips-5400-series-ep5441-50-schwarz\/","title":{"rendered":"Philips 5400 Series (EP5441\/50) Schwarz"},"content":{"rendered":"<div class=\"rd-product-description__top-accordion-content-description\">\n<p><strong>Genie\u00dfen Sie 12 Kaffeespezialit\u00e4ten auf Knopfdruck, u.a. Milchkaffee<\/strong><\/p>\n<p>Genie\u00dfen Sie jeden Moment mit einem anderen Kaffee. Kraftvoller Espresso oder genussvoller Cappuccino \u2013 Ihr Kaffeevollautomat sorgt im Handumdrehen f\u00fcr perfekten Kaffee!<\/p>\n<p><strong>Samtiger Cappuccino, zu Hause frisch selbstgebr\u00fcht.<\/strong><\/p>\n<p>Genie\u00dfen Sie samigen Cappuccino, auch mit Ihren bevorzugten pflanzlichen Milchalternativen. Dank der Zyklon-Aufsch\u00e4umtechnologie verwandelt LatteGo unterschiedliche Milchsorten und pflanzliche Alternativen mit angemessenem Fett- und Proteingehalt in den besten, dichtesten Schaum.<\/p>\n<p><strong>Einfache Auswahl Ihres Kaffees \u00fcber das intuitive Display<\/strong><\/p>\n<p>Mit unserem benutzerfreundlichen Display sind Sie nicht weit von Ihrer n\u00e4chsten leckeren Tasse Kaffee entfernt. In nur wenigen Schritten k\u00f6nnen Sie Ihren Geschmack f\u00fcr frische Bohnen anpassen und direkt Ihre n\u00e4chste k\u00f6stliche Tasse Kaffee genie\u00dfen.<\/p>\n<p><strong>Aroma und Menge Ihres Kaffees ganz nach Ihren W\u00fcnschen mit dem Kaffee Customizer<\/strong><\/p>\n<p>Mit den leicht anpassbaren Einstellungen f\u00fcr Intensit\u00e4t, Kaffee- und Milchf\u00fcllmenge k\u00f6nnen Sie jeden Kaffee ganz nach Ihren W\u00fcnschen zubereiten lassen.<\/p>\n<p><strong>Noch mehr Geschmack dank der Extra Shot-Funktion<\/strong><\/p>\n<p>Verst\u00e4rken Sie die Intensit\u00e4t Ihres Getr\u00e4nks mit der Extra Shot-Funktion des Kaffee Customizer, die ohne Bitterkeit einen kraftvollen Geschmack verleiht.<\/p>\n<p><strong>Optimal in Temperatur, Aroma und Crema bei jeder Tasse*<\/strong><\/p>\n<p>Das Aroma Extract System sorgt f\u00fcr ein optimales Gleichgewicht zwischen Br\u00fchtemperatur und Aromaentfaltung, indem die Wassertemperatur zwischen 90 \u00b0C und 98 \u00b0C gehalten und gleichzeitig die Wasserdurchflussrate reguliert wird, sodass Sie k\u00f6stliche Kaffeesorten genie\u00dfen k\u00f6nnen.<\/p>\n<p><strong>Ganz nach Ihrem Geschmack \u2013 mit 12 Mahlgradstufen<\/strong><\/p>\n<p>Unser langlebiges Keramikmahlwerk kann in 12 Schritten eingestellt werden, sodass Sie Ihre Bohnen in extrem feines Pulver oder grobe St\u00fccke mahlen k\u00f6nnen.<\/p>\n<p><strong>20.000 Tassen aromatischer Kaffee dank langlebigem Keramikmahlwerk<\/strong><\/p>\n<p>Unser widerstandsf\u00e4higes Keramik-Mahlwerk verleiht Ihrem Kaffee das volle Aroma. Das scharfkantige Mahlwerk holt das optimale Aroma und den besten Geschmack aus Ihren Bohnen.000 Tassen lang, von grobem bis zu hochfeinem Mahlen.<\/p>\n<p><strong>Au\u00dfergew\u00f6hnlich leicht zu reinigen mit LatteGo: 2 Teile, keine Schl\u00e4uche<\/strong><\/p>\n<p>F\u00fcr besonders komfortables Reinigen sind die LatteGo Auffangschale und der Kaffeesatzbeh\u00e4lter sp\u00fclmaschinenfest.<\/p>\n<p><strong>Bis zu 5.000 Tassen* ohne Entkalken dank AquaClean Filter<\/strong><\/p>\n<p>Dank des Filterwechsels nach Aufforderung sparen Sie sich das Entkalken Ihres Ger\u00e4ts f\u00fcr die Zubereitung von bis zu 5.000 Tassen* Kaffee, w\u00e4hrend Sie sich jederzeit \u00fcber klares und gereinigtes Wasser freuen k\u00f6nnen.<\/p>\n<p><strong>Einfache Reinigung dank vollst\u00e4ndig herausnehmbarer Br\u00fchgruppe<\/strong><\/p>\n<p>Die Br\u00fchgruppe ist das Herz jedes Kaffeevollautomaten und sollte regelm\u00e4\u00dfig gereinigt werden. Die herausnehmbare Br\u00fchgruppe erm\u00f6glicht Ihnen eine gr\u00fcndliche Reinigung, indem Sie sie einfach unter flie\u00dfendem Wasser absp\u00fclen k\u00f6nnen.<\/p>\n<p><strong>Hochwertige Maschine mit elegantem Design f\u00fcr Ihre K\u00fcche<\/strong><\/p>\n<p>Dank des eleganten Designs des Ger\u00e4ts steht Ihr Kaffee im Mittelpunkt. Die verchromte Vorderseite wird bei jeder Tasse Kaffee zum Blickfang und verleiht Ihrer K\u00fcche einen Hauch der Extraklasse.<\/p>\n<p>*Basierend auf Verbrauchertests in Deutschland zu Kaffeevollautomaten (2018).<\/p>\n<p>**Basierend auf 8-maligem Filtertausch, wie von der Kaffeemaschine angegeben. Die tats\u00e4chliche Anzahl der Tassen ist abh\u00e4ngig von der Getr\u00e4nkewahl sowie von der Anzahl der Reinigungs- und Sp\u00fclvorg\u00e4nge.<\/p>\n<p>***basierend auf einer Temperatur von 70 bis 82 \u00b0C<\/p>\n<\/p>\n<\/div>","protected":false},"excerpt":{"rendered":"<table>\n<tbody>\n<tr>\n<td>Marke<\/td>\n<td>Philips<\/td>\n<\/tr>\n<tr>\n<td>Farbe<\/td>\n<td>Schwarz<\/td>\n<\/tr>\n<tr>\n<td>Produktabmessungen<\/td>\n<td>11,9T x 18,7B x 19,6H cm<\/td>\n<\/tr>\n<tr>\n<td>Besonderes Merkmal<\/td>\n<td>Integrierte Kaffeem\u00fchle(Integrierte Kaffeem\u00fchle)<\/td>\n<\/tr>\n<tr>\n<td>Kaffeemaschinen-Typ<\/td>\n<td>Espressomaschine<\/td>\n<\/tr>\n<\/tbody>\n<\/table>\n<ul>\n<li><strong>Auf Lager<\/strong><\/li>\n<li><strong>Lieferung nach Deutschland :\u00a0<\/strong>Gratisversand (3 \u2013 4 Tagen) : 0\u20ac<\/li>\n<li><strong>Lieferung in \u00d6sterreich, D\u00e4nemark, Polen, Niederlande, Finnland, Schweden, Frankreich, Belgien, Schweiz :\u00a0<\/strong>(14 Tagen) : 39,99\u20ac<\/li>\n<li><strong>R\u00fcckgabe innerhalb von 14 Tagen<\/strong><\/li>\n<\/ul>","protected":false},"featured_media":12534,"template":"","meta":[],"product_brand":[],"product_cat":[29],"product_tag":[],"product_country":[1501],"class_list":{"0":"post-12533","1":"product","2":"type-product","3":"status-publish","4":"has-post-thumbnail","6":"product_cat-espressomaschinen","7":"product_country-germany","9":"first","10":"instock","11":"sale","12":"taxable","13":"shipping-taxable","14":"purchasable","15":"product-type-simple"},"_links":{"self":[{"href":"https:\/\/routinesfashione.com\/en\/wp-json\/wp\/v2\/product\/12533","targetHints":{"allow":["GET"]}}],"collection":[{"href":"https:\/\/routinesfashione.com\/en\/wp-json\/wp\/v2\/product"}],"about":[{"href":"https:\/\/routinesfashione.com\/en\/wp-json\/wp\/v2\/types\/product"}],"wp:featuredmedia":[{"embeddable":true,"href":"https:\/\/routinesfashione.com\/en\/wp-json\/wp\/v2\/media\/12534"}],"wp:attachment":[{"href":"https:\/\/routinesfashione.com\/en\/wp-json\/wp\/v2\/media?parent=12533"}],"wp:term":[{"taxonomy":"product_brand","embeddable":true,"href":"https:\/\/routinesfashione.com\/en\/wp-json\/wp\/v2\/product_brand?post=12533"},{"taxonomy":"product_cat","embeddable":true,"href":"https:\/\/routinesfashione.com\/en\/wp-json\/wp\/v2\/product_cat?post=12533"},{"taxonomy":"product_tag","embeddable":true,"href":"https:\/\/routinesfashione.com\/en\/wp-json\/wp\/v2\/product_tag?post=12533"},{"taxonomy":"product_country","embeddable":true,"href":"https:\/\/routinesfashione.com\/en\/wp-json\/wp\/v2\/product_country?post=12533"}],"curies":[{"name":"wp","href":"https:\/\/api.w.org\/{rel}","templated":true}]}}