{"id":12548,"date":"2025-09-30T20:11:28","date_gmt":"2025-09-30T20:11:28","guid":{"rendered":"https:\/\/lightgray-crow-170497.hostingersite.com\/?post_type=product&#038;p=12548"},"modified":"2025-09-30T21:07:49","modified_gmt":"2025-09-30T21:07:49","slug":"espressomaschine-lelit-anna-pl41tem-pid","status":"publish","type":"product","link":"https:\/\/routinesfashione.com\/en\/produit\/espressomaschine-lelit-anna-pl41tem-pid\/","title":{"rendered":"Espressomaschine Lelit ANNA PL41TEM PID"},"content":{"rendered":"<h2>Lelit Anna PL41TEM PID Espressomaschine, edelstahl<\/h2>\n<p>Dieses Modell ist das Topmodell der Lelit Anna Serie. Die kompakte Einkreislauf-Espressomaschine ist zus\u00e4tzlich mit der PID Steuerung, zum Einstellen der Kesseltemperatur, ausgestattet. \u00dcber das PID Display l\u00e4sst sich die Temperatur gradgenau einstellen und mit den Kippschaltern aus Edelstahl ist die Bedienung der Siebtr\u00e4germaschine sehr leicht und komfortabel. Das Manometer f\u00fcr den Pumpendruck hat einen gr\u00fcnen Bereich, welcher die optimale Druckst\u00e4rke anzeigt. Bei diesem Siebtr\u00e4germodell ist die Dampflanze ebenfalls sehr beweglich und ideal f\u00fcr tollen Milchschaum und Milchkreationen.<\/p>\n<p>Das Topmodell unter den Lelit Anna Espressomaschinen beinhaltet nat\u00fcrlich alle Grundfunktionen und Bauteile, welche etabliert sind. Die Lelit57 Br\u00fchgruppe, die Vibrationspumpe und den Messingkessel mit einem Fassungsverm\u00f6gen von 0,25 Liter. Den Br\u00fchdruck der Pumpe haben sie auch hier mit dem angebrachten Manometer stets im Blick. Der Wasserbezug der Espressomaschine wird \u00fcber den eingebauten Wassertank versorgt. Auf der Oberseite der Siebtr\u00e4germaschine ist eine praktische Ablagefl\u00e4che f\u00fcr ihre Espressotassen und Gl\u00e4ser.<\/p>\n<h3>Einkreiser-Espressomaschinen mit vielen Funktionen<\/h3>\n<ul>\n<li>Siebtr\u00e4ger- und Espressomaschine mit Edelstahlgeh\u00e4use<\/li>\n<li>Kippschalter aus Edelstahl zur einfachen Bedienung<\/li>\n<li>PID Steuerung und PID Display<\/li>\n<li>Gradgenaues Einstellen der Kesseltemperatur<\/li>\n<li>Br\u00fchgruppe: Lelit57 f\u00fcr 57mm Siebtr\u00e4ger<\/li>\n<li>Pumpe: Vibrationspumpe<\/li>\n<li>Manometer: Br\u00fchdruck<\/li>\n<li>sehr bewegliche Dampflanze f\u00fcr Dampfbezug und Hei\u00dfwasser<\/li>\n<li>Messingkessel: 0,25 Liter<\/li>\n<li>Wassertank (F\u00fcllmenge: 2,7 Liter) mit F\u00fcllstandanzeige an der Seite<\/li>\n<li>Espressotassen und Gl\u00e4ser-Ablage auf der Maschinenoberseite<\/li>\n<li>Geh\u00e4use aus Edelstahl mit schwarzem Kunststoff<\/li>\n<\/ul>\n<h3>Eine Siebtr\u00e4germaschine mit PID Steuerung \u2013 Die Lelit Anna PL41TEM PID!<\/h3>\n<p>Durch die PID Steuerung wird die Bedienung der Einkreislauf-Maschine nochmals verbessert. Durch die gradgenaue Einstellung der Temperatur erreichen sie eine konstante Br\u00fchtemperatur und einen wirklich tollen Espresso. Als klassischer Einkreiser k\u00f6nnen sie zuerst den Espresso br\u00fchen und anschlie\u00dfend die leistungsstarke Dampflanze nutzen um Milch zu Milchschaum aufzusch\u00e4umen.<\/p>\n<h3>Kompakte Espressomaschine \u2013 Lelit Anna PL41TEM PID<\/h3>\n<p>Eine eher kleine und kompakte Espressomaschine, welche auch f\u00fcr kleinere K\u00fcchen sehr gut geeignet ist. Da der Wassertank von oben zu Bef\u00fcllen ist, sollten sie dennoch etwas Platz \u00fcber der Espressomaschine einplanen. Im Lieferumfang ist ein Siebtr\u00e4ger mit 2er Auslauf, 1x Eintassensieb (7-9g), 1x Zweitassensieb (14-18g), 1x Pod-Sieb, Tamper und ein Messl\u00f6ffel enthalten.<\/p>\n<p>\u00a0<\/p>\n<h2><strong>Spezifikationen<\/strong><\/h2>\n<table class=\"table table-striped product-detail-properties-table\">\n<tbody>\n<tr class=\"properties-row\">\n<th class=\"properties-label\">Farbe:<\/th>\n<td class=\"properties-value\">Edelstahl<\/td>\n<\/tr>\n<tr class=\"properties-row\">\n<th class=\"properties-label\">Anzahl Br\u00fchgruppen:<\/th>\n<td class=\"properties-value\">1<\/td>\n<\/tr>\n<tr class=\"properties-row\">\n<th class=\"properties-label\">Aufheizzeit (Minuten):<\/th>\n<td class=\"properties-value\">\u00fcber 7 Minuten<\/td>\n<\/tr>\n<tr class=\"properties-row\">\n<th class=\"properties-label\">Bauart:<\/th>\n<td class=\"properties-value\">Einkreiser<\/td>\n<\/tr>\n<tr class=\"properties-row\">\n<th class=\"properties-label\">Br\u00fchgruppe E61:<\/th>\n<td class=\"properties-value\">Nein<\/td>\n<\/tr>\n<tr class=\"properties-row\">\n<th class=\"properties-label\">Br\u00fchtemperatur steuerbar:<\/th>\n<td class=\"properties-value\">Ja<\/td>\n<\/tr>\n<tr class=\"properties-row\">\n<th class=\"properties-label\">Br\u00fchwassererw\u00e4rmung:<\/th>\n<td class=\"properties-value\">Kessel<\/td>\n<\/tr>\n<tr class=\"properties-row\">\n<th class=\"properties-label\">Festwasseranschluss:<\/th>\n<td class=\"properties-value\">Nein<\/td>\n<\/tr>\n<tr class=\"properties-row\">\n<th class=\"properties-label\">Kesselmaterial:<\/th>\n<td class=\"properties-value\">Messing<\/td>\n<\/tr>\n<tr class=\"properties-row\">\n<th class=\"properties-label\">Manometer:<\/th>\n<td class=\"properties-value\">Pumpenmanometer<\/td>\n<\/tr>\n<tr class=\"properties-row\">\n<th class=\"properties-label\">Pumpentyp:<\/th>\n<td class=\"properties-value\">Vibrationspumpe<\/td>\n<\/tr>\n<tr class=\"properties-row\">\n<th class=\"properties-label\">Siebtr\u00e4gerdurchmesser:<\/th>\n<td class=\"properties-value\">57mm<\/td>\n<\/tr>\n<tr class=\"properties-row\">\n<th class=\"properties-label\">Tassenw\u00e4rmer:<\/th>\n<td class=\"properties-value\">Ja<\/td>\n<\/tr>\n<\/tbody>\n<\/table>","protected":false},"excerpt":{"rendered":"<ul>\n<li>Ma\u00dfe: (BxHxT) 23x34x28,5 cm (230x340x285 mm)<\/li>\n<li>Ger\u00e4tegewicht: 7,2 kg<\/li>\n<li>Spannung: 230 Volt<<\/li>\n<li>mit Netzstecker<\/li>\n<\/ul>","protected":false},"featured_media":12549,"template":"","meta":[],"product_brand":[],"product_cat":[29],"product_tag":[],"product_country":[1501],"class_list":{"0":"post-12548","1":"product","2":"type-product","3":"status-publish","4":"has-post-thumbnail","6":"product_cat-espressomaschinen","7":"product_country-germany","9":"first","10":"instock","11":"sale","12":"taxable","13":"shipping-taxable","14":"purchasable","15":"product-type-simple"},"_links":{"self":[{"href":"https:\/\/routinesfashione.com\/en\/wp-json\/wp\/v2\/product\/12548","targetHints":{"allow":["GET"]}}],"collection":[{"href":"https:\/\/routinesfashione.com\/en\/wp-json\/wp\/v2\/product"}],"about":[{"href":"https:\/\/routinesfashione.com\/en\/wp-json\/wp\/v2\/types\/product"}],"wp:featuredmedia":[{"embeddable":true,"href":"https:\/\/routinesfashione.com\/en\/wp-json\/wp\/v2\/media\/12549"}],"wp:attachment":[{"href":"https:\/\/routinesfashione.com\/en\/wp-json\/wp\/v2\/media?parent=12548"}],"wp:term":[{"taxonomy":"product_brand","embeddable":true,"href":"https:\/\/routinesfashione.com\/en\/wp-json\/wp\/v2\/product_brand?post=12548"},{"taxonomy":"product_cat","embeddable":true,"href":"https:\/\/routinesfashione.com\/en\/wp-json\/wp\/v2\/product_cat?post=12548"},{"taxonomy":"product_tag","embeddable":true,"href":"https:\/\/routinesfashione.com\/en\/wp-json\/wp\/v2\/product_tag?post=12548"},{"taxonomy":"product_country","embeddable":true,"href":"https:\/\/routinesfashione.com\/en\/wp-json\/wp\/v2\/product_country?post=12548"}],"curies":[{"name":"wp","href":"https:\/\/api.w.org\/{rel}","templated":true}]}}