{"id":12558,"date":"2025-09-30T20:11:28","date_gmt":"2025-09-30T20:11:28","guid":{"rendered":"https:\/\/lightgray-crow-170497.hostingersite.com\/?post_type=product&#038;p=12558"},"modified":"2025-09-30T21:07:50","modified_gmt":"2025-09-30T21:07:50","slug":"melitta-f-23-0-102-schwarz","status":"publish","type":"product","link":"https:\/\/routinesfashione.com\/en\/produit\/melitta-f-23-0-102-schwarz\/","title":{"rendered":"MELITTA F 23\/0-102 Schwarz"},"content":{"rendered":"<div data-test=\"pdp-description-content\">\n<div id=\"description-content\" class=\"sc-4404d0e8-6 jywyCm\">\n<div class=\"sc-3f2da4f5-0 cBePzJ sc-885c00be-0 jfCMbT\" data-test=\"pdp-description-pim-fallback\">\n<h3 class=\"sc-3f2da4f5-0 gZlRdc\">Highlights<\/h3>\n<ul>\n<li>Ein fl\u00fcsterleises Mahlwerk (Stahl-Kegelmahlwerk) sorgt f\u00fcr eine besonders ger\u00e4uscharme Zubereitung<\/li>\n<li>Die Anti-Scratch Oberfl\u00e4che der Tropfschalenabdeckung verhindert unsch\u00f6ne Kratzer<\/li>\n<li>Drehregler, Ein-\/Austaste und der Kaffeeauslauf sind hochwertig verchromt<\/li>\n<li>Durch die neue Pumpensteuerung ein noch aromatischerer Kaffeegenuss<\/li>\n<li>Das Aroma-Extraction-System (A.E.S.) erm\u00f6glicht durch das Vorbr\u00fchen des Kaffees eine optimale Entfaltung des Aromas<\/li>\n<li>Der Mahlgrad der Kaffeebohnen ist bei diesem Ger\u00e4t je nach Geschmack f\u00fcnfstufig einstellbar<\/li>\n<li>Eine dreistufige Einstellm\u00f6glichkeit gibt es f\u00fcr die St\u00e4rke und die Temperatur des Kaffees<\/li>\n<li>Wassermenge stufenlos einstellbar: 25ml-220ml<\/li>\n<li>Gew\u00fcnschte Kaffeest\u00e4rke und Menge einfach mit der Lieblingskaffeefunktion abspeichern und auf Knopfdruck den Kaffee nach eigenem Geschmack genie\u00dfen<\/li>\n<li>In der kostenlosen Melitta\u00ae Companion\u00ae App sind Tutorials, spannende Informationen oder auch komfortable Servicefunktionen zu finden<\/li>\n<li>Zeitgleicher Bezug von zwei Tassen dank des Double Cup Mode m\u00f6glich<\/li>\n<li>Vereinfachte Bedienung durch Symbole auf dem LED Symboldisplay<\/li>\n<li>Der abnehmbare Wassertank (1,2l) verf\u00fcgt \u00fcber eine automatische Wasserstands\u00fcberwachung, somit wird ein Leerlaufen verhindert<\/li>\n<li>Automatische Reinigungs-,Entkalkungs- und Sp\u00fclprogramme garantieren eine bequeme Reinigung<\/li>\n<li>F\u00fcr eine besonders gr\u00fcndliche Reinigung ist es m\u00f6glich die Br\u00fchgruppe zu entnehmen<\/li>\n<li>Das Ger\u00e4t bietet die M\u00f6glichkeit zur Verwendung des Melitta\u00ae Pro Aqua Wasserfilters und kann somit vor Kalkablagerungen gesch\u00fctzt werden<\/li>\n<li>Noch einfacher: Durch Bet\u00e4tigung der Service Taste gelangt man direkt zu den Reinigungsprogrammen<\/li>\n<li>Durch den 0-Watt Schalter kann die Verbindung zum Stromnetz unterbrochen werden, sodass Strom gespart wird<\/li>\n<li>Das Ger\u00e4t verf\u00fcgt zus\u00e4tzlich \u00fcber einen automatischen Energiesparmodus<\/li>\n<li>Durch das schmale Design und einer Breite von nur 20cm ist die Melitta\u00ae Purista\u00ae besonders platzsparend<\/li>\n<\/ul>\n<p>Das fl\u00fcsterleise Stahl-Kegelmahlwerk sorgt bei diesem Kaffeevollautomaten f\u00fcr einen besonders ger\u00e4uscharmen Mahlvorgang. Somit ist die Zubereitung des Kaffees eine angenehm leise Angelegenheit.<\/p>\n<p>Die Anti-Scratch Oberfl\u00e4che sch\u00fctzt die Tropfschalenabdeckung vor unsch\u00f6nen Kratzern. Zusammen mit den hochwertig verchromten Bedienelementen wird die Purista\u00ae zum schicken Hingucker.<\/p>\n<p>Die neue Pumpensteuerung sorgt zusammen mit dem Aroma-Extraction-System (A.E.S.) f\u00fcr ein optimales Zusammenspiel. Dadurch wird die Zubereitung eines aromatischen Kaffees perfektioniert.<\/p>\n<p>Der Begleiter f\u00fcr einen individuellen Kaffeegenuss. Zahlreiche Einstellungsm\u00f6glichkeiten, wie z.B. den Mahlgrad (f\u00fcnfstufig) oder auch die St\u00e4rke und Temperatur (je dreistufig), lassen diesen Vollautomaten alle Bed\u00fcrfnisse rund um den perfekten Kaffee abdecken. Genauso kann die gew\u00fcnschte Wassermenge von 25ml-220ml stufenlos per Drehregler verstellt werden.<\/p>\n<p>Besonders begehrt: Die Lieblingskaffeefunktion. Mit dieser Funktion kann die gew\u00fcnschte St\u00e4rke, als auch die Menge des Kaffees abgespeichert werden, was in dieser Preisklasse ein echter Pluspunkt ist.<\/p>\n<p>Eine einfache Bedienung des Vollautomaten wird mit der Melitta\u00ae Companion\u00ae App erm\u00f6glicht. Hier ist einiges an spannenden Zusatzinformationen und Tutorials zu finden, damit auch wirklich niemandem der unkomplizierte Kaffeegenuss verwehrt bleibt.<\/p>\n<p>Der Double Cup Mode erm\u00f6glicht es zwei Kaffeegetr\u00e4nke zeitgleich zuzubereiten, damit mehr Zeit f\u00fcr die gemeinsame Kaffee-Pause bleibt.<\/p>\n<p>Die Bedienung der Purista\u00ae gestaltet sich besonders einfach: das LED-Symboldisplay gibt kinderleichte Hinweise, was zu tun ist.<\/p>\n<p>F\u00fcr das Nachf\u00fcllen des Wassers gen\u00fcgt bei diesem Kaffeevollautomat ein einfacher Handgriff: Der Wassertank ist abnehmbar und verf\u00fcgt ein Fassungsverm\u00f6gen von 1,2l. Die automatische Wasserstands\u00fcberwachung gibt Hinweise, falls das Wasser nachgef\u00fcllt werden muss.<\/p>\n<p>Die automatischen Reinigungs- und Entkalkungsprogramme gew\u00e4hrleisten eine bequeme Reinigung des Ger\u00e4ts. F\u00fcr eine extra gr\u00fcndliche Reinigung kann die Br\u00fchgruppe entnommen werden.<\/p>\n<p>Dieser Vollautomat bietet die M\u00f6glichkeit den Melitta\u00ae Pro Aqua Wasserfilter zu verwenden und sorgt somit f\u00fcr frisch gefiltertes und kalkfreies Wasser. Gut f\u00fcr den frisch zubereiteten Kaffee und das Ger\u00e4t wird ebenfalls vor Kalkablagerungen gesch\u00fctzt.<\/p>\n<p>Um auf den schnellsten Weg zu den Reinigungs- und Entkalkungsprogrammen zu gelangen, kann einfach die Service-Taste bet\u00e4tigt werden.<\/p>\n<p>Der automatisch einstellbare Energiesparmodus macht die Purista\u00ae zusammen mit dem 0-Watt Schalter zum wahren Energiesparer.<\/p>\n<p>Mit einer Breite von nur 20cm ist dieser Kaffeevollautomat praktischerweise sehr platzsparend. Besonders in der K\u00fcche sammeln sich gerne einige Elektroger\u00e4te an.<\/p>\n<p>\u00a0<\/p>\n<p>Dieses Ger\u00e4t kommt in der Farbvariante Schwarz daher.<\/p>\n<\/p>\n<\/div>\n<div data-test=\"pdp-richtext-description\"><\/div>\n<div class=\"mms-products-table-wrapper\">\n<div class=\"mms-products-table\"><\/div>\n<\/p>\n<\/div>\n<\/div>\n<\/div>\n<div data-test=\"pdp-features-content\">\n<p><button class=\"sc-3485cced-1 iiZMlt sc-4404d0e8-7 iPahzN pdp-content-collapse-button\" type=\"button\"><\/button><button class=\"sc-3485cced-1 iiZMlt sc-4404d0e8-7 iPahzN pdp-content-collapse-button\" type=\"button\">Technische Daten<\/button><\/p>\n<div class=\"sc-4651df48-0 iWywhx\"><\/div>\n<\/p>\n<\/div>\n<div id=\"features-content\" class=\"sc-4404d0e8-6 jywyCm\">\n<div class=\"sc-4daba230-0 fvkzsw\">\n<table class=\"sc-4fa5c86b-0 ghZSzg\">\n<thead class=\"sc-4d4fd441-0 fAxnSG\">\n<tr class=\"sc-cda3276b-0 iNKSCY\">\n<th class=\"sc-27ebc524-0 Lhmuk\">\n<p class=\"sc-3f2da4f5-0 hMQHJ\">Technische Merkmale<\/p>\n<\/th>\n<th class=\"sc-27ebc524-0 dOIQbM\"><\/th>\n<\/tr>\n<\/thead>\n<tbody class=\"sc-18c0a0ab-0 hjSrbh\">\n<tr class=\"sc-cda3276b-0 iNKSCY\">\n<td class=\"sc-27ebc524-0 iIdXkJ\">\n<p class=\"sc-3f2da4f5-0 dvVzKv\">Produkttyp<\/p>\n<\/td>\n<td class=\"sc-27ebc524-0 ca-dqbf sc-4daba230-1 elJoDZ\">\n<p class=\"sc-3f2da4f5-0 cBePzJ\">Kaffeevollautomat<\/p>\n<\/td>\n<\/tr>\n<tr class=\"sc-cda3276b-0 iNKSCY\">\n<td class=\"sc-27ebc524-0 iIdXkJ\">\n<p class=\"sc-3f2da4f5-0 dvVzKv\">Model<\/p>\n<\/td>\n<td class=\"sc-27ebc524-0 ca-dqbf sc-4daba230-1 elJoDZ\">\n<p class=\"sc-3f2da4f5-0 cBePzJ\">1011-05 PURISTA SCHWARZ F23\/0-102<\/p>\n<\/td>\n<\/tr>\n<tr class=\"sc-cda3276b-0 iNKSCY\">\n<td class=\"sc-27ebc524-0 iIdXkJ\">\n<p class=\"sc-3f2da4f5-0 dvVzKv\">Maximale Leistung<\/p>\n<\/td>\n<td class=\"sc-27ebc524-0 ca-dqbf sc-4daba230-1 elJoDZ\">\n<p class=\"sc-3f2da4f5-0 cBePzJ\">1450 Watt<\/p>\n<\/td>\n<\/tr>\n<tr class=\"sc-cda3276b-0 iNKSCY\">\n<td class=\"sc-27ebc524-0 iIdXkJ\">\n<p class=\"sc-3f2da4f5-0 dvVzKv\">Wasserzufuhr<\/p>\n<\/td>\n<td class=\"sc-27ebc524-0 ca-dqbf sc-4daba230-1 elJoDZ\">\n<p class=\"sc-3f2da4f5-0 cBePzJ\">Nein<\/p>\n<\/td>\n<\/tr>\n<tr class=\"sc-cda3276b-0 iNKSCY\">\n<td class=\"sc-27ebc524-0 iIdXkJ\">\n<p class=\"sc-3f2da4f5-0 dvVzKv\">Fassungsverm\u00f6gen des Wassertanks<\/p>\n<\/td>\n<td class=\"sc-27ebc524-0 ca-dqbf sc-4daba230-1 elJoDZ\">\n<p class=\"sc-3f2da4f5-0 cBePzJ\">1.2 l<\/p>\n<\/td>\n<\/tr>\n<tr class=\"sc-cda3276b-0 iNKSCY\">\n<td class=\"sc-27ebc524-0 iIdXkJ\">\n<p class=\"sc-3f2da4f5-0 dvVzKv\">Drucksystem<\/p>\n<\/td>\n<td class=\"sc-27ebc524-0 ca-dqbf sc-4daba230-1 elJoDZ\">\n<p class=\"sc-3f2da4f5-0 cBePzJ\">Pumpen-Drucksystem<\/p>\n<\/td>\n<\/tr>\n<tr class=\"sc-cda3276b-0 iNKSCY\">\n<td class=\"sc-27ebc524-0 iIdXkJ\">\n<p class=\"sc-3f2da4f5-0 dvVzKv\">Pumpendruck<\/p>\n<\/td>\n<td class=\"sc-27ebc524-0 ca-dqbf sc-4daba230-1 elJoDZ\">\n<p class=\"sc-3f2da4f5-0 cBePzJ\">15 bar<\/p>\n<\/td>\n<\/tr>\n<tr class=\"sc-cda3276b-0 iNKSCY\">\n<td class=\"sc-27ebc524-0 iIdXkJ\">\n<p class=\"sc-3f2da4f5-0 dvVzKv\">Inhalt Bohnenbeh\u00e4lter<\/p>\n<\/td>\n<td class=\"sc-27ebc524-0 ca-dqbf sc-4daba230-1 elJoDZ\">\n<p class=\"sc-3f2da4f5-0 cBePzJ\">125 g<\/p>\n<\/td>\n<\/tr>\n<tr class=\"sc-cda3276b-0 iNKSCY\">\n<td class=\"sc-27ebc524-0 iIdXkJ\">\n<p class=\"sc-3f2da4f5-0 dvVzKv\">Einstellbare Br\u00fchtemperatur<\/p>\n<\/td>\n<td class=\"sc-27ebc524-0 ca-dqbf sc-4daba230-1 elJoDZ\">\n<p class=\"sc-3f2da4f5-0 cBePzJ\">Ja<\/p>\n<\/td>\n<\/tr>\n<\/tbody>\n<\/table>\n<table class=\"sc-4fa5c86b-0 ghZSzg\">\n<thead class=\"sc-4d4fd441-0 fAxnSG\">\n<tr class=\"sc-cda3276b-0 iNKSCY\">\n<th class=\"sc-27ebc524-0 Lhmuk\">\n<p class=\"sc-3f2da4f5-0 hMQHJ\">Ausstattung<\/p>\n<\/th>\n<th class=\"sc-27ebc524-0 dOIQbM\"><\/th>\n<\/tr>\n<\/thead>\n<tbody class=\"sc-18c0a0ab-0 hjSrbh\">\n<tr class=\"sc-cda3276b-0 iNKSCY\">\n<td class=\"sc-27ebc524-0 iIdXkJ\">\n<p class=\"sc-3f2da4f5-0 dvVzKv\">Programme<\/p>\n<\/td>\n<td class=\"sc-27ebc524-0 ca-dqbf sc-4daba230-1 elJoDZ\">\n<p class=\"sc-3f2da4f5-0 cBePzJ\">2<\/p>\n<\/td>\n<\/tr>\n<tr class=\"sc-cda3276b-0 iNKSCY\">\n<td class=\"sc-27ebc524-0 iIdXkJ\">\n<p class=\"sc-3f2da4f5-0 dvVzKv\">Aroma-Wahlschalter<\/p>\n<\/td>\n<td class=\"sc-27ebc524-0 ca-dqbf sc-4daba230-1 elJoDZ\">\n<p class=\"sc-3f2da4f5-0 cBePzJ\">Nein<\/p>\n<\/td>\n<\/tr>\n<tr class=\"sc-cda3276b-0 iNKSCY\">\n<td class=\"sc-27ebc524-0 iIdXkJ\">\n<p class=\"sc-3f2da4f5-0 dvVzKv\">2 Tassen-Funktion<\/p>\n<\/td>\n<td class=\"sc-27ebc524-0 ca-dqbf sc-4daba230-1 elJoDZ\">\n<p class=\"sc-3f2da4f5-0 cBePzJ\">Ja<\/p>\n<\/td>\n<\/tr>\n<tr class=\"sc-cda3276b-0 iNKSCY\">\n<td class=\"sc-27ebc524-0 iIdXkJ\">\n<p class=\"sc-3f2da4f5-0 dvVzKv\">Filtersystem<\/p>\n<\/td>\n<td class=\"sc-27ebc524-0 ca-dqbf sc-4daba230-1 elJoDZ\">\n<p class=\"sc-3f2da4f5-0 cBePzJ\">Claris Wasserfilter<\/p>\n<\/td>\n<\/tr>\n<tr class=\"sc-cda3276b-0 iNKSCY\">\n<td class=\"sc-27ebc524-0 iIdXkJ\">\n<p class=\"sc-3f2da4f5-0 dvVzKv\">Integriertes Mahlwerk<\/p>\n<\/td>\n<td class=\"sc-27ebc524-0 ca-dqbf sc-4daba230-1 elJoDZ\">\n<p class=\"sc-3f2da4f5-0 cBePzJ\">Ja<\/p>\n<\/td>\n<\/tr>\n<tr class=\"sc-cda3276b-0 iNKSCY\">\n<td class=\"sc-27ebc524-0 iIdXkJ\">\n<p class=\"sc-3f2da4f5-0 dvVzKv\">Mahlwerk<\/p>\n<\/td>\n<td class=\"sc-27ebc524-0 ca-dqbf sc-4daba230-1 elJoDZ\">\n<p class=\"sc-3f2da4f5-0 cBePzJ\">Stahl-Kegelmahlwerk<\/p>\n<\/td>\n<\/tr>\n<tr class=\"sc-cda3276b-0 iNKSCY\">\n<td class=\"sc-27ebc524-0 iIdXkJ\">\n<p class=\"sc-3f2da4f5-0 dvVzKv\">Mahlgrade<\/p>\n<\/td>\n<td class=\"sc-27ebc524-0 ca-dqbf sc-4daba230-1 elJoDZ\">\n<p class=\"sc-3f2da4f5-0 cBePzJ\">5<\/p>\n<\/td>\n<\/tr>\n<tr class=\"sc-cda3276b-0 iNKSCY\">\n<td class=\"sc-27ebc524-0 iIdXkJ\">\n<p class=\"sc-3f2da4f5-0 dvVzKv\">Tassengr\u00f6\u00dfe einstellbar<\/p>\n<\/td>\n<td class=\"sc-27ebc524-0 ca-dqbf sc-4daba230-1 elJoDZ\">\n<p class=\"sc-3f2da4f5-0 cBePzJ\">Ja<\/p>\n<\/td>\n<\/tr>\n<tr class=\"sc-cda3276b-0 iNKSCY\">\n<td class=\"sc-27ebc524-0 iIdXkJ\">\n<p class=\"sc-3f2da4f5-0 dvVzKv\">Milchaufsch\u00e4umer<\/p>\n<\/td>\n<td class=\"sc-27ebc524-0 ca-dqbf sc-4daba230-1 elJoDZ\">\n<p class=\"sc-3f2da4f5-0 cBePzJ\">Nein<\/p>\n<\/td>\n<\/tr>\n<tr class=\"sc-cda3276b-0 iNKSCY\">\n<td class=\"sc-27ebc524-0 iIdXkJ\">\n<p class=\"sc-3f2da4f5-0 dvVzKv\">Hei\u00dfwasser\/-dampf<\/p>\n<\/td>\n<td class=\"sc-27ebc524-0 ca-dqbf sc-4daba230-1 elJoDZ\">\n<p class=\"sc-3f2da4f5-0 cBePzJ\">Nein<\/p>\n<\/td>\n<\/tr>\n<tr id=\"pdp-features-last-always-visible\" class=\"sc-cda3276b-0 iNKSCY\">\n<td class=\"sc-27ebc524-0 iIdXkJ\">\n<p class=\"sc-3f2da4f5-0 dvVzKv\">Wasserfilter<\/p>\n<\/td>\n<td class=\"sc-27ebc524-0 ca-dqbf sc-4daba230-1 elJoDZ\">\n<p class=\"sc-3f2da4f5-0 cBePzJ\">Ja<\/p>\n<\/td>\n<\/tr>\n<tr class=\"sc-cda3276b-0 iNKSCY\">\n<td class=\"sc-27ebc524-0 iIdXkJ\">\n<p class=\"sc-3f2da4f5-0 dvVzKv\">abnehmbarer Wassertank<\/p>\n<\/td>\n<td class=\"sc-27ebc524-0 ca-dqbf sc-4daba230-1 elJoDZ\">\n<p class=\"sc-3f2da4f5-0 cBePzJ\">Ja<\/p>\n<\/td>\n<\/tr>\n<tr class=\"sc-cda3276b-0 iNKSCY\">\n<td class=\"sc-27ebc524-0 iIdXkJ\">\n<p class=\"sc-3f2da4f5-0 dvVzKv\">abnehmbarer Milchbeh\u00e4lter<\/p>\n<\/td>\n<td class=\"sc-27ebc524-0 ca-dqbf sc-4daba230-1 elJoDZ\">\n<p class=\"sc-3f2da4f5-0 cBePzJ\">Nein<\/p>\n<\/td>\n<\/tr>\n<tr class=\"sc-cda3276b-0 iNKSCY\">\n<td class=\"sc-27ebc524-0 iIdXkJ\">\n<p class=\"sc-3f2da4f5-0 dvVzKv\">Abschaltautomatik<\/p>\n<\/td>\n<td class=\"sc-27ebc524-0 ca-dqbf sc-4daba230-1 elJoDZ\">\n<p class=\"sc-3f2da4f5-0 cBePzJ\">Ja<\/p>\n<\/td>\n<\/tr>\n<tr class=\"sc-cda3276b-0 iNKSCY\">\n<td class=\"sc-27ebc524-0 iIdXkJ\">\n<p class=\"sc-3f2da4f5-0 dvVzKv\">Reinigungsprogramm<\/p>\n<\/td>\n<td class=\"sc-27ebc524-0 ca-dqbf sc-4daba230-1 elJoDZ\">\n<p class=\"sc-3f2da4f5-0 cBePzJ\">Ja<\/p>\n<\/td>\n<\/tr>\n<tr class=\"sc-cda3276b-0 iNKSCY\">\n<td class=\"sc-27ebc524-0 iIdXkJ\">\n<p class=\"sc-3f2da4f5-0 dvVzKv\">App-steuerbar<\/p>\n<\/td>\n<td class=\"sc-27ebc524-0 ca-dqbf sc-4daba230-1 elJoDZ\">\n<p class=\"sc-3f2da4f5-0 cBePzJ\">Nein<\/p>\n<\/td>\n<\/tr>\n<tr class=\"sc-cda3276b-0 iNKSCY\">\n<td class=\"sc-27ebc524-0 iIdXkJ\">\n<p class=\"sc-3f2da4f5-0 dvVzKv\">Besondere Merkmale<\/p>\n<\/td>\n<td class=\"sc-27ebc524-0 ca-dqbf sc-4daba230-1 elJoDZ\">\n<p class=\"sc-3f2da4f5-0 cBePzJ\">Tassenanzahl: 10 gro\u00dfe\/15 kleine Tassen; beheizte Tassenablage: Passive Tassen Warmhaltefl\u00e4che; Drucksystem: Pumpen-Drucksystem; Einstellbare Br\u00fchtemperatur: 3-stufig; Geh\u00e4usematerial: Kunststoff; Reinigungs- und Sp\u00fclprogramm, automatische Abschaltung, Br\u00fchtemperatur; Lieblingskaffee-Funktion, fl\u00fcsterleises Mahlwerk, schlankheitswunder; Geiignete Kaffeeart: Kaffeebohnen; Br\u00fchtechnologie: Vorbr\u00fch System; Material Wassertank: Kunststoff; Tassengr\u00f6\u00dfe einstellbar: 25-220 ml<\/p>\n<\/td>\n<\/tr>\n<\/tbody>\n<\/table>\n<table class=\"sc-4fa5c86b-0 ghZSzg\">\n<thead class=\"sc-4d4fd441-0 fAxnSG\">\n<tr class=\"sc-cda3276b-0 iNKSCY\">\n<th class=\"sc-27ebc524-0 Lhmuk\">\n<p class=\"sc-3f2da4f5-0 hMQHJ\">Anzeige\/Steuerung<\/p>\n<\/th>\n<th class=\"sc-27ebc524-0 dOIQbM\"><\/th>\n<\/tr>\n<\/thead>\n<tbody class=\"sc-18c0a0ab-0 hjSrbh\">\n<tr class=\"sc-cda3276b-0 iNKSCY\">\n<td class=\"sc-27ebc524-0 iIdXkJ\">\n<p class=\"sc-3f2da4f5-0 dvVzKv\">Display<\/p>\n<\/td>\n<td class=\"sc-27ebc524-0 ca-dqbf sc-4daba230-1 elJoDZ\">\n<p class=\"sc-3f2da4f5-0 cBePzJ\">LED<\/p>\n<\/td>\n<\/tr>\n<tr class=\"sc-cda3276b-0 iNKSCY\">\n<td class=\"sc-27ebc524-0 iIdXkJ\">\n<p class=\"sc-3f2da4f5-0 dvVzKv\">Touchscreen<\/p>\n<\/td>\n<td class=\"sc-27ebc524-0 ca-dqbf sc-4daba230-1 elJoDZ\">\n<p class=\"sc-3f2da4f5-0 cBePzJ\">Nein<\/p>\n<\/td>\n<\/tr>\n<tr class=\"sc-cda3276b-0 iNKSCY\">\n<td class=\"sc-27ebc524-0 iIdXkJ\">\n<p class=\"sc-3f2da4f5-0 dvVzKv\">Bluetooth<\/p>\n<\/td>\n<td class=\"sc-27ebc524-0 ca-dqbf sc-4daba230-1 elJoDZ\">\n<p class=\"sc-3f2da4f5-0 cBePzJ\">Nein<\/p>\n<\/td>\n<\/tr>\n<tr class=\"sc-cda3276b-0 iNKSCY\">\n<td class=\"sc-27ebc524-0 iIdXkJ\">\n<p class=\"sc-3f2da4f5-0 dvVzKv\">Zeitschaltuhr (Timer)<\/p>\n<\/td>\n<td class=\"sc-27ebc524-0 ca-dqbf sc-4daba230-1 elJoDZ\">\n<p class=\"sc-3f2da4f5-0 cBePzJ\">Nein<\/p>\n<\/td>\n<\/tr>\n<tr class=\"sc-cda3276b-0 iNKSCY\">\n<td class=\"sc-27ebc524-0 iIdXkJ\">\n<p class=\"sc-3f2da4f5-0 dvVzKv\">vorprogrammierbare Einschaltzeit<\/p>\n<\/td>\n<td class=\"sc-27ebc524-0 ca-dqbf sc-4daba230-1 elJoDZ\">\n<p class=\"sc-3f2da4f5-0 cBePzJ\">Nein<\/p>\n<\/td>\n<\/tr>\n<tr class=\"sc-cda3276b-0 iNKSCY\">\n<td class=\"sc-27ebc524-0 iIdXkJ\">\n<p class=\"sc-3f2da4f5-0 dvVzKv\">Reinigungs- und Entkalkungsalarm<\/p>\n<\/td>\n<td class=\"sc-27ebc524-0 ca-dqbf sc-4daba230-1 elJoDZ\">\n<p class=\"sc-3f2da4f5-0 cBePzJ\">Ja<\/p>\n<\/td>\n<\/tr>\n<\/tbody>\n<\/table>\n<table class=\"sc-4fa5c86b-0 ghZSzg\">\n<thead class=\"sc-4d4fd441-0 fAxnSG\">\n<tr class=\"sc-cda3276b-0 iNKSCY\">\n<th class=\"sc-27ebc524-0 Lhmuk\">\n<p class=\"sc-3f2da4f5-0 hMQHJ\">Energieversorgung<\/p>\n<\/th>\n<th class=\"sc-27ebc524-0 dOIQbM\"><\/th>\n<\/tr>\n<\/thead>\n<tbody class=\"sc-18c0a0ab-0 hjSrbh\">\n<tr class=\"sc-cda3276b-0 iNKSCY\">\n<td class=\"sc-27ebc524-0 iIdXkJ\">\n<p class=\"sc-3f2da4f5-0 dvVzKv\">Betriebsart<\/p>\n<\/td>\n<td class=\"sc-27ebc524-0 ca-dqbf sc-4daba230-1 elJoDZ\">\n<p class=\"sc-3f2da4f5-0 cBePzJ\">Netzbetrieb<\/p>\n<\/td>\n<\/tr>\n<tr class=\"sc-cda3276b-0 iNKSCY\">\n<td class=\"sc-27ebc524-0 iIdXkJ\">\n<p class=\"sc-3f2da4f5-0 dvVzKv\">Eingangsspannung<\/p>\n<\/td>\n<td class=\"sc-27ebc524-0 ca-dqbf sc-4daba230-1 elJoDZ\">\n<p class=\"sc-3f2da4f5-0 cBePzJ\">220-240 Volt<\/p>\n<\/td>\n<\/tr>\n<tr class=\"sc-cda3276b-0 iNKSCY\">\n<td class=\"sc-27ebc524-0 iIdXkJ\">\n<p class=\"sc-3f2da4f5-0 dvVzKv\">Frequenz<\/p>\n<\/td>\n<td class=\"sc-27ebc524-0 ca-dqbf sc-4daba230-1 elJoDZ\">\n<p class=\"sc-3f2da4f5-0 cBePzJ\">50\/60 Hz<\/p>\n<\/td>\n<\/tr>\n<\/tbody>\n<\/table>\n<table class=\"sc-4fa5c86b-0 ghZSzg\">\n<thead class=\"sc-4d4fd441-0 fAxnSG\">\n<tr class=\"sc-cda3276b-0 iNKSCY\">\n<th class=\"sc-27ebc524-0 Lhmuk\">\n<p class=\"sc-3f2da4f5-0 hMQHJ\">Allgemeine Merkmale<\/p>\n<\/th>\n<th class=\"sc-27ebc524-0 dOIQbM\"><\/th>\n<\/tr>\n<\/thead>\n<tbody class=\"sc-18c0a0ab-0 hjSrbh\">\n<tr class=\"sc-cda3276b-0 iNKSCY\">\n<td class=\"sc-27ebc524-0 iIdXkJ\">\n<p class=\"sc-3f2da4f5-0 dvVzKv\">Geh\u00e4usematerial<\/p>\n<\/td>\n<td class=\"sc-27ebc524-0 ca-dqbf sc-4daba230-1 elJoDZ\">\n<p class=\"sc-3f2da4f5-0 cBePzJ\">Kunststoff<\/p>\n<\/td>\n<\/tr>\n<tr class=\"sc-cda3276b-0 iNKSCY\">\n<td class=\"sc-27ebc524-0 iIdXkJ\">\n<p class=\"sc-3f2da4f5-0 dvVzKv\">Material Wassertank<\/p>\n<\/td>\n<td class=\"sc-27ebc524-0 ca-dqbf sc-4daba230-1 elJoDZ\">\n<p class=\"sc-3f2da4f5-0 cBePzJ\">Kunststoff<\/p>\n<\/td>\n<\/tr>\n<tr class=\"sc-cda3276b-0 iNKSCY\">\n<td class=\"sc-27ebc524-0 iIdXkJ\">\n<p class=\"sc-3f2da4f5-0 dvVzKv\">Geeignete Kaffeeart<\/p>\n<\/td>\n<td class=\"sc-27ebc524-0 ca-dqbf sc-4daba230-1 elJoDZ\">\n<p class=\"sc-3f2da4f5-0 cBePzJ\">Kaffeebohnen<\/p>\n<\/td>\n<\/tr>\n<tr class=\"sc-cda3276b-0 iNKSCY\">\n<td class=\"sc-27ebc524-0 iIdXkJ\">\n<p class=\"sc-3f2da4f5-0 dvVzKv\">Farbe (laut Hersteller)<\/p>\n<\/td>\n<td class=\"sc-27ebc524-0 ca-dqbf sc-4daba230-1 elJoDZ\">\n<p class=\"sc-3f2da4f5-0 cBePzJ\">Schwarz<\/p>\n<\/td>\n<\/tr>\n<tr class=\"sc-cda3276b-0 iNKSCY\">\n<td class=\"sc-27ebc524-0 iIdXkJ\">\n<p class=\"sc-3f2da4f5-0 dvVzKv\">Kabell\u00e4nge<\/p>\n<\/td>\n<td class=\"sc-27ebc524-0 ca-dqbf sc-4daba230-1 elJoDZ\">\n<p class=\"sc-3f2da4f5-0 cBePzJ\">1 m<\/p>\n<\/td>\n<\/tr>\n<tr class=\"sc-cda3276b-0 iNKSCY\">\n<td class=\"sc-27ebc524-0 iIdXkJ\">\n<p class=\"sc-3f2da4f5-0 dvVzKv\">Breite<\/p>\n<\/td>\n<td class=\"sc-27ebc524-0 ca-dqbf sc-4daba230-1 elJoDZ\">\n<p class=\"sc-3f2da4f5-0 cBePzJ\">200 mm<\/p>\n<\/td>\n<\/tr>\n<tr class=\"sc-cda3276b-0 iNKSCY\">\n<td class=\"sc-27ebc524-0 iIdXkJ\">\n<p class=\"sc-3f2da4f5-0 dvVzKv\">H\u00f6he<\/p>\n<\/td>\n<td class=\"sc-27ebc524-0 ca-dqbf sc-4daba230-1 elJoDZ\">\n<p class=\"sc-3f2da4f5-0 cBePzJ\">325 mm<\/p>\n<\/td>\n<\/tr>\n<tr class=\"sc-cda3276b-0 iNKSCY\">\n<td class=\"sc-27ebc524-0 iIdXkJ\">\n<p class=\"sc-3f2da4f5-0 dvVzKv\">Tiefe<\/p>\n<\/td>\n<td class=\"sc-27ebc524-0 ca-dqbf sc-4daba230-1 elJoDZ\">\n<p class=\"sc-3f2da4f5-0 cBePzJ\">455 mm<\/p>\n<\/td>\n<\/tr>\n<tr class=\"sc-cda3276b-0 iNKSCY\">\n<td class=\"sc-27ebc524-0 iIdXkJ\">\n<p class=\"sc-3f2da4f5-0 dvVzKv\">Gewicht (laut Hersteller)<\/p>\n<\/td>\n<td class=\"sc-27ebc524-0 ca-dqbf sc-4daba230-1 elJoDZ\">\n<p class=\"sc-3f2da4f5-0 cBePzJ\">10.6 kg<\/p>\n<\/td>\n<\/tr>\n<tr class=\"sc-cda3276b-0 iNKSCY\">\n<td class=\"sc-27ebc524-0 iIdXkJ\">\n<p class=\"sc-3f2da4f5-0 dvVzKv\">Gewicht<\/p>\n<\/td>\n<td class=\"sc-27ebc524-0 ca-dqbf sc-4daba230-1 elJoDZ\">\n<p class=\"sc-3f2da4f5-0 cBePzJ\">10.6 kg<\/p>\n<\/td>\n<\/tr>\n<tr class=\"sc-cda3276b-0 iNKSCY\">\n<td class=\"sc-27ebc524-0 iIdXkJ\">\n<p class=\"sc-3f2da4f5-0 dvVzKv\">Lieferumfang<\/p>\n<\/td>\n<td class=\"sc-27ebc524-0 ca-dqbf sc-4daba230-1 elJoDZ\">\n<p class=\"sc-3f2da4f5-0 cBePzJ\">Kaffeevollautomat, Bedienungsanleitung<\/p>\n<\/td>\n<\/tr>\n<tr class=\"sc-cda3276b-0 iNKSCY\">\n<td class=\"sc-27ebc524-0 iIdXkJ\">\n<p class=\"sc-3f2da4f5-0 dvVzKv\">Ger\u00e4tetyp<\/p>\n<\/td>\n<td class=\"sc-27ebc524-0 ca-dqbf sc-4daba230-1 elJoDZ\">\n<p class=\"sc-3f2da4f5-0 cBePzJ\">Kaffeevollautomat<\/p>\n<\/td>\n<\/tr>\n<tr class=\"sc-cda3276b-0 iNKSCY\">\n<td class=\"sc-27ebc524-0 iIdXkJ\">\n<p class=\"sc-3f2da4f5-0 dvVzKv\">Reihe<\/p>\n<\/td>\n<td class=\"sc-27ebc524-0 ca-dqbf sc-4daba230-1 elJoDZ\">\n<p class=\"sc-3f2da4f5-0 cBePzJ\">Purista<\/p>\n<\/td>\n<\/tr>\n<\/tbody>\n<\/table>\n<\/div>\n<\/div>","protected":false},"excerpt":{"rendered":"<div class=\"sc-4651df48-0 iWywhx\"><span style=\"color: #1d2128;font-size: 2.25rem;font-family: var(--mt-font__main)\">Purista\u00ae Kaffeevollautomat von Melitta<\/span><\/div>\n<div id=\"description-content\" class=\"sc-4404d0e8-6 jywyCm\">\n<div class=\"sc-3f2da4f5-0 cBePzJ sc-885c00be-0 jfCMbT\" data-test=\"pdp-description-pim-fallback\">\n<p>Puristischer Kaffeegenuss neu gedacht \u2013 die Melitta\u00ae Purista\u00ae fokussiert sich voll und ganz auf den perfekt klassischen Kaffee. Dieses kompakte Ger\u00e4t vereint die Kompetenz in der Kaffeezubereitung mit bequemen L\u00f6sungen wie der Lieblingskaffeefunktion f\u00fcr den optimalen Kaffeegenuss.<\/p>\n<ul>\n<li><strong>Auf Lager<\/strong><\/li>\n<li><strong>Lieferung nach Deutschland :\u00a0<\/strong>Gratisversand (3 \u2013 4 Tagen) : 0\u20ac<\/li>\n<li><strong>Lieferung in \u00d6sterreich, D\u00e4nemark, Polen, Niederlande, Finnland, Schweden, Frankreich, Belgien, Schweiz :\u00a0<\/strong>(14 Tagen) : 39,99\u20ac<\/li>\n<li><strong>R\u00fcckgabe innerhalb von 14 Tagen<\/strong><\/li>\n<\/ul>\n<\/div>\n<\/div>","protected":false},"featured_media":12559,"template":"","meta":[],"product_brand":[],"product_cat":[29],"product_tag":[],"product_country":[1501],"class_list":{"0":"post-12558","1":"product","2":"type-product","3":"status-publish","4":"has-post-thumbnail","6":"product_cat-espressomaschinen","7":"product_country-germany","9":"first","10":"instock","11":"sale","12":"taxable","13":"shipping-taxable","14":"purchasable","15":"product-type-simple"},"_links":{"self":[{"href":"https:\/\/routinesfashione.com\/en\/wp-json\/wp\/v2\/product\/12558","targetHints":{"allow":["GET"]}}],"collection":[{"href":"https:\/\/routinesfashione.com\/en\/wp-json\/wp\/v2\/product"}],"about":[{"href":"https:\/\/routinesfashione.com\/en\/wp-json\/wp\/v2\/types\/product"}],"wp:featuredmedia":[{"embeddable":true,"href":"https:\/\/routinesfashione.com\/en\/wp-json\/wp\/v2\/media\/12559"}],"wp:attachment":[{"href":"https:\/\/routinesfashione.com\/en\/wp-json\/wp\/v2\/media?parent=12558"}],"wp:term":[{"taxonomy":"product_brand","embeddable":true,"href":"https:\/\/routinesfashione.com\/en\/wp-json\/wp\/v2\/product_brand?post=12558"},{"taxonomy":"product_cat","embeddable":true,"href":"https:\/\/routinesfashione.com\/en\/wp-json\/wp\/v2\/product_cat?post=12558"},{"taxonomy":"product_tag","embeddable":true,"href":"https:\/\/routinesfashione.com\/en\/wp-json\/wp\/v2\/product_tag?post=12558"},{"taxonomy":"product_country","embeddable":true,"href":"https:\/\/routinesfashione.com\/en\/wp-json\/wp\/v2\/product_country?post=12558"}],"curies":[{"name":"wp","href":"https:\/\/api.w.org\/{rel}","templated":true}]}}