{"id":1303,"date":"2025-09-30T20:53:38","date_gmt":"2025-09-30T20:53:38","guid":{"rendered":"https:\/\/lightgray-crow-170497.hostingersite.com\/?post_type=product&#038;p=1303"},"modified":"2025-09-30T20:53:38","modified_gmt":"2025-09-30T20:53:38","slug":"1303","status":"publish","type":"product","link":"https:\/\/routinesfashione.com\/en\/produit\/1303\/","title":{"rendered":"Ninja ES701EU Machine \u00e0 expresso"},"content":{"rendered":"<table class=\"datasheet-list expanded\">\n<tbody>\n<tr class=\"datasheet-listItem datasheet-listItem--properties\">\n<td class=\"datasheet-listItemKey small-6 larger-4 columns\">Type de machine \u00e0 caf\u00e9<\/td>\n<td class=\"datasheet-listItemValue small-6 larger-8 columns\">Machine expresso<\/td>\n<\/tr>\n<\/tbody>\n<tbody>\n<tr class=\"datasheet-listItem datasheet-listItem--group\">\n<th>Configuration et Fonctionnalit\u00e9<\/th>\n<\/tr>\n<tr class=\"datasheet-listItem datasheet-listItem--properties\">\n<td class=\"datasheet-listItemKey small-6 larger-4 columns\">Mes boissons<\/td>\n<td class=\"datasheet-listItemValue small-6 larger-8 columns\">Caf\u00e9, Caf\u00e9 filtre, Cappuccino, Expresso, Caf\u00e9 au lait, Caf\u00e9 macchiato<\/td>\n<\/tr>\n<tr class=\"datasheet-listItem datasheet-listItem--properties\">\n<td class=\"datasheet-listItemKey small-6 larger-4 columns\">Adapt\u00e9 pour<\/td>\n<td class=\"datasheet-listItemValue small-6 larger-8 columns\">Caf\u00e9 en grain<\/td>\n<\/tr>\n<tr class=\"datasheet-listItem datasheet-listItem--properties\">\n<td class=\"datasheet-listItemKey small-6 larger-4 columns\">Mes r\u00e9glages<\/td>\n<td class=\"datasheet-listItemValue small-6 larger-8 columns\">Finesse de la mouture<\/td>\n<\/tr>\n<tr class=\"datasheet-listItem datasheet-listItem--properties\">\n<td class=\"datasheet-listItemKey small-6 larger-4 columns\">Sp\u00e9cificit\u00e9s fabricant<\/td>\n<td class=\"datasheet-listItemValue small-6 larger-8 columns\">Dual Froth System, BaristaAssist<\/td>\n<\/tr>\n<\/tbody>\n<tbody>\n<tr class=\"datasheet-listItem datasheet-listItem--group\">\n<th>\u00c9quipement &amp; Capacit\u00e9<\/th>\n<\/tr>\n<tr class=\"datasheet-listItem datasheet-listItem--properties\">\n<td class=\"datasheet-listItemKey small-6 larger-4 columns\">Syst\u00e8me \u00e0 lait<\/td>\n<td class=\"datasheet-listItemValue small-6 larger-8 columns\">Mousseur \u00e0 lait<\/td>\n<\/tr>\n<tr class=\"datasheet-listItem datasheet-listItem--properties\">\n<td class=\"datasheet-listItemKey small-6 larger-4 columns\">Capacit\u00e9 du r\u00e9servoir d&#8217;eau<\/td>\n<td class=\"datasheet-listItemValue small-6 larger-8 columns\">2\u00a0L<\/td>\n<\/tr>\n<tr class=\"datasheet-listItem datasheet-listItem--properties\">\n<td class=\"datasheet-listItemKey small-6 larger-4 columns\">\u00c9quipements<\/td>\n<td class=\"datasheet-listItemValue small-6 larger-8 columns\">Broyeur \u00e0 grains, Buse vapeur<\/td>\n<\/tr>\n<\/tbody>\n<tbody>\n<tr class=\"datasheet-listItem datasheet-listItem--group\">\n<th>Caract\u00e9ristiques techniques<\/th>\n<\/tr>\n<tr class=\"datasheet-listItem datasheet-listItem--properties\">\n<td class=\"datasheet-listItemKey small-6 larger-4 columns\">Couleur<\/td>\n<td class=\"datasheet-listItemValue small-6 larger-8 columns\">Gris<\/td>\n<\/tr>\n<\/tbody>\n<tbody>\n<tr class=\"datasheet-listItem datasheet-listItem--group\">\n<th>Dimensions &amp; Poids<\/th>\n<\/tr>\n<tr class=\"datasheet-listItem datasheet-listItem--properties\">\n<td class=\"datasheet-listItemKey small-6 larger-4 columns\">Hauteur<\/td>\n<td class=\"datasheet-listItemValue small-6 larger-8 columns\">34\u00a0cm<\/td>\n<\/tr>\n<tr class=\"datasheet-listItem datasheet-listItem--properties\">\n<td class=\"datasheet-listItemKey small-6 larger-4 columns\">Largeur<\/td>\n<td class=\"datasheet-listItemValue small-6 larger-8 columns\">38,7\u00a0cm<\/td>\n<\/tr>\n<tr class=\"datasheet-listItem datasheet-listItem--properties datasheet-listItem--collapsible\">\n<td class=\"datasheet-listItemKey small-6 larger-4 columns\">Profondeur<\/td>\n<td class=\"datasheet-listItemValue small-6 larger-8 columns\">31,7\u00a0cm<\/td>\n<\/tr>\n<tr class=\"datasheet-listItem datasheet-listItem--properties datasheet-listItem--collapsible\">\n<td class=\"datasheet-listItemKey small-6 larger-4 columns\">Poids<\/td>\n<td class=\"datasheet-listItemValue small-6 larger-8 columns\">12,3\u00a0kg<\/td>\n<\/tr>\n<\/tbody>\n<\/table>","protected":false},"excerpt":{"rendered":"<p>Type de machine \u00e0 caf\u00e9 Machine expresso Configuration et Fonctionnalit\u00e9 Mes boissons Caf\u00e9, Caf\u00e9 filtre, Cappuccino, Expresso, Caf\u00e9 au lait,<\/p>","protected":false},"featured_media":29028,"template":"","meta":[],"product_brand":[],"product_cat":[61],"product_tag":[1514],"product_country":[1503],"class_list":{"0":"post-1303","1":"product","2":"type-product","3":"status-publish","4":"has-post-thumbnail","6":"product_cat-sale-france","7":"product_tag-sale-france","8":"product_country-france","10":"first","11":"instock","12":"sale","13":"taxable","14":"shipping-taxable","15":"purchasable","16":"product-type-simple"},"_links":{"self":[{"href":"https:\/\/routinesfashione.com\/en\/wp-json\/wp\/v2\/product\/1303","targetHints":{"allow":["GET"]}}],"collection":[{"href":"https:\/\/routinesfashione.com\/en\/wp-json\/wp\/v2\/product"}],"about":[{"href":"https:\/\/routinesfashione.com\/en\/wp-json\/wp\/v2\/types\/product"}],"wp:featuredmedia":[{"embeddable":true,"href":"https:\/\/routinesfashione.com\/en\/wp-json\/wp\/v2\/media\/29028"}],"wp:attachment":[{"href":"https:\/\/routinesfashione.com\/en\/wp-json\/wp\/v2\/media?parent=1303"}],"wp:term":[{"taxonomy":"product_brand","embeddable":true,"href":"https:\/\/routinesfashione.com\/en\/wp-json\/wp\/v2\/product_brand?post=1303"},{"taxonomy":"product_cat","embeddable":true,"href":"https:\/\/routinesfashione.com\/en\/wp-json\/wp\/v2\/product_cat?post=1303"},{"taxonomy":"product_tag","embeddable":true,"href":"https:\/\/routinesfashione.com\/en\/wp-json\/wp\/v2\/product_tag?post=1303"},{"taxonomy":"product_country","embeddable":true,"href":"https:\/\/routinesfashione.com\/en\/wp-json\/wp\/v2\/product_country?post=1303"}],"curies":[{"name":"wp","href":"https:\/\/api.w.org\/{rel}","templated":true}]}}