{"id":13095,"date":"2025-09-30T20:36:58","date_gmt":"2025-09-30T20:36:58","guid":{"rendered":"https:\/\/lightgray-crow-170497.hostingersite.com\/?post_type=product&#038;p=13095"},"modified":"2025-09-30T20:36:58","modified_gmt":"2025-09-30T20:36:58","slug":"stihl-debroussailleuse-fs-261-c-e","status":"publish","type":"product","link":"https:\/\/routinesfashione.com\/en\/produit\/stihl-debroussailleuse-fs-261-c-e\/","title":{"rendered":"STIHL D\u00e9broussailleuse FS 261 C-E"},"content":{"rendered":"<p>Con\u00e7ue pour les professionnels de l\u2019am\u00e9nagement paysager et les municipalit\u00e9s, la d\u00e9broussailleuse thermique FS 261 C-E est particuli\u00e8rement adapt\u00e9e aux travaux de fauchage intense ou de d\u00e9pressage en for\u00eat. Son r\u00e9ducteur \u00e0 point graissant et son moteur puissant garantissent performance et fiabilit\u00e9. Son diam\u00e8tre de fauchage de 520 mm en utilisation filaire (vs 480 mm sur la FS 260 C-EM) permet un fauchage plus efficace (<strong>+20% de rendement<\/strong>).<\/p>\n<ul>\n<li><strong>Moteur 2-temps \u00e0 balayage stratifi\u00e9\u00a0<\/strong>: puissant et \u00e9conomique en carburant.<\/li>\n<li><strong>Large diam\u00e8tre de fauchage<\/strong>\u00a0: passage d\u2019un diam\u00e8tre de 480 \u00e0 520 mm pour un travail plus efficace et rapide, notamment sur des grandes superficies.<\/li>\n<li><strong>Polyvalente\u00a0<\/strong>: la d\u00e9broussailleuse FS 261 C-EM peut \u00eatre utilis\u00e9e avec de nombreux outils de coupe (t\u00eate faucheuse, couteau \u00e0 herbe, couteau \u00e0 taillis ou lame de scie circulaire). La machine est \u00e9quip\u00e9e de s\u00e9rie du couteau taillis 300-3.<\/li>\n<li><strong>Guidon ergonomique<\/strong>\u00a0: r\u00e9glable sans outil, le guidon en col de cygne augmente l\u2019amplitude du fauchage et garantit un grand confort lors de l\u2019utilisation.<\/li>\n<li><strong>Poign\u00e9e multifonction\u00a0<\/strong>: simple d\u2019utilisation, elle permet de g\u00e9rer toutes les commandes \u00e0 une seule main.<\/li>\n<li><strong>Nouveau capot protecteur pour t\u00eates faucheuses<\/strong>\u00a0: il permet un meilleur stockage de l&#8217;outil, une meilleure visibilit\u00e9 et une meilleure protection contre les projections.<\/li>\n<li><strong>Fiable et performante\u00a0<\/strong>: gr\u00e2ce au r\u00e9ducteur \u00e0 point graissant, la fiabilit\u00e9 de la machine est pr\u00e9serv\u00e9e avec une vitesse de transmission l\u00e9g\u00e8rement r\u00e9duite. Le couple disponible facilite les travaux dans les zones difficiles tout en b\u00e9n\u00e9ficiant d\u2019une grande largeur de coupe.<\/li>\n<li><strong>STIHL ErgoStart<\/strong>\u00a0: il assure un d\u00e9marrage facile et sans \u00e0-coups.<\/li>\n<li><strong>Plus de confort pour l\u2019utilisateur<\/strong>\u00a0: la d\u00e9broussailleuse FS 261 C-E est livr\u00e9e avec\u00a0\u00a0qui r\u00e9partit uniform\u00e9ment le poids de la machine sur vos \u00e9paules. Le syst\u00e8me anti-vibrations vient ajouter encore plus de confort, notamment pour les longues sessions de travail.<\/li>\n<\/ul>","protected":false},"excerpt":{"rendered":"<p>Con\u00e7ue pour les professionnels de l\u2019am\u00e9nagement paysager et les municipalit\u00e9s, la d\u00e9broussailleuse thermique FS 261 C-E est particuli\u00e8rement adapt\u00e9e aux<\/p>","protected":false},"featured_media":13096,"template":"","meta":[],"product_brand":[],"product_cat":[61],"product_tag":[],"product_country":[1503],"class_list":{"0":"post-13095","1":"product","2":"type-product","3":"status-publish","4":"has-post-thumbnail","6":"product_cat-sale-france","7":"product_country-france","9":"first","10":"instock","11":"sale","12":"taxable","13":"shipping-taxable","14":"purchasable","15":"product-type-simple"},"_links":{"self":[{"href":"https:\/\/routinesfashione.com\/en\/wp-json\/wp\/v2\/product\/13095","targetHints":{"allow":["GET"]}}],"collection":[{"href":"https:\/\/routinesfashione.com\/en\/wp-json\/wp\/v2\/product"}],"about":[{"href":"https:\/\/routinesfashione.com\/en\/wp-json\/wp\/v2\/types\/product"}],"wp:featuredmedia":[{"embeddable":true,"href":"https:\/\/routinesfashione.com\/en\/wp-json\/wp\/v2\/media\/13096"}],"wp:attachment":[{"href":"https:\/\/routinesfashione.com\/en\/wp-json\/wp\/v2\/media?parent=13095"}],"wp:term":[{"taxonomy":"product_brand","embeddable":true,"href":"https:\/\/routinesfashione.com\/en\/wp-json\/wp\/v2\/product_brand?post=13095"},{"taxonomy":"product_cat","embeddable":true,"href":"https:\/\/routinesfashione.com\/en\/wp-json\/wp\/v2\/product_cat?post=13095"},{"taxonomy":"product_tag","embeddable":true,"href":"https:\/\/routinesfashione.com\/en\/wp-json\/wp\/v2\/product_tag?post=13095"},{"taxonomy":"product_country","embeddable":true,"href":"https:\/\/routinesfashione.com\/en\/wp-json\/wp\/v2\/product_country?post=13095"}],"curies":[{"name":"wp","href":"https:\/\/api.w.org\/{rel}","templated":true}]}}