{"id":132,"date":"2025-09-30T20:55:56","date_gmt":"2025-09-30T20:55:56","guid":{"rendered":"https:\/\/lightgray-crow-170497.hostingersite.com\/?post_type=product&#038;p=132"},"modified":"2025-09-30T20:55:56","modified_gmt":"2025-09-30T20:55:56","slug":"stiga-grasmaaier-benzine-multiclip-750-s","status":"publish","type":"product","link":"https:\/\/routinesfashione.com\/en\/produit\/stiga-grasmaaier-benzine-multiclip-750-s\/","title":{"rendered":"Tondeuse \u00e0 gazon \u00e0 essence Stiga Multiclip 750 S"},"content":{"rendered":"<h3 data-start=\"146\" data-end=\"181\"><strong data-start=\"153\" data-end=\"179\">Description du produit<\/strong><\/h3>\n<p data-start=\"182\" data-end=\"659\">La <strong data-start=\"185\" data-end=\"210\">Stiga Multiclip 750 S<\/strong> est une tondeuse \u00e0 gazon thermique <strong data-start=\"246\" data-end=\"263\">autopropuls\u00e9e<\/strong> sp\u00e9cialement con\u00e7ue pour le <strong data-start=\"292\" data-end=\"304\">mulching<\/strong>. Elle broie finement l\u2019herbe et la red\u00e9pose sur la pelouse pour nourrir le gazon et r\u00e9duire le ramassage. Robuste et puissante, elle est \u00e9quip\u00e9e d\u2019un moteur \u00e0 essence performant et d\u2019un carter en acier durable. Sa largeur de coupe g\u00e9n\u00e9reuse et son syst\u00e8me d\u2019avancement automatique assurent une tonte rapide et confortable, m\u00eame sur de grandes surfaces.<\/p>\n<hr data-start=\"661\" data-end=\"664\" \/>\n<h3 data-start=\"666\" data-end=\"706\"><strong data-start=\"673\" data-end=\"704\">Caract\u00e9ristiques techniques<\/strong><\/h3>\n<div class=\"_tableContainer_1rjym_1\">\n<div class=\"group _tableWrapper_1rjym_13 flex w-fit flex-col-reverse\" tabindex=\"-1\">\n<table class=\"w-fit min-w-(--thread-content-width)\" data-start=\"708\" data-end=\"1550\">\n<thead data-start=\"708\" data-end=\"744\">\n<tr data-start=\"708\" data-end=\"744\">\n<th data-start=\"708\" data-end=\"730\" data-col-size=\"sm\"><strong data-start=\"710\" data-end=\"729\">Caract\u00e9ristique<\/strong><\/th>\n<th data-start=\"730\" data-end=\"744\" data-col-size=\"md\"><strong data-start=\"732\" data-end=\"742\">D\u00e9tail<\/strong><\/th>\n<\/tr>\n<\/thead>\n<tbody data-start=\"782\" data-end=\"1550\">\n<tr data-start=\"782\" data-end=\"843\">\n<td data-start=\"782\" data-end=\"793\" data-col-size=\"sm\"><strong data-start=\"784\" data-end=\"792\">Type<\/strong><\/td>\n<td data-start=\"793\" data-end=\"843\" data-col-size=\"md\">Tondeuse thermique autopropuls\u00e9e pour mulching<\/td>\n<\/tr>\n<tr data-start=\"844\" data-end=\"882\">\n<td data-start=\"844\" data-end=\"857\" data-col-size=\"sm\"><strong data-start=\"846\" data-end=\"856\">Mod\u00e8le<\/strong><\/td>\n<td data-start=\"857\" data-end=\"882\" data-col-size=\"md\">Stiga Multiclip 750 S<\/td>\n<\/tr>\n<tr data-start=\"883\" data-end=\"934\">\n<td data-start=\"883\" data-end=\"906\" data-col-size=\"sm\"><strong data-start=\"885\" data-end=\"905\">Source d\u2019\u00e9nergie<\/strong><\/td>\n<td data-start=\"906\" data-end=\"934\" data-col-size=\"md\">Essence \u2013 moteur 4 temps<\/td>\n<\/tr>\n<tr data-start=\"935\" data-end=\"1000\">\n<td data-start=\"935\" data-end=\"956\" data-col-size=\"sm\"><strong data-start=\"937\" data-end=\"955\">Type de moteur<\/strong><\/td>\n<td data-start=\"956\" data-end=\"1000\" data-col-size=\"md\">STIGA ST 170 OHV Autochoke ou \u00e9quivalent<\/td>\n<\/tr>\n<tr data-start=\"1001\" data-end=\"1036\">\n<td data-start=\"1001\" data-end=\"1017\" data-col-size=\"sm\"><strong data-start=\"1003\" data-end=\"1016\">Cylindr\u00e9e<\/strong><\/td>\n<td data-start=\"1017\" data-end=\"1036\" data-col-size=\"md\">Environ 166 cm\u00b3<\/td>\n<\/tr>\n<tr data-start=\"1037\" data-end=\"1069\">\n<td data-start=\"1037\" data-end=\"1060\" data-col-size=\"sm\"><strong data-start=\"1039\" data-end=\"1059\">Largeur de coupe<\/strong><\/td>\n<td data-start=\"1060\" data-end=\"1069\" data-col-size=\"md\">48 cm<\/td>\n<\/tr>\n<tr data-start=\"1070\" data-end=\"1146\">\n<td data-start=\"1070\" data-end=\"1101\" data-col-size=\"sm\"><strong data-start=\"1072\" data-end=\"1100\">R\u00e9glage hauteur de coupe<\/strong><\/td>\n<td data-start=\"1101\" data-end=\"1146\" data-col-size=\"md\">Centralis\u00e9, env. 31 \u2013 75 mm (5 positions)<\/td>\n<\/tr>\n<tr data-start=\"1147\" data-end=\"1216\">\n<td data-start=\"1147\" data-end=\"1182\" data-col-size=\"sm\"><strong data-start=\"1149\" data-end=\"1181\">Capacit\u00e9 du bac de ramassage<\/strong><\/td>\n<td data-start=\"1182\" data-end=\"1216\" data-col-size=\"md\">\u2014 (sp\u00e9cial mulching, sans bac)<\/td>\n<\/tr>\n<tr data-start=\"1217\" data-end=\"1280\">\n<td data-start=\"1217\" data-end=\"1244\" data-col-size=\"sm\"><strong data-start=\"1219\" data-end=\"1243\">Syst\u00e8me d\u2019avancement<\/strong><\/td>\n<td data-start=\"1244\" data-end=\"1280\" data-col-size=\"md\">Autopropuls\u00e9e (traction arri\u00e8re)<\/td>\n<\/tr>\n<tr data-start=\"1281\" data-end=\"1329\">\n<td data-start=\"1281\" data-end=\"1297\" data-col-size=\"sm\"><strong data-start=\"1283\" data-end=\"1296\">Fonctions<\/strong><\/td>\n<td data-start=\"1297\" data-end=\"1329\" data-col-size=\"md\">Mulching + \u00e9jection lat\u00e9rale<\/td>\n<\/tr>\n<tr data-start=\"1330\" data-end=\"1382\">\n<td data-start=\"1330\" data-end=\"1355\" data-col-size=\"sm\"><strong data-start=\"1332\" data-end=\"1354\">Mat\u00e9riau du carter<\/strong><\/td>\n<td data-start=\"1355\" data-end=\"1382\" data-col-size=\"md\">Acier galvanis\u00e9 robuste<\/td>\n<\/tr>\n<tr data-start=\"1383\" data-end=\"1434\">\n<td data-start=\"1383\" data-end=\"1396\" data-col-size=\"sm\"><strong data-start=\"1385\" data-end=\"1395\">Guidon<\/strong><\/td>\n<td data-start=\"1396\" data-end=\"1434\" data-col-size=\"md\">Ergonomique, r\u00e9glable et repliable<\/td>\n<\/tr>\n<tr data-start=\"1435\" data-end=\"1461\">\n<td data-start=\"1435\" data-end=\"1447\" data-col-size=\"sm\"><strong data-start=\"1437\" data-end=\"1446\">Poids<\/strong><\/td>\n<td data-start=\"1447\" data-end=\"1461\" data-col-size=\"md\">Env. 35 kg<\/td>\n<\/tr>\n<\/tbody>\n<\/table>\n<\/div>\n<\/div>","protected":false},"excerpt":{"rendered":"<p>Description du produit La Stiga Multiclip 750 S est une tondeuse \u00e0 gazon thermique autopropuls\u00e9e sp\u00e9cialement con\u00e7ue pour le mulching.<\/p>","protected":false},"featured_media":19431,"template":"","meta":[],"product_brand":[],"product_cat":[64],"product_tag":[65],"product_country":[1503],"class_list":{"0":"post-132","1":"product","2":"type-product","3":"status-publish","4":"has-post-thumbnail","6":"product_cat-movers","7":"product_tag-movers","8":"product_country-france","10":"first","11":"instock","12":"sale","13":"taxable","14":"shipping-taxable","15":"purchasable","16":"product-type-simple"},"_links":{"self":[{"href":"https:\/\/routinesfashione.com\/en\/wp-json\/wp\/v2\/product\/132","targetHints":{"allow":["GET"]}}],"collection":[{"href":"https:\/\/routinesfashione.com\/en\/wp-json\/wp\/v2\/product"}],"about":[{"href":"https:\/\/routinesfashione.com\/en\/wp-json\/wp\/v2\/types\/product"}],"wp:featuredmedia":[{"embeddable":true,"href":"https:\/\/routinesfashione.com\/en\/wp-json\/wp\/v2\/media\/19431"}],"wp:attachment":[{"href":"https:\/\/routinesfashione.com\/en\/wp-json\/wp\/v2\/media?parent=132"}],"wp:term":[{"taxonomy":"product_brand","embeddable":true,"href":"https:\/\/routinesfashione.com\/en\/wp-json\/wp\/v2\/product_brand?post=132"},{"taxonomy":"product_cat","embeddable":true,"href":"https:\/\/routinesfashione.com\/en\/wp-json\/wp\/v2\/product_cat?post=132"},{"taxonomy":"product_tag","embeddable":true,"href":"https:\/\/routinesfashione.com\/en\/wp-json\/wp\/v2\/product_tag?post=132"},{"taxonomy":"product_country","embeddable":true,"href":"https:\/\/routinesfashione.com\/en\/wp-json\/wp\/v2\/product_country?post=132"}],"curies":[{"name":"wp","href":"https:\/\/api.w.org\/{rel}","templated":true}]}}