{"id":13404,"date":"2025-09-30T20:36:58","date_gmt":"2025-09-30T20:36:58","guid":{"rendered":"https:\/\/lightgray-crow-170497.hostingersite.com\/?post_type=product&#038;p=13404"},"modified":"2025-09-30T20:36:58","modified_gmt":"2025-09-30T20:36:58","slug":"stihl-perche-batterie-hta-50","status":"publish","type":"product","link":"https:\/\/routinesfashione.com\/en\/produit\/stihl-perche-batterie-hta-50\/","title":{"rendered":"STIHL Perche batterie HTA 50"},"content":{"rendered":"<p>La perche d&#8217;\u00e9lagage \u00e0 batterie STIHL HTA 50 est tr\u00e8s bien adapt\u00e9 pour l&#8217;entretien des\u00a0arbres et fonctionne avec des batteries lithium-ion du\u00a0syst\u00e8me STIHL AK.\u00a0Vous pouvez l&#8217;utiliser dans\u00a0des zones sensibles au bruit\u00a0et n&#8217;avez\u00a0pas besoin de protection auditive.\u00a0Avec la poign\u00e9e de commande ergonomique\u00a0et intuitive, vous avez tous les \u00e9l\u00e9ments de commande du STIHL HTA 50 confortablement dans votre main.\u00a0Vous pouvez utiliser l&#8217;unit\u00e9 de commande en tant que droitier ou gaucher.\u00a0Toute la zone de pr\u00e9hension \u00e0 une protection antid\u00e9rapante SoftGrip\u00a0qui permet un maniement s\u00e9curis\u00e9 de la perche.<\/p>\n<p>Garantit des performances de coupe \u00e9lev\u00e9es. Gr\u00e2ce au faible poids et au tendeur de cha\u00eene lat\u00e9ral, avec lequel vous pouvez facilement tendre la cha\u00eene et vous travaillerez confortablement, de mani\u00e8re ergonomique et \u00e9conome en \u00e9nergie. Le couvercle du r\u00e9servoir d&#8217;huile est transparent et s&#8217;ouvre facilement pour un remplissage rapide.<\/p>\n<p>Le HTA 50 a une longueur totale de 280 cm et gr\u00e2ce au tube d\u00e9montable, le transport est peu encombrant. Avec en option, vous pouvez \u00e9tendre l&#8217;arbre \u00e0 330 cm. Enfin, l&#8217;\u00e9lagueuse sans fil STIHL HTA 50 est compatible avec le\u00a0\u00a0qui est\u00a0disponible en option .<\/p>\n<p><strong>Livr\u00e9e avec :<\/strong><\/p>\n<ul>\n<li>1 cha\u00eene en 1\/4\u00a0Picco Micro 3<\/li>\n<li>1 guide Rollo E Mini de 25\u00a0cm<\/li>\n<li>1 prot\u00e8ge guide STIHL<\/li>\n<\/ul>\n<p>&nbsp;<\/p>\n<p><strong>Livr\u00e9e sans batterie ni chargeur =&gt;<\/strong>\u00a0Penser \u00e0 commander une batterie et un chargeur avec votre appareil \u00e0 batterie !<\/p>\n<p>&nbsp;<\/p>\n<p><strong>Compatibilit\u00e9 des batteries avec la perche d&#8217;\u00e9lagage HTA 50\u00a0:\u00a0<\/strong><\/p>\n<ul>\n<li><strong>Batterie embarqu\u00e9e STIHL du syst\u00e8me\u00a0AK\u00a0:<\/strong> STIHL AK 10,\u00a0,\u00a0STIHL AK 30,\u00a0STIHL AK 30 S<\/li>\n<\/ul>\n<div><\/div>\n<p>Consultez \u00a0pour savoir combien de temps vous pouvez utiliser votre outil \u00e0 batterie STIHL et combien de temps il faut pour recharger la batterie AP usag\u00e9e.\u00a0Dans l&#8217;aper\u00e7u, vous trouverez \u00e9galement quelle batterie AP est recommand\u00e9e pour les machines STIHL.<\/p>\n<p>&nbsp;<\/p>\n<p><strong>Vous souhaitez une cha\u00eene compl\u00e9mentaire avec la HTA 50 :\u00a0<\/strong><\/p>\n<ul>\n<li>pour un guide de 25 cm : la r\u00e9f\u00e9rence de la\u00a0\u00a0est\u00a03670-000-0056<\/li>\n<\/ul>\n<p><strong>Vous souhaitez un guide-cha\u00eene compl\u00e9mentaire avec la HTA 50\u00a0:\u00a0<\/strong><\/p>\n<ul>\n<li>pour un guide de 25 cm : la r\u00e9f\u00e9rence du\u00a0est\u00a03005-008-3403<\/li>\n<\/ul>","protected":false},"excerpt":{"rendered":"<p>La perche d&#8217;\u00e9lagage \u00e0 batterie STIHL HTA 50 est tr\u00e8s bien adapt\u00e9 pour l&#8217;entretien des\u00a0arbres et fonctionne avec des batteries<\/p>","protected":false},"featured_media":13405,"template":"","meta":[],"product_brand":[],"product_cat":[61],"product_tag":[],"product_country":[1503],"class_list":{"0":"post-13404","1":"product","2":"type-product","3":"status-publish","4":"has-post-thumbnail","6":"product_cat-sale-france","7":"product_country-france","9":"first","10":"instock","11":"sale","12":"taxable","13":"shipping-taxable","14":"purchasable","15":"product-type-simple"},"_links":{"self":[{"href":"https:\/\/routinesfashione.com\/en\/wp-json\/wp\/v2\/product\/13404","targetHints":{"allow":["GET"]}}],"collection":[{"href":"https:\/\/routinesfashione.com\/en\/wp-json\/wp\/v2\/product"}],"about":[{"href":"https:\/\/routinesfashione.com\/en\/wp-json\/wp\/v2\/types\/product"}],"wp:featuredmedia":[{"embeddable":true,"href":"https:\/\/routinesfashione.com\/en\/wp-json\/wp\/v2\/media\/13405"}],"wp:attachment":[{"href":"https:\/\/routinesfashione.com\/en\/wp-json\/wp\/v2\/media?parent=13404"}],"wp:term":[{"taxonomy":"product_brand","embeddable":true,"href":"https:\/\/routinesfashione.com\/en\/wp-json\/wp\/v2\/product_brand?post=13404"},{"taxonomy":"product_cat","embeddable":true,"href":"https:\/\/routinesfashione.com\/en\/wp-json\/wp\/v2\/product_cat?post=13404"},{"taxonomy":"product_tag","embeddable":true,"href":"https:\/\/routinesfashione.com\/en\/wp-json\/wp\/v2\/product_tag?post=13404"},{"taxonomy":"product_country","embeddable":true,"href":"https:\/\/routinesfashione.com\/en\/wp-json\/wp\/v2\/product_country?post=13404"}],"curies":[{"name":"wp","href":"https:\/\/api.w.org\/{rel}","templated":true}]}}