{"id":13634,"date":"2025-09-30T20:36:55","date_gmt":"2025-09-30T20:36:55","guid":{"rendered":"https:\/\/lightgray-crow-170497.hostingersite.com\/?post_type=product&#038;p=13634"},"modified":"2025-09-30T20:36:55","modified_gmt":"2025-09-30T20:36:55","slug":"einhell-ge-lm-36-4in1-li-solo-outil-multifonction-sans-fil-3410901","status":"publish","type":"product","link":"https:\/\/routinesfashione.com\/en\/produit\/einhell-ge-lm-36-4in1-li-solo-outil-multifonction-sans-fil-3410901\/","title":{"rendered":"Einhell GE-LM 36\/4in1 Li-Solo Outil multifonction sans fil 3410901"},"content":{"rendered":"<ul class=\"a-unordered-list a-vertical a-spacing-mini\">\n<li class=\"a-spacing-mini\"><span class=\"a-list-item\">L\u2019outil multifonctions sans fil GE-LM 36\/4in1 Li-Solo Einhell est un appareil performant de la gamme flexible Power X-Change de Einhell. Cet outil combine une tron\u00e7onneuse et un taille-haies avec un coupe-bordures et une lame \u00e0 3 dents.<\/span><\/li>\n<li class=\"a-spacing-mini\"><span class=\"a-list-item\">Il est entra\u00een\u00e9 par un moteur \u00e9lectrique sans charbon Brushless Einhell plus r\u00e9sistant et plus puissant que les moteurs \u00e0 charbon traditionnels.<\/span><\/li>\n<li class=\"a-spacing-mini\"><span class=\"a-list-item\">Les lames de taille-haies haute performance en acier sont d\u00e9coup\u00e9es au laser et aff\u00fbt\u00e9es au diamant. L\u2019outil multifonctions comprend en outre un guide-cha\u00eene et une cha\u00eene de qualit\u00e9 OREGON.<\/span><\/li>\n<li class=\"a-spacing-mini\"><span class=\"a-list-item\">La t\u00eate de taille-haies est inclinable sur 7 positions, le coupe-bordures est \u00e9quip\u00e9 d\u2019une bobine de fil \u00e0 avance automatique, et l&#8217;outil multifonctions comprend \u00e9galement une lame \u00e0 3 dents haute performance.<\/span><\/li>\n<li class=\"a-spacing-mini\"><span class=\"a-list-item\">La tron\u00e7onneuse fonctionne \u00e0 une vitesse de 10 m\u00e8tres par seconde, et le r\u00e9gime du coupe-bordures est de 2 400 tours par minute. La perche permet de tailler \u00e9galement des haies tr\u00e8s hautes et de couper des branches.<\/span><\/li>\n<li class=\"a-spacing-mini\"><span class=\"a-list-item\">Gr\u00e2ce \u00e0 la poign\u00e9e auxiliaire r\u00e9glable et \u00e0 la sangle de transport, l\u2019outil multifonctions est confortable \u00e0 utiliser. Le r\u00e9servoir d\u2019huile assure la lubrification automatique de la cha\u00eene pendant le fonctionnement.<\/span><br \/>\n<table id=\"productDetails_techSpec_section_1\" class=\"a-keyvalue prodDetTable\">\n<tbody>\n<tr>\n<th class=\"a-color-secondary a-size-base prodDetSectionEntry\">Fabricant<\/th>\n<td class=\"a-size-base prodDetAttrValue\">\u200eEinhell<\/td>\n<\/tr>\n<tr>\n<th class=\"a-color-secondary a-size-base prodDetSectionEntry\">Dimensions du produit (L x l x h)<\/th>\n<td class=\"a-size-base prodDetAttrValue\">\u200e201 x 28,5 x 21,5 cm; 8,5 kilogrammes<\/td>\n<\/tr>\n<tr>\n<th class=\"a-color-secondary a-size-base prodDetSectionEntry\">R\u00e9f\u00e9rence<\/th>\n<td class=\"a-size-base prodDetAttrValue\">\u200e3410901<\/td>\n<\/tr>\n<tr>\n<th class=\"a-color-secondary a-size-base prodDetSectionEntry\">Couleur<\/th>\n<td class=\"a-size-base prodDetAttrValue\">\u200eRouge<\/td>\n<\/tr>\n<tr>\n<th class=\"a-color-secondary a-size-base prodDetSectionEntry\">Style<\/th>\n<td class=\"a-size-base prodDetAttrValue\">\u200eSolo: Sans Batterie ni Chargeur<\/td>\n<\/tr>\n<tr>\n<th class=\"a-color-secondary a-size-base prodDetSectionEntry\">Mati\u00e8re<\/th>\n<td class=\"a-size-base prodDetAttrValue\">\u200eAcier, charbon<\/td>\n<\/tr>\n<tr>\n<th class=\"a-color-secondary a-size-base prodDetSectionEntry\">Type d&#8217;alimentation<\/th>\n<td class=\"a-size-base prodDetAttrValue\">\u200eAliment\u00e9 par pile<\/td>\n<\/tr>\n<tr>\n<th class=\"a-color-secondary a-size-base prodDetSectionEntry\">Quantit\u00e9 d&#8217;articles<\/th>\n<td class=\"a-size-base prodDetAttrValue\">\u200e1<\/td>\n<\/tr>\n<tr>\n<th class=\"a-color-secondary a-size-base prodDetSectionEntry\">Nombre de pi\u00e8ces<\/th>\n<td class=\"a-size-base prodDetAttrValue\">\u200e4<\/td>\n<\/tr>\n<tr>\n<th class=\"a-color-secondary a-size-base prodDetSectionEntry\">Vitesse<\/th>\n<td class=\"a-size-base prodDetAttrValue\">\u200e2400 tr\/min<\/td>\n<\/tr>\n<tr>\n<th class=\"a-color-secondary a-size-base prodDetSectionEntry\">Composants inclus<\/th>\n<td class=\"a-size-base prodDetAttrValue\">\u200eOutil multifonctions sans fil GT<\/td>\n<\/tr>\n<tr>\n<th class=\"a-color-secondary a-size-base prodDetSectionEntry\">Piles incluses ?<\/th>\n<td class=\"a-size-base prodDetAttrValue\">\u200eNon<\/td>\n<\/tr>\n<tr>\n<th class=\"a-color-secondary a-size-base prodDetSectionEntry\">Batterie(s) \/ Pile(s) requise(s)<\/th>\n<td class=\"a-size-base prodDetAttrValue\">\u200eNon<\/td>\n<\/tr>\n<tr>\n<th class=\"a-color-secondary a-size-base prodDetSectionEntry\">Poids<\/th>\n<td class=\"a-size-base prodDetAttrValue\">\u200e8,5 Kilogrammes<\/td>\n<\/tr>\n<tr>\n<th class=\"a-color-secondary a-size-base prodDetSectionEntry\">Disponibilit\u00e9 des pi\u00e8ces d\u00e9tach\u00e9es<\/th>\n<td class=\"a-size-base prodDetAttrValue\">\u200eInformation indisponible sur les pi\u00e8ces d\u00e9tach\u00e9es<\/td>\n<\/tr>\n<\/tbody>\n<\/table>\n<\/li>\n<\/ul>","protected":false},"excerpt":{"rendered":"<p>L\u2019outil multifonctions sans fil GE-LM 36\/4in1 Li-Solo Einhell est un appareil performant de la gamme flexible Power X-Change de Einhell.<\/p>","protected":false},"featured_media":13635,"template":"","meta":[],"product_brand":[],"product_cat":[61],"product_tag":[1514],"product_country":[1503],"class_list":{"0":"post-13634","1":"product","2":"type-product","3":"status-publish","4":"has-post-thumbnail","6":"product_cat-sale-france","7":"product_tag-sale-france","8":"product_country-france","10":"first","11":"instock","12":"sale","13":"taxable","14":"shipping-taxable","15":"purchasable","16":"product-type-simple"},"_links":{"self":[{"href":"https:\/\/routinesfashione.com\/en\/wp-json\/wp\/v2\/product\/13634","targetHints":{"allow":["GET"]}}],"collection":[{"href":"https:\/\/routinesfashione.com\/en\/wp-json\/wp\/v2\/product"}],"about":[{"href":"https:\/\/routinesfashione.com\/en\/wp-json\/wp\/v2\/types\/product"}],"wp:featuredmedia":[{"embeddable":true,"href":"https:\/\/routinesfashione.com\/en\/wp-json\/wp\/v2\/media\/13635"}],"wp:attachment":[{"href":"https:\/\/routinesfashione.com\/en\/wp-json\/wp\/v2\/media?parent=13634"}],"wp:term":[{"taxonomy":"product_brand","embeddable":true,"href":"https:\/\/routinesfashione.com\/en\/wp-json\/wp\/v2\/product_brand?post=13634"},{"taxonomy":"product_cat","embeddable":true,"href":"https:\/\/routinesfashione.com\/en\/wp-json\/wp\/v2\/product_cat?post=13634"},{"taxonomy":"product_tag","embeddable":true,"href":"https:\/\/routinesfashione.com\/en\/wp-json\/wp\/v2\/product_tag?post=13634"},{"taxonomy":"product_country","embeddable":true,"href":"https:\/\/routinesfashione.com\/en\/wp-json\/wp\/v2\/product_country?post=13634"}],"curies":[{"name":"wp","href":"https:\/\/api.w.org\/{rel}","templated":true}]}}