{"id":13876,"date":"2025-09-30T20:36:53","date_gmt":"2025-09-30T20:36:53","guid":{"rendered":"https:\/\/lightgray-crow-170497.hostingersite.com\/?post_type=product&#038;p=13876"},"modified":"2025-09-30T20:36:53","modified_gmt":"2025-09-30T20:36:53","slug":"machine-a-expresso-a-double-chaudiere-bellezza-bellona-edelstahl","status":"publish","type":"product","link":"https:\/\/routinesfashione.com\/en\/produit\/machine-a-expresso-a-double-chaudiere-bellezza-bellona-edelstahl\/","title":{"rendered":"Machine \u00e0 expresso \u00e0 double chaudi\u00e8re Bellezza Bellona Edelstahl"},"content":{"rendered":"<p>La\u00a0<strong>Bellezza Bellona<\/strong>\u00a0a \u00e9t\u00e9 con\u00e7ue pour les baristas amateurs qui ne font aucun compromis sur le design, la technologie ou le go\u00fbt. Avec son syst\u00e8me avanc\u00e9 de double chaudi\u00e8re, son temps de chauffe de seulement\u00a0<strong>3 minutes<\/strong>\u00a0et son bo\u00eetier sophistiqu\u00e9 en acier inoxydable poli, elle allie ing\u00e9nierie allemande et plaisir d&#8217;un expresso parfait.<\/p>\n<h2>Aper\u00e7u des points forts<\/h2>\n<ul>\n<li><strong>Syst\u00e8me de chaudi\u00e8re double<\/strong>\u00a0: Deux chaudi\u00e8res ind\u00e9pendantes en acier inoxydable (0,5 l de caf\u00e9, 1,0 l de vapeur) \u2013 une infusion parfaite et une mousse de lait en m\u00eame temps.<\/li>\n<li><strong>Contr\u00f4le PID<\/strong>\u00a0: R\u00e9glage pr\u00e9cis de la temp\u00e9rature d&#8217;infusion (88\u201396 \u00b0C) et de la temp\u00e9rature de la vapeur (110\u2013135 \u00b0C) \u2013 pour une extraction parfaite de chaque type de grain.<\/li>\n<li><strong>Pompe \u00e0 vibrations silencieuse<\/strong>\u00a0: Fonctionnement ultra-silencieux pour des moments de barista d\u00e9tendus \u00e0 la maison ou au bureau.<\/li>\n<li><strong>Minuterie de prise de vue<\/strong>\u00a0: contr\u00f4lez le temps d&#8217;infusion \u00e0 la seconde pr\u00e8s \u2013 \u00e9vitez la sur- ou la sous-extraction.<\/li>\n<li><strong>R\u00e9servoir d&#8217;eau design<\/strong>\u00a0: r\u00e9cipient rond en verre ext\u00e9rieur (1,8 l) \u2013 peut \u00eatre positionn\u00e9 de mani\u00e8re flexible et constitue un v\u00e9ritable accroche-regard.<\/li>\n<li><strong>Groupe de brassage en acier inoxydable Bellezza<\/strong>\u00a0: D\u00e9veloppement interne pour une stabilit\u00e9 maximale de la temp\u00e9rature et une extraction uniforme.<\/li>\n<li><strong>Grand levier de vapeur et manom\u00e8tre de pompe<\/strong>\u00a0: contr\u00f4le total lors de la pr\u00e9paration de la mousse de lait et de l&#8217;espresso.<\/li>\n<li><strong>Mode ECO<\/strong>\u00a0: \u00c9conomie d&#8217;\u00e9nergie gr\u00e2ce \u00e0 l&#8217;arr\u00eat automatique \u2013 pour un plaisir de caf\u00e9 durable.<\/li>\n<\/ul>\n<h2>Donn\u00e9es techniques<\/h2>\n<table>\n<tbody>\n<tr>\n<td>Type de machine<\/td>\n<td>Chaudi\u00e8re double avec circuits d&#8217;eau s\u00e9par\u00e9s<\/td>\n<\/tr>\n<tr>\n<td>Chaudi\u00e8re de brassage<\/td>\n<td>0,5 l en acier inoxydable<\/td>\n<\/tr>\n<tr>\n<td>chaudi\u00e8re \u00e0 vapeur<\/td>\n<td>1,0 l en acier inoxydable<\/td>\n<\/tr>\n<tr>\n<td>Temps de chauffage<\/td>\n<td>environ 3 minutes<\/td>\n<\/tr>\n<tr>\n<td>Type de pompe<\/td>\n<td>Pompe \u00e0 vibrations silencieuse<\/td>\n<\/tr>\n<tr>\n<td>Groupe brassicole<\/td>\n<td>Groupe de brassage en acier inoxydable Bellezza<\/td>\n<\/tr>\n<tr>\n<td>Contr\u00f4le de la temp\u00e9rature<\/td>\n<td>Contr\u00f4le PID<\/td>\n<\/tr>\n<tr>\n<td>r\u00e9servoir d&#8217;eau<\/td>\n<td>R\u00e9cipient ext\u00e9rieur en verre, 1,8 l<\/td>\n<\/tr>\n<tr>\n<td>Performance<\/td>\n<td>2000 W<\/td>\n<\/tr>\n<tr>\n<td>Dimensions (LxHxP)<\/td>\n<td>environ 21 \u00d7 41,5 \u00d7 37 cm<\/td>\n<\/tr>\n<tr>\n<td>Poids<\/td>\n<td>environ 23 kg<\/td>\n<\/tr>\n<tr>\n<td>mat\u00e9riel<\/td>\n<td>100% acier inoxydable (304)<\/td>\n<\/tr>\n<tr>\n<td>Couleurs<\/td>\n<td>Acier inoxydable poli ou noir mat<\/td>\n<\/tr>\n<\/tbody>\n<\/table>","protected":false},"excerpt":{"rendered":"<p>La\u00a0Bellezza Bellona\u00a0a \u00e9t\u00e9 con\u00e7ue pour les baristas amateurs qui ne font aucun compromis sur le design, la technologie ou le<\/p>","protected":false},"featured_media":28828,"template":"","meta":[],"product_brand":[],"product_cat":[61],"product_tag":[1514],"product_country":[1503],"class_list":{"0":"post-13876","1":"product","2":"type-product","3":"status-publish","4":"has-post-thumbnail","6":"product_cat-sale-france","7":"product_tag-sale-france","8":"product_country-france","10":"first","11":"instock","12":"sale","13":"taxable","14":"shipping-taxable","15":"purchasable","16":"product-type-simple"},"_links":{"self":[{"href":"https:\/\/routinesfashione.com\/en\/wp-json\/wp\/v2\/product\/13876","targetHints":{"allow":["GET"]}}],"collection":[{"href":"https:\/\/routinesfashione.com\/en\/wp-json\/wp\/v2\/product"}],"about":[{"href":"https:\/\/routinesfashione.com\/en\/wp-json\/wp\/v2\/types\/product"}],"wp:featuredmedia":[{"embeddable":true,"href":"https:\/\/routinesfashione.com\/en\/wp-json\/wp\/v2\/media\/28828"}],"wp:attachment":[{"href":"https:\/\/routinesfashione.com\/en\/wp-json\/wp\/v2\/media?parent=13876"}],"wp:term":[{"taxonomy":"product_brand","embeddable":true,"href":"https:\/\/routinesfashione.com\/en\/wp-json\/wp\/v2\/product_brand?post=13876"},{"taxonomy":"product_cat","embeddable":true,"href":"https:\/\/routinesfashione.com\/en\/wp-json\/wp\/v2\/product_cat?post=13876"},{"taxonomy":"product_tag","embeddable":true,"href":"https:\/\/routinesfashione.com\/en\/wp-json\/wp\/v2\/product_tag?post=13876"},{"taxonomy":"product_country","embeddable":true,"href":"https:\/\/routinesfashione.com\/en\/wp-json\/wp\/v2\/product_country?post=13876"}],"curies":[{"name":"wp","href":"https:\/\/api.w.org\/{rel}","templated":true}]}}