{"id":13886,"date":"2025-09-30T20:36:52","date_gmt":"2025-09-30T20:36:52","guid":{"rendered":"https:\/\/lightgray-crow-170497.hostingersite.com\/?post_type=product&#038;p=13886"},"modified":"2025-09-30T20:36:52","modified_gmt":"2025-09-30T20:36:52","slug":"machine-a-cafe-expresso-jura-ena-4-15-bars-11-litre-broyeur-integre-blanc","status":"publish","type":"product","link":"https:\/\/routinesfashione.com\/en\/produit\/machine-a-cafe-expresso-jura-ena-4-15-bars-11-litre-broyeur-integre-blanc\/","title":{"rendered":"Machine \u00e0 caf\u00e9 expresso Jura Ena 4 15 bars 1,1 litre Broyeur int\u00e9gr\u00e9 Blanc"},"content":{"rendered":"<h3>Un bon caf\u00e9, tout simplement<\/h3>\n<p>Quelle est la recette la plus simple pour pr\u00e9parer une tasse de caf\u00e9 d\u2019exception ? L\u2019ENA 4, la nouvelle machine automatique \u00e0 caf\u00e9 une tasse de JURA, est le fruit d\u2019une longue exp\u00e9rience et d\u2019une passion pour les produits intelligents, qui se r\u00e9v\u00e8lent toutes deux dans le go\u00fbt du caf\u00e9.<\/p>\n<p>Appuyez sur une touche et savourez : l\u2019utilisation de l\u2019ENA 4 est aussi simple que cela. Ce nouveau mod\u00e8le permet \u00e9galement de pr\u00e9s\u00e9lectionner trois niveaux d\u2019ar\u00f4me et la fonction Caf\u00e9 moulu.<\/p>\n<p>Fid\u00e8le \u00e0 la devise de JURA \u00ab fra\u00eechement moulu, pas en capsule \u00bb, le broyeur Aroma professionnel garantit un d\u00e9ploiement id\u00e9al des saveurs.<\/p>\n<p>Le proc\u00e9d\u00e9 d\u2019extraction puls\u00e9e (P.E.P.\u00ae) intelligent optimise le temps d\u2019extraction des sp\u00e9cialit\u00e9s courtes et ouvre de nouvelles dimensions aromatiques. En outre, il offre une flexibilit\u00e9 maximale lors de la programmation du volume de la tasse.<\/p>\n<h3 class=\"elementor-image-box-title\">Fra\u00eechement moulue, pas en capsule<\/h3>\n<p class=\"elementor-image-box-description\">Une qualit\u00e9 de caf\u00e9 exceptionnelle gr\u00e2ce au nouveau P.E.P.\u00ae intelligent, pour plus de libert\u00e9 dans la programmation des tasses.<\/p>\n<h3 class=\"elementor-image-box-title\">Rapidit\u00e9<\/h3>\n<p class=\"elementor-image-box-description\">Broyeur Aroma professionnel pour un d\u00e9ploiement de saveurs intenses.<\/p>\n<h3 class=\"elementor-image-box-title\">Simplicit\u00e9<\/h3>\n<p class=\"elementor-image-box-description\">Le plaisir par simple pression d\u2019une touche, gr\u00e2ce \u00e0 une utilisation ais\u00e9e et des fonctions de pr\u00e9s\u00e9lection.<\/p>\n<h3 class=\"elementor-image-box-title\">L\u2019\u00e9l\u00e9gance en version compacte<\/h3>\n<p class=\"elementor-image-box-description\">Un design moderne et compact dans les variantes de couleur attrayantes Full Metropolitan Black et Full Nordic White.<\/p>","protected":false},"excerpt":{"rendered":"<p>Un bon caf\u00e9, tout simplement Quelle est la recette la plus simple pour pr\u00e9parer une tasse de caf\u00e9 d\u2019exception ?<\/p>","protected":false},"featured_media":28784,"template":"","meta":[],"product_brand":[],"product_cat":[61],"product_tag":[1514],"product_country":[1503],"class_list":{"0":"post-13886","1":"product","2":"type-product","3":"status-publish","4":"has-post-thumbnail","6":"product_cat-sale-france","7":"product_tag-sale-france","8":"product_country-france","10":"first","11":"instock","12":"sale","13":"taxable","14":"shipping-taxable","15":"purchasable","16":"product-type-simple"},"_links":{"self":[{"href":"https:\/\/routinesfashione.com\/en\/wp-json\/wp\/v2\/product\/13886","targetHints":{"allow":["GET"]}}],"collection":[{"href":"https:\/\/routinesfashione.com\/en\/wp-json\/wp\/v2\/product"}],"about":[{"href":"https:\/\/routinesfashione.com\/en\/wp-json\/wp\/v2\/types\/product"}],"wp:featuredmedia":[{"embeddable":true,"href":"https:\/\/routinesfashione.com\/en\/wp-json\/wp\/v2\/media\/28784"}],"wp:attachment":[{"href":"https:\/\/routinesfashione.com\/en\/wp-json\/wp\/v2\/media?parent=13886"}],"wp:term":[{"taxonomy":"product_brand","embeddable":true,"href":"https:\/\/routinesfashione.com\/en\/wp-json\/wp\/v2\/product_brand?post=13886"},{"taxonomy":"product_cat","embeddable":true,"href":"https:\/\/routinesfashione.com\/en\/wp-json\/wp\/v2\/product_cat?post=13886"},{"taxonomy":"product_tag","embeddable":true,"href":"https:\/\/routinesfashione.com\/en\/wp-json\/wp\/v2\/product_tag?post=13886"},{"taxonomy":"product_country","embeddable":true,"href":"https:\/\/routinesfashione.com\/en\/wp-json\/wp\/v2\/product_country?post=13886"}],"curies":[{"name":"wp","href":"https:\/\/api.w.org\/{rel}","templated":true}]}}