{"id":13893,"date":"2025-09-30T20:36:52","date_gmt":"2025-09-30T20:36:52","guid":{"rendered":"https:\/\/lightgray-crow-170497.hostingersite.com\/?post_type=product&#038;p=13893"},"modified":"2025-09-30T20:36:52","modified_gmt":"2025-09-30T20:36:52","slug":"virtus-machine-a-cafe-expresso-automatique-1-groupe","status":"publish","type":"product","link":"https:\/\/routinesfashione.com\/en\/produit\/virtus-machine-a-cafe-expresso-automatique-1-groupe\/","title":{"rendered":"Virtus Machine \u00e0 caf\u00e9 expresso automatique 1 groupe"},"content":{"rendered":"<p><strong><em>Petite mais robuste<\/em><\/strong>, est le compromis id\u00e9al pour qui exige un caf\u00e9 parfait dans des espaces de consommation<\/p>\n<p>moindre.<\/p>\n<p>Compos\u00e9e d\u00b4un corps en\u00a0<strong>acier inox<\/strong>, la Marina est constitu\u00e9e par des composants professionnels\u00a0<strong>de +<\/strong><\/p>\n<p><strong>grande qualit\u00e9.<\/strong><\/p>\n<p>Groupe avec chambre de pr\u00e9-infusion estatique permet une pr\u00e9-infusion gentil et homog\u00e8ne.<\/p>\n<p>Contr\u00f4le m\u00e9canique de la temp\u00e9rature de la chaudi\u00e8re &#8211;<\/p>\n<p>Contr\u00f4le \u00e9lectronique ONE &#8211;<\/p>\n<p>Entr\u00e9e d&#8217;eau\u00a0<strong>automatique<\/strong>.<\/p>\n<p>Pompe d&#8217;eau incorpor\u00e9e.<\/p>\n<p>Possibilit\u00e9 de programmation des portions de caf\u00e9 &#8211;<\/p>\n<p>EASY CARE: Cycles de nettoyage\u00a0<strong>automatique<\/strong>s<\/p>\n<p>CUP WARMING: Chauffe-tasses &#8211;<\/p>\n<p>Groups en haut pour tasses jusqu&#8217;aux 14 cm et appui pour des tasses du caf\u00e9 express<\/p>\n<p>Option: &#8211; cappuccino<\/p>","protected":false},"excerpt":{"rendered":"<p>Petite mais robuste, est le compromis id\u00e9al pour qui exige un caf\u00e9 parfait dans des espaces de consommation moindre. Compos\u00e9e<\/p>","protected":false},"featured_media":13894,"template":"","meta":[],"product_brand":[],"product_cat":[61],"product_tag":[1514],"product_country":[1503],"class_list":{"0":"post-13893","1":"product","2":"type-product","3":"status-publish","4":"has-post-thumbnail","6":"product_cat-sale-france","7":"product_tag-sale-france","8":"product_country-france","10":"first","11":"instock","12":"sale","13":"taxable","14":"shipping-taxable","15":"purchasable","16":"product-type-simple"},"_links":{"self":[{"href":"https:\/\/routinesfashione.com\/en\/wp-json\/wp\/v2\/product\/13893","targetHints":{"allow":["GET"]}}],"collection":[{"href":"https:\/\/routinesfashione.com\/en\/wp-json\/wp\/v2\/product"}],"about":[{"href":"https:\/\/routinesfashione.com\/en\/wp-json\/wp\/v2\/types\/product"}],"wp:featuredmedia":[{"embeddable":true,"href":"https:\/\/routinesfashione.com\/en\/wp-json\/wp\/v2\/media\/13894"}],"wp:attachment":[{"href":"https:\/\/routinesfashione.com\/en\/wp-json\/wp\/v2\/media?parent=13893"}],"wp:term":[{"taxonomy":"product_brand","embeddable":true,"href":"https:\/\/routinesfashione.com\/en\/wp-json\/wp\/v2\/product_brand?post=13893"},{"taxonomy":"product_cat","embeddable":true,"href":"https:\/\/routinesfashione.com\/en\/wp-json\/wp\/v2\/product_cat?post=13893"},{"taxonomy":"product_tag","embeddable":true,"href":"https:\/\/routinesfashione.com\/en\/wp-json\/wp\/v2\/product_tag?post=13893"},{"taxonomy":"product_country","embeddable":true,"href":"https:\/\/routinesfashione.com\/en\/wp-json\/wp\/v2\/product_country?post=13893"}],"curies":[{"name":"wp","href":"https:\/\/api.w.org\/{rel}","templated":true}]}}