{"id":14094,"date":"2025-09-30T20:36:50","date_gmt":"2025-09-30T20:36:50","guid":{"rendered":"https:\/\/lightgray-crow-170497.hostingersite.com\/?post_type=product&#038;p=14094"},"modified":"2025-09-30T20:36:50","modified_gmt":"2025-09-30T20:36:50","slug":"delonghi-dinamica-feb3515-b","status":"publish","type":"product","link":"https:\/\/routinesfashione.com\/en\/produit\/delonghi-dinamica-feb3515-b\/","title":{"rendered":"Delonghi Dinamica FEB3515.B"},"content":{"rendered":"<p>L&#8217;expresso broyeur\u00a0<strong>DeLonghi Dinamica FEB 3515.B<\/strong>\u00a0est un best seller, et on comprend pourquoi. Avec son\u00a0<strong>design haut de gamme<\/strong>, une\u00a0<strong>simplicit\u00e9 d&#8217;utilisation<\/strong>\u00a0remarquable et surtout un\u00a0<strong>superbe r\u00e9sultat<\/strong>\u00a0en tasse. Cette cafeti\u00e8re \u00e0 grain est i<strong>d\u00e9ale pour une famille,<\/strong>\u00a0avec ses grands contenants, 4 boissons caf\u00e9 et une buse vapeur !<\/p>\n<h3 class=\"margin-t-0\">Cafeti\u00e8re DeLonghi Dinamica FEB 3515.B au look moderne<\/h3>\n<p>Elle dispose d&#8217;un format plut\u00f4t compact avec toutefois de grands contenants :<\/p>\n<ul>\n<li>Bac \u00e0 eau :\u00a0<strong>1,8 L<\/strong><\/li>\n<li>Bac \u00e0 grains :\u00a0<strong>300 g<\/strong><\/li>\n<li>Bac \u00e0 marc :\u00a0<strong>14 galettes<\/strong><\/li>\n<\/ul>\n<p>Le bac \u00e0 grain dispose d&#8217;un\u00a0<strong>couvercle fum\u00e9<\/strong>\u00a0ainsi qu&#8217;un\u00a0<strong>joint d&#8217;\u00e9tanch\u00e9it\u00e9<\/strong>, pour conserver la qualit\u00e9 et la fraicheur de votre caf\u00e9 en grain.<\/p>\n<h3 class=\"margin-t-0\">Expresso broyeur DeLonghi Dinamica FEB 3515.B intuitif<\/h3>\n<p>Le panneau de commande de la cafeti\u00e8re \u00e0 grain DeLonghi Dinamica est simple pour une grande facilit\u00e9 d&#8217;utilisation. La navigation a \u00e9t\u00e9 pens\u00e9e pour une\u00a0<strong>utilisation toujours plus intuitive<\/strong>.<\/p>\n<p>Vous pouvez programmer simplement l&#8217;ensemble des boissons propos\u00e9es ainsi que le niveau de mouture souhait\u00e9 gr\u00e2ce au\u00a0<strong>moulin acier (13 niveaux)<\/strong>. R\u00e9alisez votre boisson id\u00e9ale en personnalisant vos boissons :\u00a0<strong>longueur, quantit\u00e9 de grains, intensit\u00e9, temp\u00e9rature\u2026<\/strong>\u00a0L&#8217;\u00e9cran d&#8217;affichage graphique permet d&#8217;acc\u00e9der facilement aux r\u00e9glages de la machine ainsi qu&#8217;aux fonctions d&#8217;entretien.<\/p>\n<h3 class=\"margin-t-0\">Machine \u00e0 caf\u00e9 \u00e0 grain Dinamica 3515.B : caf\u00e9 long<\/h3>\n<p>La cafeti\u00e8re DeLonghi Dinamica 3515.B dispose de touches d&#8217;acc\u00e8s direct personnalisables. Tous les utilisateurs pourront acc\u00e9der en un seul geste aux boissons pr\u00e9enregistr\u00e9es.<\/p>\n<p>D\u00e9couvrez\u00a0<strong>4 boissons caf\u00e9\u00a0<\/strong>directement accessibles :\u00a0<strong>Espresso<\/strong>,\u00a0<strong>Caf\u00e9 Classique, Caf\u00e9 long et Lungo<\/strong>. Choisissez de r\u00e9aliser 1 ou 2 tasses simultan\u00e9ment. Pour les amateurs de caf\u00e9 long, type petit-d\u00e9jeuner, la recette\u00a0<strong>&#8222;caf\u00e9 filtre&#8220;\u00a0<\/strong>est faite pour vous. Le caf\u00e9 est\u00a0<strong>extrait par \u00e0-coup et \u00e0 basse pression<\/strong>\u00a0afin d&#8217;obtenir un caf\u00e9 long (l&#8217;\u00e9quivalent d&#8217;un mug) sans amertume et avec un maximum d&#8217;ar\u00f4mes.<\/p>\n<p>Une\u00a0<strong>buse vapeur<\/strong>\u00a0simple vous permettra de r\u00e9aliser Cappuccino, Latte Macchiato, Caf\u00e9 Latte, Flat White et Lait Chaud\u2026 La buse vapeur offre la possibilit\u00e9 d\u2019obtenir de\u00a0<strong>l&#8217;eau chaude<\/strong>\u00a0pour vos th\u00e9s et tisanes.<\/p>\n<h3 class=\"margin-t-0\">Delonghi Dinamica Feb 3515 b : Simple d&#8217;entretien<\/h3>\n<p>L&#8217;\u00e9gouttoir de la Dinamica dispose d&#8217;une grille int\u00e9rieure amovible et d\u00e9montable et l&#8217;\u00e9gouttoir passe au\u00a0<strong>lave-vaisselle<\/strong>\u00a0pour un entretien encore plus simple.<\/p>\n<p>Le syst\u00e8me de\u00a0<strong>rin\u00e7age et de d\u00e9tartrage<\/strong>\u00a0de la machine est\u00a0<strong>totalement automatis\u00e9<\/strong>. Le\u00a0<strong>groupe de percolation est amovible<\/strong>\u00a0et plusieurs \u00e9l\u00e9ments de la machine passent au lave-vaisselle.<\/p>","protected":false},"excerpt":{"rendered":"<p>L&#8217;expresso broyeur\u00a0DeLonghi Dinamica FEB 3515.B\u00a0est un best seller, et on comprend pourquoi. Avec son\u00a0design haut de gamme, une\u00a0simplicit\u00e9 d&#8217;utilisation\u00a0remarquable et<\/p>","protected":false},"featured_media":28686,"template":"","meta":[],"product_brand":[],"product_cat":[61],"product_tag":[1514],"product_country":[1503],"class_list":{"0":"post-14094","1":"product","2":"type-product","3":"status-publish","4":"has-post-thumbnail","6":"product_cat-sale-france","7":"product_tag-sale-france","8":"product_country-france","10":"first","11":"instock","12":"sale","13":"taxable","14":"shipping-taxable","15":"purchasable","16":"product-type-simple"},"_links":{"self":[{"href":"https:\/\/routinesfashione.com\/en\/wp-json\/wp\/v2\/product\/14094","targetHints":{"allow":["GET"]}}],"collection":[{"href":"https:\/\/routinesfashione.com\/en\/wp-json\/wp\/v2\/product"}],"about":[{"href":"https:\/\/routinesfashione.com\/en\/wp-json\/wp\/v2\/types\/product"}],"wp:featuredmedia":[{"embeddable":true,"href":"https:\/\/routinesfashione.com\/en\/wp-json\/wp\/v2\/media\/28686"}],"wp:attachment":[{"href":"https:\/\/routinesfashione.com\/en\/wp-json\/wp\/v2\/media?parent=14094"}],"wp:term":[{"taxonomy":"product_brand","embeddable":true,"href":"https:\/\/routinesfashione.com\/en\/wp-json\/wp\/v2\/product_brand?post=14094"},{"taxonomy":"product_cat","embeddable":true,"href":"https:\/\/routinesfashione.com\/en\/wp-json\/wp\/v2\/product_cat?post=14094"},{"taxonomy":"product_tag","embeddable":true,"href":"https:\/\/routinesfashione.com\/en\/wp-json\/wp\/v2\/product_tag?post=14094"},{"taxonomy":"product_country","embeddable":true,"href":"https:\/\/routinesfashione.com\/en\/wp-json\/wp\/v2\/product_country?post=14094"}],"curies":[{"name":"wp","href":"https:\/\/api.w.org\/{rel}","templated":true}]}}