{"id":141,"date":"2025-09-30T20:55:56","date_gmt":"2025-09-30T20:55:56","guid":{"rendered":"https:\/\/lightgray-crow-170497.hostingersite.com\/?post_type=product&#038;p=141"},"modified":"2025-09-30T20:55:56","modified_gmt":"2025-09-30T20:55:56","slug":"stiga-accu-grasmaaier-collector-543e-kit","status":"publish","type":"product","link":"https:\/\/routinesfashione.com\/en\/produit\/stiga-accu-grasmaaier-collector-543e-kit\/","title":{"rendered":"Kit collecteur pour tondeuse \u00e0 gazon \u00e0 batterie Stiga 543e"},"content":{"rendered":"<h3 data-start=\"145\" data-end=\"180\"><strong data-start=\"152\" data-end=\"178\">Description du produit<\/strong><\/h3>\n<p data-start=\"181\" data-end=\"610\">Le <strong data-start=\"184\" data-end=\"235\">kit collecteur pour tondeuse \u00e0 gazon Stiga 543e<\/strong> est l\u2019accessoire id\u00e9al pour optimiser l\u2019entretien de votre pelouse. Con\u00e7u sp\u00e9cialement pour la tondeuse \u00e0 batterie <strong data-start=\"351\" data-end=\"365\">Stiga 543e<\/strong>, ce bac de ramassage permet de collecter efficacement l\u2019herbe tondue et de maintenir votre jardin propre sans effort suppl\u00e9mentaire. L\u00e9ger et facile \u00e0 installer, il est parfaitement adapt\u00e9 au carter et au syst\u00e8me d\u2019\u00e9jection de votre tondeuse.<\/p>\n<hr data-start=\"612\" data-end=\"615\" \/>\n<h3 data-start=\"617\" data-end=\"657\"><strong data-start=\"624\" data-end=\"655\">Caract\u00e9ristiques techniques<\/strong><\/h3>\n<div class=\"_tableContainer_1rjym_1\">\n<div class=\"group _tableWrapper_1rjym_13 flex w-fit flex-col-reverse\" tabindex=\"-1\">\n<table class=\"w-fit min-w-(--thread-content-width)\" data-start=\"659\" data-end=\"1178\">\n<thead data-start=\"659\" data-end=\"695\">\n<tr data-start=\"659\" data-end=\"695\">\n<th data-start=\"659\" data-end=\"681\" data-col-size=\"sm\"><strong data-start=\"661\" data-end=\"680\">Caract\u00e9ristique<\/strong><\/th>\n<th data-start=\"681\" data-end=\"695\" data-col-size=\"md\"><strong data-start=\"683\" data-end=\"693\">D\u00e9tail<\/strong><\/th>\n<\/tr>\n<\/thead>\n<tbody data-start=\"733\" data-end=\"1178\">\n<tr data-start=\"733\" data-end=\"781\">\n<td data-start=\"733\" data-end=\"744\" data-col-size=\"sm\"><strong data-start=\"735\" data-end=\"743\">Type<\/strong><\/td>\n<td data-start=\"744\" data-end=\"781\" data-col-size=\"md\">Kit collecteur \/ bac de ramassage<\/td>\n<\/tr>\n<tr data-start=\"782\" data-end=\"836\">\n<td data-start=\"782\" data-end=\"802\" data-col-size=\"sm\"><strong data-start=\"784\" data-end=\"801\">Compatibilit\u00e9<\/strong><\/td>\n<td data-start=\"802\" data-end=\"836\" data-col-size=\"md\">Tondeuse \u00e0 batterie Stiga 543e<\/td>\n<\/tr>\n<tr data-start=\"837\" data-end=\"882\">\n<td data-start=\"837\" data-end=\"852\" data-col-size=\"sm\"><strong data-start=\"839\" data-end=\"851\">Fonction<\/strong><\/td>\n<td data-start=\"852\" data-end=\"882\" data-col-size=\"md\">Collecte de l\u2019herbe tondue<\/td>\n<\/tr>\n<tr data-start=\"883\" data-end=\"935\">\n<td data-start=\"883\" data-end=\"898\" data-col-size=\"sm\"><strong data-start=\"885\" data-end=\"897\">Capacit\u00e9<\/strong><\/td>\n<td data-start=\"898\" data-end=\"935\" data-col-size=\"md\">Environ 55 L (selon mod\u00e8le exact)<\/td>\n<\/tr>\n<tr data-start=\"936\" data-end=\"1003\">\n<td data-start=\"936\" data-end=\"951\" data-col-size=\"sm\"><strong data-start=\"938\" data-end=\"950\">Mat\u00e9riau<\/strong><\/td>\n<td data-start=\"951\" data-end=\"1003\" data-col-size=\"md\">Structure plastique robuste et textile r\u00e9sistant<\/td>\n<\/tr>\n<tr data-start=\"1004\" data-end=\"1055\">\n<td data-start=\"1004\" data-end=\"1023\" data-col-size=\"sm\"><strong data-start=\"1006\" data-end=\"1022\">Installation<\/strong><\/td>\n<td data-start=\"1023\" data-end=\"1055\" data-col-size=\"md\">Simple et rapide, sans outil<\/td>\n<\/tr>\n<tr data-start=\"1056\" data-end=\"1089\">\n<td data-start=\"1056\" data-end=\"1068\" data-col-size=\"sm\"><strong data-start=\"1058\" data-end=\"1067\">Poids<\/strong><\/td>\n<td data-start=\"1068\" data-end=\"1089\" data-col-size=\"md\">L\u00e9ger et maniable<\/td>\n<\/tr>\n<\/tbody>\n<\/table>\n<\/div>\n<\/div>","protected":false},"excerpt":{"rendered":"<p>Description du produit Le kit collecteur pour tondeuse \u00e0 gazon Stiga 543e est l\u2019accessoire id\u00e9al pour optimiser l\u2019entretien de votre<\/p>","protected":false},"featured_media":19433,"template":"","meta":[],"product_brand":[],"product_cat":[64],"product_tag":[65],"product_country":[1503],"class_list":{"0":"post-141","1":"product","2":"type-product","3":"status-publish","4":"has-post-thumbnail","6":"product_cat-movers","7":"product_tag-movers","8":"product_country-france","10":"first","11":"instock","12":"sale","13":"taxable","14":"shipping-taxable","15":"purchasable","16":"product-type-simple"},"_links":{"self":[{"href":"https:\/\/routinesfashione.com\/en\/wp-json\/wp\/v2\/product\/141","targetHints":{"allow":["GET"]}}],"collection":[{"href":"https:\/\/routinesfashione.com\/en\/wp-json\/wp\/v2\/product"}],"about":[{"href":"https:\/\/routinesfashione.com\/en\/wp-json\/wp\/v2\/types\/product"}],"wp:featuredmedia":[{"embeddable":true,"href":"https:\/\/routinesfashione.com\/en\/wp-json\/wp\/v2\/media\/19433"}],"wp:attachment":[{"href":"https:\/\/routinesfashione.com\/en\/wp-json\/wp\/v2\/media?parent=141"}],"wp:term":[{"taxonomy":"product_brand","embeddable":true,"href":"https:\/\/routinesfashione.com\/en\/wp-json\/wp\/v2\/product_brand?post=141"},{"taxonomy":"product_cat","embeddable":true,"href":"https:\/\/routinesfashione.com\/en\/wp-json\/wp\/v2\/product_cat?post=141"},{"taxonomy":"product_tag","embeddable":true,"href":"https:\/\/routinesfashione.com\/en\/wp-json\/wp\/v2\/product_tag?post=141"},{"taxonomy":"product_country","embeddable":true,"href":"https:\/\/routinesfashione.com\/en\/wp-json\/wp\/v2\/product_country?post=141"}],"curies":[{"name":"wp","href":"https:\/\/api.w.org\/{rel}","templated":true}]}}