{"id":14148,"date":"2025-09-30T20:36:49","date_gmt":"2025-09-30T20:36:49","guid":{"rendered":"https:\/\/lightgray-crow-170497.hostingersite.com\/?post_type=product&#038;p=14148"},"modified":"2025-09-30T20:36:49","modified_gmt":"2025-09-30T20:36:49","slug":"delonghi-magnifica-s-ecam-22-110-sb","status":"publish","type":"product","link":"https:\/\/routinesfashione.com\/en\/produit\/delonghi-magnifica-s-ecam-22-110-sb\/","title":{"rendered":"DeLonghi Magnifica S ECAM 22.110.SB"},"content":{"rendered":"<p>L\u2019un des mod\u00e8les de machines \u00e0 caf\u00e9 \u00e0 grains De\u2019Longhi les plus populaires de tous les temps. Elle moud fra\u00eechement les grains de caf\u00e9 \u00e0 chaque fois et pr\u00e9pare un expresso et un caf\u00e9 par simple pression d\u2019un bouton. \u00c0 l\u2019aide de la buse vapeur, vous ferez mousser le lait pour les boissons \u00e0 base de lait. La simplicit\u00e9 d\u2019utilisation et d\u2019entretien vous permet de d\u00e9guster votre caf\u00e9 rapidement et facilement.<\/p>\n<p><b>L\u2019EXPRESSO ET LE CAF\u00c9 AU BOUT DES DOIGTS<\/b><\/p>\n<p>Utilisez les boutons situ\u00e9s sur la face avant pour pr\u00e9parer un expresso ou un caf\u00e9 long (1 ou 2 tasses) sur simple pression d\u2019un bouton. Vous pouvez programmer la quantit\u00e9 de boisson adapt\u00e9e \u00e0 la tasse pour chaque bouton individuellement. Tournez le bouton pour r\u00e9gler la teneur en caf\u00e9 souhait\u00e9e.<\/p>\n<p><b>CAF\u00c9 EN GRAINS ET CAF\u00c9 MOULU<\/b><\/p>\n<p>Pr\u00e9parez votre caf\u00e9 pr\u00e9f\u00e9r\u00e9 \u00e0 partir de caf\u00e9 en grains et de caf\u00e9 moulu fra\u00eechement moulu. Avec le caf\u00e9 moulu, pr\u00e9parez une tasse \u00e0 la fois.<\/p>\n<p><b>MOUSSE DE LAIT POUR BOISSONS LACT\u00c9ES<\/b><\/p>\n<p><b><\/b>Gr\u00e2ce \u00e0 la buse vapeur, vous pouvez tr\u00e8s facilement pr\u00e9parer une mousse de lait dense pour les boissons lact\u00e9es. Il vous suffit de verser du lait dans la tasse, de plonger la buse vapeur, de s\u00e9lectionner la fonction vapeur et de tourner la molette vapeur.<\/p>\n<p><b>ENTRETIEN SIMPLE<\/b><\/p>\n<p><b><\/b>Le programme de d\u00e9tartrage automatique, la possibilit\u00e9 d\u2019utiliser un filtre \u00e0 eau, le programme de rin\u00e7age du syst\u00e8me de pr\u00e9paration du caf\u00e9 et le module amovible de pr\u00e9paration du caf\u00e9 assurent la propret\u00e9 de la machine \u00e0 caf\u00e9 et permettent de ne boire toujours qu\u2019un d\u00e9licieux caf\u00e9.<\/p>","protected":false},"excerpt":{"rendered":"<p>L\u2019un des mod\u00e8les de machines \u00e0 caf\u00e9 \u00e0 grains De\u2019Longhi les plus populaires de tous les temps. Elle moud fra\u00eechement<\/p>","protected":false},"featured_media":28594,"template":"","meta":[],"product_brand":[],"product_cat":[61],"product_tag":[1514],"product_country":[1503],"class_list":{"0":"post-14148","1":"product","2":"type-product","3":"status-publish","4":"has-post-thumbnail","6":"product_cat-sale-france","7":"product_tag-sale-france","8":"product_country-france","10":"first","11":"instock","12":"sale","13":"taxable","14":"shipping-taxable","15":"purchasable","16":"product-type-simple"},"_links":{"self":[{"href":"https:\/\/routinesfashione.com\/en\/wp-json\/wp\/v2\/product\/14148","targetHints":{"allow":["GET"]}}],"collection":[{"href":"https:\/\/routinesfashione.com\/en\/wp-json\/wp\/v2\/product"}],"about":[{"href":"https:\/\/routinesfashione.com\/en\/wp-json\/wp\/v2\/types\/product"}],"wp:featuredmedia":[{"embeddable":true,"href":"https:\/\/routinesfashione.com\/en\/wp-json\/wp\/v2\/media\/28594"}],"wp:attachment":[{"href":"https:\/\/routinesfashione.com\/en\/wp-json\/wp\/v2\/media?parent=14148"}],"wp:term":[{"taxonomy":"product_brand","embeddable":true,"href":"https:\/\/routinesfashione.com\/en\/wp-json\/wp\/v2\/product_brand?post=14148"},{"taxonomy":"product_cat","embeddable":true,"href":"https:\/\/routinesfashione.com\/en\/wp-json\/wp\/v2\/product_cat?post=14148"},{"taxonomy":"product_tag","embeddable":true,"href":"https:\/\/routinesfashione.com\/en\/wp-json\/wp\/v2\/product_tag?post=14148"},{"taxonomy":"product_country","embeddable":true,"href":"https:\/\/routinesfashione.com\/en\/wp-json\/wp\/v2\/product_country?post=14148"}],"curies":[{"name":"wp","href":"https:\/\/api.w.org\/{rel}","templated":true}]}}