{"id":1535,"date":"2025-09-30T20:13:40","date_gmt":"2025-09-30T20:13:40","guid":{"rendered":"https:\/\/lightgray-crow-170497.hostingersite.com\/?post_type=product&#038;p=1535"},"modified":"2025-09-30T21:02:20","modified_gmt":"2025-09-30T21:02:20","slug":"echo-cs-501sxh-45-griffheizung-g-force-luftreinigung","status":"publish","type":"product","link":"https:\/\/routinesfashione.com\/en\/produit\/echo-cs-501sxh-45-griffheizung-g-force-luftreinigung\/","title":{"rendered":"ECHO CS-501SXH \/ 45 (Griffheizung) \u2013 G-Force Luftreinigung"},"content":{"rendered":"<h4>Technische Daten<\/h4>\n<div class=\"table-wrapper\">\n<table class=\"HBOUserAttributes\">\n<tbody>\n<tr>\n<td class=\"AttributeGroupHeader\" colspan=\"2\">Motor &#038; Ausstattung<\/td>\n<\/tr>\n<tr>\n<td class=\"AttributeName VerticalAlignMiddle AttributeBorder\">Motorleistung<\/td>\n<td class=\"AttributeContent AttributeBorder\">2,57 kW \/ 3,49 PS<\/td>\n<\/tr>\n<tr>\n<td class=\"AttributeName VerticalAlignMiddle AttributeBorder\">Motor-Bauart<\/td>\n<td class=\"AttributeContent AttributeBorder\">2-Takt-Benzinmotor<\/td>\n<\/tr>\n<tr>\n<td class=\"AttributeName VerticalAlignMiddle AttributeBorder\">Hubraum<\/td>\n<td class=\"AttributeContent AttributeBorder\">50,2 cm\u00b3<\/td>\n<\/tr>\n<tr>\n<td class=\"AttributeName VerticalAlignMiddle AttributeBorder\">Luftreinigungssystem<\/td>\n<td class=\"AttributeContent AttributeBorder\">Echo G-Force Luftreinigung<\/td>\n<\/tr>\n<tr>\n<td class=\"AttributeName VerticalAlignMiddle AttributeBorder\">Kraftstofftank<\/td>\n<td class=\"AttributeContent AttributeBorder\">0,5 Liter<\/td>\n<\/tr>\n<tr>\n<td class=\"AttributeName VerticalAlignMiddle AttributeBorder\">Kraftstoffart<\/td>\n<td class=\"AttributeContent AttributeBorder\">2-Takt-Gemisch, Mischungsverh\u00e4ltnis gem\u00e4\u00df Motorenanleitung<\/td>\n<\/tr>\n<tr>\n<td class=\"AttributeName VerticalAlignMiddle AttributeBorder\">\u00d6ltank<\/td>\n<td class=\"AttributeContent AttributeBorder\">0,28 Liter<\/td>\n<\/tr>\n<tr>\n<td class=\"AttributeName VerticalAlignMiddle AttributeBorder\">Choke<\/td>\n<td class=\"AttributeContent AttributeBorder\">Choke mit automatischer Drehzahlerh\u00f6hung<\/td>\n<\/tr>\n<tr>\n<td class=\"AttributeName VerticalAlignMiddle AttributeBorder\">Motorengeh\u00e4use<\/td>\n<td class=\"AttributeContent AttributeBorder\">Magnesium<\/td>\n<\/tr>\n<tr>\n<td class=\"AttributeGroupHeader\" colspan=\"2\">Schneidgarnitur<\/td>\n<\/tr>\n<tr>\n<td class=\"AttributeName VerticalAlignMiddle AttributeBorder\">Kettenteilung<\/td>\n<td class=\"AttributeContent AttributeBorder\">,325<\/td>\n<\/tr>\n<tr>\n<td class=\"AttributeName VerticalAlignMiddle AttributeBorder\">Nutbreite<\/td>\n<td class=\"AttributeContent AttributeBorder\">1,5 mm<\/td>\n<\/tr>\n<tr>\n<td class=\"AttributeName VerticalAlignMiddle AttributeBorder\">Schwertl\u00e4nge<\/td>\n<td class=\"AttributeContent AttributeBorder\">45 cm<\/td>\n<\/tr>\n<tr>\n<td class=\"AttributeGroupHeader\" colspan=\"2\">Komfort<\/td>\n<\/tr>\n<tr>\n<td class=\"AttributeName VerticalAlignMiddle AttributeBorder\">einstellbare \u00d6lpumpe<\/td>\n<td class=\"AttributeContent AttributeBorder\">ja<\/td>\n<\/tr>\n<tr>\n<td class=\"AttributeName VerticalAlignMiddle AttributeBorder\">Handgriffheizung<\/td>\n<td class=\"AttributeContent AttributeBorder\">ja<\/td>\n<\/tr>\n<tr>\n<td class=\"AttributeName VerticalAlignMiddle AttributeBorder\">\u00d6lpumpe<\/td>\n<td class=\"AttributeContent AttributeBorder\">automatisch<\/td>\n<\/tr>\n<tr>\n<td class=\"AttributeName VerticalAlignMiddle AttributeBorder\">verlustsichere Schienenbefestigungsmuttern<\/td>\n<td class=\"AttributeContent AttributeBorder\">ja<\/td>\n<\/tr>\n<tr>\n<td class=\"AttributeName VerticalAlignMiddle AttributeBorder\">seitliche Kettenspannvorrichtung<\/td>\n<td class=\"AttributeContent AttributeBorder\">ja<\/td>\n<\/tr>\n<tr>\n<td class=\"AttributeName VerticalAlignMiddle AttributeBorder\">Dekompressionsventil<\/td>\n<td class=\"AttributeContent AttributeBorder\">ja<\/td>\n<\/tr>\n<tr>\n<td class=\"AttributeGroupHeader\" colspan=\"2\">Lieferumfang<\/td>\n<\/tr>\n<tr>\n<td class=\"AttributeName VerticalAlignMiddle AttributeBorder\">Bedienungsanleitung Ger\u00e4t<\/td>\n<td class=\"AttributeContent AttributeBorder\">1<\/td>\n<\/tr>\n<tr>\n<td class=\"AttributeGroupHeader\" colspan=\"2\">Umwelt und Sonstiges<\/td>\n<\/tr>\n<tr>\n<td class=\"AttributeName VerticalAlignMiddle AttributeBorder\">Garantie<\/td>\n<td class=\"AttributeContent AttributeBorder\">5 Jahre bei privater Nutzung, 2 Jahre bei gewerblicher Nutzung<\/td>\n<\/tr>\n<tr>\n<td class=\"AttributeName VerticalAlignMiddle AttributeBorder\">Vibrationswert Handgriff hinten<\/td>\n<td class=\"AttributeContent AttributeBorder\">5,4 m\/s\u00b2<\/td>\n<\/tr>\n<tr>\n<td class=\"AttributeName VerticalAlignMiddle AttributeBorder\">Vibrationswert Handgriff vorne<\/td>\n<td class=\"AttributeContent AttributeBorder\">5,2 m\/s\u00b2<\/td>\n<\/tr>\n<tr>\n<td class=\"AttributeName VerticalAlignMiddle AttributeBorder\">garantierter Schallleistungspegel (LWA)<\/td>\n<td class=\"AttributeContent AttributeBorder\">117 dB(A)<\/td>\n<\/tr>\n<tr>\n<td class=\"AttributeName VerticalAlignMiddle AttributeBorder\">Schalldruckpegel am Ohr der Bedienperson<\/td>\n<td class=\"AttributeContent AttributeBorder\">103 dB(A)<\/td>\n<\/tr>\n<tr>\n<td class=\"AttributeName VerticalAlignMiddle AttributeBorder\">Gewicht<\/td>\n<td class=\"AttributeContent AttributeBorder\">4,9 kg<\/td>\n<\/tr>\n<\/tbody>\n<\/table>\n<\/div>","protected":false},"excerpt":{"rendered":"<p>Die ideale durchzugsstarke Allrounds\u00e4ge f\u00fcr die Forstwirtschaft und den Obst- und Gartenbau. Die serienm\u00e4\u00dfige zuschaltbare Griffheizung sorgt auch im Winter f\u00fcr warme H\u00e4nde. Durch das Dekompressionsventil ist ein einfacher Start m\u00f6glich und das Ger\u00e4t schnell f\u00fcr praktisch alle Baum- und Forstarbeiten einsatzbereit. Der \u00fcber der Maschine stehende F\u00e4cherluftfilter besitzt eine sehr gro\u00dfe Filterfl\u00e4che und ist leicht zu reinigen.<\/p>\n<p>\u2013 5 Jahre Garantie bei privater Nutzung bzw. 2 Jahre wenn die vorgeschriebene Wartung nicht durchgef\u00fchrt werden.<\/p>\n<p>\u2013 2 Jahre Garantie bei gewerblicher Nutzung bzw. 1 Jahre wenn die vorgeschriebene Wartung nicht durchgef\u00fchrt werden.<\/p>\n<ul>\n<li>Anschlagkralle<\/li>\n<li>Tankdeckel mit Startergriff leicht zu \u00f6ffnen<\/li>\n<li>Nylonluftfilter<\/li>\n<li>gesicherte Kettenraddeckel Muttern<\/li>\n<li>innenliegende Kupplung<\/li>\n<\/ul>\n<p>Die G-Force Luftreinigung von Echo versorgt den Motor besser mit Luft und garantiert eine deutlich l\u00e4ngere Standzeit des Luftfilters, wodurch auch eine h\u00f6here Leistung erzielt werden kann.<\/p>","protected":false},"featured_media":1536,"template":"","meta":[],"product_brand":[],"product_cat":[34],"product_tag":[],"product_country":[1501],"class_list":{"0":"post-1535","1":"product","2":"type-product","3":"status-publish","4":"has-post-thumbnail","6":"product_cat-motorsage-thermische-motorsage","7":"product_country-germany","9":"first","10":"instock","11":"sale","12":"taxable","13":"shipping-taxable","14":"purchasable","15":"product-type-simple"},"_links":{"self":[{"href":"https:\/\/routinesfashione.com\/en\/wp-json\/wp\/v2\/product\/1535","targetHints":{"allow":["GET"]}}],"collection":[{"href":"https:\/\/routinesfashione.com\/en\/wp-json\/wp\/v2\/product"}],"about":[{"href":"https:\/\/routinesfashione.com\/en\/wp-json\/wp\/v2\/types\/product"}],"wp:featuredmedia":[{"embeddable":true,"href":"https:\/\/routinesfashione.com\/en\/wp-json\/wp\/v2\/media\/1536"}],"wp:attachment":[{"href":"https:\/\/routinesfashione.com\/en\/wp-json\/wp\/v2\/media?parent=1535"}],"wp:term":[{"taxonomy":"product_brand","embeddable":true,"href":"https:\/\/routinesfashione.com\/en\/wp-json\/wp\/v2\/product_brand?post=1535"},{"taxonomy":"product_cat","embeddable":true,"href":"https:\/\/routinesfashione.com\/en\/wp-json\/wp\/v2\/product_cat?post=1535"},{"taxonomy":"product_tag","embeddable":true,"href":"https:\/\/routinesfashione.com\/en\/wp-json\/wp\/v2\/product_tag?post=1535"},{"taxonomy":"product_country","embeddable":true,"href":"https:\/\/routinesfashione.com\/en\/wp-json\/wp\/v2\/product_country?post=1535"}],"curies":[{"name":"wp","href":"https:\/\/api.w.org\/{rel}","templated":true}]}}