{"id":1674,"date":"2025-09-30T20:53:37","date_gmt":"2025-09-30T20:53:37","guid":{"rendered":"https:\/\/lightgray-crow-170497.hostingersite.com\/?post_type=product&#038;p=1674"},"modified":"2025-09-30T20:53:37","modified_gmt":"2025-09-30T20:53:37","slug":"delonghi-ecam-370-95-s-entierement-automatique-machine-a","status":"publish","type":"product","link":"https:\/\/routinesfashione.com\/en\/produit\/delonghi-ecam-370-95-s-entierement-automatique-machine-a\/","title":{"rendered":"DeLonghi Ecam 370.95.S enti\u00e8rement automatique Machine \u00e0"},"content":{"rendered":"<table class=\"datasheet-list expanded\">\n<tbody>\n<tr class=\"datasheet-listItem datasheet-listItem--properties\">\n<td class=\"datasheet-listItemKey small-6 larger-4 columns\">Mes boissons<\/td>\n<td class=\"datasheet-listItemValue small-6 larger-8 columns\">Caf\u00e9 cr\u00e8me, Expresso lungo, Mousse de lait, Double expresso, Espresso Macchiato, Expresso, Cappuccino, Flat White, Caf\u00e9 au lait, Caf\u00e9 macchiato<\/td>\n<\/tr>\n<tr class=\"datasheet-listItem datasheet-listItem--properties\">\n<td class=\"datasheet-listItemKey small-6 larger-4 columns\">Adapt\u00e9 pour<\/td>\n<td class=\"datasheet-listItemValue small-6 larger-8 columns\">Caf\u00e9 en grain<\/td>\n<\/tr>\n<tr class=\"datasheet-listItem datasheet-listItem--properties\">\n<td class=\"datasheet-listItemKey small-6 larger-4 columns\">Nombre de tasse(s)<\/td>\n<td class=\"datasheet-listItemValue small-6 larger-8 columns\">2<\/td>\n<\/tr>\n<tr class=\"datasheet-listItem datasheet-listItem--properties\">\n<td class=\"datasheet-listItemKey small-6 larger-4 columns\">Confort d&#8217;utilisation<\/td>\n<td class=\"datasheet-listItemValue small-6 larger-8 columns\">One Touch, Fonction carafe<\/td>\n<\/tr>\n<tr class=\"datasheet-listItem datasheet-listItem--properties\">\n<td class=\"datasheet-listItemKey small-6 larger-4 columns\">Mes r\u00e9glages<\/td>\n<td class=\"datasheet-listItemValue small-6 larger-8 columns\">M\u00e9morisation des pr\u00e9f\u00e9rences, Duret\u00e9 de l&#8217;eau, Intensit\u00e9 du caf\u00e9, Finesse de la mouture<\/td>\n<\/tr>\n<tr class=\"datasheet-listItem datasheet-listItem--properties\">\n<td class=\"datasheet-listItemKey small-6 larger-4 columns\">Hauteur de la tasse<\/td>\n<td class=\"datasheet-listItemValue small-6 larger-8 columns\">8,4 &#8211; 13,5\u00a0cm<\/td>\n<\/tr>\n<tr class=\"datasheet-listItem datasheet-listItem--properties\">\n<td class=\"datasheet-listItemKey small-6 larger-4 columns\">\u00c9cran<\/td>\n<td class=\"datasheet-listItemValue small-6 larger-8 columns\">\u00c9cran tactile<\/td>\n<\/tr>\n<tr class=\"datasheet-listItem datasheet-listItem--properties\">\n<td class=\"datasheet-listItemKey small-6 larger-4 columns\">Sp\u00e9cificit\u00e9s fabricant<\/td>\n<td class=\"datasheet-listItemValue small-6 larger-8 columns\">LatteCrema System, Doppio+, Coffee Link App<\/td>\n<\/tr>\n<\/tbody>\n<tbody>\n<tr class=\"datasheet-listItem datasheet-listItem--group\">\n<th>Connectivit\u00e9<\/th>\n<\/tr>\n<tr class=\"datasheet-listItem datasheet-listItem--properties datasheet-listItem--collapsible\">\n<td class=\"datasheet-listItemKey small-6 larger-4 columns\">Applications support\u00e9es<\/td>\n<td class=\"datasheet-listItemValue small-6 larger-8 columns\">Application iOS, Application Android<\/td>\n<\/tr>\n<\/tbody>\n<tbody>\n<tr class=\"datasheet-listItem datasheet-listItem--group datasheet-listItem--collapsible\">\n<th>\u00c9quipement &amp; Capacit\u00e9<\/th>\n<\/tr>\n<tr class=\"datasheet-listItem datasheet-listItem--properties datasheet-listItem--collapsible\">\n<td class=\"datasheet-listItemKey small-6 larger-4 columns\">Syst\u00e8me \u00e0 lait<\/td>\n<td class=\"datasheet-listItemValue small-6 larger-8 columns\">Mousseur \u00e0 lait<\/td>\n<\/tr>\n<tr class=\"datasheet-listItem datasheet-listItem--properties datasheet-listItem--collapsible\">\n<td class=\"datasheet-listItemKey small-6 larger-4 columns\">Capacit\u00e9 du r\u00e9servoir d&#8217;eau<\/td>\n<td class=\"datasheet-listItemValue small-6 larger-8 columns\">1,8\u00a0L<\/td>\n<\/tr>\n<tr class=\"datasheet-listItem datasheet-listItem--properties datasheet-listItem--collapsible\">\n<td class=\"datasheet-listItemKey small-6 larger-4 columns\">Capacit\u00e9 du r\u00e9servoir \u00e0 grains<\/td>\n<td class=\"datasheet-listItemValue small-6 larger-8 columns\">300\u00a0g<\/td>\n<\/tr>\n<tr class=\"datasheet-listItem datasheet-listItem--properties datasheet-listItem--collapsible\">\n<td class=\"datasheet-listItemKey small-6 larger-4 columns\">Mati\u00e8re du broyeur<\/td>\n<td class=\"datasheet-listItemValue small-6 larger-8 columns\">Broyeur conique<\/td>\n<\/tr>\n<tr class=\"datasheet-listItem datasheet-listItem--properties datasheet-listItem--collapsible\">\n<td class=\"datasheet-listItemKey small-6 larger-4 columns\">Finesse de mouture<\/td>\n<td class=\"datasheet-listItemValue small-6 larger-8 columns\">13\u00a0Niveaux<\/td>\n<\/tr>\n<tr class=\"datasheet-listItem datasheet-listItem--properties datasheet-listItem--collapsible\">\n<td class=\"datasheet-listItemKey small-6 larger-4 columns\">\u00c9quipements<\/td>\n<td class=\"datasheet-listItemValue small-6 larger-8 columns\">Repose-tasses, Broyeur \u00e0 grains, Couvercle protecteur d&#8217;ar\u00f4me<\/td>\n<\/tr>\n<tr class=\"datasheet-listItem datasheet-listItem--properties datasheet-listItem--collapsible\">\n<td class=\"datasheet-listItemKey small-6 larger-4 columns\">Syst\u00e8me de chauffe<\/td>\n<td class=\"datasheet-listItemValue small-6 larger-8 columns\">Syst\u00e8me thermoblock<\/td>\n<\/tr>\n<\/tbody>\n<tbody>\n<tr class=\"datasheet-listItem datasheet-listItem--group datasheet-listItem--collapsible\">\n<th>Entretien<\/th>\n<\/tr>\n<tr class=\"datasheet-listItem datasheet-listItem--properties datasheet-listItem--collapsible\">\n<td class=\"datasheet-listItemKey small-6 larger-4 columns\">Entretien<\/td>\n<td class=\"datasheet-listItemValue small-6 larger-8 columns\">Nettoyage automatique, D\u00e9tartrage automatique, Rin\u00e7age automatique, Bac \u00e0 grains amovible, Compatible lave-vaisselle, Filtre \u00e0 eau<\/td>\n<\/tr>\n<tr class=\"datasheet-listItem datasheet-listItem--properties datasheet-listItem--collapsible\">\n<td class=\"datasheet-listItemKey small-6 larger-4 columns\">Capacit\u00e9 du bac \u00e0 marc<\/td>\n<td class=\"datasheet-listItemValue small-6 larger-8 columns\">14\u00a0Galettes<\/td>\n<\/tr>\n<\/tbody>\n<tbody>\n<tr class=\"datasheet-listItem datasheet-listItem--group datasheet-listItem--collapsible\">\n<th>Caract\u00e9ristiques techniques<\/th>\n<\/tr>\n<tr class=\"datasheet-listItem datasheet-listItem--properties datasheet-listItem--collapsible\">\n<td class=\"datasheet-listItemKey small-6 larger-4 columns\">Alimentation<\/td>\n<td class=\"datasheet-listItemValue small-6 larger-8 columns\">220-240 V<\/td>\n<\/tr>\n<tr class=\"datasheet-listItem datasheet-listItem--properties datasheet-listItem--collapsible\">\n<td class=\"datasheet-listItemKey small-6 larger-4 columns\">Fr\u00e9quence<\/td>\n<td class=\"datasheet-listItemValue small-6 larger-8 columns\">50-60\u00a0Hz<\/td>\n<\/tr>\n<\/tbody>\n<tbody>\n<tr class=\"datasheet-listItem datasheet-listItem--group datasheet-listItem--collapsible\">\n<th>Dimensions &amp; Poids<\/th>\n<\/tr>\n<tr class=\"datasheet-listItem datasheet-listItem--properties datasheet-listItem--collapsible\">\n<td class=\"datasheet-listItemKey small-6 larger-4 columns\">Hauteur<\/td>\n<td class=\"datasheet-listItemValue small-6 larger-8 columns\">34,8\u00a0cm<\/td>\n<\/tr>\n<tr class=\"datasheet-listItem datasheet-listItem--properties datasheet-listItem--collapsible\">\n<td class=\"datasheet-listItemKey small-6 larger-4 columns\">Largeur<\/td>\n<td class=\"datasheet-listItemValue small-6 larger-8 columns\">23,6\u00a0cm<\/td>\n<\/tr>\n<tr class=\"datasheet-listItem datasheet-listItem--properties datasheet-listItem--collapsible\">\n<td class=\"datasheet-listItemKey small-6 larger-4 columns\">Profondeur<\/td>\n<td class=\"datasheet-listItemValue small-6 larger-8 columns\">42,9\u00a0cm<\/td>\n<\/tr>\n<tr class=\"datasheet-listItem datasheet-listItem--properties datasheet-listItem--collapsible\">\n<td class=\"datasheet-listItemKey small-6 larger-4 columns\">Poids<\/td>\n<td class=\"datasheet-listItemValue small-6 larger-8 columns\">9,5\u00a0kg<\/td>\n<\/tr>\n<\/tbody>\n<tbody>\n<tr class=\"datasheet-listItem datasheet-listItem--group datasheet-listItem--collapsible\">\n<th>Informations \u00e9coresponsables<\/th>\n<\/tr>\n<tr class=\"datasheet-listItem datasheet-listItem--properties datasheet-listItem--collapsible\">\n<td class=\"datasheet-listItemKey small-6 larger-4 columns\">Fonctions \u00e9cologiques<\/td>\n<td class=\"datasheet-listItemValue small-6 larger-8 columns\">Arr\u00eat automatique, Mode \u00e9conomie d&#8217;\u00e9nergie<\/td>\n<\/tr>\n<\/tbody>\n<\/table>","protected":false},"excerpt":{"rendered":"<p>Mes boissons Caf\u00e9 cr\u00e8me, Expresso lungo, Mousse de lait, Double expresso, Espresso Macchiato, Expresso, Cappuccino, Flat White, Caf\u00e9 au lait,<\/p>","protected":false},"featured_media":28601,"template":"","meta":[],"product_brand":[],"product_cat":[61],"product_tag":[1514],"product_country":[1503],"class_list":{"0":"post-1674","1":"product","2":"type-product","3":"status-publish","4":"has-post-thumbnail","6":"product_cat-sale-france","7":"product_tag-sale-france","8":"product_country-france","10":"first","11":"instock","12":"sale","13":"taxable","14":"shipping-taxable","15":"purchasable","16":"product-type-simple"},"_links":{"self":[{"href":"https:\/\/routinesfashione.com\/en\/wp-json\/wp\/v2\/product\/1674","targetHints":{"allow":["GET"]}}],"collection":[{"href":"https:\/\/routinesfashione.com\/en\/wp-json\/wp\/v2\/product"}],"about":[{"href":"https:\/\/routinesfashione.com\/en\/wp-json\/wp\/v2\/types\/product"}],"wp:featuredmedia":[{"embeddable":true,"href":"https:\/\/routinesfashione.com\/en\/wp-json\/wp\/v2\/media\/28601"}],"wp:attachment":[{"href":"https:\/\/routinesfashione.com\/en\/wp-json\/wp\/v2\/media?parent=1674"}],"wp:term":[{"taxonomy":"product_brand","embeddable":true,"href":"https:\/\/routinesfashione.com\/en\/wp-json\/wp\/v2\/product_brand?post=1674"},{"taxonomy":"product_cat","embeddable":true,"href":"https:\/\/routinesfashione.com\/en\/wp-json\/wp\/v2\/product_cat?post=1674"},{"taxonomy":"product_tag","embeddable":true,"href":"https:\/\/routinesfashione.com\/en\/wp-json\/wp\/v2\/product_tag?post=1674"},{"taxonomy":"product_country","embeddable":true,"href":"https:\/\/routinesfashione.com\/en\/wp-json\/wp\/v2\/product_country?post=1674"}],"curies":[{"name":"wp","href":"https:\/\/api.w.org\/{rel}","templated":true}]}}