{"id":1691,"date":"2025-09-30T20:53:37","date_gmt":"2025-09-30T20:53:37","guid":{"rendered":"https:\/\/lightgray-crow-170497.hostingersite.com\/?post_type=product&#038;p=1691"},"modified":"2025-09-30T20:53:37","modified_gmt":"2025-09-30T20:53:37","slug":"delonghi-ecam-370-95-s-entierement-automatique-machine-a-2","status":"publish","type":"product","link":"https:\/\/routinesfashione.com\/en\/produit\/delonghi-ecam-370-95-s-entierement-automatique-machine-a-2\/","title":{"rendered":"DeLonghi Ecam 370.95.S enti\u00e8rement automatique Machine \u00e0"},"content":{"rendered":"<ul>\n<li>Plan de travail Machine \u00e0 caf\u00e9 enti\u00e8rement automatique Machine \u00e0 caf\u00e9 combin\u00e9e<\/li>\n<li>Caf\u00e9 en grains de<\/li>\n<li>2 tasses 19 bar<\/li>\n<li>Moulin \u00e0 caf\u00e9 int\u00e9gr\u00e9 Affichage int\u00e9gr\u00e9<\/li>\n<li>Pr\u00e9paration of caf\u00e9 Pr\u00e9paration of cappuccino<\/li>\n<li><span dir=\"auto\">1450 W<\/span><\/li>\n<li>Argent<\/li>\n<\/ul>\n<h3 class=\"typography text-title4 font-bold leading-title4\">Caract\u00e9ristiques<\/h3>\n<ul>\n<li class=\"flex items-center p-s odd:bg-brand-secondary\">\n<div class=\"typography text-background-primary overflow-wrap-break-word mr-m flex w-full max-w-[137px] tablet:max-w-[250px] desktop:max-w-[250px] wide:max-w-[250px] font-semibold text-body2 leading-body2\">Longueur<\/div>\n<div class=\"typography overflow-wrap-break-word text-foundation-quaternary font-regular text-body2 leading-body2\"><span dir=\"auto\">42,9 cm<\/span><\/div>\n<\/li>\n<li class=\"flex items-center p-s odd:bg-brand-secondary\">\n<div class=\"typography text-background-primary overflow-wrap-break-word mr-m flex w-full max-w-[137px] tablet:max-w-[250px] desktop:max-w-[250px] wide:max-w-[250px] font-semibold text-body2 leading-body2\">Largeur<\/div>\n<div class=\"typography overflow-wrap-break-word text-foundation-quaternary font-regular text-body2 leading-body2\"><span dir=\"auto\">42,9 cm<\/span><\/div>\n<\/li>\n<li class=\"flex items-center p-s odd:bg-brand-secondary\">\n<div class=\"typography text-background-primary overflow-wrap-break-word mr-m flex w-full max-w-[137px] tablet:max-w-[250px] desktop:max-w-[250px] wide:max-w-[250px] font-semibold text-body2 leading-body2\">Hauteur<\/div>\n<div class=\"typography overflow-wrap-break-word text-foundation-quaternary font-regular text-body2 leading-body2\"><span dir=\"auto\">34,8 cm<\/span><\/div>\n<\/li>\n<li class=\"flex items-center p-s odd:bg-brand-secondary\">\n<div class=\"typography text-background-primary overflow-wrap-break-word mr-m flex w-full max-w-[137px] tablet:max-w-[250px] desktop:max-w-[250px] wide:max-w-[250px] font-semibold text-body2 leading-body2\">Poids<\/div>\n<div class=\"typography overflow-wrap-break-word text-foundation-quaternary font-regular text-body2 leading-body2\"><span dir=\"auto\">9,5 kg<\/span><\/div>\n<\/li>\n<li class=\"flex items-center p-s odd:bg-brand-secondary\">\n<div class=\"typography text-background-primary overflow-wrap-break-word mr-m flex w-full max-w-[137px] tablet:max-w-[250px] desktop:max-w-[250px] wide:max-w-[250px] font-semibold text-body2 leading-body2\">Puissance<\/div>\n<div class=\"typography overflow-wrap-break-word text-foundation-quaternary font-regular text-body2 leading-body2\"><span dir=\"auto\">1450 W<\/span><\/div>\n<\/li>\n<li class=\"flex items-center p-s odd:bg-brand-secondary\">\n<div class=\"typography text-background-primary overflow-wrap-break-word mr-m flex w-full max-w-[137px] tablet:max-w-[250px] desktop:max-w-[250px] wide:max-w-[250px] font-semibold text-body2 leading-body2\">Mati\u00e8res<\/div>\n<div class=\"typography overflow-wrap-break-word text-foundation-quaternary font-regular text-body2 leading-body2\">M\u00e9tal, Plastique<\/div>\n<\/li>\n<li class=\"flex items-center p-s odd:bg-brand-secondary\">\n<div class=\"typography text-background-primary overflow-wrap-break-word mr-m flex w-full max-w-[137px] tablet:max-w-[250px] desktop:max-w-[250px] wide:max-w-[250px] font-semibold text-body2 leading-body2\">Couleur<\/div>\n<div class=\"typography overflow-wrap-break-word text-foundation-quaternary font-regular text-body2 leading-body2\">Gris<\/div>\n<\/li>\n<li class=\"flex items-center p-s odd:bg-brand-secondary\">\n<div class=\"typography text-background-primary overflow-wrap-break-word mr-m flex w-full max-w-[137px] tablet:max-w-[250px] desktop:max-w-[250px] wide:max-w-[250px] font-semibold text-body2 leading-body2\">Forme<\/div>\n<div class=\"typography overflow-wrap-break-word text-foundation-quaternary font-regular text-body2 leading-body2\">Asym\u00e9trique<\/div>\n<\/li>\n<li class=\"flex items-center p-s odd:bg-brand-secondary\">\n<div class=\"typography text-background-primary overflow-wrap-break-word mr-m flex w-full max-w-[137px] tablet:max-w-[250px] desktop:max-w-[250px] wide:max-w-[250px] font-semibold text-body2 leading-body2\">Quantit\u00e9 par pack<\/div>\n<div class=\"typography overflow-wrap-break-word text-foundation-quaternary font-regular text-body2 leading-body2\">1 produits<\/div>\n<\/li>\n<li class=\"flex items-center p-s odd:bg-brand-secondary\">\n<div class=\"typography text-background-primary overflow-wrap-break-word mr-m flex w-full max-w-[137px] tablet:max-w-[250px] desktop:max-w-[250px] wide:max-w-[250px] font-semibold text-body2 leading-body2\">Garantie<\/div>\n<div class=\"typography overflow-wrap-break-word text-foundation-quaternary font-regular text-body2 leading-body2\"><span dir=\"auto\">2 ans<\/span><\/div>\n<\/li>\n<li class=\"flex items-center p-s odd:bg-brand-secondary\">\n<div class=\"typography text-background-primary overflow-wrap-break-word mr-m flex w-full max-w-[137px] tablet:max-w-[250px] desktop:max-w-[250px] wide:max-w-[250px] font-semibold text-body2 leading-body2\">Nombre de tasses<\/div>\n<div class=\"typography overflow-wrap-break-word text-foundation-quaternary font-regular text-body2 leading-body2\">2 tasses<\/div>\n<\/li>\n<li class=\"flex items-center p-s odd:bg-brand-secondary\">\n<div class=\"typography text-background-primary overflow-wrap-break-word mr-m flex w-full max-w-[137px] tablet:max-w-[250px] desktop:max-w-[250px] wide:max-w-[250px] font-semibold text-body2 leading-body2\">Caract\u00e9ristiques cafeti\u00e8re<\/div>\n<div class=\"typography overflow-wrap-break-word text-foundation-quaternary font-regular text-body2 leading-body2\">Broyeur int\u00e9gr\u00e9<\/div>\n<\/li>\n<li class=\"flex items-center p-s odd:bg-brand-secondary\">\n<div class=\"typography text-background-primary overflow-wrap-break-word mr-m flex w-full max-w-[137px] tablet:max-w-[250px] desktop:max-w-[250px] wide:max-w-[250px] font-semibold text-body2 leading-body2\"><span dir=\"auto\">Certification NF<\/span><\/div>\n<div class=\"typography overflow-wrap-break-word text-foundation-quaternary font-regular text-body2 leading-body2\"><span dir=\"auto\">NF370<\/span><\/div>\n<\/li>\n<li class=\"flex items-center p-s odd:bg-brand-secondary\">\n<div class=\"typography text-background-primary overflow-wrap-break-word mr-m flex w-full max-w-[137px] tablet:max-w-[250px] desktop:max-w-[250px] wide:max-w-[250px] font-semibold text-body2 leading-body2\"><span dir=\"auto\">R\u00e9f. ManoMano<\/span><\/div>\n<div class=\"typography overflow-wrap-break-word text-foundation-quaternary font-regular text-body2 leading-body2\"><span dir=\"auto\">ME56162589<\/span><\/div>\n<\/li>\n<\/ul>\n<h3><span dir=\"auto\">Performance<\/span><\/h3>\n<p>Machine of caf\u00e9*Enti\u00e8rement automatiqueR\u00e9servoir pour le caf\u00e9 infus\u00e9*TasseCapacit\u00e9 de la tasse*2 tassesPression de service maximale 19 barsBroyeur int\u00e9gr\u00e9*OuiParam\u00e8tres de broyage r\u00e9glablesOuiNombre ofgrinder positions ofgrinder13Lait tank deOuiNombre ofdispensers2Hauteur r\u00e9glable de la sortie de caf\u00e9OuiR\u00e9glage de la hauteur of du bec central 84 &#8211; 135 mmFiltre \u00e0 eau OuiType of installation*Plan de travailType of product*Machine \u00e0 caf\u00e9 combin\u00e9eType de caf\u00e9 of input*Grains de caf\u00e9 of caf\u00e9Fonction d&#8217;auto-nettoyageOui<\/p>\n<h3>Fonctions et programmes de cuisine<\/h3>\n<p>Boissons multiples*OuiPr\u00e9paration du caf\u00e9 deOuiPr\u00e9paration of cappuccino*OuiPr\u00e9paration of latte macchiatoOuiPr\u00e9paration de caf\u00e9 cr\u00e8meOui<\/p>\n<h3>Ergonomie<\/h3>\n<p>Type of control*ToucheAffichage int\u00e9gr\u00e9*OuiType of displayTFTa affichage couleurOuiIndicateur de niveau d&#8217;eau level OuiR\u00e9servoir d&#8217;eau amovibleOuiCouleur du produit*Argent\u00e9Bac de r\u00e9cup\u00e9ration amovibleOuiof fonction standby modeOuiFiltre defiltre \u00e0 caf\u00e9Oui<\/p>\n<h3>Alimentation control de<\/h3>\n<p>Puissance*1450 WTension of AC input220 &#8211; 240 VFr\u00e9quence de l&#8217;entr\u00e9e AC50 &#8211; 60 HzMode d&#8217;\u00e9conomie d&#8217;\u00e9nergie de mode deOuiArr\u00eat automatiqueOui<\/p>","protected":false},"excerpt":{"rendered":"<p>Plan de travail Machine \u00e0 caf\u00e9 enti\u00e8rement automatique Machine \u00e0 caf\u00e9 combin\u00e9e Caf\u00e9 en grains de 2 tasses 19 bar<\/p>","protected":false},"featured_media":14071,"template":"","meta":[],"product_brand":[],"product_cat":[61],"product_tag":[1514],"product_country":[1503],"class_list":{"0":"post-1691","1":"product","2":"type-product","3":"status-publish","4":"has-post-thumbnail","6":"product_cat-sale-france","7":"product_tag-sale-france","8":"product_country-france","10":"first","11":"instock","12":"sale","13":"taxable","14":"shipping-taxable","15":"purchasable","16":"product-type-simple"},"_links":{"self":[{"href":"https:\/\/routinesfashione.com\/en\/wp-json\/wp\/v2\/product\/1691","targetHints":{"allow":["GET"]}}],"collection":[{"href":"https:\/\/routinesfashione.com\/en\/wp-json\/wp\/v2\/product"}],"about":[{"href":"https:\/\/routinesfashione.com\/en\/wp-json\/wp\/v2\/types\/product"}],"wp:featuredmedia":[{"embeddable":true,"href":"https:\/\/routinesfashione.com\/en\/wp-json\/wp\/v2\/media\/14071"}],"wp:attachment":[{"href":"https:\/\/routinesfashione.com\/en\/wp-json\/wp\/v2\/media?parent=1691"}],"wp:term":[{"taxonomy":"product_brand","embeddable":true,"href":"https:\/\/routinesfashione.com\/en\/wp-json\/wp\/v2\/product_brand?post=1691"},{"taxonomy":"product_cat","embeddable":true,"href":"https:\/\/routinesfashione.com\/en\/wp-json\/wp\/v2\/product_cat?post=1691"},{"taxonomy":"product_tag","embeddable":true,"href":"https:\/\/routinesfashione.com\/en\/wp-json\/wp\/v2\/product_tag?post=1691"},{"taxonomy":"product_country","embeddable":true,"href":"https:\/\/routinesfashione.com\/en\/wp-json\/wp\/v2\/product_country?post=1691"}],"curies":[{"name":"wp","href":"https:\/\/api.w.org\/{rel}","templated":true}]}}