{"id":1730,"date":"2025-09-30T20:13:39","date_gmt":"2025-09-30T20:13:39","guid":{"rendered":"https:\/\/lightgray-crow-170497.hostingersite.com\/?post_type=product&#038;p=1730"},"modified":"2025-09-30T21:16:19","modified_gmt":"2025-09-30T21:16:19","slug":"stihl-ms-201-c-m-ps3-schienenlaenge-30cm","status":"publish","type":"product","link":"https:\/\/routinesfashione.com\/en\/produit\/stihl-ms-201-c-m-ps3-schienenlaenge-30cm\/","title":{"rendered":"STIHL MS 201 C-M, PS3, Schienenl\u00e4nge 30cm"},"content":{"rendered":"<h2>Technische Daten<\/h2>\n<div class=\"table-wrapper\">\n<table cellspacing=\"2\" cellpadding=\"2\">\n<tbody>\n<tr>\n<td>Hubraum<\/td>\n<td>35,2 cm\u00b3<\/td>\n<\/tr>\n<tr>\n<td>Leistung<\/td>\n<td>1,8 kW \/ 2,4 PS<\/td>\n<\/tr>\n<tr>\n<td>Gewicht<\/td>\n<td>4 kg<\/td>\n<\/tr>\n<tr>\n<td>Leistungsgewicht<\/td>\n<td>2,2 kg\/kW<\/td>\n<\/tr>\n<tr>\n<td>Systemgewicht (kg)<\/td>\n<td>4,47 \/ 4,54 kg<\/td>\n<\/tr>\n<tr>\n<td>Schienenl\u00e4nge<\/td>\n<td>30-35 cm<\/td>\n<\/tr>\n<tr>\n<td>Systemgewicht<\/td>\n<td>4,47 \/ 4,54 kg<\/td>\n<\/tr>\n<tr>\n<td>CO2<\/td>\n<td>728 g\/kWh<\/td>\n<\/tr>\n<tr>\n<td>STIHL Oilomatic S\u00e4gekettentyp<\/td>\n<td>Picco Super (PS)<\/td>\n<\/tr>\n<tr>\n<td>Schalldruckpegel<\/td>\n<td>99 dB(A)<\/td>\n<\/tr>\n<tr>\n<td>Schallleistungspegel<\/td>\n<td>112 dB(A)<\/td>\n<\/tr>\n<tr>\n<td>Vibrationswert links\/rechts<\/td>\n<td>3,3\/3,3 m\/s\u00b2<\/td>\n<\/tr>\n<tr>\n<td>S\u00e4gekettenteilung<\/td>\n<td>3\/8 \u201d P<\/td>\n<\/tr>\n<\/tbody>\n<\/table>\n<\/div>\n<p>\u00a0<\/p>\n<div class=\"table-wrapper\">\n<table class=\"HBOUserAttributes\">\n<tbody>\n<tr>\n<td class=\"AttributeGroupHeader\" colspan=\"2\"><\/td>\n<\/tr>\n<tr>\n<td class=\"AttributeName VerticalAlignMiddle AttributeBorder\"><\/td>\n<td class=\"AttributeContent AttributeBorder\"><\/td>\n<\/tr>\n<tr>\n<td class=\"AttributeName VerticalAlignMiddle AttributeBorder\">EAN:<\/td>\n<td class=\"AttributeContent AttributeBorder\">0886661934782<\/td>\n<\/tr>\n<\/tbody>\n<\/table>\n<\/div>\n<div class=\"table-wrapper\">\n<table cellspacing=\"2\" cellpadding=\"2\">\n<tbody>\n<tr>\n<td>\n<div>STIHL M-Tronic (FT)<\/div>\n<p>ZUVERL\u00c4SSIGES ARBEITEN MIT BESTLEISTUNG. Mit STIHL M-Tronic verf\u00fcgen Sie bereits ab dem Start \u00fcber die Bestleistung Ihres Arbeitsger\u00e4tes. Das vollelektronische Motormanagement regelt in jeder Arbeitssituation den Zu\u0308ndzeitpunkt und die Kraftstoffd\u2026<\/td>\n<\/tr>\n<tr>\n<td>\n<div>STIHL M-Tronic (M)<\/div>\n<p>STIHL M-Tronic steht f\u00fcr einfaches Starten mit wenigen Anwerfh\u00fcben und ohne Umschalten. Das vollelektronische Motormanagement mit Memoryfunktion regelt den Z\u00fcndzeitpunkt und die Kraftstoffdosierung. Durch die Kalt-\/Warmstarterkennung sorgt M-Troni\u2026<\/td>\n<\/tr>\n<tr>\n<td>\n<div>Seitliche Kettenspannung<\/div>\n<p>Die Spannschraube wird seitlich durch den Kettenraddeckel hindurch bet\u00e4tigt. Das verhindert den Kontakt der Hand mit der scharfen S\u00e4gekette und den Spitzen des Krallenanschlages. (Abb. \u00e4hnlich)<\/td>\n<\/tr>\n<tr>\n<td>\n<div>Mengenregulierbare \u00d6lpumpe<\/div>\n<p>Erlaubt eine genaue, bedarfsabh\u00e4ngige \u00d6lmengenf\u00f6rderung. Eine Reduzierung der \u00d6lf\u00f6rdermenge bis zu 50% ist in der E-Stellung m\u00f6glich. F\u00fcr sehr lange Schneidgarnituren oder sehr trockenem Holz ist ein zus\u00e4tzliches \u00d6lvolumen durch den Anwender einst\u2026<\/td>\n<\/tr>\n<tr>\n<td>\n<div>STIHL 2-MIX-Motor<\/div>\n<p>Der STIHL 2-MIX-Motor ist leistungsstark und sparsam zugleich. Die Trennung von Abgas und Frischgas minimiert die Sp\u00fclverluste und erh\u00f6ht dadurch die Leistung und reduziert gleichzeitig den Verbrauch.<\/td>\n<\/tr>\n<tr>\n<td>\n<div>Kombihebel mit Stopp-Funktion<\/div>\n<p>VEREINFACHT DIE BEDIENUNG. Es ist nur noch eine Startposition am Kombihebel n\u00f6tig. Nach dem Abschalten springt der Bedienhebel dank Stopp-Funktion selbstst\u00e4ndig in die Betriebsposition zur\u00fcck. Die warme Maschine kann dadurch direkt wieder neu gest\u2026<\/td>\n<\/tr>\n<tr>\n<td>\n<div>Kombihebel<\/div>\n<p>Da M-Tronic Kalt- und Warmstart elektronisch erkennt, ist nur noch eine Startposition am Kombihebel n\u00f6tig. Die exakte Kraftstoffmenge wird zugef\u00fchrt. Sie m\u00fcssen nichts \u00fcber den Betriebszustand Ihrer Motors\u00e4ge wissen und k\u00f6nnen sofort Vollgas geben\u2026<\/td>\n<\/tr>\n<tr>\n<td>\n<div>STIHL ElastoStart<\/div>\n<p>Als Folge des Kompressionsdruckes treten beim Anwerfen von Verbrennungsmotoren ruckartige Kraftspitzen auf, die Muskeln und Gelenke belasten. Ein D\u00e4mpfungselement im Spezialanwerfgriff ElastoStart nimmt entsprechend dem Verlauf der Kompression abw\u2026<\/td>\n<\/tr>\n<tr>\n<td>\n<div>Werkzeuglose Tankverschl\u00fcsse<\/div>\n<p>Patentierte Spezialverschl\u00fcsse f\u00fcr Kraftstoff- und \u00d6ltank. Die Tanks der damit ausgestatteten Motorger\u00e4te lassen sich schnell, ohne Kraftaufwand und ohne Werkzeug \u00f6ffnen und wieder verschliessen. (Abb. \u00e4hnlich)<\/td>\n<\/tr>\n<tr>\n<td>\n<div>Werkzeugloser Tankverschluss<\/div>\n<p>SCHNELL UND EINFACH ZU BEDIENEN. Dank des werkzeuglosen Tankverschlusses \u00f6ffnen und schlie\u00dfen Sie \u00d6l- und Kraftstofftank dank Bajonett-Verschluss mit nur wenigen Handgriffen.<\/td>\n<\/tr>\n<tr>\n<td>\n<div>WERKZEUGLOSER TANKVERSCHLUSS F\u00dcR \u00d6L- UND KRAFTSTOF<\/div>\n<p>SCHNELL UND EINFACH ZU BEDIENEN. Dank des werkzeuglosen Tankverschlusses \u00f6ffnen und schlie\u00dfen Sie \u00d6l- und Kraftstofftank dank Bajonett-Verschluss mit nur wenigen Handgriffen.<\/td>\n<\/tr>\n<tr>\n<td>\n<div>STIHL Antivibrationssystem<\/div>\n<p>Starke Vibrationen an den Griffstellen von Motorger\u00e4ten k\u00f6nnen l\u00e4ngerfristig zu Durchblutungsst\u00f6rungen in H\u00e4nden und Armen f\u00fchren. STIHL hat deshalb ein hochwertiges Antivibrationssystem entwickelt. Bei Motorger\u00e4ten mit AV-System werden an den Gri\u2026<\/td>\n<\/tr>\n<tr>\n<td>\n<div>Einhebelbedienung<\/div>\n<p>Die Funktionen der Maschine, wie Kalt- und Warmstart, Betrieb und Stop, werden \u00fcber einen einzigen Hebel gesteuert. Das macht die Bedienung besonders komfortabel und sicher, weil die rechte Hand immer am Griff bleiben kann. (Abb. \u00e4hnlich)<\/td>\n<\/tr>\n<tr>\n<td>\n<div>Kompensator<\/div>\n<p>Der STIHL-Kompensator, ein Regelsystem im Vergaser, sorgt daf\u00fcr, dass trotz zunehmender Verschmutzung des Luftfilters Motorleistung, Abgasqualit\u00e4t und Kraftstoffverbrauch \u00fcber einen l\u00e4ngeren Zeitraum nahezu konstant bleiben. Erst wenn ein sp\u00fcrbare\u2026<\/td>\n<\/tr>\n<tr>\n<td>\n<div>Verliersichere Muttern<\/div>\n<p>Beim Wechseln der Schneidgarnitur k\u00f6nnen die Muttern am Kettenraddeckel nicht mehr verloren gehen. (Abb. \u00e4hnlich)<\/td>\n<\/tr>\n<tr>\n<td>\n<div>STIHL Ematic-System<\/div>\n<p>REDUZIERT DEN \u00d6LVERBRAUCH. Das STIHL Ematic-System besteht aus STIHL Ematic oder Ematic S F\u00fchrungsschiene, STIHL Oilomatic S\u00e4gekette und mengenregulierbarer \u00d6lpumpe. Es sorgt daf\u00fcr, dass das Ketten\u00f6l dorthin gelangt, wo es zur Schmierung gebraucht\u2026<\/td>\n<\/tr>\n<tr>\n<td>\n<div>Ematic-System<\/div>\n<p>Das STIHL Ematic System besteht aus STIHL Ematic oder Ematic S F\u00fchrungsschiene, STIHL Oilomatic S\u00e4gekette und mengenregulierbarer oder f\u00f6rderreduzierter \u00d6lpumpe. Die spezielle Konstruktion von Schiene und Kette bewirkt, dass jeder Tropfen Ketten\u00f6l\u2026<\/td>\n<\/tr>\n<tr>\n<td>\n<div>STIHL Vier-Kanal-Technik<\/div>\n<p>Vier \u00dcberstr\u00f6mkan\u00e4le verwirbeln das Kraftstoff-Luft-Gemisch vor der Z\u00fcndung. So wird der Kraftstoff optimal verbrannt und der Wirkungsgrad des Motors deutlich erh\u00f6ht. Das Ergebnis: weniger Verbrauch und ein hohes Drehmoment \u00fcber einen weiten Drehz\u2026<\/td>\n<\/tr>\n<tr>\n<td>\n<div>STIHL M-TRONIC<\/div>\n<p>ZUVERL\u00c4SSIGES ARBEITEN MIT BESTLEISTUNG. Mit STIHL M-Tronic verf\u00fcgen Sie bereits ab dem Start \u00fcber die Bestleistung Ihres Arbeitsger\u00e4tes. Das vollelektronische Motormanagement regelt in jeder Arbeitssituation den Zu\u0308ndzeitpunkt und die Kraftstoffd\u2026<\/td>\n<\/tr>\n<\/tbody>\n<\/table>\n<\/div>","protected":false},"excerpt":{"rendered":"<p>Um die Gefahren einer Motors\u00e4ge zu erkennen oder einzusch\u00e4tzen ist eine Einweisung notwendig. Zudem sind Anforderungen an die Sicherheitskleidung zu beachten. Sollten Unklarheiten bestehen, empfehlen wir eine Abholung vor Ort.<\/p>\n<p>Leichteste Profi-Motors\u00e4ge von STIHL, ideal f\u00fcr Entastungsarbeiten. Serienm\u00e4\u00dfig mit M\u2011Tronic, dadurch stets optimale Motorleistung, einfaches Starten mit nur einer Startposition. Sparsamer 2-MIX-Motor, verliersichere Mutter am Kettenraddeckel, 3\/8\u2033-PS-S\u00e4gekette f\u00fcr eine sehr hohe Schnittleistung.<\/p>\n<p><strong>Dieses Produkt wird vor Auslieferung einer kostenlosen \u00dcbergabeinspektion gem\u00e4\u00df STIHL \u201cPre-Delivery-Inspection\u201d-Richtlinien unterzogen. Das Produkt wird montiert, betriebsbereit und inklusive des Husqvarna Protokolls zur \u00dcbergabeinspektion an Ihre Adresse geliefert.<\/strong><\/p>","protected":false},"featured_media":1731,"template":"","meta":[],"product_brand":[],"product_cat":[34],"product_tag":[],"product_country":[1501],"class_list":{"0":"post-1730","1":"product","2":"type-product","3":"status-publish","4":"has-post-thumbnail","6":"product_cat-motorsage-thermische-motorsage","7":"product_country-germany","9":"first","10":"instock","11":"sale","12":"taxable","13":"shipping-taxable","14":"purchasable","15":"product-type-simple"},"_links":{"self":[{"href":"https:\/\/routinesfashione.com\/en\/wp-json\/wp\/v2\/product\/1730","targetHints":{"allow":["GET"]}}],"collection":[{"href":"https:\/\/routinesfashione.com\/en\/wp-json\/wp\/v2\/product"}],"about":[{"href":"https:\/\/routinesfashione.com\/en\/wp-json\/wp\/v2\/types\/product"}],"wp:featuredmedia":[{"embeddable":true,"href":"https:\/\/routinesfashione.com\/en\/wp-json\/wp\/v2\/media\/1731"}],"wp:attachment":[{"href":"https:\/\/routinesfashione.com\/en\/wp-json\/wp\/v2\/media?parent=1730"}],"wp:term":[{"taxonomy":"product_brand","embeddable":true,"href":"https:\/\/routinesfashione.com\/en\/wp-json\/wp\/v2\/product_brand?post=1730"},{"taxonomy":"product_cat","embeddable":true,"href":"https:\/\/routinesfashione.com\/en\/wp-json\/wp\/v2\/product_cat?post=1730"},{"taxonomy":"product_tag","embeddable":true,"href":"https:\/\/routinesfashione.com\/en\/wp-json\/wp\/v2\/product_tag?post=1730"},{"taxonomy":"product_country","embeddable":true,"href":"https:\/\/routinesfashione.com\/en\/wp-json\/wp\/v2\/product_country?post=1730"}],"curies":[{"name":"wp","href":"https:\/\/api.w.org\/{rel}","templated":true}]}}