{"id":1733,"date":"2025-09-30T20:11:36","date_gmt":"2025-09-30T20:11:36","guid":{"rendered":"https:\/\/lightgray-crow-170497.hostingersite.com\/?post_type=product&#038;p=1733"},"modified":"2025-09-30T21:16:20","modified_gmt":"2025-09-30T21:16:20","slug":"stihl-ms-311-rm-schienenlaenge-45-cm-modell-2025","status":"publish","type":"product","link":"https:\/\/routinesfashione.com\/en\/produit\/stihl-ms-311-rm-schienenlaenge-45-cm-modell-2025\/","title":{"rendered":"STIHL MS 311, RM, Schienenl\u00e4nge 45 cm \u2013 Modell 2025"},"content":{"rendered":"<h2>Technische Daten<\/h2>\n<div class=\"table-wrapper\">\n<table cellspacing=\"2\" cellpadding=\"2\">\n<tbody>\n<tr>\n<td>Hubraum<\/td>\n<td>59 cm\u00b3<\/td>\n<\/tr>\n<tr>\n<td>Leistung<\/td>\n<td>3,1 kW \/ 4,2 PS<\/td>\n<\/tr>\n<tr>\n<td>Gewicht<\/td>\n<td>6,2 kg<\/td>\n<\/tr>\n<tr>\n<td>Schienenl\u00e4nge<\/td>\n<td>40-45 cm<\/td>\n<\/tr>\n<tr>\n<td>Leistungsgewicht<\/td>\n<td>2 kg\/kW<\/td>\n<\/tr>\n<tr>\n<td>Systemgewicht<\/td>\n<td>7,2 \/ 7,33 kg<\/td>\n<\/tr>\n<tr>\n<td>Schalldruckpegel<\/td>\n<td>105 dB(A)<\/td>\n<\/tr>\n<tr>\n<td>STIHL ElastoStart<\/td>\n<td>Nachr\u00fcstbar<\/td>\n<\/tr>\n<tr>\n<td>Schallleistungspegel<\/td>\n<td>117 dB(A)<\/td>\n<\/tr>\n<tr>\n<td>Vibrationswert links\/rechts<\/td>\n<td>4\/4 m\/s\u00b2<\/td>\n<\/tr>\n<tr>\n<td>CO2<\/td>\n<td>874 g\/kWh<\/td>\n<\/tr>\n<tr>\n<td>S\u00e4gekettenteilung<\/td>\n<td>3\/8 \u201c<\/td>\n<\/tr>\n<\/tbody>\n<\/table>\n<\/div>\n<p>\u00a0<\/p>\n<div class=\"table-wrapper\"><\/div>\n<div class=\"table-wrapper\">\n<table cellspacing=\"2\" cellpadding=\"2\">\n<tbody>\n<tr>\n<td>\n<div>SEITLICHE KETTENSPANNUNG<\/div>\n<p>F\u00dcR EIN EINFACHES UND SICHERES NACHSPANNEN. Die seitliche Kettenspannung erm\u00f6glicht ein gesch\u00fctztes, einfaches und schnelles Nachspannen und Wechseln der Kette. Die Spannschraube wird seitlich durch den Kettenraddeckel hindurch bet\u00e4tigt.<\/td>\n<\/tr>\n<tr>\n<td>\n<div>WERKZEUGLOSER TANKVERSCHLUSS F\u00dcR \u00d6L- UND KRAFTSTOF<\/div>\n<p>SCHNELL UND EINFACH ZU BEDIENEN. Dank des werkzeuglosen Tankverschlusses \u00f6ffnen und schlie\u00dfen Sie \u00d6l- und Kraftstofftank dank Bajonett-Verschluss mit nur wenigen Handgriffen.<\/td>\n<\/tr>\n<tr>\n<td>\n<div>MENGENREGULIERBARE \u00d6LPUMPE<\/div>\n<p>BEDARFSGERECHTER \u00d6LVERBRAUCH. Die mengenregulierende \u00d6lpumpe reduziert den \u00d6lverbrauch Ihrer Motors\u00e4ge um bis zu 50 Prozent. W\u00e4hlen Sie daf\u00fcr einfach die E-Stellung aus. F\u00fcr sehr lange Schneidgarnituren oder bei sehr trockenem Holz ist ein zus\u00e4tzl\u2026<\/td>\n<\/tr>\n<tr>\n<td>\n<div>STIHL 2-MIX-MOTOR<\/div>\n<p>BESONDERS LEISTUNGSEFFIZENT. Mit dem STIHL 2-Mix-Motor reduzieren Sie die Abgasbelastung sowie den Verbrauch und damit die Betriebskosten. Dieser 2-Takt-Motor ist wartungsarm gebaut und nutzt den Kraftstoff auch bei hohen Leistungen effizient. Als\u2026<\/td>\n<\/tr>\n<tr>\n<td>\n<div>MANUELLE DEKOMPRESSION<\/div>\n<p>KRAFTSPARENDES ANWERFEN. Das Dekompressionsventil erleichtert das Anwerfen Ihres Ger\u00e4tes. Beim Starten k\u00f6nnen Sie durch \u00d6ffnen des Ventils einen Teil des verdichteten Gemisches aus dem Zylinder entweichen lassen. Das schont das Anwerfsystem und Si\u2026<\/td>\n<\/tr>\n<tr>\n<td>\n<div>Werkzeugloser Tankverschluss<\/div>\n<p>SCHNELL UND EINFACH ZU BEDIENEN. Dank des werkzeuglosen Tankverschlusses \u00f6ffnen und schlie\u00dfen Sie \u00d6l- und Kraftstofftank dank Bajonett-Verschluss mit nur wenigen Handgriffen.<\/td>\n<\/tr>\n<tr>\n<td>\n<div>LANGZEIT-LUFTFILTERSYSTEM F\u00dcR MOTORS\u00c4GEN<\/div>\n<p>L\u00c4NGERE FILTERSTANDZEIT. Durch die Vorabscheidung werden grobe, gr\u00f6\u00dfere Partikel bereits aus dem Luftstrom entfernt, bevor diese den eigentlichen Filter erreichen k\u00f6nnen. Der HD2-Filter h\u00e4lt selbst feinen Staub vom Triebwerk fern und sorgt so f\u00fcr \u2026<\/td>\n<\/tr>\n<tr>\n<td>\n<div>STIHL ANTIVIBRATIONSSYSTEM<\/div>\n<p>F\u00dcR EIN ANGENEHMERES ARBEITEN. Bei der Kraftentfaltung Ihres Ger\u00e4ts entstehen Vibrationen, die sich vor allem im Griffbereich bemerkbar machen. Die Puffer- und Federelemente des STIHL Antivibrationssystems reduzieren die \u00dcbertragung der Motorschwi\u2026<\/td>\n<\/tr>\n<tr>\n<td>\n<div>Einhebelbedienung<\/div>\n<p>Die Funktionen der Maschine, wie Kalt- und Warmstart, Betrieb und Stop, werden \u00fcber einen einzigen Hebel gesteuert. Das macht die Bedienung besonders komfortabel und sicher, weil die rechte Hand immer am Griff bleiben kann. (Abb. \u00e4hnlich)<\/td>\n<\/tr>\n<tr>\n<td>\n<div>KOMPENSATOR<\/div>\n<p>GERINGERER WARTUNGSAUFWAND. Ein Regelsystem im Vergaser, der Kompensator, sorgt durch Druckausgleich daf\u00fcr, dass trotz zunehmender Verschmutzung des Luftfilters Motorleistung, Abgasqualit\u00e4t und Kraftstoffverbrauch \u00fcber einen langen Zeitraum nahezu\u2026<\/td>\n<\/tr>\n<tr>\n<td>\n<div>STIHL Ematic-System<\/div>\n<p>REDUZIERT DEN \u00d6LVERBRAUCH. Das STIHL Ematic-System besteht aus STIHL Ematic oder Ematic S F\u00fchrungsschiene, STIHL Oilomatic S\u00e4gekette und mengenregulierbarer \u00d6lpumpe. Es sorgt daf\u00fcr, dass das Ketten\u00f6l dorthin gelangt, wo es zur Schmierung gebraucht\u2026<\/td>\n<\/tr>\n<tr>\n<td>\n<div>STIHL VIER-KANAL-TECHNIK<\/div>\n<p>F\u00dcR WENIGER KRAFTSTOFFVERBRAUCH UND EINE HOHE LEISTUNG. Dank der STIHL Vier-Kanal-Technik arbeiten Sie mit Ihrem Ger\u00e4t besonders kraftstoffarm und leistungsstark. Die vier \u00dcberstr\u00f6mkan\u00e4le f\u00fchren das Kraftstoff-Luft-Gemisch gezielt und komprimierte\u2026<\/td>\n<\/tr>\n<tr>\n<td>\n<div>VERGASERVORW\u00c4RMUNG<\/div>\n<p>F\u00dcR ZUVERL\u00c4SSIGEN BETRIEB AUCH IN DER KALTEN JAHRESZEIT. Dank der Vergaservorw\u00e4rmung k\u00f6nnen Sie auch im Winter zuverl\u00e4ssig mit Ihrer Motors\u00e4ge arbeiten. Mit nur einem einfachen Handgriff stellen Sie den Betrieb von Sommer auf Winter um. In der Win\u2026<\/td>\n<\/tr>\n<\/tbody>\n<\/table>\n<\/div>","protected":false},"excerpt":{"rendered":"<p>Die Benzin-Motors\u00e4ge STIHL MS 311 ist das ideale Ger\u00e4t f\u00fcr den\u00a0<strong>Brennholzeinschlag in mittleren Best\u00e4nden<\/strong>. Vor allem Landwirte und Gartenbau-Spezialisten sind mit der leistungsstarken Motors\u00e4ge gut ausger\u00fcstet. Der STIHL 2-MIX-Motor \u00fcberzeugt mit einer Leistung von 3,1 kW (4,2 PS).<\/p>\n<p>Die Vorabscheidung verl\u00e4ngert die Einsatzzeit, da grobe Partikel entfernt werden, bevor diese den Filter erreichen und dieser somit seltener gereinigt werden muss. Wenn Sie den optional erh\u00e4ltlichen HD2-Luftfilter nachr\u00fcsten, verf\u00fcgt Ihre benzinbetriebene Motors\u00e4ge STIHL MS 311 sogar \u00fcber ein Langzeit-Luftfiltersystem.\u00a0Um Ihre Muskeln und Gelenke zu schonen, reduziert das\u00a0<strong>STIHL Antivibrationssystem<\/strong>\u00a0Schwingungen des Motors. Auch diese Eigenschaften werden Ihnen beim effektiven Arbeiten mit der Benzin-Kettens\u00e4ge STIHL MS 311 helfen:<\/p>\n<ul>\n<li>Das\u00a0<strong>Dekompressionsventil<\/strong>\u00a0verringert die ben\u00f6tigte Zugkraft am Anwerfseil. Das erleichtert f\u00fcr Sie das Starten und schont den Motor.<\/li>\n<li>Durch die\u00a0<strong>Einhebelbedienung<\/strong>\u00a0haben Sie Ihre rechte Hand immer am Griff, was die\u00a0<strong>Bedienung besonders komfortabel<\/strong>\u00a0und sicher macht.<\/li>\n<li>Damit Ihre Kettens\u00e4ge immer passend geschmiert ist, f\u00fchrt das STIHL Ematic-System zielgerichtet das S\u00e4gekettenhaft\u00f6l dorthin, wo es ben\u00f6tigt wird. Dies sorgt zus\u00e4tzlich f\u00fcr einen sparsamen \u00d6lverbrauch.<\/li>\n<\/ul>\n<p>Wenn Sie mit dieser Motors\u00e4ge direkt die passende Grundausstattung an pers\u00f6nlicher Schutzausr\u00fcstung kaufen m\u00f6chten, so bietet sich daf\u00fcr das optional angebotene\u00a0<strong>STIHL FUNCTION Kit MS<\/strong>\u00a0an. Dieses kann bequem von mehreren Personen verwendet werden, da alle Bestandteile gut f\u00fcr unterschiedliche K\u00f6rpergr\u00f6\u00dfen geeignet sind und zudem schnell angezogen und auch wieder abgelegt werden k\u00f6nnen.<\/p>\n<p><strong>Dieses Produkt wird vor Auslieferung einer kostenlosen \u00dcbergabeinspektion gem\u00e4\u00df STIHL \u201cPre-Delivery-Inspection\u201d-Richtlinien unterzogen. Das Produkt wird montiert, betriebsbereit und inklusive des Husqvarna Protokolls zur \u00dcbergabeinspektion an Ihre Adresse geliefert.<\/strong><\/p>","protected":false},"featured_media":1734,"template":"","meta":[],"product_brand":[],"product_cat":[34],"product_tag":[],"product_country":[1501],"class_list":{"0":"post-1733","1":"product","2":"type-product","3":"status-publish","4":"has-post-thumbnail","6":"product_cat-motorsage-thermische-motorsage","7":"product_country-germany","9":"first","10":"instock","11":"sale","12":"taxable","13":"shipping-taxable","14":"purchasable","15":"product-type-simple"},"_links":{"self":[{"href":"https:\/\/routinesfashione.com\/en\/wp-json\/wp\/v2\/product\/1733","targetHints":{"allow":["GET"]}}],"collection":[{"href":"https:\/\/routinesfashione.com\/en\/wp-json\/wp\/v2\/product"}],"about":[{"href":"https:\/\/routinesfashione.com\/en\/wp-json\/wp\/v2\/types\/product"}],"wp:featuredmedia":[{"embeddable":true,"href":"https:\/\/routinesfashione.com\/en\/wp-json\/wp\/v2\/media\/1734"}],"wp:attachment":[{"href":"https:\/\/routinesfashione.com\/en\/wp-json\/wp\/v2\/media?parent=1733"}],"wp:term":[{"taxonomy":"product_brand","embeddable":true,"href":"https:\/\/routinesfashione.com\/en\/wp-json\/wp\/v2\/product_brand?post=1733"},{"taxonomy":"product_cat","embeddable":true,"href":"https:\/\/routinesfashione.com\/en\/wp-json\/wp\/v2\/product_cat?post=1733"},{"taxonomy":"product_tag","embeddable":true,"href":"https:\/\/routinesfashione.com\/en\/wp-json\/wp\/v2\/product_tag?post=1733"},{"taxonomy":"product_country","embeddable":true,"href":"https:\/\/routinesfashione.com\/en\/wp-json\/wp\/v2\/product_country?post=1733"}],"curies":[{"name":"wp","href":"https:\/\/api.w.org\/{rel}","templated":true}]}}