{"id":1740,"date":"2025-09-30T20:13:39","date_gmt":"2025-09-30T20:13:39","guid":{"rendered":"https:\/\/lightgray-crow-170497.hostingersite.com\/?post_type=product&#038;p=1740"},"modified":"2025-09-30T21:16:21","modified_gmt":"2025-09-30T21:16:21","slug":"stihl-ms-362-c-m-rd3-schienenlaenge-40cm","status":"publish","type":"product","link":"https:\/\/routinesfashione.com\/en\/produit\/stihl-ms-362-c-m-rd3-schienenlaenge-40cm\/","title":{"rendered":"STIHL MS 362 C-M, RD3, Schienenl\u00e4nge 40cm"},"content":{"rendered":"<h2>Technische Daten<\/h2>\n<div class=\"table-wrapper\">\n<table cellspacing=\"2\" cellpadding=\"2\">\n<tbody>\n<tr>\n<td>Hubraum<\/td>\n<td>59 cm\u00b3<\/td>\n<\/tr>\n<tr>\n<td>Leistung<\/td>\n<td>3,5 kW \/ 4,8 PS<\/td>\n<\/tr>\n<tr>\n<td>Gewicht<\/td>\n<td>5,6 kg<\/td>\n<\/tr>\n<tr>\n<td>Leistungsgewicht<\/td>\n<td>1,6 kg\/kW<\/td>\n<\/tr>\n<tr>\n<td>Systemgewicht (kg)<\/td>\n<td>6,62 kg<\/td>\n<\/tr>\n<tr>\n<td>Schienenl\u00e4nge<\/td>\n<td>40 cm<\/td>\n<\/tr>\n<tr>\n<td>Systemgewicht<\/td>\n<td>6,62 kg<\/td>\n<\/tr>\n<tr>\n<td>CO2<\/td>\n<td>711 g\/kWh<\/td>\n<\/tr>\n<tr>\n<td>Schalldruckpegel<\/td>\n<td>106 dB(A)<\/td>\n<\/tr>\n<tr>\n<td>Schallleistungspegel<\/td>\n<td>117 dB(A)<\/td>\n<\/tr>\n<tr>\n<td>Vibrationswert links\/rechts<\/td>\n<td>3,5\/3,5 m\/s\u00b2<\/td>\n<\/tr>\n<tr>\n<td>S\u00e4gekettenteilung<\/td>\n<td>3\/8 \u201c<\/td>\n<\/tr>\n<tr>\n<td>STIHL Oilomatic S\u00e4gekettentyp<\/td>\n<td>Rapid Duro (RD3)<\/td>\n<\/tr>\n<\/tbody>\n<\/table>\n<\/div>\n<p>\u00a0<\/p>\n<div class=\"table-wrapper\">\n<table class=\"HBOUserAttributes\">\n<tbody>\n<tr>\n<td class=\"AttributeGroupHeader\" colspan=\"2\"><\/td>\n<\/tr>\n<tr>\n<td class=\"AttributeName VerticalAlignMiddle AttributeBorder\"><\/td>\n<td class=\"AttributeContent AttributeBorder\"><\/td>\n<\/tr>\n<tr>\n<td class=\"AttributeName VerticalAlignMiddle AttributeBorder\">EAN:<\/td>\n<td class=\"AttributeContent AttributeBorder\">0886661715503<\/td>\n<\/tr>\n<\/tbody>\n<\/table>\n<\/div>\n<div class=\"table-wrapper\">\n<table cellspacing=\"2\" cellpadding=\"2\">\n<tbody>\n<tr>\n<td>\n<div>STIHL M-Tronic (M)<\/div>\n<p>STIHL M-Tronic steht f\u00fcr einfaches Starten mit wenigen Anwerfh\u00fcben und ohne Umschalten. Das vollelektronische Motormanagement mit Memoryfunktion regelt den Z\u00fcndzeitpunkt und die Kraftstoffdosierung. Durch die Kalt-\/Warmstarterkennung sorgt M-Troni\u2026<\/td>\n<\/tr>\n<tr>\n<td>\n<div>STIHL M-Tronic (FT)<\/div>\n<p>ZUVERL\u00c4SSIGES ARBEITEN MIT BESTLEISTUNG. Mit STIHL M-Tronic verf\u00fcgen Sie bereits ab dem Start \u00fcber die Bestleistung Ihres Arbeitsger\u00e4tes. Das vollelektronische Motormanagement regelt in jeder Arbeitssituation den Zu\u0308ndzeitpunkt und die Kraftstoffd\u2026<\/td>\n<\/tr>\n<tr>\n<td>\n<div>STIHL M-TRONIC<\/div>\n<p>ZUVERL\u00c4SSIGES ARBEITEN MIT BESTLEISTUNG. Mit STIHL M-Tronic verf\u00fcgen Sie bereits ab dem Start \u00fcber die Bestleistung Ihres Arbeitsger\u00e4tes. Das vollelektronische Motormanagement regelt in jeder Arbeitssituation den Zu\u0308ndzeitpunkt und die Kraftstoffd\u2026<\/td>\n<\/tr>\n<tr>\n<td>\n<div>Seitliche Kettenspannung<\/div>\n<p>Die Spannschraube wird seitlich durch den Kettenraddeckel hindurch bet\u00e4tigt. Das verhindert den Kontakt der Hand mit der scharfen S\u00e4gekette und den Spitzen des Krallenanschlages. (Abb. \u00e4hnlich)<\/td>\n<\/tr>\n<tr>\n<td>\n<div>Mengenregulierbare \u00d6lpumpe<\/div>\n<p>Erlaubt eine genaue, bedarfsabh\u00e4ngige \u00d6lmengenf\u00f6rderung. Eine Reduzierung der \u00d6lf\u00f6rdermenge bis zu 50 % ist in der E-Stellung m\u00f6glich. F\u00fcr sehr lange Schneidgarnituren oder bei sehr trockenem Holz ist ein zus\u00e4tzliches \u00d6lvolumen durch den Anwender \u2026<\/td>\n<\/tr>\n<tr>\n<td>\n<div>STIHL 2-MIX-Motor<\/div>\n<p>Der STIHL 2-MIX-Motor ist leistungsstark und sparsam zugleich. Die Trennung von Abgas und Frischgas minimiert die Sp\u00fclverluste und erh\u00f6ht dadurch die Leistung und reduziert gleichzeitig den Verbrauch.<\/td>\n<\/tr>\n<tr>\n<td>\n<div>HD2-Filter<\/div>\n<p>Der HD2-Filter aus Polyethylen-Filtermaterial hat um bis zu 70% feinere Poren als Vlies- und Polyamidfilter und filtert dadurch selbst feinsten Staub. Er ist dar\u00fcber hinaus \u00f6l- und wasserabweisend und dadurch sehr leicht zu reinigen. Die PET- best\u2026<\/td>\n<\/tr>\n<tr>\n<td>\n<div>Kombihebel mit Stopp-Funktion<\/div>\n<p>VEREINFACHT DIE BEDIENUNG. Es ist nur noch eine Startposition am Kombihebel n\u00f6tig. Nach dem Abschalten springt der Bedienhebel dank Stopp-Funktion selbstst\u00e4ndig in die Betriebsposition zur\u00fcck. Die warme Maschine kann dadurch direkt wieder neu gest\u2026<\/td>\n<\/tr>\n<tr>\n<td>\n<div>Kombihebel<\/div>\n<p>Da M-Tronic Kalt- und Warmstart elektronisch erkennt, ist nur noch eine Startposition am Kombihebel n\u00f6tig. Die exakte Kraftstoffmenge wird zugef\u00fchrt. Sie m\u00fcssen nichts \u00fcber den Betriebszustand Ihrer Motors\u00e4ge wissen und k\u00f6nnen sofort Vollgas geben\u2026<\/td>\n<\/tr>\n<tr>\n<td>\n<div>Manuelle Dekompression<\/div>\n<p>KRAFTSPARENDES ANWERFEN. Das Dekompressionsventil erleichtert das Anwerfen Ihres Ger\u00e4tes. Beim Starten k\u00f6nnen Sie durch \u00d6ffnen des Ventils einen Teil des verdichteten Gemisches aus dem Zylinder entweichen lassen. Das schont das Anwerfsystem und Sie m\u00fcssen weniger Kraft am Anwerseil aufwenden.<\/td>\n<\/tr>\n<tr>\n<td>\n<div>Dekompressionsventil<\/div>\n<p>Das Dekompressionsventil l\u00e4sst beim Anwerfen einen Teil des verdichteten Gemisches aus dem Zylinder entweichen. Dadurch wird die erforderliche Zugkraft am Anwerfseil deutlich reduziert. Die Bedienungsperson wird entlastet und das gesamte Anwerfsys\u2026<\/td>\n<\/tr>\n<tr>\n<td>\n<div>STIHL ElastoStart<\/div>\n<p>Als Folge des Kompressionsdruckes treten beim Anwerfen von Verbrennungsmotoren ruckartige Kraftspitzen auf, die Muskeln und Gelenke belasten. Ein D\u00e4mpfungselement im Spezialanwerfgriff ElastoStart nimmt entsprechend dem Verlauf der Kompression abw\u2026<\/td>\n<\/tr>\n<tr>\n<td>\n<div>Werkzeuglose Tankverschl\u00fcsse<\/div>\n<p>Patentierte Spezialverschl\u00fcsse f\u00fcr Kraftstoff- und \u00d6ltank. Die Tanks der damit ausgestatteten Motorger\u00e4te lassen sich schnell, ohne Kraftaufwand und ohne Werkzeug \u00f6ffnen und wieder verschlie\u00dfen. (Abb. \u00e4hnlich)<\/td>\n<\/tr>\n<tr>\n<td>\n<div>Werkzeugloser Tankverschluss<\/div>\n<p>SCHNELL UND EINFACH ZU BEDIENEN. Dank des werkzeuglosen Tankverschlusses \u00f6ffnen und schlie\u00dfen Sie \u00d6l- und Kraftstofftank dank Bajonett-Verschluss mit nur wenigen Handgriffen.<\/td>\n<\/tr>\n<tr>\n<td>\n<div>LANGZEIT-LUFTFILTERSYSTEM F\u00dcR MOTORS\u00c4GEN<\/div>\n<p>L\u00c4NGERE FILTERSTANDZEIT. Durch die Vorabscheidung werden grobe, gr\u00f6\u00dfere Partikel bereits aus dem Luftstrom entfernt, bevor diese den eigentlichen Filter erreichen k\u00f6nnen. Der HD2-Filter h\u00e4lt selbst feinen Staub vom Triebwerk fern und sorgt so f\u00fcr \u2026<\/td>\n<\/tr>\n<tr>\n<td>\n<div>Langzeit-Luftfiltersystem f\u00fcr Motors\u00e4ge<\/div>\n<p>L\u00c4NGERE FILTERSTANDZEIT. Durch die Vorabscheidung werden grobe, gr\u00f6\u00dfere Partikel bereits aus dem Luftstrom entfernt, bevor diese den eigentlichen Filter erreichen k\u00f6nnen. Der HD2-Filter h\u00e4lt selbst feinen Staub vom Triebwerk fern und sorgt so f\u00fcr \u2026<\/td>\n<\/tr>\n<tr>\n<td>\n<div>Langzeit-Luftfiltersystem mit Vorabscheidung<\/div>\n<p>Das innovative Langzeit-Luftfiltersystem sorgt f\u00fcr eine erheblich l\u00e4ngere Filterstandzeit. Denn es entfernt durch Vorabscheidung grobe Schmutzpartikel und entlastet so den eigentlichen Filter. Sie k\u00f6nnen Ihre S\u00e4ge im Vergleich zu den Vorg\u00e4ngern do\u2026<\/td>\n<\/tr>\n<tr>\n<td>\n<div>WERKZEUGLOSER TANKVERSCHLUSS F\u00dcR \u00d6L- UND KRAFTSTOF<\/div>\n<p>SCHNELL UND EINFACH ZU BEDIENEN. Dank des werkzeuglosen Tankverschlusses \u00f6ffnen und schlie\u00dfen Sie \u00d6l- und Kraftstofftank dank Bajonett-Verschluss mit nur wenigen Handgriffen.<\/td>\n<\/tr>\n<tr>\n<td>\n<div>STIHL Antivibrationssystem<\/div>\n<p>Starke Vibrationen an den Griffstellen von Motorger\u00e4ten k\u00f6nnen l\u00e4ngerfristig zu Durchblutungsst\u00f6rungen in H\u00e4nden und Armen f\u00fchren. STIHL hat deshalb ein hochwertiges Antivibrationssystem entwickelt. Bei Motorger\u00e4ten mit AV-System werden an den Gri\u2026<\/td>\n<\/tr>\n<tr>\n<td>\n<div>Kompensator<\/div>\n<p>Der STIHL Kompensator, ein Regelsystem im Vergaser, sorgt daf\u00fcr, dass trotz zunehmender Verschmutzung des Luftfilters Motorleistung, Abgasqualit\u00e4t und Kraftstoffverbrauch \u00fcber einen l\u00e4ngeren Zeitraum nahezu konstant bleiben. Erst wenn ein sp\u00fcrbare\u2026<\/td>\n<\/tr>\n<tr>\n<td>\n<div>Verliersichere Muttern<\/div>\n<p>Beim Wechseln der Schneidgarnitur k\u00f6nnen die Muttern am Kettenraddeckel nicht mehr verloren gehen. (Abb. \u00e4hnlich)<\/td>\n<\/tr>\n<tr>\n<td>\n<div>Ematic-System<\/div>\n<p>Das STIHL Ematic-System besteht aus STIHL Ematic oder Ematic S F\u00fchrungsschiene, STIHL Oilomatic S\u00e4gekette und mengenregulierbarer oder f\u00f6rderreduzierter \u00d6lpumpe. Die spezielle Konstruktion von Schiene und Kette bewirkt, dass jeder Tropfen Ketten\u00f6l\u2026<\/td>\n<\/tr>\n<tr>\n<td>\n<div>STIHL Ematic-System<\/div>\n<p>REDUZIERT DEN \u00d6LVERBRAUCH. Das STIHL Ematic-System besteht aus STIHL Ematic oder Ematic S F\u00fchrungsschiene, STIHL Oilomatic S\u00e4gekette und mengenregulierbarer \u00d6lpumpe. Es sorgt daf\u00fcr, dass das Ketten\u00f6l dorthin gelangt, wo es zur Schmierung gebraucht\u2026<\/td>\n<\/tr>\n<tr>\n<td>\n<div>STIHL Vier-Kanal-Technik<\/div>\n<p>Vier \u00dcberstr\u00f6mkan\u00e4le verwirbeln das Kraftstoff-Luft-Gemisch vor der Z\u00fcndung. So wird der Kraftstoff optimal verbrannt und der Wirkungsgrad des Motors deutlich erh\u00f6ht. Das Ergebnis: weniger Verbrauch und ein hohes Drehmoment \u00fcber einen weiten Drehz\u2026<\/td>\n<\/tr>\n<tr>\n<td>\n<div>Vergaservorw\u00e4rmung<\/div>\n<p>Auf STIHL S\u00e4gen mit Vergaservorw\u00e4rmung ist auch in der kalten Jahreszeit Verlass: In der Winter-Einstellung umstr\u00f6mt vorgew\u00e4rmte Ansaugluft den Vergaser. Dadurch wird ein Vereisen verhindert. F\u00fcr das Umstellen von Sommer- auf Winterbetrieb gen\u00fcgt \u2026<\/td>\n<\/tr>\n<\/tbody>\n<\/table>\n<\/div>","protected":false},"excerpt":{"rendered":"<p>M-Tronic f\u00fcr stets optimale Motorleistung und einfaches Starten dank einer Startposition. Sparsamer 2-MIX-Motor, neues Langzeit-Luftfiltersystem mit HD2-Filter f\u00fcr eine sehr gute Filterwirkung, serienm\u00e4\u00dfig mit der Hartmetall-S\u00e4gekette Duro 3 speziell f\u00fcr den Einsatz bei verschmutztem Holz.<\/p>\n<p><strong>Dieses Produkt wird vor Auslieferung einer kostenlosen \u00dcbergabeinspektion gem\u00e4\u00df STIHL \u201cPre-Delivery-Inspection\u201d-Richtlinien unterzogen. Das Produkt wird montiert, betriebsbereit und inklusive des Husqvarna Protokolls zur \u00dcbergabeinspektion an Ihre Adresse geliefert.<\/strong><\/p>\n<ul>\n<li><strong>Auf Lager<\/strong><\/li>\n<li><strong>Lieferung nach Deutschland :\u00a0<\/strong>Gratisversand (3 \u2013 4 Tagen) : 0\u20ac<\/li>\n<li><strong>Lieferung in \u00d6sterreich, D\u00e4nemark, Polen, Niederlande, Finnland, Schweden, Frankreich, Belgien, Schweiz :\u00a0<\/strong>(14 Tagen) : 39,99\u20ac<\/li>\n<li><strong>R\u00fcckgabe innerhalb von 14 Tagen<\/strong><\/li>\n<\/ul>","protected":false},"featured_media":1741,"template":"","meta":[],"product_brand":[],"product_cat":[34],"product_tag":[],"product_country":[1501],"class_list":{"0":"post-1740","1":"product","2":"type-product","3":"status-publish","4":"has-post-thumbnail","6":"product_cat-motorsage-thermische-motorsage","7":"product_country-germany","9":"first","10":"instock","11":"sale","12":"taxable","13":"shipping-taxable","14":"purchasable","15":"product-type-simple"},"_links":{"self":[{"href":"https:\/\/routinesfashione.com\/en\/wp-json\/wp\/v2\/product\/1740","targetHints":{"allow":["GET"]}}],"collection":[{"href":"https:\/\/routinesfashione.com\/en\/wp-json\/wp\/v2\/product"}],"about":[{"href":"https:\/\/routinesfashione.com\/en\/wp-json\/wp\/v2\/types\/product"}],"wp:featuredmedia":[{"embeddable":true,"href":"https:\/\/routinesfashione.com\/en\/wp-json\/wp\/v2\/media\/1741"}],"wp:attachment":[{"href":"https:\/\/routinesfashione.com\/en\/wp-json\/wp\/v2\/media?parent=1740"}],"wp:term":[{"taxonomy":"product_brand","embeddable":true,"href":"https:\/\/routinesfashione.com\/en\/wp-json\/wp\/v2\/product_brand?post=1740"},{"taxonomy":"product_cat","embeddable":true,"href":"https:\/\/routinesfashione.com\/en\/wp-json\/wp\/v2\/product_cat?post=1740"},{"taxonomy":"product_tag","embeddable":true,"href":"https:\/\/routinesfashione.com\/en\/wp-json\/wp\/v2\/product_tag?post=1740"},{"taxonomy":"product_country","embeddable":true,"href":"https:\/\/routinesfashione.com\/en\/wp-json\/wp\/v2\/product_country?post=1740"}],"curies":[{"name":"wp","href":"https:\/\/api.w.org\/{rel}","templated":true}]}}