{"id":1742,"date":"2025-09-30T20:11:35","date_gmt":"2025-09-30T20:11:35","guid":{"rendered":"https:\/\/lightgray-crow-170497.hostingersite.com\/?post_type=product&#038;p=1742"},"modified":"2025-09-30T21:16:21","modified_gmt":"2025-09-30T21:16:21","slug":"benzin-motorsaege-stihl-ms-362-c-m-rs-schienenlaenge-45-cm","status":"publish","type":"product","link":"https:\/\/routinesfashione.com\/en\/produit\/benzin-motorsaege-stihl-ms-362-c-m-rs-schienenlaenge-45-cm\/","title":{"rendered":"Benzin-Motors\u00e4ge STIHL MS 362 C-M, RS, Schienenl\u00e4nge 45 cm"},"content":{"rendered":"<h4>Technische Daten<\/h4>\n<div class=\"table-wrapper\">\n<table cellspacing=\"2\" cellpadding=\"2\">\n<tbody>\n<tr>\n<td>Hubraum<\/td>\n<td>59 cm\u00b3<\/td>\n<\/tr>\n<tr>\n<td>Leistung<\/td>\n<td>3,5 kW \/ 4,8 PS<\/td>\n<\/tr>\n<tr>\n<td>Gewicht<\/td>\n<td>5,6 kg<\/td>\n<\/tr>\n<tr>\n<td>Schienenl\u00e4nge<\/td>\n<td>40-45 cm<\/td>\n<\/tr>\n<tr>\n<td>Leistungsgewicht<\/td>\n<td>1,6 kg\/kW<\/td>\n<\/tr>\n<tr>\n<td>Systemgewicht<\/td>\n<td>6,6 \/ 6,73 kg<\/td>\n<\/tr>\n<tr>\n<td>Schalldruckpegel<\/td>\n<td>106 dB(A)<\/td>\n<\/tr>\n<tr>\n<td>Schallleistungspegel<\/td>\n<td>117 dB(A)<\/td>\n<\/tr>\n<tr>\n<td>Vibrationswert links\/rechts<\/td>\n<td>3,5\/3,5 m\/s\u00b2<\/td>\n<\/tr>\n<tr>\n<td>CO2<\/td>\n<td>711 g\/kWh<\/td>\n<\/tr>\n<tr>\n<td>S\u00e4gekettenteilung<\/td>\n<td>3\/8 \u201c<\/td>\n<\/tr>\n<\/tbody>\n<\/table>\n<\/div>\n<p>\u00a0<\/p>\n<div class=\"table-wrapper\">\n<table class=\"HBOUserAttributes\">\n<tbody>\n<tr>\n<td class=\"AttributeGroupHeader\" colspan=\"2\"><\/td>\n<\/tr>\n<tr>\n<td class=\"AttributeName VerticalAlignMiddle AttributeBorder\"><\/td>\n<td class=\"AttributeContent AttributeBorder\"><\/td>\n<\/tr>\n<tr>\n<td class=\"AttributeName VerticalAlignMiddle AttributeBorder\">EAN:<\/td>\n<td class=\"AttributeContent AttributeBorder\">0886661474639<\/td>\n<\/tr>\n<\/tbody>\n<\/table>\n<\/div>\n<div class=\"table-wrapper\">\n<table cellspacing=\"2\" cellpadding=\"2\">\n<tbody>\n<tr>\n<td>\n<div>STIHL M-TRONIC<\/div>\n<p>ZUVERL\u00c4SSIGES ARBEITEN MIT BESTLEISTUNG. Mit STIHL M-Tronic verf\u00fcgen Sie bereits ab dem Start \u00fcber die Bestleistung Ihres Arbeitsger\u00e4tes. Das vollelektronische Motormanagement regelt in jeder Arbeitssituation den Zu\u0308ndzeitpunkt und die Kraftstoffd\u2026<\/td>\n<\/tr>\n<tr>\n<td>\n<div>STIHL M-Tronic (FT)<\/div>\n<p>ZUVERL\u00c4SSIGES ARBEITEN MIT BESTLEISTUNG. Mit STIHL M-Tronic verf\u00fcgen Sie bereits ab dem Start \u00fcber die Bestleistung Ihres Arbeitsger\u00e4tes. Das vollelektronische Motormanagement regelt in jeder Arbeitssituation den Zu\u0308ndzeitpunkt und die Kraftstoffd\u2026<\/td>\n<\/tr>\n<tr>\n<td>\n<div>SEITLICHE KETTENSPANNUNG<\/div>\n<p>F\u00dcR EIN EINFACHES UND SICHERES NACHSPANNEN. Die seitliche Kettenspannung erm\u00f6glicht ein gesch\u00fctztes, einfaches und schnelles Nachspannen und Wechseln der Kette. Die Spannschraube wird seitlich durch den Kettenraddeckel hindurch bet\u00e4tigt.<\/td>\n<\/tr>\n<tr>\n<td>\n<div>WERKZEUGLOSER TANKVERSCHLUSS F\u00dcR \u00d6L- UND KRAFTSTOF<\/div>\n<p>SCHNELL UND EINFACH ZU BEDIENEN. Dank des werkzeuglosen Tankverschlusses \u00f6ffnen und schlie\u00dfen Sie \u00d6l- und Kraftstofftank dank Bajonett-Verschluss mit nur wenigen Handgriffen.<\/td>\n<\/tr>\n<tr>\n<td>\n<div>MENGENREGULIERBARE \u00d6LPUMPE<\/div>\n<p>BEDARFSGERECHTER \u00d6LVERBRAUCH. Die mengenregulierende \u00d6lpumpe reduziert den \u00d6lverbrauch Ihrer Motors\u00e4ge um bis zu 50 Prozent. W\u00e4hlen Sie daf\u00fcr einfach die E-Stellung aus. F\u00fcr sehr lange Schneidgarnituren oder bei sehr trockenem Holz ist ein zus\u00e4tzl\u2026<\/td>\n<\/tr>\n<tr>\n<td>\n<div>STIHL 2-MIX-MOTOR<\/div>\n<p>BESONDERS LEISTUNGSEFFIZENT. Mit dem STIHL 2-Mix-Motor reduzieren Sie die Abgasbelastung sowie den Verbrauch und damit die Betriebskosten. Dieser 2-Takt-Motor ist wartungsarm gebaut und nutzt den Kraftstoff auch bei hohen Leistungen effizient. Als\u2026<\/td>\n<\/tr>\n<tr>\n<td>\n<div>HD2-FILTER<\/div>\n<p>ERH\u00d6HT DIE LEBENSDAUER. Der HD2-Filter sch\u00fctzt den Motor Ihres Ger\u00e4ts auch vor feinstem Staub. Er sorgt dadurch f\u00fcr eine l\u00e4ngere Lebensdauer und einen reduzierten Verschlei\u00df. Der Filter aus PET-Material hat bis zu 70 Prozent feinere Poren als Vlie\u2026<\/td>\n<\/tr>\n<tr>\n<td>\n<div>Kombihebel mit Stopp-Funktion<\/div>\n<p>VEREINFACHT DIE BEDIENUNG. Es ist nur noch eine Startposition am Kombihebel n\u00f6tig. Nach dem Abschalten springt der Bedienhebel dank Stopp-Funktion selbstst\u00e4ndig in die Betriebsposition zur\u00fcck. Die warme Maschine kann dadurch direkt wieder neu gest\u2026<\/td>\n<\/tr>\n<tr>\n<td>\n<div>MANUELLE DEKOMPRESSION<\/div>\n<p>KRAFTSPARENDES ANWERFEN. Das Dekompressionsventil erleichtert das Anwerfen Ihres Ger\u00e4tes. Beim Starten k\u00f6nnen Sie durch \u00d6ffnen des Ventils einen Teil des verdichteten Gemisches aus dem Zylinder entweichen lassen. Das schont das Anwerfsystem und Si\u2026<\/td>\n<\/tr>\n<tr>\n<td>\n<div>STIHL ElastoStart<\/div>\n<p>Als Folge des Kompressionsdruckes treten beim Anwerfen von Verbrennungsmotoren ruckartige Kraftspitzen auf, die Muskeln und Gelenke belasten. Ein D\u00e4mpfungselement im Spezialanwerfgriff ElastoStart nimmt entsprechend dem Verlauf der Kompression abw\u2026<\/td>\n<\/tr>\n<tr>\n<td>\n<div>Werkzeugloser Tankverschluss<\/div>\n<p>SCHNELL UND EINFACH ZU BEDIENEN. Dank des werkzeuglosen Tankverschlusses \u00f6ffnen und schlie\u00dfen Sie \u00d6l- und Kraftstofftank dank Bajonett-Verschluss mit nur wenigen Handgriffen.<\/td>\n<\/tr>\n<tr>\n<td>\n<div>LANGZEIT-LUFTFILTERSYSTEM F\u00dcR MOTORS\u00c4GEN<\/div>\n<p>L\u00c4NGERE FILTERSTANDZEIT. Durch die Vorabscheidung werden grobe, gr\u00f6\u00dfere Partikel bereits aus dem Luftstrom entfernt, bevor diese den eigentlichen Filter erreichen k\u00f6nnen. Der HD2-Filter h\u00e4lt selbst feinen Staub vom Triebwerk fern und sorgt so f\u00fcr \u2026<\/td>\n<\/tr>\n<tr>\n<td>\n<div>STIHL ANTIVIBRATIONSSYSTEM<\/div>\n<p>F\u00dcR EIN ANGENEHMERES ARBEITEN. Bei der Kraftentfaltung Ihres Ger\u00e4ts entstehen Vibrationen, die sich vor allem im Griffbereich bemerkbar machen. Die Puffer- und Federelemente des STIHL Antivibrationssystems reduzieren die \u00dcbertragung der Motorschwi\u2026<\/td>\n<\/tr>\n<tr>\n<td>\n<div>KOMPENSATOR<\/div>\n<p>GERINGERER WARTUNGSAUFWAND. Ein Regelsystem im Vergaser, der Kompensator, sorgt durch Druckausgleich daf\u00fcr, dass trotz zunehmender Verschmutzung des Luftfilters Motorleistung, Abgasqualit\u00e4t und Kraftstoffverbrauch \u00fcber einen langen Zeitraum nahezu\u2026<\/td>\n<\/tr>\n<tr>\n<td>\n<div>VERLIERSICHERE MUTTERN<\/div>\n<p>SCHUTZ VOR VERLUST Die Muttern sind verliersicher am Kettenraddeckel angebracht. Beim Abnehmen des Deckels ist es so nicht m\u00f6glich, dass die Muttern herunterfallen und verloren gehen.<\/td>\n<\/tr>\n<tr>\n<td>\n<div>STIHL Ematic-System<\/div>\n<p>REDUZIERT DEN \u00d6LVERBRAUCH. Das STIHL Ematic-System besteht aus STIHL Ematic oder Ematic S F\u00fchrungsschiene, STIHL Oilomatic S\u00e4gekette und mengenregulierbarer \u00d6lpumpe. Es sorgt daf\u00fcr, dass das Ketten\u00f6l dorthin gelangt, wo es zur Schmierung gebraucht\u2026<\/td>\n<\/tr>\n<tr>\n<td>\n<div>STIHL VIER-KANAL-TECHNIK<\/div>\n<p>F\u00dcR WENIGER KRAFTSTOFFVERBRAUCH UND EINE HOHE LEISTUNG. Dank der STIHL Vier-Kanal-Technik arbeiten Sie mit Ihrem Ger\u00e4t besonders kraftstoffarm und leistungsstark. Die vier \u00dcberstr\u00f6mkan\u00e4le f\u00fchren das Kraftstoff-Luft-Gemisch gezielt und komprimierte\u2026<\/td>\n<\/tr>\n<tr>\n<td>\n<div>VERGASERVORW\u00c4RMUNG<\/div>\n<p>F\u00dcR ZUVERL\u00c4SSIGEN BETRIEB AUCH IN DER KALTEN JAHRESZEIT. Dank der Vergaservorw\u00e4rmung k\u00f6nnen Sie auch im Winter zuverl\u00e4ssig mit Ihrer Motors\u00e4ge arbeiten. Mit nur einem einfachen Handgriff stellen Sie den Betrieb von Sommer auf Winter um. In der Win\u2026<\/td>\n<\/tr>\n<\/tbody>\n<\/table>\n<\/div>","protected":false},"excerpt":{"rendered":"<p>Sehr gut f\u00fcr Arbeiten in mittelstarken Best\u00e4nden. Langzeit-Luftfiltersystem mit HD2-Filter bewirkt eine sehr gute Filterwirkung, M-Tronic f\u00fcr stets optimale Motorleistung und einfaches Starten dank einer Startposition und Stopptaster-Funktion, verliersichere Muttern am Kettenraddeckel vereinfachen den Kettenwechsel, sparsamer 2-MIX-Motor.<\/p>\n<p><strong>Dieses Produkt wird vor Auslieferung einer kostenlosen \u00dcbergabeinspektion gem\u00e4\u00df STIHL \u201cPre-Delivery-Inspection\u201d-Richtlinien unterzogen. Das Produkt wird montiert, betriebsbereit und inklusive des Husqvarna Protokolls zur \u00dcbergabeinspektion an Ihre Adresse geliefert.<\/strong><\/p>","protected":false},"featured_media":1743,"template":"","meta":[],"product_brand":[],"product_cat":[34],"product_tag":[],"product_country":[1501],"class_list":{"0":"post-1742","1":"product","2":"type-product","3":"status-publish","4":"has-post-thumbnail","6":"product_cat-motorsage-thermische-motorsage","7":"product_country-germany","9":"first","10":"instock","11":"sale","12":"taxable","13":"shipping-taxable","14":"purchasable","15":"product-type-simple"},"_links":{"self":[{"href":"https:\/\/routinesfashione.com\/en\/wp-json\/wp\/v2\/product\/1742","targetHints":{"allow":["GET"]}}],"collection":[{"href":"https:\/\/routinesfashione.com\/en\/wp-json\/wp\/v2\/product"}],"about":[{"href":"https:\/\/routinesfashione.com\/en\/wp-json\/wp\/v2\/types\/product"}],"wp:featuredmedia":[{"embeddable":true,"href":"https:\/\/routinesfashione.com\/en\/wp-json\/wp\/v2\/media\/1743"}],"wp:attachment":[{"href":"https:\/\/routinesfashione.com\/en\/wp-json\/wp\/v2\/media?parent=1742"}],"wp:term":[{"taxonomy":"product_brand","embeddable":true,"href":"https:\/\/routinesfashione.com\/en\/wp-json\/wp\/v2\/product_brand?post=1742"},{"taxonomy":"product_cat","embeddable":true,"href":"https:\/\/routinesfashione.com\/en\/wp-json\/wp\/v2\/product_cat?post=1742"},{"taxonomy":"product_tag","embeddable":true,"href":"https:\/\/routinesfashione.com\/en\/wp-json\/wp\/v2\/product_tag?post=1742"},{"taxonomy":"product_country","embeddable":true,"href":"https:\/\/routinesfashione.com\/en\/wp-json\/wp\/v2\/product_country?post=1742"}],"curies":[{"name":"wp","href":"https:\/\/api.w.org\/{rel}","templated":true}]}}