{"id":178,"date":"2025-09-30T20:55:55","date_gmt":"2025-09-30T20:55:55","guid":{"rendered":"https:\/\/lightgray-crow-170497.hostingersite.com\/?post_type=product&#038;p=178"},"modified":"2025-09-30T20:55:55","modified_gmt":"2025-09-30T20:55:55","slug":"lc-247s-petrol-lawn-mower","status":"publish","type":"product","link":"https:\/\/routinesfashione.com\/en\/produit\/lc-247s-petrol-lawn-mower\/","title":{"rendered":"Tondeuse \u00e0 gazon \u00e0 essence LC 247S"},"content":{"rendered":"<h3 data-start=\"132\" data-end=\"167\"><strong data-start=\"139\" data-end=\"165\">Description du produit<\/strong><\/h3>\n<p data-start=\"168\" data-end=\"646\">La <strong data-start=\"171\" data-end=\"182\">LC 247S<\/strong> est une tondeuse \u00e0 gazon \u00e0 essence <strong data-start=\"218\" data-end=\"235\">autopropuls\u00e9e<\/strong>, compacte et performante, id\u00e9ale pour l\u2019entretien r\u00e9gulier des pelouses de taille moyenne. Son moteur 4 temps fiable, son carter robuste et son syst\u00e8me d\u2019avancement automatique facilitent la tonte m\u00eame sur terrain l\u00e9g\u00e8rement en pente. Sa largeur de coupe de 47 cm et son bac de ramassage g\u00e9n\u00e9reux assurent un travail rapide et efficace, tandis que son guidon ergonomique et r\u00e9glable offre un confort optimal.<\/p>\n<h3 data-start=\"653\" data-end=\"693\"><strong data-start=\"660\" data-end=\"691\">Caract\u00e9ristiques techniques<\/strong><\/h3>\n<div class=\"_tableContainer_1rjym_1\">\n<div class=\"group _tableWrapper_1rjym_13 flex w-fit flex-col-reverse\" tabindex=\"-1\">\n<table class=\"w-fit min-w-(--thread-content-width)\" data-start=\"695\" data-end=\"1388\">\n<thead data-start=\"695\" data-end=\"731\">\n<tr data-start=\"695\" data-end=\"731\">\n<th data-start=\"695\" data-end=\"717\" data-col-size=\"sm\"><strong data-start=\"697\" data-end=\"716\">Caract\u00e9ristique<\/strong><\/th>\n<th data-start=\"717\" data-end=\"731\" data-col-size=\"md\"><strong data-start=\"719\" data-end=\"729\">D\u00e9tail<\/strong><\/th>\n<\/tr>\n<\/thead>\n<tbody data-start=\"769\" data-end=\"1388\">\n<tr data-start=\"769\" data-end=\"824\">\n<td data-start=\"769\" data-end=\"780\" data-col-size=\"sm\"><strong data-start=\"771\" data-end=\"779\">Type<\/strong><\/td>\n<td data-start=\"780\" data-end=\"824\" data-col-size=\"md\">Tondeuse \u00e0 gazon thermique autopropuls\u00e9e<\/td>\n<\/tr>\n<tr data-start=\"825\" data-end=\"849\">\n<td data-start=\"825\" data-end=\"838\" data-col-size=\"sm\"><strong data-start=\"827\" data-end=\"837\">Mod\u00e8le<\/strong><\/td>\n<td data-start=\"838\" data-end=\"849\" data-col-size=\"md\">LC 247S<\/td>\n<\/tr>\n<tr data-start=\"850\" data-end=\"901\">\n<td data-start=\"850\" data-end=\"873\" data-col-size=\"sm\"><strong data-start=\"852\" data-end=\"872\">Source d\u2019\u00e9nergie<\/strong><\/td>\n<td data-start=\"873\" data-end=\"901\" data-col-size=\"md\">Essence \u2013 moteur 4 temps<\/td>\n<\/tr>\n<tr data-start=\"902\" data-end=\"959\">\n<td data-start=\"902\" data-end=\"918\" data-col-size=\"sm\"><strong data-start=\"904\" data-end=\"917\">Cylindr\u00e9e<\/strong><\/td>\n<td data-start=\"918\" data-end=\"959\" data-col-size=\"md\">Env. 125\u2013150 cm\u00b3 (selon motorisation)<\/td>\n<\/tr>\n<tr data-start=\"960\" data-end=\"992\">\n<td data-start=\"960\" data-end=\"983\" data-col-size=\"sm\"><strong data-start=\"962\" data-end=\"982\">Largeur de coupe<\/strong><\/td>\n<td data-start=\"983\" data-end=\"992\" data-col-size=\"md\">47 cm<\/td>\n<\/tr>\n<tr data-start=\"993\" data-end=\"1069\">\n<td data-start=\"993\" data-end=\"1024\" data-col-size=\"sm\"><strong data-start=\"995\" data-end=\"1023\">R\u00e9glage hauteur de coupe<\/strong><\/td>\n<td data-start=\"1024\" data-end=\"1069\" data-col-size=\"md\">Centralis\u00e9, env. 20 \u2013 75 mm (6 positions)<\/td>\n<\/tr>\n<tr data-start=\"1070\" data-end=\"1121\">\n<td data-start=\"1070\" data-end=\"1105\" data-col-size=\"sm\"><strong data-start=\"1072\" data-end=\"1104\">Capacit\u00e9 du bac de ramassage<\/strong><\/td>\n<td data-start=\"1105\" data-end=\"1121\" data-col-size=\"md\">55 L environ<\/td>\n<\/tr>\n<tr data-start=\"1122\" data-end=\"1183\">\n<td data-start=\"1122\" data-end=\"1149\" data-col-size=\"sm\"><strong data-start=\"1124\" data-end=\"1148\">Syst\u00e8me d\u2019avancement<\/strong><\/td>\n<td data-start=\"1149\" data-end=\"1183\" data-col-size=\"md\">Autopropuls\u00e9e (traction avant)<\/td>\n<\/tr>\n<tr data-start=\"1184\" data-end=\"1226\">\n<td data-start=\"1184\" data-end=\"1209\" data-col-size=\"sm\"><strong data-start=\"1186\" data-end=\"1208\">Mat\u00e9riau du carter<\/strong><\/td>\n<td data-start=\"1209\" data-end=\"1226\" data-col-size=\"md\">Acier robuste<\/td>\n<\/tr>\n<tr data-start=\"1227\" data-end=\"1278\">\n<td data-start=\"1227\" data-end=\"1240\" data-col-size=\"sm\"><strong data-start=\"1229\" data-end=\"1239\">Guidon<\/strong><\/td>\n<td data-start=\"1240\" data-end=\"1278\" data-col-size=\"md\">Ergonomique, r\u00e9glable et repliable<\/td>\n<\/tr>\n<tr data-start=\"1279\" data-end=\"1327\">\n<td data-start=\"1279\" data-end=\"1291\" data-col-size=\"sm\"><strong data-start=\"1281\" data-end=\"1290\">Poids<\/strong><\/td>\n<td data-start=\"1291\" data-end=\"1327\" data-col-size=\"md\">25 \u2013 30 kg (selon configuration)<\/td>\n<\/tr>\n<\/tbody>\n<\/table>\n<\/div>\n<\/div>","protected":false},"excerpt":{"rendered":"<p>Description du produit La LC 247S est une tondeuse \u00e0 gazon \u00e0 essence autopropuls\u00e9e, compacte et performante, id\u00e9ale pour l\u2019entretien<\/p>","protected":false},"featured_media":19460,"template":"","meta":[],"product_brand":[],"product_cat":[64],"product_tag":[65],"product_country":[1503],"class_list":{"0":"post-178","1":"product","2":"type-product","3":"status-publish","4":"has-post-thumbnail","6":"product_cat-movers","7":"product_tag-movers","8":"product_country-france","10":"first","11":"instock","12":"sale","13":"taxable","14":"shipping-taxable","15":"purchasable","16":"product-type-simple"},"_links":{"self":[{"href":"https:\/\/routinesfashione.com\/en\/wp-json\/wp\/v2\/product\/178","targetHints":{"allow":["GET"]}}],"collection":[{"href":"https:\/\/routinesfashione.com\/en\/wp-json\/wp\/v2\/product"}],"about":[{"href":"https:\/\/routinesfashione.com\/en\/wp-json\/wp\/v2\/types\/product"}],"wp:featuredmedia":[{"embeddable":true,"href":"https:\/\/routinesfashione.com\/en\/wp-json\/wp\/v2\/media\/19460"}],"wp:attachment":[{"href":"https:\/\/routinesfashione.com\/en\/wp-json\/wp\/v2\/media?parent=178"}],"wp:term":[{"taxonomy":"product_brand","embeddable":true,"href":"https:\/\/routinesfashione.com\/en\/wp-json\/wp\/v2\/product_brand?post=178"},{"taxonomy":"product_cat","embeddable":true,"href":"https:\/\/routinesfashione.com\/en\/wp-json\/wp\/v2\/product_cat?post=178"},{"taxonomy":"product_tag","embeddable":true,"href":"https:\/\/routinesfashione.com\/en\/wp-json\/wp\/v2\/product_tag?post=178"},{"taxonomy":"product_country","embeddable":true,"href":"https:\/\/routinesfashione.com\/en\/wp-json\/wp\/v2\/product_country?post=178"}],"curies":[{"name":"wp","href":"https:\/\/api.w.org\/{rel}","templated":true}]}}