{"id":1842,"date":"2025-09-30T20:53:36","date_gmt":"2025-09-30T20:53:36","guid":{"rendered":"https:\/\/lightgray-crow-170497.hostingersite.com\/?post_type=product&#038;p=1842"},"modified":"2025-09-30T20:53:36","modified_gmt":"2025-09-30T20:53:36","slug":"delonghi-machine-a-cafe-en-grain-et-moulu-noir-ecam13-123b-2","status":"publish","type":"product","link":"https:\/\/routinesfashione.com\/en\/produit\/delonghi-machine-a-cafe-en-grain-et-moulu-noir-ecam13-123b-2\/","title":{"rendered":"Delonghi &#8211; Machine \u00e0 caf\u00e9 en grain et moulu &#8211; Noir &#8211; ECAM13.123B"},"content":{"rendered":"<ul class=\"a-unordered-list a-vertical a-spacing-mini\">\n<li class=\"a-spacing-mini\"><span class=\"a-list-item\"><span dir=\"auto\">Des grains fra\u00eechement moulus pour un go\u00fbt parfait \u00e0 chaque fois.<\/span><\/span><\/li>\n<li class=\"a-spacing-mini\"><span class=\"a-list-item\"><span dir=\"auto\">Pr\u00e9parez vos caf\u00e9s parfaits en appuyant simplement sur un bouton.<\/span><\/span><\/li>\n<li class=\"a-spacing-mini\"><span class=\"a-list-item\"><span dir=\"auto\">Personnalisez le niveau d&#8217;ar\u00f4me et la quantit\u00e9 souhait\u00e9s pour chaque recette.<\/span><\/span><\/li>\n<li class=\"a-spacing-mini\"><span class=\"a-list-item\"><span dir=\"auto\">Technologie de mouture\u00a0: Le syst\u00e8me de mouture int\u00e9gr\u00e9 moud toujours des grains frais. Le degr\u00e9 de mouture est r\u00e9glable selon vos go\u00fbts. Les meules biseaut\u00e9es en acier sont calibr\u00e9es avec une pr\u00e9cision de 100\u00a0%.<\/span><\/span><\/li>\n<li class=\"a-spacing-mini\"><span class=\"a-list-item\"><span dir=\"auto\">Dimensions : 43 x 24 x 34 cm (L x P x H). Poids : 9 kg.<\/span><\/span><\/li>\n<\/ul>\n<table class=\"a-normal a-spacing-micro\" role=\"list\">\n<tbody>\n<tr class=\"a-spacing-small po-brand\" role=\"listitem\">\n<td class=\"a-span3\" role=\"presentation\"><strong><span class=\"a-size-base a-text-bold\"><span dir=\"auto\">Nom de marque<\/span><\/span><\/strong><\/td>\n<td class=\"a-span9\" role=\"presentation\"><span class=\"a-size-base po-break-word\"><span dir=\"auto\">Delonghi<\/span><\/span><\/td>\n<\/tr>\n<tr class=\"a-spacing-small po-color\" role=\"listitem\">\n<td class=\"a-span3\" role=\"presentation\"><strong><span class=\"a-size-base a-text-bold\"><span dir=\"auto\">Couleur<\/span><\/span><\/strong><\/td>\n<td class=\"a-span9\" role=\"presentation\"><span class=\"a-size-base po-break-word\"><span dir=\"auto\">Noir<\/span><\/span><\/td>\n<\/tr>\n<tr class=\"a-spacing-small po-item_depth_width_height\" role=\"listitem\">\n<td class=\"a-span3\" role=\"presentation\"><strong><span class=\"a-size-base a-text-bold\"><span dir=\"auto\">Dimensions de l&#8217;article P x \u200b\u200bL x H<\/span><\/span><\/strong><\/td>\n<td class=\"a-span9\" role=\"presentation\"><span class=\"a-size-base po-break-word\"><span dir=\"auto\">34P x 24L x 43H centim\u00e8tres<\/span><\/span><\/td>\n<\/tr>\n<tr class=\"a-spacing-small po-special_feature\" role=\"listitem\">\n<td class=\"a-span3\" role=\"presentation\"><strong><span class=\"a-size-base a-text-bold\"><span dir=\"auto\">Caract\u00e9ristiques sp\u00e9ciales<\/span><\/span><\/strong><\/td>\n<td class=\"a-span9\" role=\"presentation\"><span class=\"a-size-base po-break-word\"><span dir=\"auto\">Thermique<\/span><\/span><\/td>\n<\/tr>\n<tr class=\"a-spacing-small po-coffee_maker_type\" role=\"listitem\">\n<td class=\"a-span3\" role=\"presentation\"><strong><span class=\"a-size-base a-text-bold\"><span dir=\"auto\">Type de cafeti\u00e8re<\/span><\/span><\/strong><\/td>\n<td class=\"a-span9\" role=\"presentation\"><span class=\"a-size-base po-break-word\"><span dir=\"auto\">Machine \u00e0 expresso<\/span><\/span><\/td>\n<\/tr>\n<tr class=\"a-spacing-small po-style\" role=\"listitem\">\n<td class=\"a-span3\" role=\"presentation\"><strong><span class=\"a-size-base a-text-bold\"><span dir=\"auto\">Style<\/span><\/span><\/strong><\/td>\n<td class=\"a-span9\" role=\"presentation\"><span class=\"a-size-base po-break-word\"><span dir=\"auto\">Moderne<\/span><\/span><\/td>\n<\/tr>\n<tr class=\"a-spacing-small po-specific_uses_for_product\" role=\"listitem\">\n<td class=\"a-span3\" role=\"presentation\"><strong><span class=\"a-size-base a-text-bold\"><span dir=\"auto\">Utilisations sp\u00e9cifiques du produit<\/span><\/span><\/strong><\/td>\n<td class=\"a-span9\" role=\"presentation\"><span class=\"a-size-base po-break-word\"><span dir=\"auto\">Thermique, chauffe-tasse, moulin \u00e0 caf\u00e9 int\u00e9gr\u00e9<\/span><\/span><\/td>\n<\/tr>\n<tr class=\"a-spacing-small po-recommended_uses_for_product\" role=\"listitem\">\n<td class=\"a-span3\" role=\"presentation\"><strong><span class=\"a-size-base a-text-bold\"><span dir=\"auto\">Utilisations recommand\u00e9es pour le produit<\/span><\/span><\/strong><\/td>\n<td class=\"a-span9\" role=\"presentation\"><span class=\"a-size-base po-break-word\"><span dir=\"auto\">Maison, bureau<\/span><\/span><\/td>\n<\/tr>\n<tr class=\"a-spacing-small po-exterior_finish\" role=\"listitem\">\n<td class=\"a-span3\" role=\"presentation\"><strong><span class=\"a-size-base a-text-bold\"><span dir=\"auto\">Finition ext\u00e9rieure<\/span><\/span><\/strong><\/td>\n<td class=\"a-span9\" role=\"presentation\"><span class=\"a-size-base po-break-word\"><span dir=\"auto\">Noir<\/span><\/span><\/td>\n<\/tr>\n<tr class=\"a-spacing-small po-included_components\" role=\"listitem\">\n<td class=\"a-span3\" role=\"presentation\"><strong><span class=\"a-size-base a-text-bold\"><span dir=\"auto\">Composants inclus<\/span><\/span><\/strong><\/td>\n<td class=\"a-span9\" role=\"presentation\"><span class=\"a-size-base po-break-word\"><span dir=\"auto\">Carafe, filtre, mousseur \u00e0 lait<\/span><\/span><\/td>\n<\/tr>\n<\/tbody>\n<\/table>","protected":false},"excerpt":{"rendered":"<p>Des grains fra\u00eechement moulus pour un go\u00fbt parfait \u00e0 chaque fois. Pr\u00e9parez vos caf\u00e9s parfaits en appuyant simplement sur un<\/p>","protected":false},"featured_media":28504,"template":"","meta":[],"product_brand":[],"product_cat":[61],"product_tag":[1514],"product_country":[1503],"class_list":{"0":"post-1842","1":"product","2":"type-product","3":"status-publish","4":"has-post-thumbnail","6":"product_cat-sale-france","7":"product_tag-sale-france","8":"product_country-france","10":"first","11":"instock","12":"sale","13":"taxable","14":"shipping-taxable","15":"purchasable","16":"product-type-simple"},"_links":{"self":[{"href":"https:\/\/routinesfashione.com\/en\/wp-json\/wp\/v2\/product\/1842","targetHints":{"allow":["GET"]}}],"collection":[{"href":"https:\/\/routinesfashione.com\/en\/wp-json\/wp\/v2\/product"}],"about":[{"href":"https:\/\/routinesfashione.com\/en\/wp-json\/wp\/v2\/types\/product"}],"wp:featuredmedia":[{"embeddable":true,"href":"https:\/\/routinesfashione.com\/en\/wp-json\/wp\/v2\/media\/28504"}],"wp:attachment":[{"href":"https:\/\/routinesfashione.com\/en\/wp-json\/wp\/v2\/media?parent=1842"}],"wp:term":[{"taxonomy":"product_brand","embeddable":true,"href":"https:\/\/routinesfashione.com\/en\/wp-json\/wp\/v2\/product_brand?post=1842"},{"taxonomy":"product_cat","embeddable":true,"href":"https:\/\/routinesfashione.com\/en\/wp-json\/wp\/v2\/product_cat?post=1842"},{"taxonomy":"product_tag","embeddable":true,"href":"https:\/\/routinesfashione.com\/en\/wp-json\/wp\/v2\/product_tag?post=1842"},{"taxonomy":"product_country","embeddable":true,"href":"https:\/\/routinesfashione.com\/en\/wp-json\/wp\/v2\/product_country?post=1842"}],"curies":[{"name":"wp","href":"https:\/\/api.w.org\/{rel}","templated":true}]}}