{"id":1846,"date":"2025-09-30T20:53:36","date_gmt":"2025-09-30T20:53:36","guid":{"rendered":"https:\/\/lightgray-crow-170497.hostingersite.com\/?post_type=product&#038;p=1846"},"modified":"2025-09-30T20:53:36","modified_gmt":"2025-09-30T20:53:36","slug":"philips-barista-brew-semi-automatic-espresso-machine-single-double-espresso-button-americano-280g-double-bean-tank-calibrated-jam-metal-cappuccino-psa3228-41","status":"publish","type":"product","link":"https:\/\/routinesfashione.com\/en\/produit\/philips-barista-brew-semi-automatic-espresso-machine-single-double-espresso-button-americano-280g-double-bean-tank-calibrated-jam-metal-cappuccino-psa3228-41\/","title":{"rendered":"Machine \u00e0 expresso semi-automatique Philips Barista Brew &#8211; Bouton expresso simple et double + Americano, r\u00e9servoir \u00e0 grains double de 280 g, confiture calibr\u00e9e, cappuccino m\u00e9tal (PSA3228\/41)"},"content":{"rendered":"<ul class=\"a-unordered-list a-vertical a-spacing-mini\">\n<li class=\"a-spacing-mini\"><span class=\"a-list-item\"><span dir=\"auto\">PR\u00c9PAREZ COMME UN BARISTA : La machine \u00e0 expresso Philips Barista Brew permet aux amateurs de caf\u00e9 de cr\u00e9er des infusions de qualit\u00e9 barista avec des outils tels que le porte-filtre de 58 mm et les paniers-filtres \u00e0 simple et double paroi.<\/span><\/span><\/li>\n<li class=\"a-spacing-mini\"><span class=\"a-list-item\"><span dir=\"auto\">Guidage int\u00e9gr\u00e9 : obtenez des conseils intuitifs pour pr\u00e9parer chaque tasse, garantissant un ar\u00f4me riche et une exp\u00e9rience d&#8217;espresso satisfaisante gr\u00e2ce au tampon calibr\u00e9 de qualit\u00e9 sup\u00e9rieure et au syst\u00e8me de bourrage s\u00e9curis\u00e9 pour le comptoir.<\/span><\/span><\/li>\n<li class=\"a-spacing-mini\"><span class=\"a-list-item\"><span dir=\"auto\">AM\u00c9LIOREZ VOTRE EXP\u00c9RIENCE DE CAF\u00c9 \u2013 Profitez d\u2019un double plateau \u00e0 grains de 280 g qui garantit la fra\u00eecheur de vos diff\u00e9rents choix de grains.<\/span><\/span><\/li>\n<li class=\"a-spacing-mini\"><span class=\"a-list-item\"><span dir=\"auto\">Am\u00e9liorez votre exp\u00e9rience de moussage de lait \u2013 Votre exp\u00e9rience de moussage de lait sans effort avec le pot \u00e0 lait en acier inoxydable de 450 ml et le puissant fouet \u00e0 vapeur.<\/span><\/span><\/li>\n<li class=\"a-spacing-mini\"><span class=\"a-list-item\"><span dir=\"auto\">Choisissez votre pr\u00e9paration id\u00e9ale : Profitez du confort de la touche Americano et de la sortie d&#8217;eau chaude int\u00e9gr\u00e9e, ou optez pour un expresso simple ou double.<\/span><\/span><\/li>\n<\/ul>\n<table class=\"a-normal a-spacing-micro\" role=\"list\">\n<tbody>\n<tr class=\"a-spacing-small po-brand\" role=\"listitem\">\n<td class=\"a-span3\" role=\"presentation\"><strong><span class=\"a-size-base a-text-bold\"><span dir=\"auto\">Nom de marque<\/span><\/span><\/strong><\/td>\n<td class=\"a-span9\" role=\"presentation\"><span class=\"a-size-base po-break-word\"><span dir=\"auto\">PHILIPS<\/span><\/span><\/td>\n<\/tr>\n<tr class=\"a-spacing-small po-color\" role=\"listitem\">\n<td class=\"a-span3\" role=\"presentation\"><strong><span class=\"a-size-base a-text-bold\"><span dir=\"auto\">Couleur<\/span><\/span><\/strong><\/td>\n<td class=\"a-span9\" role=\"presentation\"><span class=\"a-size-base po-break-word\"><span dir=\"auto\">Cappuccino<\/span><\/span><\/td>\n<\/tr>\n<tr class=\"a-spacing-small po-item_depth_width_height\" role=\"listitem\">\n<td class=\"a-span3\" role=\"presentation\"><strong><span class=\"a-size-base a-text-bold\"><span dir=\"auto\">Dimensions de l&#8217;article P x \u200b\u200bL x H<\/span><\/span><\/strong><\/td>\n<td class=\"a-span9\" role=\"presentation\"><span class=\"a-size-base po-break-word\"><span dir=\"auto\">43,9P x 32L x 33,4H centim\u00e8tres<\/span><\/span><\/td>\n<\/tr>\n<tr class=\"a-spacing-small po-special_feature\" role=\"listitem\">\n<td class=\"a-span3\" role=\"presentation\"><strong><span class=\"a-size-base a-text-bold\"><span dir=\"auto\">Caract\u00e9ristiques sp\u00e9ciales<\/span><\/span><\/strong><\/td>\n<td class=\"a-span9\" role=\"presentation\"><span class=\"a-size-base po-break-word\"><span dir=\"auto\">R\u00e9servoir amovible<\/span><\/span><\/td>\n<\/tr>\n<tr class=\"a-spacing-small po-coffee_maker_type\" role=\"listitem\">\n<td class=\"a-span3\" role=\"presentation\"><strong><span class=\"a-size-base a-text-bold\"><span dir=\"auto\">Type de cafeti\u00e8re<\/span><\/span><\/strong><\/td>\n<td class=\"a-span9\" role=\"presentation\"><span class=\"a-size-base po-break-word\"><span dir=\"auto\">Machine \u00e0 expresso<\/span><\/span><\/td>\n<\/tr>\n<tr class=\"a-spacing-small po-style\" role=\"listitem\">\n<td class=\"a-span3\" role=\"presentation\"><strong><span class=\"a-size-base a-text-bold\"><span dir=\"auto\">Style<\/span><\/span><\/strong><\/td>\n<td class=\"a-span9\" role=\"presentation\"><span class=\"a-size-base po-break-word\"><span dir=\"auto\">Plateau \u00e0 grains double<\/span><\/span><\/td>\n<\/tr>\n<tr class=\"a-spacing-small po-specific_uses_for_product\" role=\"listitem\">\n<td class=\"a-span3\" role=\"presentation\"><strong><span class=\"a-size-base a-text-bold\"><span dir=\"auto\">Utilisations sp\u00e9cifiques du produit<\/span><\/span><\/strong><\/td>\n<td class=\"a-span9\" role=\"presentation\"><span class=\"a-size-base po-break-word\"><span dir=\"auto\">Espresso<\/span><\/span><\/td>\n<\/tr>\n<tr class=\"a-spacing-small po-recommended_uses_for_product\" role=\"listitem\">\n<td class=\"a-span3\" role=\"presentation\"><strong><span class=\"a-size-base a-text-bold\"><span dir=\"auto\">Utilisations recommand\u00e9es pour le produit<\/span><\/span><\/strong><\/td>\n<td class=\"a-span9\" role=\"presentation\"><span class=\"a-size-base po-break-word\"><span dir=\"auto\">Voyages<\/span><\/span><\/td>\n<\/tr>\n<tr class=\"a-spacing-small po-exterior_finish\" role=\"listitem\">\n<td class=\"a-span3\" role=\"presentation\"><strong><span class=\"a-size-base a-text-bold\"><span dir=\"auto\">Finition ext\u00e9rieure<\/span><\/span><\/strong><\/td>\n<td class=\"a-span9\" role=\"presentation\"><span class=\"a-size-base po-break-word\"><span dir=\"auto\">M\u00e9tallique<\/span><\/span><\/td>\n<\/tr>\n<tr class=\"a-spacing-small po-included_components\" role=\"listitem\">\n<td class=\"a-span3\" role=\"presentation\"><strong><span class=\"a-size-base a-text-bold\"><span dir=\"auto\">Composants inclus<\/span><\/span><\/strong><\/td>\n<td class=\"a-span9\" role=\"presentation\"><span class=\"a-size-base po-break-word\"><span dir=\"auto\">Filtre, mousse de lait<\/span><\/span><\/td>\n<\/tr>\n<\/tbody>\n<\/table>","protected":false},"excerpt":{"rendered":"<p>PR\u00c9PAREZ COMME UN BARISTA : La machine \u00e0 expresso Philips Barista Brew permet aux amateurs de caf\u00e9 de cr\u00e9er des<\/p>","protected":false},"featured_media":14180,"template":"","meta":[],"product_brand":[],"product_cat":[61],"product_tag":[1514],"product_country":[1503],"class_list":{"0":"post-1846","1":"product","2":"type-product","3":"status-publish","4":"has-post-thumbnail","6":"product_cat-sale-france","7":"product_tag-sale-france","8":"product_country-france","10":"first","11":"instock","12":"sale","13":"taxable","14":"shipping-taxable","15":"purchasable","16":"product-type-simple"},"_links":{"self":[{"href":"https:\/\/routinesfashione.com\/en\/wp-json\/wp\/v2\/product\/1846","targetHints":{"allow":["GET"]}}],"collection":[{"href":"https:\/\/routinesfashione.com\/en\/wp-json\/wp\/v2\/product"}],"about":[{"href":"https:\/\/routinesfashione.com\/en\/wp-json\/wp\/v2\/types\/product"}],"wp:featuredmedia":[{"embeddable":true,"href":"https:\/\/routinesfashione.com\/en\/wp-json\/wp\/v2\/media\/14180"}],"wp:attachment":[{"href":"https:\/\/routinesfashione.com\/en\/wp-json\/wp\/v2\/media?parent=1846"}],"wp:term":[{"taxonomy":"product_brand","embeddable":true,"href":"https:\/\/routinesfashione.com\/en\/wp-json\/wp\/v2\/product_brand?post=1846"},{"taxonomy":"product_cat","embeddable":true,"href":"https:\/\/routinesfashione.com\/en\/wp-json\/wp\/v2\/product_cat?post=1846"},{"taxonomy":"product_tag","embeddable":true,"href":"https:\/\/routinesfashione.com\/en\/wp-json\/wp\/v2\/product_tag?post=1846"},{"taxonomy":"product_country","embeddable":true,"href":"https:\/\/routinesfashione.com\/en\/wp-json\/wp\/v2\/product_country?post=1846"}],"curies":[{"name":"wp","href":"https:\/\/api.w.org\/{rel}","templated":true}]}}