{"id":1853,"date":"2025-09-30T20:53:36","date_gmt":"2025-09-30T20:53:36","guid":{"rendered":"https:\/\/lightgray-crow-170497.hostingersite.com\/?post_type=product&#038;p=1853"},"modified":"2025-09-30T20:53:36","modified_gmt":"2025-09-30T20:53:36","slug":"expresso-broyeur-delonghi-magnifica-start","status":"publish","type":"product","link":"https:\/\/routinesfashione.com\/en\/produit\/expresso-broyeur-delonghi-magnifica-start\/","title":{"rendered":"Expresso broyeur DeLonghi Magnifica Start"},"content":{"rendered":"<div class=\"font-600 pixel-12 pixel-md-14 mb-2 title-ksp pointer heading-fw600-px16\">A propos de ce produit<\/div>\n<div class=\"item-infos-detail\">\n<ul class=\"item_params\">\n<li><span class=\"item_paramName body-fw500-px14\">Type de caf\u00e9<\/span>\u00a0<span class=\"item_paramValue pdm body-fw400-px14\" data-pdm-heading=\"carac_brand\">Nespresso<\/span><\/li>\n<li><span class=\"item_paramName body-fw500-px14\">Broyeur int\u00e9gr\u00e9<\/span>\u00a0<span class=\"item_paramValue pdm body-fw400-px14\" data-pdm-heading=\"carac_brand\">&#8211;<\/span><\/li>\n<li><span class=\"item_paramName body-fw500-px14\">Capacit\u00e9 (litres)<\/span>\u00a0<span class=\"item_paramValue pdm body-fw400-px14\" data-pdm-heading=\"carac_brand\">&#8211;<\/span><\/li>\n<li><span class=\"item_paramName body-fw500-px14\">Dimensions produit<\/span>\u00a0<span class=\"item_paramValue pdm body-fw400-px14\" data-pdm-heading=\"carac_brand\">&#8211;<\/span><\/li>\n<li>\n<h2 class=\"title-item pointer relative xs-accordeon heading-fw600-px16 heading-md-fw600-px20 capitalize xs-accordeon-opened\">Caract\u00e9ristiques<\/h2>\n<div class=\"detail-xs-content none\">\n<div class=\"mt-3 radius bg-white p-3\">\n<div class=\"carac-list\">\n<ul class=\"carac-list d-flex flex-wrap flex-column flex-lg-row group\">\n<li class=\"\">\n<div class=\"title pixel-11 pixel-md-12 font-600 body-fw500-px14 heading-md-fw600-px14 capitalize\">g\u00e9n\u00e9ral<\/div>\n<ul class=\"pt-3 mt-3\">\n<li class=\"carac d-flex\">\n<div class=\"mr-auto pixel-12 pixel-md-13 pr-2 body-fw400-px14 grey\">Marque<\/div>\n<div class=\"ml-auto pixel-12 pixel-md-13 text-right body-fw500-px14 grey\">De&#8217;Longhi<\/div>\n<\/li>\n<li class=\"carac d-flex\">\n<div class=\"mr-auto pixel-12 pixel-md-13 pr-2 body-fw400-px14 grey\">Couleur<\/div>\n<div class=\"ml-auto pixel-12 pixel-md-13 text-right body-fw500-px14 grey\">Noir<\/div>\n<\/li>\n<\/ul>\n<\/li>\n<li class=\"\">\n<div class=\"title pixel-11 pixel-md-12 font-600 body-fw500-px14 heading-md-fw600-px14 capitalize\">D\u00e9tails technique<\/div>\n<ul class=\"pt-3 mt-3\">\n<li class=\"carac d-flex\">\n<div class=\"mr-auto pixel-12 pixel-md-13 pr-2 body-fw400-px14 grey\">Type de caf\u00e9<\/div>\n<div class=\"ml-auto pixel-12 pixel-md-13 text-right body-fw500-px14 grey\">Nespresso<\/div>\n<\/li>\n<\/ul>\n<\/li>\n<li class=\"\">\n<div class=\"title pixel-11 pixel-md-12 font-600 body-fw500-px14 heading-md-fw600-px14 capitalize\">Poids et dimensions<\/div>\n<ul class=\"pt-3 mt-3\">\n<li class=\"carac d-flex\">\n<div class=\"mr-auto pixel-12 pixel-md-13 pr-2 body-fw400-px14 grey\">Poids<\/div>\n<div class=\"ml-auto pixel-12 pixel-md-13 text-right body-fw500-px14 grey\">11.64kg<\/div>\n<\/li>\n<li>\n<h2 class=\"title-item pointer relative xs-accordeon heading-fw600-px16 heading-md-fw600-px20 capitalize xs-accordeon-opened\">D\u00e9tails<\/h2>\n<div class=\"detail-xs-content none\">\n<div class=\"mt-3 radius bg-white p-3\">\n<div class=\"carac-list\">\n<div class=\"\">Son design \u00e9pur\u00e9 et intuitif, associ\u00e9s a la performance et l&#8217;exigence Delonghi vous offrent une exp\u00e9rience caf\u00e9 unique a la maison. Un panneau digital intuitif pour obtenir d&#8217;une simple touche un caf\u00e9 fraichement moulu a votre go\u00fbt. 3 RECETTES CAF\u00c9S : Expresso, Caf\u00e9 classique, Doppio +.<\/div>\n<\/div>\n<\/div>\n<\/div>\n<\/li>\n<\/ul>\n<\/li>\n<\/ul>\n<\/div>\n<\/div>\n<\/div>\n<\/li>\n<\/ul>\n<\/div>","protected":false},"excerpt":{"rendered":"<p>&nbsp;<\/p>\n<p>&nbsp;<\/p>","protected":false},"featured_media":28561,"template":"","meta":[],"product_brand":[],"product_cat":[61],"product_tag":[1514],"product_country":[1503],"class_list":{"0":"post-1853","1":"product","2":"type-product","3":"status-publish","4":"has-post-thumbnail","6":"product_cat-sale-france","7":"product_tag-sale-france","8":"product_country-france","10":"first","11":"instock","12":"sale","13":"taxable","14":"shipping-taxable","15":"purchasable","16":"product-type-simple"},"_links":{"self":[{"href":"https:\/\/routinesfashione.com\/en\/wp-json\/wp\/v2\/product\/1853","targetHints":{"allow":["GET"]}}],"collection":[{"href":"https:\/\/routinesfashione.com\/en\/wp-json\/wp\/v2\/product"}],"about":[{"href":"https:\/\/routinesfashione.com\/en\/wp-json\/wp\/v2\/types\/product"}],"wp:featuredmedia":[{"embeddable":true,"href":"https:\/\/routinesfashione.com\/en\/wp-json\/wp\/v2\/media\/28561"}],"wp:attachment":[{"href":"https:\/\/routinesfashione.com\/en\/wp-json\/wp\/v2\/media?parent=1853"}],"wp:term":[{"taxonomy":"product_brand","embeddable":true,"href":"https:\/\/routinesfashione.com\/en\/wp-json\/wp\/v2\/product_brand?post=1853"},{"taxonomy":"product_cat","embeddable":true,"href":"https:\/\/routinesfashione.com\/en\/wp-json\/wp\/v2\/product_cat?post=1853"},{"taxonomy":"product_tag","embeddable":true,"href":"https:\/\/routinesfashione.com\/en\/wp-json\/wp\/v2\/product_tag?post=1853"},{"taxonomy":"product_country","embeddable":true,"href":"https:\/\/routinesfashione.com\/en\/wp-json\/wp\/v2\/product_country?post=1853"}],"curies":[{"name":"wp","href":"https:\/\/api.w.org\/{rel}","templated":true}]}}