{"id":18928,"date":"2025-08-09T17:46:00","date_gmt":"2025-08-09T17:46:00","guid":{"rendered":"https:\/\/lightgray-crow-170497.hostingersite.com\/?post_type=product&#038;p=18928"},"modified":"2025-09-30T21:14:43","modified_gmt":"2025-09-30T21:14:43","slug":"outsunny-cobertizo-de-jardin-340x386x200-cm-2","status":"publish","type":"product","link":"https:\/\/routinesfashione.com\/en\/produit\/outsunny-cobertizo-de-jardin-340x386x200-cm-2\/","title":{"rendered":"Outsunny Cobertizo de Jard\u00edn 340x386x200 cm"},"content":{"rendered":"<h1 class=\"a-size-base-plus a-text-bold\">Acerca de este producto<\/h1>\n<ul class=\"a-unordered-list a-vertical a-spacing-mini\">\n<li class=\"a-spacing-mini\"><span class=\"a-list-item\">GRAN ALMACENAJE: Esta caseta de jard\u00edn de exterior de grandes dimensiones de exterior es ideal para almacenar tus equipos de jardiner\u00eda, herramientas y accesorios. Sus medidas tambi\u00e9n son \u00f3ptimas para su uso como caseta de obras<\/span><\/li>\n<li class=\"a-spacing-mini\"><span class=\"a-list-item\">ACERO GALVANIZADO: Caseta de jard\u00edn grande con estructura resistente al \u00f3xido y recubrimiento anticorrosi\u00f3n. Incluye marco de cimentaci\u00f3n para mayor estabilidad. Suelo no incluido. Todas las piezas vienen precortadas y perforadas para f\u00e1cil montaje<\/span><\/li>\n<li class=\"a-spacing-mini\"><span class=\"a-list-item\">TECHO INCLINADO Y DOBLE PUERTA: El techo inclinado permite que el agua fluya hacia el suelo, evitando que se estanque y se oxide la caseta. Sus dos puertas correderas facilitan el acceso al interior sin obstruir el paso, incluso al mover objetos grandes. Ofrece la opci\u00f3n de cerrarse con candado (no incluido) para mayor seguridad<\/span><\/li>\n<li class=\"a-spacing-mini\"><span class=\"a-list-item\">BUENA VENTILACI\u00d3N: El cobertizo de jard\u00edn de acero cuenta con 4 rejillas de ventilaci\u00f3n en la parte superior, dos en la parte frontal y dos en la parte posterior. Garantizan una buena ventilaci\u00f3n, evitando la humedad y la aparici\u00f3n de moho en las herramientas y dem\u00e1s equipos<\/span><\/li>\n<li class=\"a-spacing-mini\"><span class=\"a-list-item\">MEDIDAS TOTALES: 340x386x200 cm (LxANxAL). Superficie \u00fatil: 12,4 m\u00b2. Se requieren tres personas para su montaje en aproximadamente tres horas. SIEMPRE usar guantes. No instalar con viento<\/span><\/li>\n<\/ul>","protected":false},"excerpt":{"rendered":"<p>Acerca de este producto GRAN ALMACENAJE: Esta caseta de jard\u00edn de exterior de grandes dimensiones de exterior es ideal para<\/p>","protected":false},"featured_media":25497,"template":"","meta":[],"product_brand":[],"product_cat":[76],"product_tag":[77],"product_country":[1505],"class_list":{"0":"post-18928","1":"product","2":"type-product","3":"status-publish","4":"has-post-thumbnail","6":"product_cat-shed","7":"product_tag-shed","8":"product_country-spain","10":"first","11":"instock","12":"sale","13":"taxable","14":"shipping-taxable","15":"purchasable","16":"product-type-simple"},"_links":{"self":[{"href":"https:\/\/routinesfashione.com\/en\/wp-json\/wp\/v2\/product\/18928","targetHints":{"allow":["GET"]}}],"collection":[{"href":"https:\/\/routinesfashione.com\/en\/wp-json\/wp\/v2\/product"}],"about":[{"href":"https:\/\/routinesfashione.com\/en\/wp-json\/wp\/v2\/types\/product"}],"wp:featuredmedia":[{"embeddable":true,"href":"https:\/\/routinesfashione.com\/en\/wp-json\/wp\/v2\/media\/25497"}],"wp:attachment":[{"href":"https:\/\/routinesfashione.com\/en\/wp-json\/wp\/v2\/media?parent=18928"}],"wp:term":[{"taxonomy":"product_brand","embeddable":true,"href":"https:\/\/routinesfashione.com\/en\/wp-json\/wp\/v2\/product_brand?post=18928"},{"taxonomy":"product_cat","embeddable":true,"href":"https:\/\/routinesfashione.com\/en\/wp-json\/wp\/v2\/product_cat?post=18928"},{"taxonomy":"product_tag","embeddable":true,"href":"https:\/\/routinesfashione.com\/en\/wp-json\/wp\/v2\/product_tag?post=18928"},{"taxonomy":"product_country","embeddable":true,"href":"https:\/\/routinesfashione.com\/en\/wp-json\/wp\/v2\/product_country?post=18928"}],"curies":[{"name":"wp","href":"https:\/\/api.w.org\/{rel}","templated":true}]}}