{"id":18933,"date":"2025-08-09T17:51:13","date_gmt":"2025-08-09T17:51:13","guid":{"rendered":"https:\/\/lightgray-crow-170497.hostingersite.com\/?post_type=product&#038;p=18933"},"modified":"2025-09-30T21:14:44","modified_gmt":"2025-09-30T21:14:44","slug":"arcon-de-acero-ocio-130-gris-x71x-cm","status":"publish","type":"product","link":"https:\/\/routinesfashione.com\/en\/produit\/arcon-de-acero-ocio-130-gris-x71x-cm\/","title":{"rendered":"Arc\u00f3n de acero Ocio 130 Gris x71x cm"},"content":{"rendered":"<div class=\"o-product-detail-informations__description\">\n<p>Arc\u00f3n de acero de 71 x 134 x 62 cm (alto x ancho x fondo), con acabado en color gris oscuro y 460 litros de capacidad. Est\u00e1 indicado para el almacenamiento en exterior de todo tipo de productos y utensilios de jard\u00edn. Sistema de f\u00e1cil apertura de la tapa con resorte de gas.<\/p>\n<\/div>\n<table class=\"o-product-features\" role=\"presentation\" data-cerberus=\"TABLE_AttributesProduct\">\n<caption class=\"kl-hidden-accessibility\">\u00a0<\/caption>\n<tbody>\n<tr class=\"m-product-attr-row\">\n<th class=\"m-product-attr-row__name\" scope=\"row\">Medidas<\/th>\n<td class=\"m-product-attr-row__value\">71\u00a0x\u00a0134\u00a0x\u00a062\u00a0cm<\/td>\n<\/tr>\n<tr class=\"m-product-attr-row\">\n<th class=\"m-product-attr-row__name\" scope=\"row\">Capacidad (en l)<\/th>\n<td class=\"m-product-attr-row__value\">460<\/td>\n<\/tr>\n<tr class=\"m-product-attr-row\">\n<th class=\"m-product-attr-row__name\" scope=\"row\">Lugar de uso<\/th>\n<td class=\"m-product-attr-row__value\">Interior \/ exterior<\/td>\n<\/tr>\n<tr class=\"m-product-attr-row\">\n<th class=\"m-product-attr-row__name\" scope=\"row\">Material principal en la masa total del producto<\/th>\n<td class=\"m-product-attr-row__value\">Acero<\/td>\n<\/tr>\n<tr class=\"m-product-attr-row\">\n<th class=\"m-product-attr-row__name\" scope=\"row\">Sistema de apertura<\/th>\n<td class=\"m-product-attr-row__value\">S\u00ed<\/td>\n<\/tr>\n<tr class=\"m-product-attr-row\">\n<th class=\"m-product-attr-row__name\" scope=\"row\">Tipo de apertura<\/th>\n<td class=\"m-product-attr-row__value\">Tapa superior<\/td>\n<\/tr>\n<tr class=\"m-product-attr-row\">\n<th class=\"m-product-attr-row__name\" scope=\"row\">Tipo de cierre<\/th>\n<td class=\"m-product-attr-row__value\">Con llave<\/td>\n<\/tr>\n<tr class=\"m-product-attr-row\">\n<th class=\"m-product-attr-row__name\" scope=\"row\">Garant\u00eda (en a\u00f1os)<\/th>\n<td class=\"m-product-attr-row__value\">3<\/td>\n<\/tr>\n<tr class=\"m-product-attr-row\">\n<th class=\"m-product-attr-row__name\" scope=\"row\">Peso neto (en kg)<\/th>\n<td class=\"m-product-attr-row__value\">31<\/td>\n<\/tr>\n<tr class=\"m-product-attr-row\">\n<th class=\"m-product-attr-row__name\" scope=\"row\">Producto empaquetado: anchura (en cm)<\/th>\n<td class=\"m-product-attr-row__value\">74<\/td>\n<\/tr>\n<tr class=\"m-product-attr-row\">\n<th class=\"m-product-attr-row__name\" scope=\"row\">Producto empaquetado: altura (en cm)<\/th>\n<td class=\"m-product-attr-row__value\">9<\/td>\n<\/tr>\n<tr class=\"m-product-attr-row\">\n<th class=\"m-product-attr-row__name\" scope=\"row\">Producto empaquetado: profundidad (en cm)<\/th>\n<td class=\"m-product-attr-row__value\">140<\/td>\n<\/tr>\n<tr class=\"m-product-attr-row\">\n<th class=\"m-product-attr-row__name\" scope=\"row\">Producto empaquetado: peso (en kg)<\/th>\n<td class=\"m-product-attr-row__value\">31<\/td>\n<\/tr>\n<\/tbody>\n<\/table>","protected":false},"excerpt":{"rendered":"<p>Arc\u00f3n de acero de 71 x 134 x 62 cm (alto x ancho x fondo), con acabado en color gris<\/p>","protected":false},"featured_media":18934,"template":"","meta":[],"product_brand":[],"product_cat":[76],"product_tag":[77],"product_country":[1505],"class_list":{"0":"post-18933","1":"product","2":"type-product","3":"status-publish","4":"has-post-thumbnail","6":"product_cat-shed","7":"product_tag-shed","8":"product_country-spain","10":"first","11":"instock","12":"sale","13":"taxable","14":"shipping-taxable","15":"purchasable","16":"product-type-simple"},"_links":{"self":[{"href":"https:\/\/routinesfashione.com\/en\/wp-json\/wp\/v2\/product\/18933","targetHints":{"allow":["GET"]}}],"collection":[{"href":"https:\/\/routinesfashione.com\/en\/wp-json\/wp\/v2\/product"}],"about":[{"href":"https:\/\/routinesfashione.com\/en\/wp-json\/wp\/v2\/types\/product"}],"wp:featuredmedia":[{"embeddable":true,"href":"https:\/\/routinesfashione.com\/en\/wp-json\/wp\/v2\/media\/18934"}],"wp:attachment":[{"href":"https:\/\/routinesfashione.com\/en\/wp-json\/wp\/v2\/media?parent=18933"}],"wp:term":[{"taxonomy":"product_brand","embeddable":true,"href":"https:\/\/routinesfashione.com\/en\/wp-json\/wp\/v2\/product_brand?post=18933"},{"taxonomy":"product_cat","embeddable":true,"href":"https:\/\/routinesfashione.com\/en\/wp-json\/wp\/v2\/product_cat?post=18933"},{"taxonomy":"product_tag","embeddable":true,"href":"https:\/\/routinesfashione.com\/en\/wp-json\/wp\/v2\/product_tag?post=18933"},{"taxonomy":"product_country","embeddable":true,"href":"https:\/\/routinesfashione.com\/en\/wp-json\/wp\/v2\/product_country?post=18933"}],"curies":[{"name":"wp","href":"https:\/\/api.w.org\/{rel}","templated":true}]}}