{"id":18962,"date":"2025-08-09T18:15:45","date_gmt":"2025-08-09T18:15:45","guid":{"rendered":"https:\/\/lightgray-crow-170497.hostingersite.com\/?post_type=product&#038;p=18962"},"modified":"2025-09-30T21:14:47","modified_gmt":"2025-09-30T21:14:47","slug":"cobertizo-de-jardin-facil-de-montar-ya-que-cuenta-con-paneles-prefabricados-de-16-mm-de-grosor-que-han-de-ser-fijados-con-tornilleria-una-a-otro-esta-caseta-de-madera-cuenta-con-unas-medidas-interio","status":"publish","type":"product","link":"https:\/\/routinesfashione.com\/en\/produit\/cobertizo-de-jardin-facil-de-montar-ya-que-cuenta-con-paneles-prefabricados-de-16-mm-de-grosor-que-han-de-ser-fijados-con-tornilleria-una-a-otro-esta-caseta-de-madera-cuenta-con-unas-medidas-interio\/","title":{"rendered":"Y. 16 mm. 273 x 370 cm. 10 m\u00b2"},"content":{"rendered":"<div id=\"main-product-wrapper\">\n<div class=\"tabs product-tabs\">\n<div id=\"product-infos-tabs-content\" class=\"tab-content\">\n<div id=\"description\" class=\"tab-pane in active\">\n<div class=\"product-description\">\n<div class=\"rte-content\">\n<p><strong>Cobertizo de jard\u00edn<\/strong>\u00a0f\u00e1cil de montar ya que cuenta con paneles prefabricados de 16 mm de grosor que han de ser fijados con torniller\u00eda una a otro.<\/p>\n<p>Esta\u00a0<strong>caseta de\u00a0madera\u00a0<\/strong>cuenta con unas medidas interiores de 273 x 370 cm (ancho x profundidad) y unas medidas exteriores incluyendo los salientes del tejado de 295 x 394 cm. Est\u00e1\u00a0<strong>dividida en dos habit\u00e1culos independientes<\/strong>.<\/p>\n<p>El\u00a0<strong>cobertizo<\/strong>\u00a0<strong>Dan<\/strong>\u00a0de Palmako dispone de dos accesos, uno por su puerta doble frontal de\u00a0138&#215;182 cm y otro por su puerta lateral simple 75x169cm; ambas con pestillo y juego de llaves para su cerramiento. En cuanto ventanas en este cobertizo, tendremos dos ventanas fijas de plexigl\u00e1s en cualquiera de las paredes laterales.<\/p>\n<p>Como particularidad y diferencia con otros\u00a0<strong>cobertizos<\/strong>, este modelo Dan de Palmako ofrece unas medidas parecidas al de un garaje de madera siendo su profundidad mayor que su anchura.<\/p>\n<p>Estos modelos de\u00a0<strong>cobertizos de madera\u00a0<\/strong>cuentan con suelo y techo de lamas machihembradas. Es la opci\u00f3n perfecta para tener un lugar para guardar herramientas o como zona de trabajo, con un peso liviano y de f\u00e1cil montaje. Los cobertizos Palmako cuentan con una garant\u00eda de 5 a\u00f1os.<\/p>\n<\/div>\n<\/div>\n<\/div>\n<\/div>\n<\/div>\n<\/div>","protected":false},"excerpt":{"rendered":"<p>Cobertizo de jard\u00edn\u00a0f\u00e1cil de montar ya que cuenta con paneles prefabricados de 16 mm de grosor que han de ser<\/p>","protected":false},"featured_media":18963,"template":"","meta":[],"product_brand":[],"product_cat":[76],"product_tag":[77],"product_country":[1505],"class_list":{"0":"post-18962","1":"product","2":"type-product","3":"status-publish","4":"has-post-thumbnail","6":"product_cat-shed","7":"product_tag-shed","8":"product_country-spain","10":"first","11":"instock","12":"sale","13":"taxable","14":"shipping-taxable","15":"purchasable","16":"product-type-simple"},"_links":{"self":[{"href":"https:\/\/routinesfashione.com\/en\/wp-json\/wp\/v2\/product\/18962","targetHints":{"allow":["GET"]}}],"collection":[{"href":"https:\/\/routinesfashione.com\/en\/wp-json\/wp\/v2\/product"}],"about":[{"href":"https:\/\/routinesfashione.com\/en\/wp-json\/wp\/v2\/types\/product"}],"wp:featuredmedia":[{"embeddable":true,"href":"https:\/\/routinesfashione.com\/en\/wp-json\/wp\/v2\/media\/18963"}],"wp:attachment":[{"href":"https:\/\/routinesfashione.com\/en\/wp-json\/wp\/v2\/media?parent=18962"}],"wp:term":[{"taxonomy":"product_brand","embeddable":true,"href":"https:\/\/routinesfashione.com\/en\/wp-json\/wp\/v2\/product_brand?post=18962"},{"taxonomy":"product_cat","embeddable":true,"href":"https:\/\/routinesfashione.com\/en\/wp-json\/wp\/v2\/product_cat?post=18962"},{"taxonomy":"product_tag","embeddable":true,"href":"https:\/\/routinesfashione.com\/en\/wp-json\/wp\/v2\/product_tag?post=18962"},{"taxonomy":"product_country","embeddable":true,"href":"https:\/\/routinesfashione.com\/en\/wp-json\/wp\/v2\/product_country?post=18962"}],"curies":[{"name":"wp","href":"https:\/\/api.w.org\/{rel}","templated":true}]}}