{"id":19007,"date":"2025-08-09T18:57:45","date_gmt":"2025-08-09T18:57:45","guid":{"rendered":"https:\/\/lightgray-crow-170497.hostingersite.com\/?post_type=product&#038;p=19007"},"modified":"2025-09-30T21:14:50","modified_gmt":"2025-09-30T21:14:50","slug":"wooden-garden-shed-a246x418x220cm-8m2-natural-wood-shed-garden-workshop-bicycle-tool-storage-timbela-m332","status":"publish","type":"product","link":"https:\/\/routinesfashione.com\/en\/produit\/wooden-garden-shed-a246x418x220cm-8m2-natural-wood-shed-garden-workshop-bicycle-tool-storage-timbela-m332\/","title":{"rendered":"Caseta de jard\u00edn de madera &#8211; 246 x 418 x 220 cm\/8 m\u00b2 &#8211; Caseta de madera natural &#8211; Taller de jard\u00edn &#8211; Guardabicicletas y herramientas TIMBELA M332"},"content":{"rendered":"<ul class=\"a-unordered-list a-vertical a-spacing-mini\">\n<li class=\"a-spacing-mini\"><span class=\"a-list-item\">GRAN COBERTURA DE LE\u00d1A. Amplio espacio para caminar en este estanque con 8 m\u00b2 de superficie interior y una altura de techo de 246 cm. Espacio suficiente para guardar herramientas, bicicletas, juguetes y cortac\u00e9spedes. Organice su jard\u00edn y disfrute de sus espacios al aire libre como nunca.<\/span><\/li>\n<li class=\"a-spacing-mini\"><span class=\"a-list-item\">TECHOS IMPERMEABLES. Gracias a su resistente tela asf\u00e1ltica, su s\u00f3tano de jard\u00edn le protege de las inclemencias del tiempo, manteniendo sus pertenencias secas. Para mayor seguridad, incluye un cerrojo para la puerta.<\/span><\/li>\n<li class=\"a-spacing-mini\"><span class=\"a-list-item\">PERFECTA COMO CASA DE VERANO. Gracias a su puerta doble y a las ventanas de plexigl\u00e1s que aportan abundante luz natural, esta casita de jard\u00edn es una impresionante casa de verano. Podr\u00e1 acceder r\u00e1pidamente a su barbacoa, muebles de exterior y piscina para los calurosos d\u00edas de verano.<\/span><\/li>\n<li class=\"a-spacing-mini\"><span class=\"a-list-item\">BODEGA DE JARD\u00cdN CON CERRADURA. Con madera natural certificada. Somos fabricantes: ofrecemos garant\u00eda, respondemos consultas y solucionamos cualquier problema. Nadie conoce estas casetas de jard\u00edn mejor que nosotros.<\/span><\/li>\n<li class=\"a-spacing-mini\"><span class=\"a-list-item\">PANELES DE RECUBRIMIENTO ROBUSTOS. Revestimiento de madera de abeto y pino de alta calidad, superpuesto con paneles de 17 mm de grosor. Este cobertizo est\u00e1 dise\u00f1ado para durar y cuenta con una garant\u00eda del fabricante de 2 a\u00f1os. Con un cuidado y mantenimiento adecuados, le ofrecer\u00e1 una vida \u00fatil duradera. (*Debido a las propiedades naturales de la madera, el tama\u00f1o puede variar de 1 a 2 mm).<\/span><br \/>\n<table class=\"a-normal a-spacing-micro\">\n<tbody>\n<tr class=\"a-spacing-small po-brand\">\n<td class=\"a-span3\"><span class=\"a-size-base a-text-bold\">Nombre de marca<\/span><\/td>\n<td class=\"a-span9\"><span class=\"a-size-base po-break-word\">TIMBELA<\/span><\/td>\n<\/tr>\n<tr class=\"a-spacing-small po-color\">\n<td class=\"a-span3\"><span class=\"a-size-base a-text-bold\">Color<\/span><\/td>\n<td class=\"a-span9\"><span class=\"a-size-base po-break-word\">Naturaleza<\/span><\/td>\n<\/tr>\n<tr class=\"a-spacing-small po-material\">\n<td class=\"a-span3\"><span class=\"a-size-base a-text-bold\">Material<\/span><\/td>\n<td class=\"a-span9\"><span class=\"a-size-base po-break-word\">Madera<\/span><\/td>\n<\/tr>\n<tr class=\"a-spacing-small po-item_depth_width_height\">\n<td class=\"a-span3\"><span class=\"a-size-base a-text-bold\">Dimensiones del art\u00edculo Pr x An x Al<\/span><\/td>\n<td class=\"a-span9\"><span class=\"a-size-base po-break-word\">2,2D x 4,18W x 2,46H metros<\/span><\/td>\n<\/tr>\n<tr class=\"a-spacing-small po-item_weight\">\n<td class=\"a-span3\"><span class=\"a-size-base a-text-bold\">Peso del art\u00edculo<\/span><\/td>\n<td class=\"a-span9\"><span class=\"a-size-base po-break-word\">383 kilogramos<\/span><\/td>\n<\/tr>\n<tr class=\"a-spacing-small po-style\">\n<td class=\"a-span3\"><span class=\"a-size-base a-text-bold\">Estilo<\/span><\/td>\n<td class=\"a-span9\"><span class=\"a-size-base po-break-word\">Durable<\/span><\/td>\n<\/tr>\n<tr class=\"a-spacing-small po-base.material\">\n<td class=\"a-span3\"><span class=\"a-size-base a-text-bold\">Material base<\/span><\/td>\n<td class=\"a-span9\"><span class=\"a-size-base po-break-word\">Madera<\/span><\/td>\n<\/tr>\n<tr class=\"a-spacing-small po-top.material\">\n<td class=\"a-span3\"><span class=\"a-size-base a-text-bold\">Tipo de material superior<\/span><\/td>\n<td class=\"a-span9\"><span class=\"a-size-base po-break-word\">Madera<\/span><\/td>\n<\/tr>\n<tr class=\"a-spacing-small po-water_resistance_level\">\n<td class=\"a-span3\"><span class=\"a-size-base a-text-bold\">Nivel de resistencia al agua<\/span><\/td>\n<td class=\"a-span9\"><span class=\"a-size-base po-break-word\">Resistente al agua<\/span><\/td>\n<\/tr>\n<tr class=\"a-spacing-small po-chamber.depth\">\n<td class=\"a-span3\"><span class=\"a-size-base a-text-bold\">Profundidad de la c\u00e1mara<\/span><\/td>\n<td class=\"a-span9\"><span class=\"a-size-base po-break-word\">199 cent\u00edmetros<\/span><\/td>\n<\/tr>\n<\/tbody>\n<\/table>\n<\/li>\n<\/ul>","protected":false},"excerpt":{"rendered":"<p>GRAN COBERTURA DE LE\u00d1A. Amplio espacio para caminar en este estanque con 8 m\u00b2 de superficie interior y una altura<\/p>","protected":false},"featured_media":19008,"template":"","meta":[],"product_brand":[],"product_cat":[76],"product_tag":[77],"product_country":[1505],"class_list":{"0":"post-19007","1":"product","2":"type-product","3":"status-publish","4":"has-post-thumbnail","6":"product_cat-shed","7":"product_tag-shed","8":"product_country-spain","10":"first","11":"instock","12":"sale","13":"taxable","14":"shipping-taxable","15":"purchasable","16":"product-type-simple"},"_links":{"self":[{"href":"https:\/\/routinesfashione.com\/en\/wp-json\/wp\/v2\/product\/19007","targetHints":{"allow":["GET"]}}],"collection":[{"href":"https:\/\/routinesfashione.com\/en\/wp-json\/wp\/v2\/product"}],"about":[{"href":"https:\/\/routinesfashione.com\/en\/wp-json\/wp\/v2\/types\/product"}],"wp:featuredmedia":[{"embeddable":true,"href":"https:\/\/routinesfashione.com\/en\/wp-json\/wp\/v2\/media\/19008"}],"wp:attachment":[{"href":"https:\/\/routinesfashione.com\/en\/wp-json\/wp\/v2\/media?parent=19007"}],"wp:term":[{"taxonomy":"product_brand","embeddable":true,"href":"https:\/\/routinesfashione.com\/en\/wp-json\/wp\/v2\/product_brand?post=19007"},{"taxonomy":"product_cat","embeddable":true,"href":"https:\/\/routinesfashione.com\/en\/wp-json\/wp\/v2\/product_cat?post=19007"},{"taxonomy":"product_tag","embeddable":true,"href":"https:\/\/routinesfashione.com\/en\/wp-json\/wp\/v2\/product_tag?post=19007"},{"taxonomy":"product_country","embeddable":true,"href":"https:\/\/routinesfashione.com\/en\/wp-json\/wp\/v2\/product_country?post=19007"}],"curies":[{"name":"wp","href":"https:\/\/api.w.org\/{rel}","templated":true}]}}