{"id":19014,"date":"2025-08-09T19:08:00","date_gmt":"2025-08-09T19:08:00","guid":{"rendered":"https:\/\/lightgray-crow-170497.hostingersite.com\/?post_type=product&#038;p=19014"},"modified":"2025-09-30T21:14:51","modified_gmt":"2025-09-30T21:14:51","slug":"habitat-et-jardin-cobertizo-de-jardin-metalico","status":"publish","type":"product","link":"https:\/\/routinesfashione.com\/en\/produit\/habitat-et-jardin-cobertizo-de-jardin-metalico\/","title":{"rendered":"HABITAT ET JARDIN Cobertizo De Jard\u00edn Met\u00e1lico"},"content":{"rendered":"<div id=\"product-description-short-146522\" class=\"rte-content product-description desktop-short-descr mb-4\">Cobertizo de jard\u00edn met\u00e1lico &#8211; Colores gris\/topo y blanco &#8211; Dimensiones totales 3,19 m x 3,4 m x 2,10 m- Espesor de la pared: 0,025 m &#8211; Estructura de acero y zinc de alta calidad &#8211; 2 puertas correderas &#8211; 4 rejillas de ventilaci\u00f3n- Canalones<\/div>\n<div class=\"rte-content\">\n<p>Cobertizo de jard\u00edn met\u00e1lico \u00abDallas\u00bb &#8211; 8,84 m\u00b2 con canal\u00f3n<\/p>\n<p>Descubra el cobertizo de jard\u00edn met\u00e1lico, una fusi\u00f3n perfecta de estilo y funcionalidad. En elegantes tonos gris\/topo y blanco, este cobertizo a\u00f1ade un toque de sofisticaci\u00f3n a su espacio exterior. Con unas dimensiones totales de 3,19 m x 3,4 m x 2,10 m, ofrece un generoso espacio para guardar con seguridad sus herramientas y equipos de jardiner\u00eda.<\/p>\n<p>Su estructura de alta calidad, de zinc y acero, garantiza una durabilidad excepcional, reforzada por paredes de 0,025 m de espesor. Las dos puertas correderas permiten un acceso sencillo al interior, mientras que las 4 rejillas de ventilaci\u00f3n garantizan una circulaci\u00f3n \u00f3ptima del aire para proteger sus herramientas de la humedad y el moho.<\/p>\n<p>Adem\u00e1s, este cobertizo tiene canalones integrados para una gesti\u00f3n eficaz del agua de lluvia. Esta pr\u00e1ctica caracter\u00edstica le permite recoger y dirigir el agua de lluvia lejos de los cimientos de su cobertizo, preservando su durabilidad a largo plazo.<\/p>\n<p>Transforme su jard\u00edn en un espacio organizado y atractivo con el cobertizo de jard\u00edn met\u00e1lico. P\u00eddalo hoy mismo y obtendr\u00e1 una soluci\u00f3n de almacenamiento pr\u00e1ctica y elegante que mejorar\u00e1 el aspecto de su espacio exterior.<\/p>\n<div class=\"\">\n<div class=\"feature_title\"><strong>Puerta<\/strong><\/div>\n<ul>\n<li class=\"\">\n<ul>\n<li class=\"name featureli d-flex justify-content-between\">\n<div class=\"featurename col bold\">Tipo de puerta\u00a0:<\/div>\n<div class=\"value featurevalue col\">2 puertas corredizas<\/div>\n<\/li>\n<li class=\"name featureli d-flex justify-content-between bg-white\">\n<div class=\"featurename col bold\">Tipo de cierre\u00a0:<\/div>\n<div class=\"value featurevalue col\">Con asas<\/div>\n<\/li>\n<li class=\"name featureli d-flex justify-content-between\">\n<div class=\"featurename col bold\">Medidas de la puerta\u00a0:<\/div>\n<div class=\"value featurevalue col\">1,17 x 1,62 m<\/div>\n<\/li>\n<\/ul>\n<\/li>\n<\/ul>\n<\/div>\n<div class=\"\">\n<h2 class=\"feature_title\">Caracter\u00edsticas de las canaletas<\/h2>\n<ul>\n<li class=\"\">\n<ul>\n<li class=\"name featureli d-flex justify-content-between\">\n<div class=\"featurename col bold\">Dimensiones del canal\u00f3n\u00a0:<\/div>\n<div class=\"value featurevalue col\">4 canalones de 2 metros que se pueden cortar para adaptarlos al tama\u00f1o del cobertizo<\/div>\n<\/li>\n<li class=\"name featureli d-flex justify-content-between bg-white\">\n<div class=\"featurename col bold\">+ producto del canal\u00f3n\u00a0:<\/div>\n<div class=\"value featurevalue col\">Instalaci\u00f3n r\u00e1pida y sencilla<br \/>\nPosibilidad de conectar un dep\u00f3sito recuperador de aguaResistente a los rayos UV y al \u00f3xido<\/p>\n<\/div>\n<\/li>\n<\/ul>\n<\/li>\n<\/ul>\n<\/div>\n<div class=\"\">\n<div class=\"feature_title\"><strong>Paneles solares<\/strong><\/div>\n<ul>\n<li class=\"\">\n<ul>\n<li class=\"name featureli d-flex justify-content-between\">\n<div class=\"featurename col bold\">Embalaje\u00a0:<\/div>\n<div class=\"value featurevalue col\">3 bultos: &#8211; 1,73 x 0,735 x 0,125 m, 67 kg &#8211; 1,88 x 0,25 x 0,16 m, 25,4 kg &#8211; 2,07 x 0,1 x 0,07 m, 2,5 kg<\/div>\n<\/li>\n<\/ul>\n<\/li>\n<\/ul>\n<\/div>\n<div class=\"\">\n<div class=\"feature_title\"><strong>Material<\/strong><\/div>\n<ul>\n<li class=\"\">\n<ul>\n<li class=\"name featureli d-flex justify-content-between\">\n<div class=\"featurename col bold\">Estructura\u00a0:<\/div>\n<div class=\"value featurevalue col\">Metal (zinc)<\/div>\n<\/li>\n<li class=\"name featureli d-flex justify-content-between bg-white\">\n<div class=\"featurename col bold\">Pared:<\/div>\n<div class=\"value featurevalue col\">Acero<\/div>\n<\/li>\n<\/ul>\n<\/li>\n<\/ul>\n<\/div>\n<div class=\"\">\n<div class=\"feature_title\"><strong>Medidas<\/strong><\/div>\n<ul>\n<li class=\"\">\n<ul>\n<li class=\"name featureli d-flex justify-content-between\">\n<div class=\"featurename col bold\">Exteriores\u00a0:<\/div>\n<div class=\"value featurevalue col\">Largo 3,09 x Ancho 2,67 m<\/div>\n<\/li>\n<li class=\"name featureli d-flex justify-content-between bg-white\">\n<div class=\"featurename col bold\">Interiores:<\/div>\n<div class=\"value featurevalue col\">Largo 3,05 x Ancho 2,63 m<\/div>\n<\/li>\n<li class=\"name featureli d-flex justify-content-between\">\n<div class=\"featurename col bold\">Altura de cumbrera\u00a0:<\/div>\n<div class=\"value featurevalue col\">2,02 metros<\/div>\n<\/li>\n<li class=\"name featureli d-flex justify-content-between bg-white\">\n<div class=\"featurename col bold\">Superficie (m\u00b2):<\/div>\n<div class=\"value featurevalue col\">8,84 m\u00b2<\/div>\n<\/li>\n<li class=\"name featureli d-flex justify-content-between\">\n<div class=\"featurename col bold\">Superficie exterior al suelo (m\u00b2)\u00a0:<\/div>\n<div class=\"value featurevalue col\">8,25 m\u00b2<\/div>\n<\/li>\n<li class=\"name featureli d-flex justify-content-between bg-white\">\n<div class=\"featurename col bold\">Altura de la pared\u00a0:<\/div>\n<div class=\"value featurevalue col\">1,65 metros<\/div>\n<\/li>\n<li class=\"name featureli d-flex justify-content-between\">\n<div class=\"featurename col bold\">Espesor de la pared\u00a0:<\/div>\n<div class=\"value featurevalue col\">0,25 mil\u00edmetros<\/div>\n<\/li>\n<\/ul>\n<\/li>\n<\/ul>\n<\/div>\n<div class=\"\">\n<div class=\"feature_title\"><strong>Color<\/strong><\/div>\n<ul>\n<li class=\"\">\n<ul>\n<li class=\"name featureli d-flex justify-content-between\">\n<div class=\"featurename col bold\">Color :<\/div>\n<div class=\"value featurevalue col\">Topo y blanco<\/div>\n<\/li>\n<li class=\"name featureli d-flex justify-content-between bg-white\">\n<div class=\"featurename col bold\">Pared:<\/div>\n<div class=\"value featurevalue col\">Topograf\u00eda<\/div>\n<\/li>\n<li class=\"name featureli d-flex justify-content-between\">\n<div class=\"featurename col bold\">Techo\u00a0:<\/div>\n<div class=\"value featurevalue col\">Topograf\u00eda<\/div>\n<\/li>\n<li class=\"name featureli d-flex justify-content-between bg-white\">\n<div class=\"featurename col bold\">Puerta\u00a0:<\/div>\n<div class=\"value featurevalue col\">Topograf\u00eda<\/div>\n<\/li>\n<\/ul>\n<\/li>\n<\/ul>\n<\/div>\n<div class=\"\">\n<div class=\"feature_title\"><strong>Informaci\u00f3n adicional<\/strong><\/div>\n<ul>\n<li class=\"\">\n<ul>\n<li class=\"name featureli d-flex justify-content-between\">\n<div class=\"featurename col bold\">Resistencia al viento\u00a0:<\/div>\n<div class=\"value featurevalue col\">20 m\/s<\/div>\n<\/li>\n<li class=\"name featureli d-flex justify-content-between bg-white\">\n<div class=\"featurename col bold\">Kit de anclaje\u00a0:<\/div>\n<div class=\"value featurevalue col\">Incluido\/ Fundaci\u00f3n no incluida<\/div>\n<\/li>\n<li class=\"name featureli d-flex justify-content-between\">\n<div class=\"featurename col bold\">Ventana\u00a0:<\/div>\n<div class=\"value featurevalue col\">4 rejas de aeraci\u00f3n<\/div>\n<\/li>\n<\/ul>\n<\/li>\n<\/ul>\n<\/div>\n<div class=\"\">\n<div class=\"feature_title\"><strong>Ventajas del producto<\/strong><\/div>\n<ul>\n<li class=\"\">\n<ul>\n<li class=\"name featureli d-flex justify-content-between\">\n<div class=\"featurename col bold\">Declaraci\u00f3n de obra\u00a0:<\/div>\n<div class=\"value featurevalue col\">Consultar con la alcald\u00eda<\/div>\n<\/li>\n<\/ul>\n<\/li>\n<\/ul>\n<\/div>\n<div class=\"variation_guarantee\">\n<div class=\"variation_extra_info_text\">\n<ul>\n<li class=\"name featureli d-flex garentie\">\n<div class=\"featurename col bold\">Garantizar<\/div>\n<div class=\"value featurevalue col\">10 a\u00f1os anticorrosi\u00f3n<\/div>\n<\/li>\n<\/ul>\n<\/div>\n<\/div>\n<\/div>","protected":false},"excerpt":{"rendered":"<p>Cobertizo de jard\u00edn met\u00e1lico &#8211; Colores gris\/topo y blanco &#8211; Dimensiones totales 3,19 m x 3,4 m x 2,10 m-<\/p>","protected":false},"featured_media":19015,"template":"","meta":[],"product_brand":[],"product_cat":[76],"product_tag":[77],"product_country":[1505],"class_list":{"0":"post-19014","1":"product","2":"type-product","3":"status-publish","4":"has-post-thumbnail","6":"product_cat-shed","7":"product_tag-shed","8":"product_country-spain","10":"first","11":"instock","12":"sale","13":"taxable","14":"shipping-taxable","15":"purchasable","16":"product-type-simple"},"_links":{"self":[{"href":"https:\/\/routinesfashione.com\/en\/wp-json\/wp\/v2\/product\/19014","targetHints":{"allow":["GET"]}}],"collection":[{"href":"https:\/\/routinesfashione.com\/en\/wp-json\/wp\/v2\/product"}],"about":[{"href":"https:\/\/routinesfashione.com\/en\/wp-json\/wp\/v2\/types\/product"}],"wp:featuredmedia":[{"embeddable":true,"href":"https:\/\/routinesfashione.com\/en\/wp-json\/wp\/v2\/media\/19015"}],"wp:attachment":[{"href":"https:\/\/routinesfashione.com\/en\/wp-json\/wp\/v2\/media?parent=19014"}],"wp:term":[{"taxonomy":"product_brand","embeddable":true,"href":"https:\/\/routinesfashione.com\/en\/wp-json\/wp\/v2\/product_brand?post=19014"},{"taxonomy":"product_cat","embeddable":true,"href":"https:\/\/routinesfashione.com\/en\/wp-json\/wp\/v2\/product_cat?post=19014"},{"taxonomy":"product_tag","embeddable":true,"href":"https:\/\/routinesfashione.com\/en\/wp-json\/wp\/v2\/product_tag?post=19014"},{"taxonomy":"product_country","embeddable":true,"href":"https:\/\/routinesfashione.com\/en\/wp-json\/wp\/v2\/product_country?post=19014"}],"curies":[{"name":"wp","href":"https:\/\/api.w.org\/{rel}","templated":true}]}}