{"id":19021,"date":"2025-08-09T19:03:02","date_gmt":"2025-08-09T19:03:02","guid":{"rendered":"https:\/\/lightgray-crow-170497.hostingersite.com\/?post_type=product&#038;p=19021"},"modified":"2025-09-30T21:14:51","modified_gmt":"2025-09-30T21:14:51","slug":"cobertizo-de-jardin-outsunny-190x131x188-cm-roble","status":"publish","type":"product","link":"https:\/\/routinesfashione.com\/en\/produit\/cobertizo-de-jardin-outsunny-190x131x188-cm-roble\/","title":{"rendered":"Cobertizo de jard\u00edn Outsunny 190x131x188 cm Roble"},"content":{"rendered":"<div class=\"o-product-detail-informations__description\">\n<ul>\n<li style=\"list-style-type: none;\">\n<ul>\n<li>-AMPLIO ESPACIO DE ALMACENAJE: Esta caseta de jard\u00edn exterior de acero con imitaci\u00f3n a madera dispone de un gran espacio interior, perfectamente dise\u00f1ada para guardar herramientas de jardiner\u00eda, accesorios de piscina, etc.<\/li>\n<li>-BUENA VENTILACI\u00d3N: Esta caseta de almacenamiento tiene 2 ranuras de ventilaci\u00f3n en la parte superior delantera. As\u00ed, garantizan una buena ventilaci\u00f3n, evitando la humedad y la aparici\u00f3n de moho en herramientas y otros equipos<\/li>\n<li>-RESISTENTE Y SEGURO: Este cobertizo met\u00e1lico fabricado en acero galvanizado garantiza su uso en exteriores ofreciendo una gran resistencia al agua y a las inclemencias del tiempo durante todo el a\u00f1o. Adem\u00e1s, incluye un pestillo de seguridad para que puedas cerrar la puerta y mantener tus herramientas m\u00e1s seguras<\/li>\n<li>-TECHO INCLINADO: El techo inclinado permite que el agua drene mejor hacia al suelo, evitando el estancamiento y la oxidaci\u00f3n de la caseta de jard\u00edn. De esta forma, podr\u00e1s mantener tus pertenencias intactas en este cobertizo exterior durante todas las estaciones del a\u00f1o<\/li>\n<li>-MEDIDAS TOTALES: 190x131x188 cm (LxANxAL). Medidas interiores: 171&#215;111 cm (LxAN). Guantes incluidos para la instalaci\u00f3n. 2-3 personas recomendadas para el montaje<\/li>\n<\/ul>\n<\/li>\n<\/ul>\n<p>\u00bfNo sabes d\u00f3nde guardar tus herramientas y utensilios de jard\u00edn? Esta caseta de jard\u00edn de Outsunny te ofrece todo el espacio que necesitas para mantener organizado tu espacio exterior. Este cobertizo de jard\u00edn tiene una apariencia elegante con acabado efecto madera y estructura de acero, resistente e ideal para un uso prolongado. Adem\u00e1s, incluye un pestillo de seguridad para mantener tus herramientas m\u00e1s seguras, junto a las 2 aberturas que garantizan una excelente ventilaci\u00f3n en el interior.<\/p>\n<p><b>Caracter\u00edsticas:<\/b><\/p>\n<ul>\n<li>Amplio cobertizo de almacenamiento para herramientas de jard\u00edn, equipos de cuidado del c\u00e9sped o accesorios de piscina El tejado inclinado evita la acumulaci\u00f3n de agua Cuenta con dos rejillas de ventilaci\u00f3n para mantener el interior bien ventilado y evitar humedades Cobertizo exterior dise\u00f1ado con una estructura de acero galvanizado s\u00f3lida y resistente a su uso en exteriores Guantes incluidos para la instalaci\u00f3n. Se recomienda 2-3 personas para el montaje<\/li>\n<\/ul>\n<p><b>Especificaciones:<\/b><\/p>\n<ul>\n<li>Color: roble<\/li>\n<li>Material: acero galvanizado<\/li>\n<li>Medidas totales: 190x131x188 cm (LxANxAL)<\/li>\n<li>Medidas internas: 171&#215;111 cm (LxAN)<\/li>\n<li>Superficie del suelo: 183&#215;124 cm, 2,25 m\u00b2<\/li>\n<li>Medidas de la puerta: 75&#215;161 cm (LxAN)<\/li>\n<li>Medidas de la rejilla de ventilaci\u00f3n: 22,5&#215;9,5 cm (LxAN)<\/li>\n<li>Referencia: 84H-115V00AK<\/li>\n<\/ul>\n<p>Importante: Este producto se env\u00eda por separado en diferentes cajas, por lo tanto, el tiempo de entrega puede ser distinto en cada una. Cantidad de caja: 2<\/p>\n<p><b>El paquete incluye:<\/b><\/p>\n<ul>\n<li>&#8211; Amplio cobertizo de almacenamiento para herramientas de jard\u00edn, equipos de cuidado del c\u00e9sped o accesorios de piscina<\/li>\n<li>&#8211; El tejado inclinado evita la acumulaci\u00f3n de agua<\/li>\n<li>&#8211; Cuenta con dos rejillas de ventilaci\u00f3n para mantener el interior bien ventilado y evitar humedades<\/li>\n<li>&#8211; Cobertizo exterior dise\u00f1ado con una estructura de acero galvanizado s\u00f3lida y resistente a su uso en exteriores<\/li>\n<li>&#8211; Guantes incluidos para la instalaci\u00f3n. Se recomienda 2-3 personas para el montaje<\/li>\n<\/ul>\n<p>&nbsp;<\/p>\n<\/div>\n<table class=\"o-product-features\" role=\"presentation\" data-cerberus=\"TABLE_AttributesProduct\">\n<caption class=\"kl-hidden-accessibility\">\u00a0<\/caption>\n<tbody>\n<tr class=\"m-product-attr-row\">\n<th class=\"m-product-attr-row__name\" scope=\"row\">Material principal en la masa total del producto<\/th>\n<td class=\"m-product-attr-row__value\">Acero galvanizado<\/td>\n<\/tr>\n<tr class=\"m-product-attr-row\">\n<th class=\"m-product-attr-row__name\" scope=\"row\">N\u00famero total de ventanas (incluidas las ventanas de la puerta)<\/th>\n<td class=\"m-product-attr-row__value\">2<\/td>\n<\/tr>\n<tr class=\"m-product-attr-row\">\n<th class=\"m-product-attr-row__name\" scope=\"row\">Tipo de puerta<\/th>\n<td class=\"m-product-attr-row__value\">Puerta batiente simple<\/td>\n<\/tr>\n<tr class=\"m-product-attr-row\">\n<th class=\"m-product-attr-row__name\" scope=\"row\">Espesor de la pared (en mm)<\/th>\n<td class=\"m-product-attr-row__value\">0.25<\/td>\n<\/tr>\n<tr class=\"m-product-attr-row\">\n<th class=\"m-product-attr-row__name\" scope=\"row\">Superficie interior (en m\u00b2)<\/th>\n<td class=\"m-product-attr-row__value\">1.9<\/td>\n<\/tr>\n<tr class=\"m-product-attr-row\">\n<th class=\"m-product-attr-row__name\" scope=\"row\">Anchura total (en cm)<\/th>\n<td class=\"m-product-attr-row__value\">190<\/td>\n<\/tr>\n<tr class=\"m-product-attr-row\">\n<th class=\"m-product-attr-row__name\" scope=\"row\">Altura total (en cm)<\/th>\n<td class=\"m-product-attr-row__value\">188<\/td>\n<\/tr>\n<tr class=\"m-product-attr-row\">\n<th class=\"m-product-attr-row__name\" scope=\"row\">Profundidad total (en cm)<\/th>\n<td class=\"m-product-attr-row__value\">131<\/td>\n<\/tr>\n<\/tbody>\n<\/table>","protected":false},"excerpt":{"rendered":"<p>-AMPLIO ESPACIO DE ALMACENAJE: Esta caseta de jard\u00edn exterior de acero con imitaci\u00f3n a madera dispone de un gran espacio<\/p>","protected":false},"featured_media":19022,"template":"","meta":[],"product_brand":[],"product_cat":[76],"product_tag":[77],"product_country":[1505],"class_list":{"0":"post-19021","1":"product","2":"type-product","3":"status-publish","4":"has-post-thumbnail","6":"product_cat-shed","7":"product_tag-shed","8":"product_country-spain","10":"first","11":"instock","12":"sale","13":"taxable","14":"shipping-taxable","15":"purchasable","16":"product-type-simple"},"_links":{"self":[{"href":"https:\/\/routinesfashione.com\/en\/wp-json\/wp\/v2\/product\/19021","targetHints":{"allow":["GET"]}}],"collection":[{"href":"https:\/\/routinesfashione.com\/en\/wp-json\/wp\/v2\/product"}],"about":[{"href":"https:\/\/routinesfashione.com\/en\/wp-json\/wp\/v2\/types\/product"}],"wp:featuredmedia":[{"embeddable":true,"href":"https:\/\/routinesfashione.com\/en\/wp-json\/wp\/v2\/media\/19022"}],"wp:attachment":[{"href":"https:\/\/routinesfashione.com\/en\/wp-json\/wp\/v2\/media?parent=19021"}],"wp:term":[{"taxonomy":"product_brand","embeddable":true,"href":"https:\/\/routinesfashione.com\/en\/wp-json\/wp\/v2\/product_brand?post=19021"},{"taxonomy":"product_cat","embeddable":true,"href":"https:\/\/routinesfashione.com\/en\/wp-json\/wp\/v2\/product_cat?post=19021"},{"taxonomy":"product_tag","embeddable":true,"href":"https:\/\/routinesfashione.com\/en\/wp-json\/wp\/v2\/product_tag?post=19021"},{"taxonomy":"product_country","embeddable":true,"href":"https:\/\/routinesfashione.com\/en\/wp-json\/wp\/v2\/product_country?post=19021"}],"curies":[{"name":"wp","href":"https:\/\/api.w.org\/{rel}","templated":true}]}}