{"id":19028,"date":"2025-08-09T19:05:38","date_gmt":"2025-08-09T19:05:38","guid":{"rendered":"https:\/\/lightgray-crow-170497.hostingersite.com\/?post_type=product&#038;p=19028"},"modified":"2025-09-30T21:14:52","modified_gmt":"2025-09-30T21:14:52","slug":"vente-unique-cobertizo-de-jardin-de-metal-en-acero-galvanizado","status":"publish","type":"product","link":"https:\/\/routinesfashione.com\/en\/produit\/vente-unique-cobertizo-de-jardin-de-metal-en-acero-galvanizado\/","title":{"rendered":"Vente-unique Cobertizo de jard\u00edn de metal en acero galvanizado"},"content":{"rendered":"<div id=\"description_tab_container\" class=\"tab-content\">\n<div id=\"description_tab_content\" class=\"content active\">\n<div>\n<div class=\"product-content-header\"><strong>Para proteger tu material y ganar espacio de almacenamiento, \u00a1elige ADELMO!<\/strong><\/div>\n<div class=\"product-description--light-container product-description--light-container--with-fade-out expanded\" data-preview-height=\"110\">\n<div class=\"product_description__description\">\n<p>Nuestra caseta de jard\u00edn de metal ADELMO es ideal para almacenar tus herramientas, muebles de jard\u00edn, bicicletas&#8230; \u00a1Y todo lo que se te ocurra! Adem\u00e1s, su acabado amaderado har\u00e1 que se integre f\u00e1cilmente en tu jard\u00edn al tiempo que le aporta un toque moderno y elegante.<\/p>\n<\/div>\n<\/div>\n<\/div>\n<\/div>\n<\/div>\n<div id=\"attributes_tab_container\" class=\"tab-content\">\n<div id=\"attributes_tab\" class=\"tab-title\">\n<h2>Caracteristicas &amp; Dimensiones<\/h2>\n<\/div>\n<div id=\"attributes_tab_content\" class=\"content active\">\n<div class=\"product-description--full-container\">\n<div class=\"product_description__technical_content\">\n<div class=\"carac\">\n<div class=\"product-description-title-container\">\n<h3>Caracteristicas<\/h3>\n<\/div>\n<div><\/div>\n<ul class=\"feature_list\">\n<li>Color (tono):\u00a0\u00a0Gris antracita<\/li>\n<li>Material:\u00a0\u00a0Acero<\/li>\n<li>Grosor del metal:\u00a0\u00a00.25 mm<\/li>\n<li>Acabado:\u00a0\u00a0Galvanizado<\/li>\n<li>Superficie (m\u00b2):\u00a0\u00a03,67 m\u00b2<\/li>\n<li>Superficie total (m\u00b2):\u00a0\u00a04,15 m\u00b2<\/li>\n<li>Tipo de puerta:\u00a0\u00a0Puerta doble<\/li>\n<li>Sistema de apertura:\u00a0\u00a0Corredero<\/li>\n<li>Tipo de techo:\u00a0\u00a0Doble ca\u00edda<\/li>\n<li>Peso m\u00e1ximo soportado por el techo:\u00a0\u00a070 kg\/m\u00b2<\/li>\n<li>N\u00famero de ventanas:\u00a0\u00a01<\/li>\n<li>Equipamiento incluido:\u00a0\u00a0Pomo, Rejilla de aireaci\u00f3n<\/li>\n<li>Necesita montaje<\/li>\n<li>Equipamiento incluido: Ventana<\/li>\n<li>Normativa: Cobertizo &lt; 5m\u00b2: no es necesaria ninguna declaraci\u00f3n<\/li>\n<\/ul>\n<\/div>\n<div class=\"carac\">\n<div class=\"product-description-title-container\">\n<h3>Dimensiones<\/h3>\n<\/div>\n<div><\/div>\n<ul class=\"feature_list\">\n<li>Ancho:\u00a0\u00a0203 cm<\/li>\n<li>Altura:\u00a0\u00a0213 cm<\/li>\n<li>Profundidad:\u00a0\u00a0181 cm<\/li>\n<li>Largo de la puerta:\u00a0\u00a096 cm<\/li>\n<li>Altura de la puerta:\u00a0\u00a0181 cm<\/li>\n<li>Longitud total:\u00a0\u00a0213 cm<\/li>\n<\/ul>\n<\/div>\n<\/div>\n<\/div>\n<\/div>\n<\/div>","protected":false},"excerpt":{"rendered":"<p>Para proteger tu material y ganar espacio de almacenamiento, \u00a1elige ADELMO! Nuestra caseta de jard\u00edn de metal ADELMO es ideal<\/p>","protected":false},"featured_media":19029,"template":"","meta":[],"product_brand":[],"product_cat":[76],"product_tag":[77],"product_country":[1505],"class_list":{"0":"post-19028","1":"product","2":"type-product","3":"status-publish","4":"has-post-thumbnail","6":"product_cat-shed","7":"product_tag-shed","8":"product_country-spain","10":"first","11":"instock","12":"sale","13":"taxable","14":"shipping-taxable","15":"purchasable","16":"product-type-simple"},"_links":{"self":[{"href":"https:\/\/routinesfashione.com\/en\/wp-json\/wp\/v2\/product\/19028","targetHints":{"allow":["GET"]}}],"collection":[{"href":"https:\/\/routinesfashione.com\/en\/wp-json\/wp\/v2\/product"}],"about":[{"href":"https:\/\/routinesfashione.com\/en\/wp-json\/wp\/v2\/types\/product"}],"wp:featuredmedia":[{"embeddable":true,"href":"https:\/\/routinesfashione.com\/en\/wp-json\/wp\/v2\/media\/19029"}],"wp:attachment":[{"href":"https:\/\/routinesfashione.com\/en\/wp-json\/wp\/v2\/media?parent=19028"}],"wp:term":[{"taxonomy":"product_brand","embeddable":true,"href":"https:\/\/routinesfashione.com\/en\/wp-json\/wp\/v2\/product_brand?post=19028"},{"taxonomy":"product_cat","embeddable":true,"href":"https:\/\/routinesfashione.com\/en\/wp-json\/wp\/v2\/product_cat?post=19028"},{"taxonomy":"product_tag","embeddable":true,"href":"https:\/\/routinesfashione.com\/en\/wp-json\/wp\/v2\/product_tag?post=19028"},{"taxonomy":"product_country","embeddable":true,"href":"https:\/\/routinesfashione.com\/en\/wp-json\/wp\/v2\/product_country?post=19028"}],"curies":[{"name":"wp","href":"https:\/\/api.w.org\/{rel}","templated":true}]}}