{"id":19123,"date":"2025-08-09T20:06:34","date_gmt":"2025-08-09T20:06:34","guid":{"rendered":"https:\/\/lightgray-crow-170497.hostingersite.com\/?post_type=product&#038;p=19123"},"modified":"2025-09-30T21:08:11","modified_gmt":"2025-09-30T21:08:11","slug":"pergola-bioclimatica-de-aluminio-y-acero-con-lamas-orientables-6x3m","status":"publish","type":"product","link":"https:\/\/routinesfashione.com\/en\/produit\/pergola-bioclimatica-de-aluminio-y-acero-con-lamas-orientables-6x3m\/","title":{"rendered":"P\u00e9rgola bioclim\u00e1tica de aluminio y acero con lamas orientables 6x3m"},"content":{"rendered":"<div class=\"o-product-detail-informations__description\">\n<p>Los + producto:<br \/>\nUna protecci\u00f3n contra el sol<br \/>\nDoble fila de lamas independientes<br \/>\nLamas orientables<br \/>\nVentilaci\u00f3n natural<br \/>\nDos manivelas<\/p>\n<p>Pase momentos agradables y de convivencia en su jard\u00edn gracias a la p\u00e9rgola bioclim\u00e1tica Palace 3 x 6 m. En invierno, estar\u00e1 protegido de la lluvia y en verano, podr\u00e1 disfrutar de su sombra y frescura. Se fija en el suelo, por lo que es un sistema permanente. No es necesario guardarla, podr\u00e1 disfrutarla durante todo el a\u00f1o.<\/p>\n<p>El marco del techo y las patas son de aluminio, no se oxidan y resisten las inclemencias del tiempo y los UV. Las lamas orientables y las tapas en la parte inferior de las patas son de acero galvanizado. Este tratamiento permite limitar la aparici\u00f3n de \u00f3xido. Para un mantenimiento \u00f3ptimo con el tiempo, bastar\u00e1 con tratar las \u00e1reas con un producto anti\u00f3xido adecuado.<\/p>\n<p>Elegante, se integrar\u00e1 perfectamente en su exterior. Encontrar\u00e1 su lugar en su jard\u00edn, sobre su terraza encima de una mesa de jard\u00edn o al borde de la piscina. Tambi\u00e9n puede albergar un spa. Se entregar\u00e1n dos manivelas en el paquete. La manivela permite elegir la inclinaci\u00f3n de las lamas inclinables. Podr\u00e1 ajustar el flujo de luz y la ventilaci\u00f3n. El techo incluye una doble fila de lamas orientables que se accionan independientemente. Tendr\u00e1 la posibilidad de proporcionar sombra solo en la mitad de la p\u00e9rgola.<\/p>\n<p>Informaci\u00f3n complementaria<br \/>\nAunque ofrece protecci\u00f3n contra la lluvia, esta p\u00e9rgola no es un refugio totalmente impermeable.<br \/>\nEsta p\u00e9rgola debe montarse sobre un suelo nivelado.<br \/>\nPara el transporte, algunas piezas de la estructura se guardan en las patas.<br \/>\nSe recomienda mantener las lamas abiertas en caso de nevada.<br \/>\nP\u00e9rgola no compatible con los accesorios TRIOMPHE (persianas y estructuras)<br \/>\nEn sweeek tambi\u00e9n encontrar\u00e1 persianas y estructuras compatibles con nuestras p\u00e9rgolas bioclim\u00e1ticas.<\/p>\n<p>Dimensiones y caracter\u00edsticas:<br \/>\nGeneral<br \/>\nTipo: P\u00e9rgola bioclim\u00e1tica autoportante<br \/>\nMotorizado: No<br \/>\nForma: Rectangular<br \/>\nColor: Antracita (RAL7024) &#8211; Negro (RAL9004) &#8211; Blanco (RAL9003) &#8211; Beige<br \/>\nGarant\u00eda: 2 a\u00f1os<\/p>\n<p>Tama\u00f1os y dimensiones<br \/>\nDimensiones ext. total: L 574 x l 292 x H 231 cm<br \/>\nTama\u00f1o: 3x6m<br \/>\nSuperficie: 18m\u00b2<br \/>\nLongitud: 3m<br \/>\nAncho: 6m<br \/>\nAltura al caballete: 2,31m<br \/>\nAltura de entrada: 2,11m<br \/>\nAltura lamas cerradas: 2,23m<br \/>\nSuperficie de suelo interior: 16,7m\u00b2<br \/>\nSuperficie de suelo: 15m\u00b2<br \/>\nDimensiones de postes: 10 x 10 x 221 cm \/ Espesor 1,4 mm<br \/>\nEspesor de aluminio: 1,1 \/ 1,4 \/ 1,5 mm<br \/>\nDimensiones de lamas: 12 x 136,5 cm<br \/>\nOrientaci\u00f3n de lamas: 0 a 88 grados<br \/>\nN\u00famero de lamas: 100 (96 acero \/ 4 aluminio)<br \/>\nPeso: 193 kg<\/p>\n<p>Materiales<br \/>\nMaterial principal: Aluminio<br \/>\nMaterial de la estructura: Aluminio<br \/>\nMaterial de lamas: Acero galvanizado<br \/>\nMaterial del techo: Acero galvanizado y aluminio<br \/>\nMaterial de postes: Aluminio<br \/>\nMaterial de bases: Acero<br \/>\nMaterial de torniller\u00eda: Acero galvanizado<br \/>\nTipo de tratamiento: Recubrimiento en polvo<\/p>\n<p>Descripci\u00f3n del producto<br \/>\nA fijar en el suelo: S\u00ed (Kit de anclaje no incluido)<br \/>\nManivela: S\u00ed<br \/>\nResistencia al viento: 72 km\/h<br \/>\nResistencia a carga: 55 kg\/m\u00b2<br \/>\nResistencia a los UV: S\u00ed<br \/>\nAntioxidante \/ anticorrosi\u00f3n: S\u00ed<br \/>\nSistema de evacuaci\u00f3n de agua: Por drenaje dentro de los postes<br \/>\nEstanqueidad: Techo y lamas<br \/>\nAccesorio incluido: No<br \/>\nTiempo de montaje: 2h\/4 personas<br \/>\nN\u00famero de paquetes: 5<br \/>\nUso: Exterior<br \/>\nUso: Solo uso dom\u00e9stico<\/p>\n<\/div>\n<table class=\"o-product-features\" role=\"presentation\" data-cerberus=\"TABLE_AttributesProduct\">\n<caption class=\"kl-hidden-accessibility\">\u00a0<\/caption>\n<tbody>\n<tr class=\"m-product-attr-row\">\n<th class=\"m-product-attr-row__name\" scope=\"row\">Familia de color<\/th>\n<td class=\"m-product-attr-row__value\">Blanco<\/td>\n<\/tr>\n<tr class=\"m-product-attr-row\">\n<th class=\"m-product-attr-row__name\" scope=\"row\">Material de la estructura<\/th>\n<td class=\"m-product-attr-row__value\">Aluminio<\/td>\n<\/tr>\n<tr class=\"m-product-attr-row\">\n<th class=\"m-product-attr-row__name\" scope=\"row\">Superficie (en m\u00b2)<\/th>\n<td class=\"m-product-attr-row__value\">18<\/td>\n<\/tr>\n<tr class=\"m-product-attr-row\">\n<th class=\"m-product-attr-row__name\" scope=\"row\">Anchura (en cm)<\/th>\n<td class=\"m-product-attr-row__value\">292<\/td>\n<\/tr>\n<tr class=\"m-product-attr-row\">\n<th class=\"m-product-attr-row__name\" scope=\"row\">Altura (en cm)<\/th>\n<td class=\"m-product-attr-row__value\">231<\/td>\n<\/tr>\n<tr class=\"m-product-attr-row\">\n<th class=\"m-product-attr-row__name\" scope=\"row\">Longitud (en cm)<\/th>\n<td class=\"m-product-attr-row__value\">574<\/td>\n<\/tr>\n<tr class=\"m-product-attr-row\">\n<th class=\"m-product-attr-row__name\" scope=\"row\">Soporte de destino<\/th>\n<td class=\"m-product-attr-row__value\">Suelo<\/td>\n<\/tr>\n<\/tbody>\n<\/table>","protected":false},"excerpt":{"rendered":"<p>Los + producto: Una protecci\u00f3n contra el sol Doble fila de lamas independientes Lamas orientables Ventilaci\u00f3n natural Dos manivelas Pase<\/p>","protected":false},"featured_media":19124,"template":"","meta":[],"product_brand":[],"product_cat":[78],"product_tag":[79],"product_country":[1505],"class_list":{"0":"post-19123","1":"product","2":"type-product","3":"status-publish","4":"has-post-thumbnail","6":"product_cat-gazebos-pergolas","7":"product_tag-gazebos-pergolas","8":"product_country-spain","10":"first","11":"instock","12":"sale","13":"taxable","14":"shipping-taxable","15":"purchasable","16":"product-type-simple"},"_links":{"self":[{"href":"https:\/\/routinesfashione.com\/en\/wp-json\/wp\/v2\/product\/19123","targetHints":{"allow":["GET"]}}],"collection":[{"href":"https:\/\/routinesfashione.com\/en\/wp-json\/wp\/v2\/product"}],"about":[{"href":"https:\/\/routinesfashione.com\/en\/wp-json\/wp\/v2\/types\/product"}],"wp:featuredmedia":[{"embeddable":true,"href":"https:\/\/routinesfashione.com\/en\/wp-json\/wp\/v2\/media\/19124"}],"wp:attachment":[{"href":"https:\/\/routinesfashione.com\/en\/wp-json\/wp\/v2\/media?parent=19123"}],"wp:term":[{"taxonomy":"product_brand","embeddable":true,"href":"https:\/\/routinesfashione.com\/en\/wp-json\/wp\/v2\/product_brand?post=19123"},{"taxonomy":"product_cat","embeddable":true,"href":"https:\/\/routinesfashione.com\/en\/wp-json\/wp\/v2\/product_cat?post=19123"},{"taxonomy":"product_tag","embeddable":true,"href":"https:\/\/routinesfashione.com\/en\/wp-json\/wp\/v2\/product_tag?post=19123"},{"taxonomy":"product_country","embeddable":true,"href":"https:\/\/routinesfashione.com\/en\/wp-json\/wp\/v2\/product_country?post=19123"}],"curies":[{"name":"wp","href":"https:\/\/api.w.org\/{rel}","templated":true}]}}