{"id":19488,"date":"2025-09-30T20:36:48","date_gmt":"2025-09-30T20:36:48","guid":{"rendered":"https:\/\/lightgray-crow-170497.hostingersite.com\/?post_type=product&#038;p=19488"},"modified":"2025-09-30T20:36:48","modified_gmt":"2025-09-30T20:36:48","slug":"18v-one-hp-cordless-brushless-40cm-lawnmower-bare-tool","status":"publish","type":"product","link":"https:\/\/routinesfashione.com\/en\/produit\/18v-one-hp-cordless-brushless-40cm-lawnmower-bare-tool\/","title":{"rendered":"Tondeuse \u00e0 gazon sans fil 18 V ONE+ HP de 40 cm (outil nu)"},"content":{"rendered":"<div id=\"tw-container\" class=\"nev7se\" data-cp=\"1\" data-nnttsvi=\"1\" data-sletp=\"false\" data-sm=\"1\" data-ssbp=\"false\" data-sugg-time=\"500\" data-sugg-url=\"https:\/\/clients1.google.com\/complete\/search\" data-uilc=\"en\" data-vil=\",af,af-ZA,am,am-ET,ar-EG,ar-AE,ar-KW,ar-QA,ar,ar-IL,ar-JO,ar-LB,ar-PS,az,az-AZ,bg,bg-BG,bn,bn-BD,bn-IN,ca,ca-es,cs,cs-CZ,de,de-DE,de-CH,de-AT,de-LI,en,en-US,en-CA,en-AU,en-NZ,en-GB,en-IN,en-KE,en-TZ,en-NG,en-GH,en-PH,en-ZA,es,es-ES,es-AR,es-UY,es-419,es-BO,es-CL,es-CR,es-CO,es-DO,es-EC,es-GT,es-HN,es-NI,es-PA,es-PE,es-PR,es-PY,es-SV,es-VE,es-MX,es-US,eu,eu-ES,fi,fi-FI,fr,fr-FR,fr-CH,fr-BE,gl,gl-ES,gu,gu-IN,he,he-IL,iw,iw-IL,hu,hu-HU,hy,hy-AM,id,id-ID,is,is-IS,it,it-IT,it-CH,ja,ja-JP,jv,jv-ID,ka,ka-GE,km,km-KH,kn,kn-IN,ko,ko-KR,la,lo,lo-LA,lv,lv-LV,ml,ml-IN,mr,mr-IN,ms,ms-MY,nl,nl-NL,nb,nb-NO,ne,ne-NP,pl,pl-PL,pt,pt-BR,pt-PT,ro,ro-RO,ru,ru-RU,si-LK,sk,sk-SK,sr,sr-RS,su,su-ID,sv,sv-SE,sw,sw-TZ,sw-KE,ta,ta-IN,ta-SG,ta-LK,ta-MY,te,te-IN,tr,tr-TR,ur,ur-PK,ur-IN,yue,yue-HK,yue-Hant-HK,zh-HK,zh,zh-CN,zh-cmn,zh-cmn-CN,zh-Hans,zh-Hans-CN,zh-cmn-Hans,zh-cmn-Hans-CN,cmn-CN,cmn-Hans,cmn-Hans-CN,zh-TW,zh-Hant-TW,cmn-TW,cmn-Hant-TW,zh-cmn-TW,zh-cmn-Hant-TW,zu,zu-ZA,hi,hi-IN,tl,tl-PH,pa,pa-IN\">\n<div id=\"tw-ob\" class=\"tw-src-ltr\">\n<div class=\"oSioSc\">\n<div id=\"tw-target\">\n<div id=\"kAz1tf\" class=\"g9WsWb PZPZlf\" data-attrid=\"tw-targetArea\" data-entityname=\"Google Translate\">\n<div id=\"tw-target-text-container\" class=\"tw-ta-container tw-nfl\" tabindex=\"0\" role=\"text\">\n<pre id=\"tw-target-text\" class=\"tw-data-text tw-text-large tw-ta\" dir=\"ltr\" tabindex=\"-1\" role=\"text\" data-placeholder=\"Translation\" data-ved=\"2ahUKEwjLsJ-ZqeCPAxWSg_0HHcKoNt0Q3ewLegQICxAV\" aria-label=\"Translated text: Tondeuse \u00e0 gazon sans fil 18 V ONE+ HP de 40 cm (outil nu)\"><strong style=\"color: #1b1919; font-size: 22px; font-family: Georgia, 'Times New Roman', 'Bitstream Charter', Times, serif;\" data-start=\"163\" data-end=\"189\">Description du produit<\/strong><\/pre>\n<\/div>\n<div id=\"tw-target-rmn-container\" class=\"tw-target-rmn tw-ta-container tw-nfl\" tabindex=\"-1\" role=\"text\">\n<p data-start=\"192\" data-end=\"662\">La <strong data-start=\"195\" data-end=\"245\">tondeuse \u00e0 gazon sans fil 18 V ONE+ HP \u2013 40 cm<\/strong> est id\u00e9ale pour l\u2019entretien des petites \u00e0 moyennes pelouses. Gr\u00e2ce \u00e0 la technologie <strong data-start=\"330\" data-end=\"355\">HP (High Performance)<\/strong>, elle offre plus de puissance et d\u2019efficacit\u00e9 tout en restant compacte et l\u00e9g\u00e8re. Son fonctionnement sans fil garantit une libert\u00e9 de mouvement optimale et un faible niveau sonore. Livr\u00e9e en <strong data-start=\"547\" data-end=\"559\">outil nu<\/strong> (sans batterie ni chargeur), elle est compatible avec toutes les batteries <strong data-start=\"635\" data-end=\"648\">ONE+ 18 V<\/strong> existantes.<\/p>\n<h3 data-start=\"669\" data-end=\"709\"><strong data-start=\"676\" data-end=\"707\">Caract\u00e9ristiques techniques<\/strong><\/h3>\n<div class=\"_tableContainer_1rjym_1\">\n<div class=\"group _tableWrapper_1rjym_13 flex w-fit flex-col-reverse\" tabindex=\"-1\">\n<table class=\"w-fit min-w-(--thread-content-width)\" data-start=\"711\" data-end=\"1472\">\n<thead data-start=\"711\" data-end=\"747\">\n<tr data-start=\"711\" data-end=\"747\">\n<th data-start=\"711\" data-end=\"733\" data-col-size=\"sm\"><strong data-start=\"713\" data-end=\"732\">Caract\u00e9ristique<\/strong><\/th>\n<th data-start=\"733\" data-end=\"747\" data-col-size=\"md\"><strong data-start=\"735\" data-end=\"745\">D\u00e9tail<\/strong><\/th>\n<\/tr>\n<\/thead>\n<tbody data-start=\"785\" data-end=\"1472\">\n<tr data-start=\"785\" data-end=\"825\">\n<td data-start=\"785\" data-end=\"796\" data-col-size=\"sm\"><strong data-start=\"787\" data-end=\"795\">Type<\/strong><\/td>\n<td data-start=\"796\" data-end=\"825\" data-col-size=\"md\">Tondeuse \u00e0 gazon sans fil<\/td>\n<\/tr>\n<tr data-start=\"826\" data-end=\"894\">\n<td data-start=\"826\" data-end=\"840\" data-col-size=\"sm\"><strong data-start=\"828\" data-end=\"839\">Syst\u00e8me<\/strong><\/td>\n<td data-start=\"840\" data-end=\"894\" data-col-size=\"md\">ONE+ HP 18 V (compatible avec toute la gamme ONE+)<\/td>\n<\/tr>\n<tr data-start=\"895\" data-end=\"957\">\n<td data-start=\"895\" data-end=\"914\" data-col-size=\"sm\"><strong data-start=\"897\" data-end=\"913\">Alimentation<\/strong><\/td>\n<td data-start=\"914\" data-end=\"957\" data-col-size=\"md\">Batterie Lithium-ion 18 V (non incluse)<\/td>\n<\/tr>\n<tr data-start=\"958\" data-end=\"990\">\n<td data-start=\"958\" data-end=\"981\" data-col-size=\"sm\"><strong data-start=\"960\" data-end=\"980\">Largeur de coupe<\/strong><\/td>\n<td data-start=\"981\" data-end=\"990\" data-col-size=\"md\">40 cm<\/td>\n<\/tr>\n<tr data-start=\"991\" data-end=\"1075\">\n<td data-start=\"991\" data-end=\"1022\" data-col-size=\"sm\"><strong data-start=\"993\" data-end=\"1021\">R\u00e9glage hauteur de coupe<\/strong><\/td>\n<td data-start=\"1022\" data-end=\"1075\" data-col-size=\"md\">Centralis\u00e9, env. 25 \u2013 75 mm (plusieurs positions)<\/td>\n<\/tr>\n<tr data-start=\"1076\" data-end=\"1127\">\n<td data-start=\"1076\" data-end=\"1111\" data-col-size=\"sm\"><strong data-start=\"1078\" data-end=\"1110\">Capacit\u00e9 du bac de ramassage<\/strong><\/td>\n<td data-start=\"1111\" data-end=\"1127\" data-col-size=\"md\">40 L environ<\/td>\n<\/tr>\n<tr data-start=\"1128\" data-end=\"1201\">\n<td data-start=\"1128\" data-end=\"1144\" data-col-size=\"sm\"><strong data-start=\"1130\" data-end=\"1143\">Fonctions<\/strong><\/td>\n<td data-start=\"1144\" data-end=\"1201\" data-col-size=\"md\">Ramassage et \u00e9jection arri\u00e8re (mulching selon mod\u00e8le)<\/td>\n<\/tr>\n<tr data-start=\"1202\" data-end=\"1276\">\n<td data-start=\"1202\" data-end=\"1215\" data-col-size=\"sm\"><strong data-start=\"1204\" data-end=\"1214\">Guidon<\/strong><\/td>\n<td data-start=\"1215\" data-end=\"1276\" data-col-size=\"md\">Ergonomique, r\u00e9glable et repliable pour rangement compact<\/td>\n<\/tr>\n<tr data-start=\"1277\" data-end=\"1336\">\n<td data-start=\"1277\" data-end=\"1289\" data-col-size=\"sm\"><strong data-start=\"1279\" data-end=\"1288\">Poids<\/strong><\/td>\n<td data-start=\"1289\" data-end=\"1336\" data-col-size=\"md\">L\u00e9ger (env. 10 \u2013 13 kg selon configuration)<\/td>\n<\/tr>\n<tr data-start=\"1337\" data-end=\"1398\">\n<td data-start=\"1337\" data-end=\"1367\" data-col-size=\"sm\"><strong data-start=\"1339\" data-end=\"1366\">Utilisation recommand\u00e9e<\/strong><\/td>\n<td data-start=\"1367\" data-end=\"1398\" data-col-size=\"md\">Petites \u00e0 moyennes pelouses<\/td>\n<\/tr>\n<tr data-start=\"1399\" data-end=\"1472\">\n<td data-start=\"1399\" data-end=\"1419\" data-col-size=\"sm\"><strong data-start=\"1401\" data-end=\"1418\">Particularit\u00e9<\/strong><\/td>\n<td data-start=\"1419\" data-end=\"1472\" data-col-size=\"md\">Outil nu \u2013 batterie et chargeur vendus s\u00e9par\u00e9ment<\/td>\n<\/tr>\n<\/tbody>\n<\/table>\n<\/div>\n<\/div>\n<pre id=\"tw-target-rmn\" class=\"tw-data-placeholder tw-text-small tw-ta\" dir=\"ltr\" tabindex=\"-1\" role=\"text\" data-placeholder=\"\"><\/pre>\n<\/div>\n<\/div>\n<\/div>\n<\/div>\n<\/div>\n<\/div>","protected":false},"excerpt":{"rendered":"<p>Description du produit La tondeuse \u00e0 gazon sans fil 18 V ONE+ HP \u2013 40 cm est id\u00e9ale pour l\u2019entretien<\/p>","protected":false},"featured_media":19489,"template":"","meta":[],"product_brand":[],"product_cat":[64],"product_tag":[65],"product_country":[1503],"class_list":{"0":"post-19488","1":"product","2":"type-product","3":"status-publish","4":"has-post-thumbnail","6":"product_cat-movers","7":"product_tag-movers","8":"product_country-france","10":"first","11":"instock","12":"sale","13":"taxable","14":"shipping-taxable","15":"purchasable","16":"product-type-simple"},"_links":{"self":[{"href":"https:\/\/routinesfashione.com\/en\/wp-json\/wp\/v2\/product\/19488","targetHints":{"allow":["GET"]}}],"collection":[{"href":"https:\/\/routinesfashione.com\/en\/wp-json\/wp\/v2\/product"}],"about":[{"href":"https:\/\/routinesfashione.com\/en\/wp-json\/wp\/v2\/types\/product"}],"wp:featuredmedia":[{"embeddable":true,"href":"https:\/\/routinesfashione.com\/en\/wp-json\/wp\/v2\/media\/19489"}],"wp:attachment":[{"href":"https:\/\/routinesfashione.com\/en\/wp-json\/wp\/v2\/media?parent=19488"}],"wp:term":[{"taxonomy":"product_brand","embeddable":true,"href":"https:\/\/routinesfashione.com\/en\/wp-json\/wp\/v2\/product_brand?post=19488"},{"taxonomy":"product_cat","embeddable":true,"href":"https:\/\/routinesfashione.com\/en\/wp-json\/wp\/v2\/product_cat?post=19488"},{"taxonomy":"product_tag","embeddable":true,"href":"https:\/\/routinesfashione.com\/en\/wp-json\/wp\/v2\/product_tag?post=19488"},{"taxonomy":"product_country","embeddable":true,"href":"https:\/\/routinesfashione.com\/en\/wp-json\/wp\/v2\/product_country?post=19488"}],"curies":[{"name":"wp","href":"https:\/\/api.w.org\/{rel}","templated":true}]}}